{"id":18433,"date":"2026-03-18T22:39:03","date_gmt":"2026-03-18T21:39:03","guid":{"rendered":"https:\/\/gltestm.webology.pl\/produkt\/elektricky-mlyn-pm-101-fialovy\/"},"modified":"2026-03-22T21:48:32","modified_gmt":"2026-03-22T20:48:32","slug":"elektricky-mlyn-pm-101-fialovy","status":"publish","type":"product","link":"https:\/\/gltestm.webology.pl\/cs\/produkt\/elektricky-mlyn-pm-101-fialovy\/","title":{"rendered":"Elektrick\u00fd ml\u00fdn PM-101 fialov\u00fd"},"content":{"rendered":"<h2>Ml\u00fdnek na s\u016fl, pep\u0159 a ko\u0159en\u00ed PM-101<\/h2>\n<p><strong>Ml\u00fdnek na s\u016fl, pep\u0159 a ko\u0159en\u00ed PM-101 v tmav\u011b fialov\u00e9 barv\u011b. <\/strong>Funguje na baterie a umo\u017e\u0148uje mlet\u00ed pouh\u00fdm stisknut\u00edm tla\u010d\u00edtka, ani\u017e byste museli ot\u00e1\u010det mechanismem. <strong>Ml\u00fdnek <\/strong>m\u00e1<strong> nastaviteln\u00fd stupe\u0148 <\/strong>mlet\u00ed ko\u0159en\u00ed, co\u017e umo\u017e\u0148uje dokonale p\u0159izp\u016fsobit strukturu ko\u0159en\u00ed p\u0159ipravovan\u00e9mu pokrmu.<\/p>\n<p>Ml\u00fdnekLucznik<strong>PM-101<\/strong> je ide\u00e1ln\u00ed pro mlet\u00ed jak\u00e9hokoli zrnit\u00e9ho ko\u0159en\u00ed, nap\u0159\u00edklad pep\u0159e, soli nebo koriandru. Je k dispozici v<strong> r\u016fzn\u00fdch barevn\u00fdch variant\u00e1ch <\/strong>: oran\u017eov\u00e9, \u017elut\u00e9, zelen\u00e9, r\u016f\u017eov\u00e9, modr\u00e9, \u010derven\u00e9, b\u00edl\u00e9, \u010dern\u00e9, vanilkov\u00e9 a \u010dokol\u00e1dov\u00e9. Jeho elegantn\u00ed a stylov\u00fd design je pozoruhodnou ozdobou kuchyn\u011b.<\/p>\n<h2>z\u00e1ruka 24 m\u011bs\u00edc\u016f<\/h2>\n<p><strong>Ml\u00fdnek na s\u016fl, pep\u0159 a ko\u0159en\u00ed<\/strong> Lucznik<strong>PM-101<\/strong> je dod\u00e1v\u00e1n s <strong>24m\u011bs\u00ed\u010dn\u00ed z\u00e1rukou<\/strong> a <strong>n\u00e1vodem v polsk\u00e9m jazyce<\/strong>, kter\u00fd je t\u0159eba si p\u0159ed pou\u017eit\u00edm v\u00fdrobku p\u0159e\u010d\u00edst.  <\/p>\n","protected":false},"excerpt":{"rendered":"<p>Ml\u00fdnek na s\u016fl, pep\u0159 a ko\u0159en\u00ed PM101 je ide\u00e1ln\u00ed pro mlet\u00ed soli, pep\u0159e, koriandru a dal\u0161\u00edho ko\u0159en\u00ed. Ml\u00fdnek je k dispozici v r\u016fzn\u00fdch barv\u00e1ch a m\u00e1 keramick\u00fd mechanismus s nastavitelnou tlou\u0161\u0165kou mlet\u00ed<\/p>\n","protected":false},"featured_media":13866,"comment_status":"open","ping_status":"closed","template":"","meta":[],"product_brand":[],"product_cat":[],"product_tag":[],"class_list":{"0":"post-18433","1":"product","2":"type-product","3":"status-publish","4":"has-post-thumbnail","7":"first","8":"instock","9":"taxable","10":"shipping-taxable","11":"product-type-simple"},"_links":{"self":[{"href":"https:\/\/gltestm.webology.pl\/cs\/wp-json\/wp\/v2\/product\/18433","targetHints":{"allow":["GET"]}}],"collection":[{"href":"https:\/\/gltestm.webology.pl\/cs\/wp-json\/wp\/v2\/product"}],"about":[{"href":"https:\/\/gltestm.webology.pl\/cs\/wp-json\/wp\/v2\/types\/product"}],"replies":[{"embeddable":true,"href":"https:\/\/gltestm.webology.pl\/cs\/wp-json\/wp\/v2\/comments?post=18433"}],"version-history":[{"count":0,"href":"https:\/\/gltestm.webology.pl\/cs\/wp-json\/wp\/v2\/product\/18433\/revisions"}],"wp:featuredmedia":[{"embeddable":true,"href":"https:\/\/gltestm.webology.pl\/cs\/wp-json\/wp\/v2\/media\/13866"}],"wp:attachment":[{"href":"https:\/\/gltestm.webology.pl\/cs\/wp-json\/wp\/v2\/media?parent=18433"}],"wp:term":[{"taxonomy":"product_brand","embeddable":true,"href":"https:\/\/gltestm.webology.pl\/cs\/wp-json\/wp\/v2\/product_brand?post=18433"},{"taxonomy":"product_cat","embeddable":true,"href":"https:\/\/gltestm.webology.pl\/cs\/wp-json\/wp\/v2\/product_cat?post=18433"},{"taxonomy":"product_tag","embeddable":true,"href":"https:\/\/gltestm.webology.pl\/cs\/wp-json\/wp\/v2\/product_tag?post=18433"}],"curies":[{"name":"wp","href":"https:\/\/api.w.org\/{rel}","templated":true}]}}