{"id":18429,"date":"2026-03-18T22:39:03","date_gmt":"2026-03-18T21:39:03","guid":{"rendered":"https:\/\/gltestm.webology.pl\/produkt\/mlynek-na-sul-pepr-a-koreni-pm-101-vanilka\/"},"modified":"2026-03-22T21:48:27","modified_gmt":"2026-03-22T20:48:27","slug":"mlynek-na-sul-pepr-a-koreni-pm-101-vanilka","status":"publish","type":"product","link":"https:\/\/gltestm.webology.pl\/cs\/produkt\/mlynek-na-sul-pepr-a-koreni-pm-101-vanilka\/","title":{"rendered":"Ml\u00fdnek na s\u016fl, pep\u0159 a ko\u0159en\u00ed PM-101 vanilka"},"content":{"rendered":"<h2><strong>Ml\u00fdnek na s\u016fl, pep\u0159 a ko\u0159en\u00ed PM101 <\/strong>&#8211; podrobnosti<strong><br \/><\/strong><\/h2>\n<p><strong>Elektrick\u00fd ml\u00fdnek na s\u016fl, pep\u0159 a ko\u0159en\u00ed PM101 <\/strong>v jemn\u00e9 vanilkov\u00e9 barv\u011b. Umo\u017e\u0148uje mlet\u00ed bez n\u00e1mahy &#8211; sta\u010d\u00ed stisknout tla\u010d\u00edtko, aby se jeho vl\u00e1kna za\u010dala ot\u00e1\u010det. M\u00e1 tak\u00e9 nastavitelnou \u00farove\u0148 mlet\u00ed pro dosa\u017een\u00ed r\u016fzn\u011b velk\u00fdch jemn\u00fdch \u010d\u00e1stic.<\/p>\n<h2>V\u00fdstup<\/h2>\n<ul>\n<li>vr\u00e1cen\u00fd v\u00fdrobek (nepou\u017eit\u00fd)<\/li>\n<li>otev\u0159en\u00fd obal<\/li>\n<\/ul>\n<p><strong>Ml\u00fdnekPM101 <\/strong>se skv\u011ble hod\u00ed k mlet\u00ed soli a dal\u0161\u00edho ko\u0159en\u00ed. M\u016f\u017eete si vybrat druh\u00fd ml\u00fdnek v odpov\u00eddaj\u00edc\u00ed barv\u011b, abyste jej odli\u0161ili od ml\u00fdnku ur\u010den\u00e9ho na jin\u00e9 ko\u0159en\u00ed, nap\u0159\u00edklad pep\u0159. Dostupn\u00e9 varianty: oran\u017eov\u00e1, \u017elut\u00e1, zelen\u00e1, r\u016f\u017eov\u00e1, modr\u00e1, \u010derven\u00e1, b\u00edl\u00e1, \u010dern\u00e1, \u010dokol\u00e1dov\u00e1 a fialov\u00e1. Jeho matn\u00fd, p\u0159\u00edjemn\u00fd povrch zvy\u0161uje pohodl\u00ed p\u0159i pou\u017e\u00edv\u00e1n\u00ed a jeho nen\u00e1padn\u00e1, decentn\u00ed barva kr\u00e1sn\u011b zapadne do ka\u017ed\u00e9 kuchyn\u011b.<\/p>\n<p><strong>Ml\u00fdnek na s\u016fl, pep\u0159 a ko\u0159en\u00edPM101<\/strong> je dod\u00e1v\u00e1n s <strong>24m\u011bs\u00ed\u010dn\u00ed z\u00e1rukou<\/strong> a <strong>n\u00e1vodem v pol\u0161tin\u011b<\/strong>, kter\u00fd je t\u0159eba si p\u0159ed pou\u017eit\u00edm v\u00fdrobku p\u0159e\u010d\u00edst.  <\/p>\n","protected":false},"excerpt":{"rendered":"<p>Ml\u00fdnek na s\u016fl, pep\u0159 a ko\u0159en\u00ed PM101 je ide\u00e1ln\u00ed pro mlet\u00ed soli, pep\u0159e, koriandru a dal\u0161\u00edho ko\u0159en\u00ed. Ml\u00fdnek je k dispozici v r\u016fzn\u00fdch barv\u00e1ch a m\u00e1 keramick\u00fd mechanismus s nastavitelnou tlou\u0161\u0165kou mlet\u00ed<\/p>\n","protected":false},"featured_media":13703,"comment_status":"open","ping_status":"closed","template":"","meta":[],"product_brand":[],"product_cat":[],"product_tag":[],"class_list":{"0":"post-18429","1":"product","2":"type-product","3":"status-publish","4":"has-post-thumbnail","7":"first","8":"instock","9":"taxable","10":"shipping-taxable","11":"product-type-simple"},"_links":{"self":[{"href":"https:\/\/gltestm.webology.pl\/cs\/wp-json\/wp\/v2\/product\/18429","targetHints":{"allow":["GET"]}}],"collection":[{"href":"https:\/\/gltestm.webology.pl\/cs\/wp-json\/wp\/v2\/product"}],"about":[{"href":"https:\/\/gltestm.webology.pl\/cs\/wp-json\/wp\/v2\/types\/product"}],"replies":[{"embeddable":true,"href":"https:\/\/gltestm.webology.pl\/cs\/wp-json\/wp\/v2\/comments?post=18429"}],"version-history":[{"count":0,"href":"https:\/\/gltestm.webology.pl\/cs\/wp-json\/wp\/v2\/product\/18429\/revisions"}],"wp:featuredmedia":[{"embeddable":true,"href":"https:\/\/gltestm.webology.pl\/cs\/wp-json\/wp\/v2\/media\/13703"}],"wp:attachment":[{"href":"https:\/\/gltestm.webology.pl\/cs\/wp-json\/wp\/v2\/media?parent=18429"}],"wp:term":[{"taxonomy":"product_brand","embeddable":true,"href":"https:\/\/gltestm.webology.pl\/cs\/wp-json\/wp\/v2\/product_brand?post=18429"},{"taxonomy":"product_cat","embeddable":true,"href":"https:\/\/gltestm.webology.pl\/cs\/wp-json\/wp\/v2\/product_cat?post=18429"},{"taxonomy":"product_tag","embeddable":true,"href":"https:\/\/gltestm.webology.pl\/cs\/wp-json\/wp\/v2\/product_tag?post=18429"}],"curies":[{"name":"wp","href":"https:\/\/api.w.org\/{rel}","templated":true}]}}