{"id":18409,"date":"2026-03-18T22:39:00","date_gmt":"2026-03-18T21:39:00","guid":{"rendered":"https:\/\/gltestm.webology.pl\/produkt\/lucznik-sici-stroj-malwina-2070-2\/"},"modified":"2026-03-22T21:21:06","modified_gmt":"2026-03-22T20:21:06","slug":"lucznik-sici-stroj-malwina-2070-2","status":"publish","type":"product","link":"https:\/\/gltestm.webology.pl\/cs\/produkt\/lucznik-sici-stroj-malwina-2070-2\/","title":{"rendered":"\u0141ucznik \u0160ic\u00ed stroj Malwina 2070"},"content":{"rendered":"<h2><strong>Elektronick\u00fd \u0161ic\u00ed stroj Lucznik Malwina 2070<\/strong><\/h2>\n<p>\u0160ic\u00ed stroj Malwina<strong> 2070 <\/strong>nab\u00edz\u00ed vysokou kvalitu za p\u0159ijatelnou cenu. Pln\u011b vyu\u017e\u00edv\u00e1 v\u00fddobytky techniky, p\u0159i\u010dem\u017e zachov\u00e1v\u00e1 praktick\u00fd minimalismus. Um\u00ed \u0161\u00edt jako profesion\u00e1l: jeho software obsahuje p\u0159eddefinovan\u00fdch <strong>63 u\u017eitkov\u00fdch <\/strong>steh\u016f (nap\u0159. kryt\u00fd steh, overlockov\u00fd steh, pru\u017en\u00fd steh), <strong>ozdobn\u00e9<\/strong> stehy pro efektn\u00ed dokon\u010dovac\u00ed pr\u00e1ce a <strong>36 p\u00edsmen a \u010d\u00edslic<\/strong> pro vy\u0161\u00edv\u00e1n\u00ed jmen, znak\u016f a monogram\u016f.<\/p>\n<h2>Kl\u00ed\u010dov\u00e9 vlastnosti:<\/h2>\n<ul>\n<li><strong>63 u\u017eitkov\u00fdch steh\u016f<\/strong>, v\u010detn\u011b <strong>overlockov\u00e9ho<\/strong>, <strong>pru\u017en\u00e9ho<\/strong>, ozdobn\u00e9ho a <strong>kryt\u00e9ho stehu<\/strong><\/li>\n<li><strong>36 p\u00edsmen a \u010d\u00edslic<\/strong> pro vy\u0161\u00edv\u00e1n\u00ed nap\u0159. jmen, zna\u010dek a monogram\u016f<\/li>\n<li><strong>v\u00fdchoz\u00ed nastaven\u00ed<\/strong> parametr\u016f steh\u016f<\/li>\n<li><strong>nastaven\u00ed<\/strong> d\u00e9lky a \u0161\u00ed\u0159ky stehu a nap\u011bt\u00ed nit\u011b<\/li>\n<li><strong>automatick\u00e9<\/strong> vyst\u0159ihov\u00e1n\u00ed <strong>knofl\u00edkov\u00fdch d\u00edrek<\/strong> <\/li>\n<li><strong>automatick\u00e9<\/strong> <strong>uzam\u010den\u00ed<\/strong> konce stehu<\/li>\n<li><strong>automatick\u00e9<\/strong> <strong>zvednut\u00ed<\/strong> jehly po dokon\u010den\u00ed \u0161it\u00ed (naprogramov\u00e1n\u00ed jej\u00ed polohy)<\/li>\n<li><strong>automatick\u00e9<\/strong> <strong>navl\u00e9k\u00e1n\u00ed<\/strong> nit\u011b na jehlu<\/li>\n<li><strong>automatick\u00e9<\/strong> <strong>\u0161it\u00ed<\/strong><\/li>\n<li><strong>vysok\u00fd zdvih<\/strong> patky<\/li>\n<li><strong>rota\u010dn\u00ed<\/strong> chapa\u010d<\/li>\n<li><strong>zp\u011btn\u00e9<\/strong> \u0161it\u00ed<\/li>\n<li><strong>voln\u00e9 rameno<\/strong><\/li>\n<li><strong>v\u00fdkonn\u00fd motor<\/strong><\/li>\n<\/ul>\n<p>Jedn\u00e1 se o nen\u00e1padn\u00fd stroj &#8211; v\u00e1\u017e\u00ed n\u011bco m\u00e1lo p\u0159es 5 kg. Ukr\u00fdv\u00e1 v\u0161ak software obsahuj\u00edc\u00ed <strong>v\u00fdchoz\u00ed nastaven\u00ed parametr\u016f pro<\/strong> v\u0161echny stehy, tak\u017ee i m\u00e9n\u011b pokro\u010dil\u00fd \u010dlov\u011bk v <strong>taj\u00edch \u0161it\u00ed<\/strong> je schopen pln\u011b vyu\u017e\u00edt jeho mo\u017enost\u00ed. Sta\u010d\u00ed jen podat l\u00e1tku a zvolit p\u0159\u00edslu\u0161n\u00fd program. Pokud v\u0161ak chceme zm\u011bnit nastaven\u00ed s ohledem na \u0161it\u00fd materi\u00e1l, stroj n\u00e1m umo\u017en\u00ed <strong>pln\u011b a p\u0159esn\u011b nastavit<\/strong> v\u0161echny z\u00e1kladn\u00ed pracovn\u00ed parametry (d\u00e9lku, \u0161\u00ed\u0159ku a nap\u011bt\u00ed nit\u011b). V\u0161echny stehy jsou <strong>zakresleny<\/strong> na viditeln\u00e9m m\u00edst\u011b na krytu Malvina a jejich volba se prov\u00e1d\u00ed nastaven\u00edm p\u0159\u00edslu\u0161n\u00e9ho \u010d\u00edsla na p\u0159ehledn\u00e9m <strong>elektronick\u00e9m displeji<\/strong>.<\/p>\n<h2>Sou\u010d\u00e1st\u00ed dod\u00e1vky je vybaven\u00ed<\/h2>\n<p>Stroj je dod\u00e1v\u00e1n se sadou p\u0159\u00edslu\u0161enstv\u00ed, kter\u00e1 zahrnuje:<\/p>\n<ul>\n<li><strong>Univerz\u00e1ln\u00ed<\/strong> patku<\/li>\n<li>Patka pro <strong>lemov\u00e1n\u00ed knofl\u00edkov\u00fdch d\u00edrek<\/strong><\/li>\n<li>Pro <strong>z\u00e1mky<\/strong> (zipy)<\/li>\n<li>Pro <strong>overlockov\u00fd<\/strong> steh<\/li>\n<li>Pro <strong>slep\u00fd<\/strong> steh<\/li>\n<li>Jehly 90, <strong>3 ks<\/strong><\/li>\n<li><strong>Dvojjehla<\/strong>, 1 ks<\/li>\n<li>Uz\u00e1v\u011br c\u00edvky, mal\u00fd<\/li>\n<li>P\u0159\u00eddavn\u00fd dr\u017e\u00e1k c\u00edvky<\/li>\n<li>Deska <strong>kryj\u00edc\u00ed<\/strong> <strong>zuby<\/strong> dopravn\u00edku <\/li>\n<li>\u0160roubov\u00e1k<\/li>\n<li>\u0160roubov\u00e1k<\/li>\n<li>Prujka<\/li>\n<li>Olej<\/li>\n<li>Regul\u00e1tor <strong>rychlosti<\/strong> s nap\u00e1jec\u00edm <strong>kabelem<\/strong> <\/li>\n<\/ul>\n<h2>\u00dapln\u00e1 volnost \u0161it\u00ed &#8211; bez pou\u017eit\u00ed no\u017en\u00edho ovlada\u010de<\/h2>\n<p>Na rozd\u00edl od tradi\u010dn\u00edch mechanick\u00fdch stroj\u016f lze Malwinu ovl\u00e1dat nejen p\u0159ilo\u017een\u00fdm <strong>no\u017en\u00edm<\/strong> ovlada\u010dem, ale tak\u00e9 <strong>tla\u010d\u00edtkem START\/STOP<\/strong> v krytu, co\u017e se ukazuje jako mimo\u0159\u00e1dn\u011b pohodln\u00e9 \u0159e\u0161en\u00ed &#8211;<strong> stroj pak \u0161ije zcela automaticky, bez pou\u017eit\u00ed no\u017en\u00edho ovlada\u010de!<\/strong> <strong>Malwina 2070<\/strong> nav\u00edc umo\u017e\u0148uje manu\u00e1ln\u00ed <strong>nastaven\u00ed rychlosti \u0161it\u00ed<\/strong> d\u00edky p\u0159ehledn\u00e9mu posuvn\u00edku. Pokud jej m\u00e1 obsluhovat m\u00e9n\u011b zku\u0161en\u00e1 osoba, m\u016f\u017eeme jednodu\u0161e posunout posuvn\u00edk sm\u011brem k \u017eelv\u011b a zp\u016fsobit tak maxim\u00e1ln\u00ed sn\u00ed\u017een\u00ed pracovn\u00ed rychlosti. Naopak, pokud chceme rychlost \u0161it\u00ed zv\u00fd\u0161it, sta\u010d\u00ed posunout jezdec sm\u011brem k zaj\u00edci.<\/p>\n<h2>Rota\u010dn\u00ed chapa\u010d zaru\u010duje tich\u00fd chod stroje<\/h2>\n<p>\u0160ic\u00ed strojMalwina<strong>2070<\/strong> m\u00e1 vy\u0161\u0161\u00ed t\u0159\u00eddu <strong>rota\u010dn\u00edho chapa\u010de<\/strong>, kter\u00fd na rozd\u00edl od kyvn\u00e9ho chapa\u010de umo\u017e\u0148uje <strong>ti\u0161\u0161\u00ed provoz<\/strong> a snadn\u011bj\u0161\u00ed upevn\u011bn\u00ed spodn\u00ed c\u00edvky v bubnu stroje.<\/p>\n<h2>Kovov\u00e9 sou\u010d\u00e1sti stroje v odoln\u00e9m krytu <\/h2>\n<p>T\u011blo<span>a drobn\u00e9 sou\u010d\u00e1sti stroje <\/span><span> <strong>Malvina 2070<\/strong> jsou vyrob <\/span>eny z<strong>modern\u00edch plast\u016f<\/strong>, jejich\u017e<span> vlastnosti odpov\u00eddaj\u00ed podm\u00ednk\u00e1m, v nich\u017e tyto sou\u010d\u00e1sti pracuj\u00ed nebo jim mohou b\u00fdt potenci\u00e1ln\u011b vystaveny. Uvnit\u0159 je tak\u00e9 z\u00e1kladn\u00ed deska spolu s kabel\u00e1\u017e\u00ed &#8211; stejn\u011b jako v po\u010d\u00edta\u010di. To umo\u017e\u0148uje za\u0159\u00edzen\u00ed ovl\u00e1dat pomoc\u00ed tla\u010d\u00edtek a zobrazovat informace na displeji.<\/span><span><span> <strong>Vnit\u0159n\u00edkovov\u00e9<\/strong><\/span><\/span><strong>komponenty<\/strong><span><strong> Malvina<\/strong><\/span><strong>jsou<\/strong><span>uzav\u0159eny v <strong>lehk\u00e9m pouzd\u0159e z polykarbon\u00e1tu<\/strong>, kter\u00e9 kombinuje ochranu mechanismu s n\u00edzkou hmotnost\u00ed. D\u00edky tomu lze p\u0159\u00edstroj snadno p\u0159en\u00e1\u0161et z m\u00edsta na m\u00edsto nebo jej po skon\u010den\u00ed pr\u00e1ce ulo\u017eit (nap\u0159\u00edklad do sk\u0159\u00edn\u011b).<\/span><\/p>\n<h2>Automatick\u00e9 funkce stroje<\/h2>\n<p>\u0160ic\u00ed stroj Malvina m\u00e1 samoz\u0159ejm\u011b i funkce a vymo\u017eenosti vhodn\u00e9 pro <strong><a href=\"https:\/\/galerialucznik.pl\/\" target=\"_blank\" rel=\"noopener\">stroje<\/a> <\/strong> <strong>ni\u017e\u0161\u00ed <\/strong>t\u0159\u00eddy, ne\u017e je on, jako je <strong>automatick\u00e9 navl\u00e9k\u00e1n\u00ed <\/strong>nit\u00ed na jehlu stroje, <strong>LED<\/strong> osv\u011btlen\u00ed nad pracovn\u00ed plochou, <strong>automatick\u00e9<\/strong> lemov\u00e1n\u00ed <strong>knofl\u00edkov\u00e9<\/strong> d\u00edrky nebo <strong>zp\u011btn\u00e9 \u0161it\u00ed . <\/strong> Dal\u0161\u00ed p\u0159ednost\u00ed stroje jsou <strong>funk\u010dn\u00ed tla\u010d\u00edtka<\/strong>, kter\u00e1 v\u00e1m zp\u0159\u00edjemn\u00ed pr\u00e1ci p\u0159i \u0161it\u00ed a u\u0161et\u0159\u00ed v\u00e1\u0161 \u010das i nervy. Jedn\u00edm z nich je tla\u010d\u00edtko <strong>automatick\u00e9ho zdvihu jehly<\/strong>, d\u00edky kter\u00e9mu m\u016f\u017eeme naprogramovat dokon\u010den\u00ed \u0161it\u00ed v\u017edy se zdvi\u017eenou jehlou nebo zap\u00edchnutou v l\u00e1tce. Tla\u010d\u00edtko <strong>automatick\u00e9ho z\u00e1mku<\/strong> n\u00e1m zase umo\u017e\u0148uje strojov\u011b zacyklit za\u010d\u00e1tek a konec stehu, aby nedo\u0161lo k jeho p\u0159etr\u017een\u00ed. <\/p>\n<h2><strong>z\u00e1ruka 24 m\u011bs\u00edc\u016f<\/strong><\/h2>\n<p>Na stroj <strong>Malwina 2070<\/strong> je <strong>poskytov\u00e1na 24m\u011bs\u00ed\u010dn\u00ed z\u00e1rukaa<\/strong> <strong>n\u00e1vod k obsluze v pol\u0161tin\u011b<\/strong>, kter\u00fd je t\u0159eba si p\u0159ed pou\u017eit\u00edm za\u0159\u00edzen\u00ed p\u0159e\u010d\u00edst, abyste mohli bezpe\u010dn\u011b a v souladu se sv\u00fdm ur\u010den\u00edm vyu\u017e\u00edvat v\u0161echny jeho mo\u017enosti.<\/p>\n<h2>\u00dadr\u017eba \u0161ic\u00edho stroje. Krok za krokem.<\/h2>\n<p><span>U\u0161et\u0159ete<\/span><\/p>\n","protected":false},"excerpt":{"rendered":"<p>\u0160ic\u00ed stroj Malwina 2070 nab\u00edz\u00ed vysokou kvalitu za p\u0159ijatelnou cenu. Pln\u011b vyu\u017e\u00edv\u00e1 v\u00fddobytky techniky, p\u0159i\u010dem\u017e si zachov\u00e1v\u00e1 praktick\u00fd minimalismus a jednoduchost ovl\u00e1d\u00e1n\u00ed.<\/p>\n","protected":false},"featured_media":15494,"comment_status":"open","ping_status":"closed","template":"","meta":[],"product_brand":[],"product_cat":[406],"product_tag":[],"class_list":{"0":"post-18409","1":"product","2":"type-product","3":"status-publish","4":"has-post-thumbnail","6":"product_cat-maszyny-do-szycia-elektroniczne","8":"first","9":"instock","10":"taxable","11":"shipping-taxable","12":"product-type-simple"},"_links":{"self":[{"href":"https:\/\/gltestm.webology.pl\/cs\/wp-json\/wp\/v2\/product\/18409","targetHints":{"allow":["GET"]}}],"collection":[{"href":"https:\/\/gltestm.webology.pl\/cs\/wp-json\/wp\/v2\/product"}],"about":[{"href":"https:\/\/gltestm.webology.pl\/cs\/wp-json\/wp\/v2\/types\/product"}],"replies":[{"embeddable":true,"href":"https:\/\/gltestm.webology.pl\/cs\/wp-json\/wp\/v2\/comments?post=18409"}],"version-history":[{"count":0,"href":"https:\/\/gltestm.webology.pl\/cs\/wp-json\/wp\/v2\/product\/18409\/revisions"}],"wp:featuredmedia":[{"embeddable":true,"href":"https:\/\/gltestm.webology.pl\/cs\/wp-json\/wp\/v2\/media\/15494"}],"wp:attachment":[{"href":"https:\/\/gltestm.webology.pl\/cs\/wp-json\/wp\/v2\/media?parent=18409"}],"wp:term":[{"taxonomy":"product_brand","embeddable":true,"href":"https:\/\/gltestm.webology.pl\/cs\/wp-json\/wp\/v2\/product_brand?post=18409"},{"taxonomy":"product_cat","embeddable":true,"href":"https:\/\/gltestm.webology.pl\/cs\/wp-json\/wp\/v2\/product_cat?post=18409"},{"taxonomy":"product_tag","embeddable":true,"href":"https:\/\/gltestm.webology.pl\/cs\/wp-json\/wp\/v2\/product_tag?post=18409"}],"curies":[{"name":"wp","href":"https:\/\/api.w.org\/{rel}","templated":true}]}}