{"id":18405,"date":"2026-03-18T22:39:00","date_gmt":"2026-03-18T21:39:00","guid":{"rendered":"https:\/\/gltestm.webology.pl\/produkt\/sackovy-vysavac-lucznik-ot-2022\/"},"modified":"2026-03-22T22:00:07","modified_gmt":"2026-03-22T21:00:07","slug":"sackovy-vysavac-lucznik-ot-2022","status":"publish","type":"product","link":"https:\/\/gltestm.webology.pl\/cs\/produkt\/sackovy-vysavac-lucznik-ot-2022\/","title":{"rendered":"S\u00e1\u010dkov\u00fd vysava\u010d Lucznik OT 2022"},"content":{"rendered":"<h2>V\u00e1\u0161 nejlep\u0161\u00ed n\u00e1stroj v boji proti prachu!<\/h2>\n<p>Sn\u00edte o dom\u00e1cnosti, kter\u00e1 bude v\u017edy <strong>sv\u011b\u017e\u00ed<\/strong> a <strong>\u010dist\u00e1<\/strong>, a\u0165 u\u017e ji budete pou\u017e\u00edvat jakkoli intenzivn\u011b? Vysava\u010d OT-2022 je p\u0159\u00edstroj, kter\u00fd va\u0161e sny prom\u011bn\u00ed ve skute\u010dnost. D\u00edky osv\u011bd\u010den\u00fdm technologi\u00edm a \u0159e\u0161en\u00edm tento vysava\u010d nejen <strong>dokonale sb\u00edr\u00e1 prach<\/strong>, ale tak\u00e9 <strong>\u0161et\u0159\u00ed energii<\/strong> a <strong>\u010das<\/strong>.<\/p>\n<h2>Kl\u00ed\u010dov\u00e9 vlastnosti: &#8211; Vysava\u010d je vybaven syst\u00e9mem pro vys\u00e1v\u00e1n\u00ed ne\u010distot, kter\u00fd umo\u017e\u0148uje vys\u00e1v\u00e1n\u00ed ne\u010distot z m\u00edstnosti.<\/h2>\n<ul>\n<li><strong>T\u0159\u00edda energetick\u00e9 \u00fa\u010dinnosti A<\/strong>: n\u00edzk\u00e1 spot\u0159eba energie p\u0159i pln\u00e9 \u00fa\u010dinnosti.<\/li>\n<li><strong>Pr\u016fm\u011brn\u00e1 ro\u010dn\u00ed spot\u0159eba energie 24,3 kWh<\/strong>: \u00daspora energie a p\u0159\u00ednos pro \u017eivotn\u00ed prost\u0159ed\u00ed.<\/li>\n<li><strong>Vynikaj\u00edc\u00ed sb\u011br prachu z tvrd\u00fdch podlah a koberc\u016f<\/strong>: Z\u00edskejte jistotu, \u017ee je odstran\u011bn ka\u017ed\u00fd kousek prachu.<\/li>\n<li><strong>P\u0159\u00edkon<\/strong>: 800 W.<\/li>\n<li><strong>Filtr HEPA 13:<\/strong> Zaji\u0161\u0165uje \u010dist\u00fd vzduch a sni\u017euje mno\u017estv\u00ed alergen\u016f.<\/li>\n<li><strong>72 dB:<\/strong> Neru\u0161\u00ed v\u00e1s p\u0159i ka\u017edodenn\u00edm \u00faklidu.<\/li>\n<li><strong>Nastaviteln\u00fd sac\u00ed v\u00fdkon<\/strong>: Nastavte si sac\u00ed v\u00fdkon podle typu podlahy.<\/li>\n<li><strong>Indikace pln\u00e9ho s\u00e1\u010dku<\/strong>: Vysava\u010d v\u00e1s upozorn\u00ed na nutnost v\u00fdm\u011bny s\u00e1\u010dku.<\/li>\n<li><strong>p\u011btimetrov\u00e1 \u0161\u0148\u016fra:<\/strong> Zvy\u0161te svou volnost pohybu bez nutnosti neust\u00e1le p\u0159end\u00e1vat z\u00e1str\u010dku.<\/li>\n<li><strong>1.p\u011btimetrov\u00e1 hadice<\/strong><\/li>\n<li><strong>Automatick\u00e9 zatahov\u00e1n\u00ed \u0161\u0148\u016fry:<\/strong> Snadn\u00e9 a pohodln\u00e9 skladov\u00e1n\u00ed.<\/li>\n<li><strong>Bohat\u00e9 p\u0159\u00edslu\u0161enstv\u00ed:<\/strong> Chromovan\u00e1 trubka, univerz\u00e1ln\u00ed kart\u00e1\u010d, hubice na \u010daloun\u011bn\u00ed a dal\u0161\u00ed.<\/li>\n<li><strong>N\u00e1vod k pou\u017eit\u00ed v pol\u0161tin\u011b:<\/strong> Snadn\u00e9 pou\u017eit\u00ed.<\/li>\n<\/ul>\n<p><img fetchpriority=\"high\" decoding=\"async\" src=\"\/data\/include\/cms\/.product\/2\/8\/1782\/OT-2020_zdjecia_do_opisow.jpg\" alt=\"Odkurzacz workowy OT 2020\" width=\"768\" height=\"480\" \/> <\/p>\n<h2>Energetick\u00e1 \u00fa\u010dinnost pro va\u0161i dom\u00e1cnost!<\/h2>\n<p>T\u0159\u00edda<strong>energetick\u00e9 \u00fa\u010dinnosti<\/strong> <strong>A<\/strong> slibuje <strong>n\u00edzkou spot\u0159ebu energie<\/strong> a s pr\u016fm\u011brnou ro\u010dn\u00ed spot\u0159ebou energie <strong>pouh\u00fdch 24,3 kWh<\/strong> je <strong>p\u00e9\u010de o \u017eivotn\u00ed prost\u0159ed\u00ed<\/strong> stejn\u011b d\u016fle\u017eit\u00e1 jako p\u00e9\u010de o va\u0161i pen\u011b\u017eenku.<\/p>\n<h2>Sb\u011br prachu na vysok\u00e9 \u00farovni!<\/h2>\n<p>Sn\u00edte o <strong>podlah\u00e1ch<\/strong> a <strong>koberc\u00edch<\/strong> bez prachu? Vysava\u010d OT-2022 je va\u0161\u00edm n\u00e1strojem k dosa\u017een\u00ed tohoto c\u00edle! D\u00edky <strong>t\u0159\u00edd\u011b sb\u011bru prachu z<\/strong> tvrd\u00fdch podlah <strong>A<\/strong> a t\u0159\u00edd\u011b sb\u011bru prachu z koberc\u016f C bude ka\u017ed\u00fd povrch ve va\u0161\u00ed dom\u00e1cnosti zaru\u010den\u011b <strong>z\u00e1\u0159it \u010distotou<\/strong>.<\/p>\n<h2>\u010cist\u0161\u00ed vzduch, zdrav\u011bj\u0161\u00ed domov!<\/h2>\n<p>Va\u0161e pohodl\u00ed a <strong>zdrav\u00ed<\/strong> jsou na\u0161\u00ed nejvy\u0161\u0161\u00ed prioritou. Proto je vysava\u010d OT-2022 vybaven <strong>filtrem HEPA 13<\/strong>, kter\u00fd zachyt\u00ed i ty nejjemn\u011bj\u0161\u00ed prachov\u00e9 \u010d\u00e1stice. Nyn\u00ed se m\u016f\u017eete t\u011b\u0161it z <strong>\u010dist\u00e9ho<\/strong> a <strong>zdrav\u00e9ho vzduchu<\/strong> ve va\u0161\u00ed dom\u00e1cnosti.<\/p>\n<h2>Klid a kontrolu nad v\u00fdkonem!<\/h2>\n<p>S <strong>hlasitost\u00ed<\/strong> <strong>72 dB<\/strong> se vys\u00e1v\u00e1n\u00ed stane <strong>pot\u011b\u0161en\u00edm, kter\u00e9<\/strong> neru\u0161\u00ed v\u00e1\u0161 domov. Regulace <strong>sac\u00edho v\u00fdkonu<\/strong> nav\u00edc umo\u017e\u0148uje p\u0159izp\u016fsobit vysava\u010d <strong>typu povrchu<\/strong>, \u010d\u00edm\u017e <strong>\u0161et\u0159\u00ed energii<\/strong> a zvy\u0161uje \u00fa\u010dinnost.<\/p>\n<h2>Funkce, kter\u00e9 v\u00e1m usnadn\u00ed \u017eivot!<\/h2>\n<p>Vysava\u010d OT-2022 nen\u00ed jen p\u0159\u00edstrojem na \u00faklid, je to va\u0161e <strong>podpora p\u0159i ka\u017edodenn\u00edch povinnostech<\/strong>. D\u00edky <strong>indikaci pln\u00e9ho s\u00e1\u010dku<\/strong>, <strong>automatick\u00e9mu zatahov\u00e1n\u00ed kabelu<\/strong> a n\u00e1vodu v <strong>pol\u0161tin\u011b<\/strong> je jeho pou\u017e\u00edv\u00e1n\u00ed mimo\u0159\u00e1dn\u011b <strong>snadn\u00e9<\/strong> a <strong>pohodln\u00e9<\/strong>.<\/p>\n<h2>V\u017edy na dosah<\/h2>\n<p>D\u00edky <strong>5metrov\u00e9mu kabelu<\/strong> poskytuje vysava\u010d OT-2022 dosah, kter\u00fd v\u00e1m pom\u016f\u017ee uklidit celou m\u00edstnost, ani\u017e byste museli neust\u00e1le p\u0159end\u00e1vat z\u00e1str\u010dku.<\/p>\n<h2>Dal\u0161\u00ed p\u0159\u00edslu\u0161enstv\u00ed &#8211; v\u00edce mo\u017enost\u00ed!<\/h2>\n<p>V sad\u011b naleznete<\/p>\n<ul>\n<li>chromovanou <strong>teleskopickou trubici<\/strong><\/li>\n<li><strong>univerz\u00e1ln\u00ed<\/strong> kart\u00e1\u010d<\/li>\n<li>hubici na<strong>\u010daloun\u011bn\u00ed<\/strong> <\/li>\n<li><strong>st\u011brku 2 v 1 na \u0161t\u011brbiny a knihy<\/strong><\/li>\n<li>flexibiln\u00ed <strong>1,5 metru dlouh\u00e1<\/strong> hadice o pr\u016fm\u011bru 32 mm v\u00e1m poskytne je\u0161t\u011b v\u011bt\u0161\u00ed volnost p\u0159i \u00faklidu<\/li>\n<li><strong>pap\u00edrov\u00fd s\u00e1\u010dek pro<\/strong> snadn\u00e9 vyprazd\u0148ov\u00e1n\u00ed<\/li>\n<\/ul>\n<p>OT-2022 se stane va\u0161\u00edm <strong>nepostradateln\u00fdm<\/strong> spole\u010dn\u00edkem p\u0159i ka\u017edodenn\u00ed p\u00e9\u010di o v\u00e1\u0161 domov. D\u00edky n\u011bmu budou va\u0161e dobrodru\u017estv\u00ed s \u010distotou je\u0161t\u011b pohodln\u011bj\u0161\u00ed. \u010cistota je nyn\u00ed va\u0161\u00ed superschopnost\u00ed a OT-2022 je va\u0161\u00edm nepostradateln\u00fdm spojencem.<\/p>\n","protected":false},"excerpt":{"rendered":"<p>S\u00e1\u010dkov\u00fd vysava\u010d s p\u0159\u00edkonem 800 W. Vynikaj\u00edc\u00ed sb\u011br prachu z tvrd\u00fdch podlah a koberc\u016f. sou\u010d\u00e1st\u00ed balen\u00ed jsou 3 kart\u00e1\u010de. Filtr HEPA 13. Nastaviteln\u00fd sac\u00ed v\u00fdkon. Indikace pln\u00e9ho s\u00e1\u010dku. \u0161\u0148\u016fra o d\u00e9lce 5 m. Automatick\u00e9 zatahov\u00e1n\u00ed kabelu. 72 dB. Energetick\u00e1 t\u0159\u00edda:<\/p>\n","protected":false},"featured_media":14371,"comment_status":"open","ping_status":"closed","template":"","meta":[],"product_brand":[],"product_cat":[631],"product_tag":[],"class_list":{"0":"post-18405","1":"product","2":"type-product","3":"status-publish","4":"has-post-thumbnail","6":"product_cat-odkurzacze","8":"first","9":"instock","10":"taxable","11":"shipping-taxable","12":"product-type-simple"},"_links":{"self":[{"href":"https:\/\/gltestm.webology.pl\/cs\/wp-json\/wp\/v2\/product\/18405","targetHints":{"allow":["GET"]}}],"collection":[{"href":"https:\/\/gltestm.webology.pl\/cs\/wp-json\/wp\/v2\/product"}],"about":[{"href":"https:\/\/gltestm.webology.pl\/cs\/wp-json\/wp\/v2\/types\/product"}],"replies":[{"embeddable":true,"href":"https:\/\/gltestm.webology.pl\/cs\/wp-json\/wp\/v2\/comments?post=18405"}],"version-history":[{"count":0,"href":"https:\/\/gltestm.webology.pl\/cs\/wp-json\/wp\/v2\/product\/18405\/revisions"}],"wp:featuredmedia":[{"embeddable":true,"href":"https:\/\/gltestm.webology.pl\/cs\/wp-json\/wp\/v2\/media\/14371"}],"wp:attachment":[{"href":"https:\/\/gltestm.webology.pl\/cs\/wp-json\/wp\/v2\/media?parent=18405"}],"wp:term":[{"taxonomy":"product_brand","embeddable":true,"href":"https:\/\/gltestm.webology.pl\/cs\/wp-json\/wp\/v2\/product_brand?post=18405"},{"taxonomy":"product_cat","embeddable":true,"href":"https:\/\/gltestm.webology.pl\/cs\/wp-json\/wp\/v2\/product_cat?post=18405"},{"taxonomy":"product_tag","embeddable":true,"href":"https:\/\/gltestm.webology.pl\/cs\/wp-json\/wp\/v2\/product_tag?post=18405"}],"curies":[{"name":"wp","href":"https:\/\/api.w.org\/{rel}","templated":true}]}}