{"id":18401,"date":"2026-03-18T22:38:59","date_gmt":"2026-03-18T21:38:59","guid":{"rendered":"https:\/\/gltestm.webology.pl\/produkt\/ekologicka-kuchynska-vaha-sks-203\/"},"modified":"2026-03-22T21:56:56","modified_gmt":"2026-03-22T20:56:56","slug":"ekologicka-kuchynska-vaha-sks-203","status":"publish","type":"product","link":"https:\/\/gltestm.webology.pl\/cs\/produkt\/ekologicka-kuchynska-vaha-sks-203\/","title":{"rendered":"Ekologick\u00e1 kuchy\u0148sk\u00e1 v\u00e1ha SKS-203"},"content":{"rendered":"<h2><strong>Ekologick\u00e1 kuchy\u0148sk\u00e1 v\u00e1ha SKS-203<\/strong><\/h2>\n<p><strong>Kuchy\u0148sk\u00e1<\/strong> <strong>ekologick\u00e1 <\/strong><strong>v\u00e1ha<\/strong> <strong>Lucznik SKS 203 <\/strong>je \u0159e\u0161en\u00edm pro v\u0161echny, kte\u0159\u00ed oce\u0148uj\u00ed spolehlivou funk\u010dnost a prakti\u010dnost jak\u00fdchkoli p\u0159edm\u011bt\u016f. Tento model v\u00e1hy funguje kdykoli a kdekoli &#8211; bez bateri\u00ed.<\/p>\n<p>D\u00edky pou\u017eit\u00ed knofl\u00edku se zabudovan\u00fdm dynamem <strong>je v\u00e1ha nap\u00e1jena silou va\u0161\u00ed ruky <\/strong>a bude v\u00e1m v\u017edy k dispozici, ani\u017e byste museli kupovat baterie nebo nab\u00edjet speci\u00e1ln\u00ed baterie. <strong>Pouh\u00e9 jedno oto\u010den\u00ed knofl\u00edku sta\u010d\u00ed k<\/strong> tomu, abyste v\u00e1hu pou\u017e\u00edvali po dobu <strong>jedn\u00e9<\/strong> minuty.<\/p>\n<p>D\u00edky elegantn\u00edmu<strong>zpracov\u00e1n\u00ed <\/strong>z tvrzen\u00e9ho<strong>skla <\/strong>a minimalistick\u00e9mu p\u0159\u00edstupu k designu bude <strong>ekologick\u00e1 kuchy\u0148sk\u00e1 v\u00e1ha<\/strong> ide\u00e1ln\u00ed do va\u0161\u00ed kuchyn\u011b nebo jin\u00e9 m\u00edstnosti, kde ji budete pot\u0159ebovat.<\/p>\n<p>P\u0159esnost a m\u011b\u0159en\u00ed ve t\u0159ech r\u016fzn\u00fdch jednotk\u00e1ch v\u00e1m umo\u017en\u00ed p\u0159ipravovat pokrmy p\u0159esn\u011b podle va\u0161ich p\u0159edstav. P\u0159edev\u0161\u00edm si zkontrolujete, zda bude m\u00edt va\u0161e j\u00eddlo spr\u00e1vnou hmotnost, a tedy i kalorickou a makro\u017eivinovou hodnotu.<\/p>\n<p><strong>V\u00e1ha <\/strong>je dod\u00e1v\u00e1na s <strong><strong>24m\u011bs\u00ed\u010dn\u00ed z\u00e1rukou<\/strong> <\/strong>a<strong> n\u00e1vodem v pol\u0161tin\u011b<\/strong>, kter\u00fd byste si m\u011bli p\u0159e\u010d\u00edst p\u0159ed pou\u017eit\u00edm za\u0159\u00edzen\u00ed.<strong><br \/><\/strong><\/p>\n","protected":false},"excerpt":{"rendered":"<p>P\u0159esn\u00e1 kuchy\u0148sk\u00e1 v\u00e1ha poh\u00e1n\u011bn\u00e1 silou va\u0161ich rukou.<\/p>\n","protected":false},"featured_media":13551,"comment_status":"open","ping_status":"closed","template":"","meta":[],"product_brand":[],"product_cat":[566],"product_tag":[],"class_list":{"0":"post-18401","1":"product","2":"type-product","3":"status-publish","4":"has-post-thumbnail","6":"product_cat-wagi-kuchenne","8":"first","9":"instock","10":"taxable","11":"shipping-taxable","12":"product-type-simple"},"_links":{"self":[{"href":"https:\/\/gltestm.webology.pl\/cs\/wp-json\/wp\/v2\/product\/18401","targetHints":{"allow":["GET"]}}],"collection":[{"href":"https:\/\/gltestm.webology.pl\/cs\/wp-json\/wp\/v2\/product"}],"about":[{"href":"https:\/\/gltestm.webology.pl\/cs\/wp-json\/wp\/v2\/types\/product"}],"replies":[{"embeddable":true,"href":"https:\/\/gltestm.webology.pl\/cs\/wp-json\/wp\/v2\/comments?post=18401"}],"version-history":[{"count":0,"href":"https:\/\/gltestm.webology.pl\/cs\/wp-json\/wp\/v2\/product\/18401\/revisions"}],"wp:featuredmedia":[{"embeddable":true,"href":"https:\/\/gltestm.webology.pl\/cs\/wp-json\/wp\/v2\/media\/13551"}],"wp:attachment":[{"href":"https:\/\/gltestm.webology.pl\/cs\/wp-json\/wp\/v2\/media?parent=18401"}],"wp:term":[{"taxonomy":"product_brand","embeddable":true,"href":"https:\/\/gltestm.webology.pl\/cs\/wp-json\/wp\/v2\/product_brand?post=18401"},{"taxonomy":"product_cat","embeddable":true,"href":"https:\/\/gltestm.webology.pl\/cs\/wp-json\/wp\/v2\/product_cat?post=18401"},{"taxonomy":"product_tag","embeddable":true,"href":"https:\/\/gltestm.webology.pl\/cs\/wp-json\/wp\/v2\/product_tag?post=18401"}],"curies":[{"name":"wp","href":"https:\/\/api.w.org\/{rel}","templated":true}]}}