{"id":18397,"date":"2026-03-18T22:38:59","date_gmt":"2026-03-18T21:38:59","guid":{"rendered":"https:\/\/gltestm.webology.pl\/produkt\/nahradni-valecky-ro-16-pro-pilnik-at-14-a-a-at-15\/"},"modified":"2026-03-22T21:56:42","modified_gmt":"2026-03-22T20:56:42","slug":"nahradni-valecky-ro-16-pro-pilnik-at-14-a-a-at-15","status":"publish","type":"product","link":"https:\/\/gltestm.webology.pl\/cs\/produkt\/nahradni-valecky-ro-16-pro-pilnik-at-14-a-a-at-15\/","title":{"rendered":"N\u00e1hradn\u00ed v\u00e1le\u010dky RO-16 pro piln\u00edk AT-14 A a AT-15"},"content":{"rendered":"<h2><strong>N\u00e1hradn\u00ed v\u00e1le\u010dky RO-16 pro piln\u00edk AT-14 A a AT-15<\/strong><\/h2>\n<p>V\u00e1le\u010dky<strong> pokryt\u00e9 mikrogranulemi<\/strong>, kter\u00e9 rychle a \u0161etrn\u011b odstra\u0148uj\u00ed ztvrdlou k\u016f\u017ei z chodidel. P\u0159i <span>pravideln\u00e9m pou\u017e\u00edv\u00e1n\u00ed <\/span> <span>zajist\u00ed piln\u00edky<strong>AT-14 A<\/strong> a <strong>AT-15<\/strong> <\/span><strong>dokonal\u00fd vzhled nohou.<\/strong><\/p>\n<p><strong>N\u00e1hradn\u00ed v\u00e1le\u010dky pro piln\u00edk na chodidla AT-14 A a AT-15<\/strong> lze um\u00fdt<strong> pod tekouc\u00ed<\/strong> vodou. <\/p>\n<p>Balen\u00ed obsahuje 2 kusy <strong>n\u00e1hradn\u00edch v\u00e1le\u010dk\u016f<\/strong>.<\/p>\n","protected":false},"excerpt":{"rendered":"<p>Ur\u010deno pro piln\u00edk Lucznik AT-14 A a AT-15<\/p>\n","protected":false},"featured_media":14249,"comment_status":"open","ping_status":"closed","template":"","meta":[],"product_brand":[],"product_cat":[691],"product_tag":[],"class_list":{"0":"post-18397","1":"product","2":"type-product","3":"status-publish","4":"has-post-thumbnail","6":"product_cat-pilniki-i-frezarki-do-stop","8":"first","9":"instock","10":"taxable","11":"shipping-taxable","12":"product-type-simple"},"_links":{"self":[{"href":"https:\/\/gltestm.webology.pl\/cs\/wp-json\/wp\/v2\/product\/18397","targetHints":{"allow":["GET"]}}],"collection":[{"href":"https:\/\/gltestm.webology.pl\/cs\/wp-json\/wp\/v2\/product"}],"about":[{"href":"https:\/\/gltestm.webology.pl\/cs\/wp-json\/wp\/v2\/types\/product"}],"replies":[{"embeddable":true,"href":"https:\/\/gltestm.webology.pl\/cs\/wp-json\/wp\/v2\/comments?post=18397"}],"version-history":[{"count":0,"href":"https:\/\/gltestm.webology.pl\/cs\/wp-json\/wp\/v2\/product\/18397\/revisions"}],"wp:featuredmedia":[{"embeddable":true,"href":"https:\/\/gltestm.webology.pl\/cs\/wp-json\/wp\/v2\/media\/14249"}],"wp:attachment":[{"href":"https:\/\/gltestm.webology.pl\/cs\/wp-json\/wp\/v2\/media?parent=18397"}],"wp:term":[{"taxonomy":"product_brand","embeddable":true,"href":"https:\/\/gltestm.webology.pl\/cs\/wp-json\/wp\/v2\/product_brand?post=18397"},{"taxonomy":"product_cat","embeddable":true,"href":"https:\/\/gltestm.webology.pl\/cs\/wp-json\/wp\/v2\/product_cat?post=18397"},{"taxonomy":"product_tag","embeddable":true,"href":"https:\/\/gltestm.webology.pl\/cs\/wp-json\/wp\/v2\/product_tag?post=18397"}],"curies":[{"name":"wp","href":"https:\/\/api.w.org\/{rel}","templated":true}]}}