{"id":18393,"date":"2026-03-18T22:38:59","date_gmt":"2026-03-18T21:38:59","guid":{"rendered":"https:\/\/gltestm.webology.pl\/produkt\/sendvicovac-sm-1004-s\/"},"modified":"2026-03-22T21:57:24","modified_gmt":"2026-03-22T20:57:24","slug":"sendvicovac-sm-1004-s","status":"publish","type":"product","link":"https:\/\/gltestm.webology.pl\/cs\/produkt\/sendvicovac-sm-1004-s\/","title":{"rendered":"Sendvi\u010dova\u010d SM-1004 S"},"content":{"rendered":"<h2><strong>Sendvi\u010dova\u010d SM-1004 S<\/strong><\/h2>\n<div>\n<p>Tento kompaktn\u00ed a <strong>velmi intuitivn\u00ed<\/strong> k pou\u017eit\u00ed <strong>sendvi\u010dova\u010d<\/strong>, lze \u00fasp\u011b\u0161n\u011b pou\u017e\u00edt k p\u0159\u00edprav\u011b efektn\u00edch omelet nebo zape\u010den\u00fdch vajec \u010di toast\u016f s vejcem a dal\u0161\u00edmi lahodn\u00fdmi p\u0159\u00edlohami. K p\u0159\u00edprav\u011b lahodn\u00fdch hork\u00fdch sendvi\u010d\u016f sta\u010d\u00ed pouh\u00e9 2 a\u017e 3 minuty.<\/p>\n<h2>Kl\u00ed\u010dov\u00e9<strong> vlastnosti<\/strong><\/h2>\n<ul>\n<li><strong>Nep\u0159ilnav\u00fd povrch<\/strong><\/li>\n<li>Pouzdro z<strong>oceli<\/strong> <strong>INOX<\/strong><\/li>\n<li>Po\u010det sendvi\u010d\u016f\/omelet &#8211;  2<\/li>\n<li><strong>Maxim\u00e1ln\u00ed p\u0159\u00edkon &#8211; 750 W<\/strong><\/li>\n<li>Doba<strong>oh\u0159evu<\/strong>   4-6 min.<\/li>\n<li>Doba  pe\u010den\u00ed 2-3 min.<\/li>\n<li>Kontrolky &#8211; zapnuto, oh\u0159ev<\/li>\n<li>Nap\u00e1jen\u00ed &#8211; 230 V, 50 Hz<\/li>\n<\/ul>\n<h2>Snadn\u00e9 \u010di\u0161t\u011bn\u00ed<\/h2>\n<p>D\u00edky<strong>nep\u0159ilnav\u00e9mu<\/strong> <strong>povrchu<\/strong> , je udr\u017eov\u00e1n\u00ed <strong>topinkova\u010de<\/strong> v \u010distot\u011b velmi snadn\u00e9 a jeho mal\u00e9 rozm\u011bry umo\u017e\u0148uj\u00ed, aby byl po pou\u017eit\u00ed ulo\u017een v pr\u016fm\u011brn\u011b velk\u00e9 z\u00e1suvce.  <\/p>\n<\/div>\n","protected":false},"excerpt":{"rendered":"<p>Tento kompaktn\u00ed a velmi intuitivn\u011b ovladateln\u00fd sendvi\u010dova\u010d lze s \u00fasp\u011bchem pou\u017e\u00edt i k p\u0159\u00edprav\u011b efektn\u00edch omelet nebo zape\u010den\u00fdch vajec \u010di toast\u016f s vejcem a dal\u0161\u00edmi lahodn\u00fdmi p\u0159\u00edlohami.<\/p>\n","protected":false},"featured_media":13749,"comment_status":"open","ping_status":"closed","template":"","meta":[],"product_brand":[],"product_cat":[586],"product_tag":[],"class_list":{"0":"post-18393","1":"product","2":"type-product","3":"status-publish","4":"has-post-thumbnail","6":"product_cat-tostery-i-opiekacze","8":"first","9":"instock","10":"taxable","11":"shipping-taxable","12":"product-type-simple"},"_links":{"self":[{"href":"https:\/\/gltestm.webology.pl\/cs\/wp-json\/wp\/v2\/product\/18393","targetHints":{"allow":["GET"]}}],"collection":[{"href":"https:\/\/gltestm.webology.pl\/cs\/wp-json\/wp\/v2\/product"}],"about":[{"href":"https:\/\/gltestm.webology.pl\/cs\/wp-json\/wp\/v2\/types\/product"}],"replies":[{"embeddable":true,"href":"https:\/\/gltestm.webology.pl\/cs\/wp-json\/wp\/v2\/comments?post=18393"}],"version-history":[{"count":0,"href":"https:\/\/gltestm.webology.pl\/cs\/wp-json\/wp\/v2\/product\/18393\/revisions"}],"wp:featuredmedia":[{"embeddable":true,"href":"https:\/\/gltestm.webology.pl\/cs\/wp-json\/wp\/v2\/media\/13749"}],"wp:attachment":[{"href":"https:\/\/gltestm.webology.pl\/cs\/wp-json\/wp\/v2\/media?parent=18393"}],"wp:term":[{"taxonomy":"product_brand","embeddable":true,"href":"https:\/\/gltestm.webology.pl\/cs\/wp-json\/wp\/v2\/product_brand?post=18393"},{"taxonomy":"product_cat","embeddable":true,"href":"https:\/\/gltestm.webology.pl\/cs\/wp-json\/wp\/v2\/product_cat?post=18393"},{"taxonomy":"product_tag","embeddable":true,"href":"https:\/\/gltestm.webology.pl\/cs\/wp-json\/wp\/v2\/product_tag?post=18393"}],"curies":[{"name":"wp","href":"https:\/\/api.w.org\/{rel}","templated":true}]}}