{"id":18389,"date":"2026-03-18T22:38:58","date_gmt":"2026-03-18T21:38:58","guid":{"rendered":"https:\/\/gltestm.webology.pl\/produkt\/bp-2018-premiovy-osobni-mixer\/"},"modified":"2026-03-22T21:57:30","modified_gmt":"2026-03-22T20:57:30","slug":"bp-2018-premiovy-osobni-mixer","status":"publish","type":"product","link":"https:\/\/gltestm.webology.pl\/cs\/produkt\/bp-2018-premiovy-osobni-mixer\/","title":{"rendered":"BP-2018 pr\u00e9miov\u00fd osobn\u00ed mix\u00e9r"},"content":{"rendered":"<div>\n<h2><strong>BP-2018 pr\u00e9miov\u00fd osobn\u00ed mix\u00e9r<\/strong><\/h2>\n<p>M\u00e1te r\u00e1di smoothies a koktejly ? Pak se po\u010d\u00edt\u00e1te mezi ty, kte\u0159\u00ed ocen\u00ed nejnov\u011bj\u0161\u00ed v\u00fdrobek. <strong>Pr\u00e9miov\u00fd osobn\u00ed mix\u00e9r BP-2018<\/strong> je u\u017eite\u010dn\u00e9 za\u0159\u00edzen\u00ed pro p\u0159\u00edpravu lahodn\u00fdch koktejl\u016f, \u0161ejk\u016f a koktejl\u016f. Jednodu\u0161\u0161\u00ed u\u017e to nebude. Sta\u010d\u00ed si jen vybrat ty spr\u00e1vn\u00e9 ingredience.<\/p>\n<p>S <strong>mix\u00e9rem Lucznik BP-2018 <\/strong>se postar\u00e1te o sv\u00e9 zdrav\u00ed a postavu p\u0159\u00edjemn\u00fdm a chutn\u00fdm zp\u016fsobem. Pokrmy bohat\u00e9 na<strong> vitam\u00edny a miner\u00e1ly<\/strong> si najdou cestu do va\u0161eho j\u00eddeln\u00ed\u010dku a jejich p\u0159\u00edprava bude velmi snadn\u00e1 a relativn\u011b rychl\u00e1. Pokud si chcete ud\u011blat sladk\u00e9 pot\u011b\u0161en\u00ed, m\u016f\u017eete si s jeho pomoc\u00ed \u00fasp\u011b\u0161n\u011b p\u0159ipravit ovocn\u00e9 a zeleninov\u00e9 smoothie pln\u00e9 vitam\u00edn\u016f nebo ban\u00e1nov\u00e9 smoothie. <strong>Mix\u00e9r Lucznik BP-2018<\/strong> se skv\u011ble hod\u00ed tak\u00e9 <strong>pro mixov\u00e1n\u00ed proteinov\u00fdch koktejl\u016f<\/strong> pro sportovce.<\/p>\n<h3>BP-2018premium<strong>personal bl<\/strong> ender &#8211; podrobnosti o produktu<\/h3>\n<p><strong>Mixovac\u00ed<\/strong> n\u00e1doba o <strong>objemu 1 l<\/strong> a<strong> 2 cestovn\u00ed l\u00e1hve<\/strong> jsou vyrobeny ze zes\u00edlen\u00e9ho plastu, tak\u017ee jsou lehk\u00e9 a lze je m\u00fdt v my\u010dce. D\u00edky sv\u00e9 n\u00edzk\u00e9 hmotnosti a t\u011bsn\u00e9mu uz\u00e1v\u011bru <strong>si bidony m\u016f\u017eete snadno vz\u00edt s sebou na vysokou \u0161kolu, do \u0161koly nebo do pr\u00e1ce<\/strong>. Lze je zabalit do sportovn\u00ed ta\u0161ky, batohu nebo kabelky. L\u00e1hev lze p\u0159ipojit p\u0159\u00edmo k <strong>mix\u00e9ru<\/strong> (m\u00edsto hrnku), tak\u017ee mixov\u00e1n\u00ed prov\u00e1d\u00edme p\u0159\u00edmo <strong>v bidonu<\/strong>, bez zbyte\u010dn\u00e9ho vyl\u00e9v\u00e1n\u00ed, \u0161pin\u011bn\u00ed n\u00e1dob\u00ed a myt\u00ed. Dokonale odm\u011b\u0159enou porci smoothie si ihned zabal\u00edme s sebou na cestu ven.<\/p>\n<p><strong>Pr\u00e9miov\u00fd osobn\u00ed mix\u00e9r BP-2018 <\/strong>disponuje <strong>p\u0159\u00edkonem 350 W<\/strong> a pracuje ve<strong> t\u0159ech rychlostn\u00edch re\u017eimech<\/strong>: standardn\u00edm, turbo a pulzn\u00edm, kter\u00e9 n\u00e1m pomohou dos\u00e1hnout dokonal\u00e9 konzistence smoothie.<\/p>\n<p>Na p\u0159\u00edstrojBP-2018<strong>premium personal bl<\/strong> ender se vztahuje <strong>24m\u011bs\u00ed\u010dn\u00ed z\u00e1ruka<\/strong> a<strong> n\u00e1vod k pou\u017eit\u00ed v pol\u0161tin\u011b<\/strong>, kter\u00fd doporu\u010dujeme p\u0159e\u010d\u00edst p\u0159ed prvn\u00edm pou\u017eit\u00edm za\u0159\u00edzen\u00ed.<\/p>\n<\/div>\n","protected":false},"excerpt":{"rendered":"<p>Mal\u00fd a lehk\u00fd mix\u00e9r vybaven\u00fd \u0161\u00e1lkem a sportovn\u00edmi bidony. Umo\u017e\u0148uje mixovat koktejly p\u0159\u00edmo v bidonech a pozd\u011bji si je vz\u00edt s sebou do pr\u00e1ce, do \u0161koly, na vysokou \u0161kolu nebo do posilovny &#8211; bez zbyte\u010dn\u00e9ho p\u0159el\u00e9v\u00e1n\u00ed a myt\u00ed.<\/p>\n","protected":false},"featured_media":14505,"comment_status":"open","ping_status":"closed","template":"","meta":[],"product_brand":[],"product_cat":[606],"product_tag":[],"class_list":{"0":"post-18389","1":"product","2":"type-product","3":"status-publish","4":"has-post-thumbnail","6":"product_cat-blendery","8":"first","9":"instock","10":"taxable","11":"shipping-taxable","12":"product-type-simple"},"_links":{"self":[{"href":"https:\/\/gltestm.webology.pl\/cs\/wp-json\/wp\/v2\/product\/18389","targetHints":{"allow":["GET"]}}],"collection":[{"href":"https:\/\/gltestm.webology.pl\/cs\/wp-json\/wp\/v2\/product"}],"about":[{"href":"https:\/\/gltestm.webology.pl\/cs\/wp-json\/wp\/v2\/types\/product"}],"replies":[{"embeddable":true,"href":"https:\/\/gltestm.webology.pl\/cs\/wp-json\/wp\/v2\/comments?post=18389"}],"version-history":[{"count":0,"href":"https:\/\/gltestm.webology.pl\/cs\/wp-json\/wp\/v2\/product\/18389\/revisions"}],"wp:featuredmedia":[{"embeddable":true,"href":"https:\/\/gltestm.webology.pl\/cs\/wp-json\/wp\/v2\/media\/14505"}],"wp:attachment":[{"href":"https:\/\/gltestm.webology.pl\/cs\/wp-json\/wp\/v2\/media?parent=18389"}],"wp:term":[{"taxonomy":"product_brand","embeddable":true,"href":"https:\/\/gltestm.webology.pl\/cs\/wp-json\/wp\/v2\/product_brand?post=18389"},{"taxonomy":"product_cat","embeddable":true,"href":"https:\/\/gltestm.webology.pl\/cs\/wp-json\/wp\/v2\/product_cat?post=18389"},{"taxonomy":"product_tag","embeddable":true,"href":"https:\/\/gltestm.webology.pl\/cs\/wp-json\/wp\/v2\/product_tag?post=18389"}],"curies":[{"name":"wp","href":"https:\/\/api.w.org\/{rel}","templated":true}]}}