{"id":18385,"date":"2026-03-18T22:38:58","date_gmt":"2026-03-18T21:38:58","guid":{"rendered":"https:\/\/gltestm.webology.pl\/produkt\/mlynek-na-kavu-cg-001\/"},"modified":"2026-03-22T21:57:16","modified_gmt":"2026-03-22T20:57:16","slug":"mlynek-na-kavu-cg-001","status":"publish","type":"product","link":"https:\/\/gltestm.webology.pl\/cs\/produkt\/mlynek-na-kavu-cg-001\/","title":{"rendered":"Ml\u00fdnek na k\u00e1vu CG-001"},"content":{"rendered":"<h2><strong><span>Ml\u00fdnek na k\u00e1vu CG-001<\/span><\/strong><\/h2>\n<p><strong>V\u016fni \u010derstv\u011b namlet\u00e9 k\u00e1vy se nic nevyrovn\u00e1&#8230;.<\/strong> Kdy\u017e r\u00e1no vstanete a m\u00e1te p\u0159ed sebou dal\u0161\u00ed pracovn\u00ed den, rann\u00ed <strong>k\u00e1va <\/strong>v\u00e1m dod\u00e1 s\u00edlu za\u010d\u00edt nov\u00fd den s energi\u00ed.<\/p>\n<h2>Kl\u00ed\u010dov\u00e9 vlastnosti<\/h2>\n<ul>\n<li><strong>V\u00fdkon: 160 W<\/strong><\/li>\n<li>Objem n\u00e1doby: <strong>60 g<\/strong><\/li>\n<li>Pouzdro z <strong>nerezov\u00e9 oceli<\/strong> INOX<\/li>\n<li><strong>dvouk\u0159\u00eddl\u00e9<\/strong> <strong>no\u017ee<\/strong> INOX z nerezov\u00e9 oceli <\/li>\n<li>Pulzn\u00ed provoz ml\u00fdnku<\/li>\n<li><strong>Ochrana<\/strong> proti spu\u0161t\u011bn\u00ed bez v\u00edka<\/li>\n<\/ul>\n<h2>V\u0161estrann\u00e9 pou\u017eit\u00ed<\/h2>\n<p><strong>Objemn\u00fd<\/strong> z\u00e1sobn\u00edk<strong>ml\u00fdnku CG-001<\/strong> namele a\u017e <strong>55-60 gram\u016f<\/strong> k\u00e1vy. To <strong>odpov\u00edd\u00e1 20 \u010dajov\u00fdm l\u017ei\u010dk\u00e1m<\/strong>, co\u017e by m\u011blo sta\u010dit i t\u011bm, kte\u0159\u00ed maj\u00ed od tohoto typu p\u0159\u00edstroje vysok\u00e1 o\u010dek\u00e1v\u00e1n\u00ed.<\/p>\n<h2>Nastaviteln\u00e1 tlou\u0161\u0165ka mlet\u00ed zrn<\/h2>\n<p>V\u00fdkon ml\u00fdnku<strong>zajist\u00ed<\/strong> rychlost a pohodl\u00ed p\u0159i pou\u017e\u00edv\u00e1n\u00ed. K jemn\u00e9mu namlet\u00ed zrn sta\u010d\u00ed jedna minuta <strong>pulzuj\u00edc\u00edho provozu<\/strong> p\u0159\u00edstroje. Samoz\u0159ejm\u011b je mo\u017en\u00e9 ml\u00edt i st\u0159edn\u011b hrub\u00e9 nebo hrub\u00e9 &#8211; v\u0161e z\u00e1le\u017e\u00ed na va\u0161ich preferenc\u00edch.<\/p>\n<h2>Odoln\u00e9 no\u017ee z nerezov\u00e9 oceli<\/h2>\n<p>Za p\u0159esn\u00fd chod ml\u00fdnku je zodpov\u011bdn\u00e1 jeho <strong>dvouk\u0159\u00eddl\u00e1 \u010depel z nerezov\u00e9 oceli<\/strong>, kter\u00e1 zaji\u0161\u0165uje vysokou kvalitu a odolnost p\u0159\u00edstroje. Tuto skute\u010dnost jist\u011b ocen\u00edte p\u0159i dlouhodob\u00e9m pou\u017e\u00edv\u00e1n\u00ed ml\u00fdnku na <strong>k\u00e1vu <\/strong>.<\/p>\n<h2>Bezpe\u010dnost pou\u017e\u00edv\u00e1n\u00ed <\/h2>\n<p>Ml\u00fdnek na k\u00e1vu<strong> CG-001 <\/strong><strong>je<\/strong> vybaven speci\u00e1ln\u00edm<strong> mechanismem, kter\u00fd zablokuje<\/strong> jeho provoz<strong> p\u0159i<\/strong> nespr\u00e1vn\u00e9m um\u00edst\u011bn\u00ed v\u00edka. To zvy\u0161uje bezpe\u010dnost jeho pou\u017e\u00edv\u00e1n\u00ed, tak\u017ee si m\u016f\u017eete b\u00fdt jisti, \u017ee <strong>ml\u00fdnek<\/strong> pou\u017e\u00edv\u00e1te spr\u00e1vn\u011b.<\/p>\n","protected":false},"excerpt":{"rendered":"<p>Tradi\u010dn\u00ed ml\u00fdnek na k\u00e1vu a ko\u0159en\u00ed od spole\u010dnosti Lucznik. Mechanismus, kter\u00fd blokuje provoz ml\u00fdnku, zat\u00edmco v\u00edko nen\u00ed spr\u00e1vn\u011b um\u00edst\u011bno, ovliv\u0148uje bezpe\u010dnost pou\u017e\u00edv\u00e1n\u00ed, tak\u017ee m\u00e1me jistotu, kdy ml\u00fdnek pou\u017e\u00edv\u00e1me spr\u00e1vn\u011b a kdy ne.<\/p>\n","protected":false},"featured_media":15597,"comment_status":"open","ping_status":"closed","template":"","meta":[],"product_brand":[],"product_cat":[591],"product_tag":[],"class_list":{"0":"post-18385","1":"product","2":"type-product","3":"status-publish","4":"has-post-thumbnail","6":"product_cat-mlynki","8":"first","9":"instock","10":"taxable","11":"shipping-taxable","12":"product-type-simple"},"_links":{"self":[{"href":"https:\/\/gltestm.webology.pl\/cs\/wp-json\/wp\/v2\/product\/18385","targetHints":{"allow":["GET"]}}],"collection":[{"href":"https:\/\/gltestm.webology.pl\/cs\/wp-json\/wp\/v2\/product"}],"about":[{"href":"https:\/\/gltestm.webology.pl\/cs\/wp-json\/wp\/v2\/types\/product"}],"replies":[{"embeddable":true,"href":"https:\/\/gltestm.webology.pl\/cs\/wp-json\/wp\/v2\/comments?post=18385"}],"version-history":[{"count":0,"href":"https:\/\/gltestm.webology.pl\/cs\/wp-json\/wp\/v2\/product\/18385\/revisions"}],"wp:featuredmedia":[{"embeddable":true,"href":"https:\/\/gltestm.webology.pl\/cs\/wp-json\/wp\/v2\/media\/15597"}],"wp:attachment":[{"href":"https:\/\/gltestm.webology.pl\/cs\/wp-json\/wp\/v2\/media?parent=18385"}],"wp:term":[{"taxonomy":"product_brand","embeddable":true,"href":"https:\/\/gltestm.webology.pl\/cs\/wp-json\/wp\/v2\/product_brand?post=18385"},{"taxonomy":"product_cat","embeddable":true,"href":"https:\/\/gltestm.webology.pl\/cs\/wp-json\/wp\/v2\/product_cat?post=18385"},{"taxonomy":"product_tag","embeddable":true,"href":"https:\/\/gltestm.webology.pl\/cs\/wp-json\/wp\/v2\/product_tag?post=18385"}],"curies":[{"name":"wp","href":"https:\/\/api.w.org\/{rel}","templated":true}]}}