{"id":18381,"date":"2026-03-18T22:38:57","date_gmt":"2026-03-18T21:38:57","guid":{"rendered":"https:\/\/gltestm.webology.pl\/produkt\/stojanovy-ventilator-sf-2019\/"},"modified":"2026-03-22T21:57:38","modified_gmt":"2026-03-22T20:57:38","slug":"stojanovy-ventilator-sf-2019","status":"publish","type":"product","link":"https:\/\/gltestm.webology.pl\/cs\/produkt\/stojanovy-ventilator-sf-2019\/","title":{"rendered":"Stojanov\u00fd ventil\u00e1tor SF-2019"},"content":{"rendered":"<h2><strong>Stojanov\u00fd ventil\u00e1tor SF 2019 <\/strong>&#8211; pohodl\u00ed a osv\u011b\u017een\u00ed ve va\u0161em byt\u011b<\/h2>\n<p>Dom\u00e1c\u00ed stojanov\u00fd ventil\u00e1tor je skute\u010dn\u00fdm zachr\u00e1ncem b\u011bhem letn\u00edch veder. Z\u00e1van \u010derstv\u00e9ho, chladn\u00e9ho vzduchu p\u0159in\u00e1\u0161\u00ed \u00falevu a ochlazen\u00ed a umo\u017e\u0148uje \u010dlen\u016fm dom\u00e1cnosti pohodln\u011bji vykon\u00e1vat ka\u017edodenn\u00ed dom\u00e1c\u00ed \u010dinnosti. Snadn\u00e1 instalace v\u00e1m umo\u017en\u00ed u\u017e\u00edvat si osv\u011b\u017een\u00ed b\u011bhem okam\u017eiku.<\/p>\n<h2>Kl\u00ed\u010dov\u00e9 vlastnosti<\/h2>\n<ul>\n<li>\u0160irok\u00fd pr\u016fm\u011br pro \u00fa\u010dinn\u00e9 a rychl\u00e9 ochlazen\u00ed m\u00edstnosti.<\/li>\n<li>T\u0159i re\u017eimy ventil\u00e1toru s nastavitelnou intenzitou provozu.<\/li>\n<li>Tich\u00fd provoz, kter\u00fd neru\u0161\u00ed ka\u017edodenn\u00ed \u010dinnosti.<\/li>\n<li>Funkce rota\u010dn\u00edho pohybu pro intenzivn\u011bj\u0161\u00ed podporu pohybu vzduchu v m\u00edstnosti.<\/li>\n<li>\u00dahel ot\u00e1\u010den\u00ed ventil\u00e1toru a\u017e 45\u00b0 doleva a doprava.<\/li>\n<li>Nastaven\u00ed v\u00fd\u0161ky pro snadn\u00e9 p\u0159izp\u016fsoben\u00ed provozu.<\/li>\n<li>Stabiln\u00ed konstrukce pro bezpe\u010dn\u00e9 pou\u017e\u00edv\u00e1n\u00ed.<\/li>\n<li>Vrtule st\u00edn\u011bn\u00e9 speci\u00e1ln\u00ed kovovou m\u0159\u00ed\u017ekou pro zv\u00fd\u0161en\u00ed bezpe\u010dnosti.<\/li>\n<\/ul>\n<p><img fetchpriority=\"high\" decoding=\"async\" src=\"\/data\/include\/cms\/.product\/4\/3\/1034\/1_2.jpg\" alt=\"Wentylator stoj\u0105cy SF-2019 \" width=\"768\" height=\"480\" \/><\/p>\n<h2><strong>3 rychlosti ventil\u00e1toru<\/strong><\/h2>\n<p><strong>Ventil\u00e1tor Lucznik SF 2019<\/strong> m\u00e1 \u0161irok\u00fd pr\u016fm\u011br, kter\u00fd umo\u017e\u0148uje \u00fa\u010dinn\u011b a rychle ochlazovat vyt\u00e1p\u011bn\u00e9 m\u00edstnosti. D\u00e1v\u00e1 mo\u017enost nastavit  3 rychlosti ventil\u00e1toru, s jejich\u017e pomoc\u00ed p\u0159izp\u016fsob\u00edme intenzitu jeho pr\u00e1ce aktu\u00e1ln\u00edm podm\u00ednk\u00e1m a teplot\u011b v byt\u011b. V\u0161echny re\u017eimy jsou dostate\u010dn\u011b tich\u00e9, aby splynuly s hlukem ka\u017edodenn\u00edho \u017eivota a neru\u0161ily n\u00e1s p\u0159i na\u0161ich povinnostech, poslechu r\u00e1dia, televize nebo rozhovoru. <\/p>\n<p><img decoding=\"async\" src=\"\/data\/include\/cms\/.product\/9\/8\/1689\/1_3.jpg\" alt=\"Wentylator stoj\u0105cy SF-2019 \" width=\"768\" height=\"480\" \/><\/p>\n<h2><strong>rozsah ot\u00e1\u010den\u00ed 90\u00b0<\/strong><\/h2>\n<p>D\u00edky funkci ot\u00e1\u010den\u00ed m\u016f\u017ee <strong>ventil\u00e1tor Archer SF 2019 <\/strong>je\u0161t\u011b intenzivn\u011bji podpo\u0159it indukci pohybu vzduchu v m\u00edstnosti, co\u017e d\u00e1le sn\u00ed\u017e\u00ed teplotu v m\u00edstnosti a umo\u017en\u00ed \u00fa\u010dinn\u011bj\u0161\u00ed ochlazen\u00ed je\u0161t\u011b v\u011bt\u0161\u00edho prostoru a rovnom\u011brn\u011b po n\u011bm rozd\u011bl\u00ed generovan\u00fd v\u00edtr.  \u00dahel<strong>ot\u00e1\u010den\u00ed ventil\u00e1toruje<\/strong> a\u017e<strong>45\u00b0 doleva a doprava<\/strong>. <\/p>\n<p><img decoding=\"async\" src=\"\/data\/include\/cms\/.product\/9\/8\/1689\/1_5.jpg\" alt=\"Wentylator stoj\u0105cy SF-2019 \" width=\"768\" height=\"480\" \/><\/p>\n<h2>Bezpe\u010dn\u00e1 konstrukce s \u0161irok\u00fdmi st\u00edn\u011bn\u00fdmi vrtulemi<\/h2>\n<p>Ventil\u00e1tor Lucznik SF 2019 se vyzna\u010duje stabiln\u00ed konstrukc\u00ed, kter\u00e1 nedovol\u00ed jeho p\u0159evr\u00e1cen\u00ed nebo p\u0159\u00edli\u0161 snadn\u00e9 po\u0161kozen\u00ed. <strong>Pr\u016fm\u011br<\/strong> ventil\u00e1toru je cel\u00fdch <strong>40 cm<\/strong>. Vrtule jsou st\u00edn\u011bny <strong>hustou<\/strong> <strong>kovovou<\/strong> <strong>s\u00edt\u00ed<\/strong> zvy\u0161uj\u00edc\u00ed bezpe\u010dnost jeho pou\u017e\u00edv\u00e1n\u00ed<strong>.<\/strong><\/p>\n<p><strong><img loading=\"lazy\" decoding=\"async\" src=\"\/data\/include\/cms\/.product\/4\/3\/1034\/1_9.jpg\" alt=\"Wentylator stoj\u0105cy SF-2019 \" width=\"768\" height=\"480\" \/><\/strong><\/p>\n<h2>Plynule nastaviteln\u00e1 v\u00fd\u0161ka a\u017e do 125 cm<\/h2>\n<p>Pr\u00e1ci <strong>ventil\u00e1toru Lucznik SF 2019 <\/strong>lze nasm\u011brovat ur\u010dit\u00fdm sm\u011brem a libovoln\u011b p\u0159izp\u016fsobit aktu\u00e1ln\u00edm pot\u0159eb\u00e1m pomoc\u00ed <strong>plynul\u00e9ho v\u00fd\u0161kov\u00e9ho nastaven\u00ed<\/strong>. <strong>teleskopicky v\u00fdsuvn\u00e1 z\u00e1kladna<\/strong> n\u00e1m umo\u017en\u00ed snadno zv\u00fd\u0161it nebo sn\u00ed\u017eit pracovn\u00ed v\u00fd\u0161ku jeho vrtul\u00ed &#8211; nap\u0159\u00edklad kdy\u017e se rozhodneme lehnout si na sp\u00e1nek se zapnut\u00fdm ventil\u00e1torem.<\/p>\n<p><img loading=\"lazy\" decoding=\"async\" src=\"\/data\/include\/cms\/.product\/4\/3\/1034\/1_7.jpg\" alt=\"Wentylator stoj\u0105cy SF-2019 \" width=\"768\" height=\"480\" \/><\/p>\n<h2>Stabiln\u00ed konstrukce a pr\u016fm\u011br ventil\u00e1toru 40 cm<\/h2>\n<p>Ventil\u00e1tor<strong>Lucznik SF 2019 <\/strong>se vyzna\u010duje <strong>stabiln\u00ed konstrukc\u00ed<\/strong>, kter\u00e1 neumo\u017en\u00ed jeho p\u0159evr\u00e1cen\u00ed ani p\u0159\u00edli\u0161 snadn\u00e9 po\u0161kozen\u00ed. Jeho \u0161irok\u00e9 vrtule<strong>(o pr\u016fm\u011bru 36 cm!<\/strong>) jsou chr\u00e1n\u011bny speci\u00e1ln\u00ed kovovou s\u00ed\u0165kou, kter\u00e1 zvy\u0161uje bezpe\u010dnost jeho pou\u017e\u00edv\u00e1n\u00ed.<\/p>\n<p><img loading=\"lazy\" decoding=\"async\" src=\"\/data\/include\/cms\/.product\/4\/3\/1034\/1_1.jpg\" alt=\"Wentylator stoj\u0105cy SF-2019 \" width=\"768\" height=\"480\" \/><\/p>\n<h2>z\u00e1ruka v\u00fdrobce 24 m\u011bs\u00edc\u016f<\/h2>\n<p><strong>Lucznik Fan SF 2019 <\/strong>je dod\u00e1v\u00e1n s 24m\u011bs\u00ed\u010dn\u00ed z\u00e1rukou a n\u00e1vodem k pou\u017eit\u00ed v pol\u0161tin\u011b a angli\u010dtin\u011b, se kter\u00fdm byste se m\u011bli p\u0159ed pou\u017eit\u00edm za\u0159\u00edzen\u00ed sezn\u00e1mit.<\/p>\n","protected":false},"excerpt":{"rendered":"<p>Ide\u00e1ln\u00ed ventil\u00e1tor do dom\u00e1cnosti i kancel\u00e1\u0159e. ventil\u00e1tor se 3 rychlostmi. v\u00fd\u0161ka 125 cm. pr\u016fm\u011br 40 cm. Rozsah ot\u00e1\u010den\u00ed 90\u00b0 (vlevo-vpravo).<\/p>\n","protected":false},"featured_media":14629,"comment_status":"open","ping_status":"closed","template":"","meta":[],"product_brand":[],"product_cat":[641],"product_tag":[],"class_list":{"0":"post-18381","1":"product","2":"type-product","3":"status-publish","4":"has-post-thumbnail","6":"product_cat-wentylatory","8":"first","9":"instock","10":"taxable","11":"shipping-taxable","12":"product-type-simple"},"_links":{"self":[{"href":"https:\/\/gltestm.webology.pl\/cs\/wp-json\/wp\/v2\/product\/18381","targetHints":{"allow":["GET"]}}],"collection":[{"href":"https:\/\/gltestm.webology.pl\/cs\/wp-json\/wp\/v2\/product"}],"about":[{"href":"https:\/\/gltestm.webology.pl\/cs\/wp-json\/wp\/v2\/types\/product"}],"replies":[{"embeddable":true,"href":"https:\/\/gltestm.webology.pl\/cs\/wp-json\/wp\/v2\/comments?post=18381"}],"version-history":[{"count":0,"href":"https:\/\/gltestm.webology.pl\/cs\/wp-json\/wp\/v2\/product\/18381\/revisions"}],"wp:featuredmedia":[{"embeddable":true,"href":"https:\/\/gltestm.webology.pl\/cs\/wp-json\/wp\/v2\/media\/14629"}],"wp:attachment":[{"href":"https:\/\/gltestm.webology.pl\/cs\/wp-json\/wp\/v2\/media?parent=18381"}],"wp:term":[{"taxonomy":"product_brand","embeddable":true,"href":"https:\/\/gltestm.webology.pl\/cs\/wp-json\/wp\/v2\/product_brand?post=18381"},{"taxonomy":"product_cat","embeddable":true,"href":"https:\/\/gltestm.webology.pl\/cs\/wp-json\/wp\/v2\/product_cat?post=18381"},{"taxonomy":"product_tag","embeddable":true,"href":"https:\/\/gltestm.webology.pl\/cs\/wp-json\/wp\/v2\/product_tag?post=18381"}],"curies":[{"name":"wp","href":"https:\/\/api.w.org\/{rel}","templated":true}]}}