{"id":18377,"date":"2026-03-18T22:38:57","date_gmt":"2026-03-18T21:38:57","guid":{"rendered":"https:\/\/gltestm.webology.pl\/produkt\/brusny-kotouc-pro-pilnik-at-2020\/"},"modified":"2026-03-22T21:59:36","modified_gmt":"2026-03-22T20:59:36","slug":"brusny-kotouc-pro-pilnik-at-2020","status":"publish","type":"product","link":"https:\/\/gltestm.webology.pl\/cs\/produkt\/brusny-kotouc-pro-pilnik-at-2020\/","title":{"rendered":"Brusn\u00fd kotou\u010d pro piln\u00edk AT-2020"},"content":{"rendered":"<h1>Brusn\u00fd kotou\u010d pro piln\u00edk AT-2020<\/h1>\n<p>Modern\u00ed <strong>brusn\u00fd<\/strong> kotou\u010d<strong>(vym\u011bniteln\u00fd<\/strong> brusn\u00fd kotou\u010d) pro n\u00e1\u0161 bestseller &#8211; elektrick\u00fd piln\u00edk na paty <strong>AT-2020<\/strong>. \u00da\u010dinn\u011b <strong>obru\u0161uje poko\u017eku<\/strong> a <strong>vyhlazuje ji<\/strong>. V z\u00e1vislosti na intenzit\u011b pou\u017e\u00edv\u00e1n\u00ed vydr\u017e\u00ed kotou\u010d p\u0159ibli\u017en\u011b na <strong>100 pou\u017eit\u00ed<\/strong>.<\/p>\n<p><strong>Balen\u00ed obsahuje 2 v\u00fdm\u011bnn\u00e9 kotou\u010de.<\/strong><\/p>\n<p><strong>Elektrick\u00fd piln\u00edk na chodidlaAT-2020<\/strong> si m\u016f\u017eete zakoupit <strong><a href=\"https:\/\/galerialucznik.pl\/pl\/products\/agd\/agd-dla-zdrowia-i-urody\/pilniki-i-frezarki-do-stop\/elektryczny-pilnik-do-stop-at-2020-1149.html\" target=\"_blank\" rel=\"noopener\">zde<\/a><\/strong>.<\/p>\n","protected":false},"excerpt":{"rendered":"<p>N\u00e1hradn\u00ed kotou\u010d (brusn\u00fd kotou\u010d) pro elektrick\u00fd piln\u00edk AT-2020 &#8211; 2 kusy. Funguje za sucha i za mokra. Vydr\u017e\u00ed p\u0159ibli\u017en\u011b 100 pou\u017eit\u00ed.<\/p>\n","protected":false},"featured_media":14674,"comment_status":"open","ping_status":"closed","template":"","meta":[],"product_brand":[],"product_cat":[691],"product_tag":[],"class_list":{"0":"post-18377","1":"product","2":"type-product","3":"status-publish","4":"has-post-thumbnail","6":"product_cat-pilniki-i-frezarki-do-stop","8":"first","9":"instock","10":"taxable","11":"shipping-taxable","12":"product-type-simple"},"_links":{"self":[{"href":"https:\/\/gltestm.webology.pl\/cs\/wp-json\/wp\/v2\/product\/18377","targetHints":{"allow":["GET"]}}],"collection":[{"href":"https:\/\/gltestm.webology.pl\/cs\/wp-json\/wp\/v2\/product"}],"about":[{"href":"https:\/\/gltestm.webology.pl\/cs\/wp-json\/wp\/v2\/types\/product"}],"replies":[{"embeddable":true,"href":"https:\/\/gltestm.webology.pl\/cs\/wp-json\/wp\/v2\/comments?post=18377"}],"version-history":[{"count":0,"href":"https:\/\/gltestm.webology.pl\/cs\/wp-json\/wp\/v2\/product\/18377\/revisions"}],"wp:featuredmedia":[{"embeddable":true,"href":"https:\/\/gltestm.webology.pl\/cs\/wp-json\/wp\/v2\/media\/14674"}],"wp:attachment":[{"href":"https:\/\/gltestm.webology.pl\/cs\/wp-json\/wp\/v2\/media?parent=18377"}],"wp:term":[{"taxonomy":"product_brand","embeddable":true,"href":"https:\/\/gltestm.webology.pl\/cs\/wp-json\/wp\/v2\/product_brand?post=18377"},{"taxonomy":"product_cat","embeddable":true,"href":"https:\/\/gltestm.webology.pl\/cs\/wp-json\/wp\/v2\/product_cat?post=18377"},{"taxonomy":"product_tag","embeddable":true,"href":"https:\/\/gltestm.webology.pl\/cs\/wp-json\/wp\/v2\/product_tag?post=18377"}],"curies":[{"name":"wp","href":"https:\/\/api.w.org\/{rel}","templated":true}]}}