{"id":18373,"date":"2026-03-18T22:38:57","date_gmt":"2026-03-18T21:38:57","guid":{"rendered":"https:\/\/gltestm.webology.pl\/produkt\/mixer-na-vareni-hotcold-2022-multifunkcni\/"},"modified":"2026-03-22T21:59:57","modified_gmt":"2026-03-22T20:59:57","slug":"mixer-na-vareni-hotcold-2022-multifunkcni","status":"publish","type":"product","link":"https:\/\/gltestm.webology.pl\/cs\/produkt\/mixer-na-vareni-hotcold-2022-multifunkcni\/","title":{"rendered":"Mix\u00e9r na va\u0159en\u00ed Hot&#038;Cold 2022 (multifunk\u010dn\u00ed)"},"content":{"rendered":"<h2>Mix\u00e9r na va\u0159en\u00ed, kter\u00fd o\u017eiv\u00ed v\u00e1\u0161 kulin\u00e1\u0159sk\u00fd sv\u011bt!<\/h2>\n<p><strong>Multifunk\u010dn\u00ed mix\u00e9r na va\u0159en\u00ed Hot&amp;Cold 2022<\/strong> je za\u0159\u00edzen\u00ed, kter\u00e9 <strong>o\u017eiv\u00ed<\/strong> v\u00e1\u0161 kulin\u00e1\u0159sk\u00fd sv\u011bt a pom\u016f\u017ee v\u00e1m <strong>snadno a rychle<\/strong> pe\u010dovat o va\u0161e zdrav\u00ed. P\u0159iprav\u00edte s n\u00edm zdrav\u00e9 <strong>koktejly<\/strong>, <strong>kr\u00e9mov\u00e9 pol\u00e9vky<\/strong> nebo t\u0159eba <strong>rostlinn\u00e9 ml\u00e9ko<\/strong>. Je ide\u00e1ln\u00ed pro lidi, kte\u0159\u00ed dbaj\u00ed na <strong>zdravou stravu<\/strong>, ale <strong>nemaj\u00ed<\/strong> na va\u0159en\u00ed <strong>moc \u010dasu<\/strong>.<\/p>\n<p>Tento mix\u00e9r kombinuje <strong>v\u00fdkonn\u00fd 1 500wattov\u00fd motor<\/strong>, pokro\u010dilou technologii<strong> vysokorychlostn\u00edho va\u0159en\u00ed<\/strong>, <strong>LED panel<\/strong> a a\u017e <strong>9 rychlost\u00ed a\u017e 23 500 ot\u00e1\u010dek za minutu.<\/strong> D\u00edky tomu m\u016f\u017eete rychle a efektivn\u011b p\u0159ipravovat chutn\u00e9 pol\u00e9vky, pyr\u00e9 a om\u00e1\u010dky, stejn\u011b jako mixovat t\u011b\u017eko rozmixovateln\u00e9 suroviny, jako je tvrd\u00e1 <strong>mrkev,<\/strong> <strong>o\u0159echy <\/strong>nebo<strong> led<\/strong> Jedn\u00e1 se o dokonal\u00fd n\u00e1stroj pro lidi, kte\u0159\u00ed hledaj\u00ed jednoduch\u00e9 a zdrav\u00e9 zp\u016fsoby p\u0159\u00edpravy chutn\u00fdch j\u00eddel v <strong>kr\u00e1tk\u00e9m<\/strong> \u010dase.<\/p>\n<h2>Objevte s\u00edlu technologie va\u0159en\u00ed v p\u0159\u00edstroji Hot&amp;Cold 2022<\/h2>\n<p>D\u00edky v\u00fdkonu motoru <strong>1500 W<\/strong> v\u00e1m \u0161\u00e1lkov\u00fd mix\u00e9r Hot&amp;Cold 2022 umo\u017en\u00ed p\u0159ipravit j\u00eddlo doma rychle a efektivn\u011b. <strong>Vysok\u00fd v\u00fdkon motoru<\/strong> usnad\u0148uje pr\u00e1ci s tvrd\u00fdmi a obt\u00ed\u017en\u011b rozmixovateln\u00fdmi p\u0159\u00edsadami, jako jsou o\u0159echy a led. Vysoce <strong>v\u00fdkonn\u00e1 600wattov\u00e1<\/strong> <strong>technologie<\/strong> vysokorychlostn\u00edho <strong>va\u0159en\u00ed<\/strong> umo\u017e\u0148uje <strong>p\u0159ipravovat hork\u00e9 pokrmy p\u0159\u00edmo v \u0161\u00e1lku mix\u00e9ru<\/strong>, co\u017e zkracuje dobu p\u0159\u00edpravy j\u00eddla. Z\u00edsk\u00e1te tak v\u00edce \u010dasu na p\u0159\u00edpravu jin\u00fdch pokrm\u016f, odpo\u010dinek nebo posezen\u00ed s rodinou a p\u0159\u00e1teli.<\/p>\n<h2>Kl\u00ed\u010dov\u00e9 vlastnosti mix\u00e9ru Hot&amp;Cold 2022<\/h2>\n<p>&#8211; <strong>p\u0159\u00edkon<\/strong> motoru <strong>1500 W<\/strong> <br \/>&#8211; Technologie <strong>vysokorychlostn\u00edho va\u0159en\u00ed<\/strong> s <strong>p\u0159\u00edkonem 600 W<\/strong><br \/>&#8211; LED panel<br \/>&#8211; <strong>9 rychlost\u00ed<\/strong> &#8211; a\u017e <strong>23 500 ot\u00e1\u010dek za minutu<\/strong><br \/>&#8211; <strong>8 p\u0159edprogramovan\u00fdch<\/strong> cykl\u016f (z toho <strong>4 va\u0159en\u00ed<\/strong>, <strong>3 mixov\u00e1n\u00ed za studena<\/strong> a <strong>1 myt\u00ed<\/strong>)<br \/>&#8211; <strong>Sklen\u011bn\u00e1 n\u00e1doba s<\/strong> maxim\u00e1ln\u00edm <strong>objemem 1,75 l<\/strong> a <strong>1,4 l<\/strong> na pol\u00e9vku<br \/>&#8211; V\u00edko <strong>s otvorem<\/strong> pro snadn\u00e9 dopl\u0148ov\u00e1n\u00ed &#8211; p\u0159\u00edsady lze p\u0159id\u00e1vat za chodu mix\u00e9ru<br \/>&#8211; <strong>Dva<\/strong> bezpe\u010dnostn\u00ed <strong>z\u00e1mky<\/strong> <br \/>&#8211; N\u00e1vod k pou\u017eit\u00ed v pol\u0161tin\u011b<br \/>&#8211; Z\u00e1ru\u010dn\u00ed list<\/p>\n<h2>Pr\u016fvodce kuchyn\u00ed s recepty &#8211; zdarma!<\/h2>\n<p>P\u0159ilo\u017een\u00fd pr\u016fvodce <strong>kuchyn\u00ed<\/strong> s recepty obsahuje recepty na<strong> chutn\u00e9 pokrmy, kter\u00e9<\/strong> m\u016f\u017eete p\u0159ipravit s na\u0161\u00edm mix\u00e9rem. A\u0165 u\u017e jste v kuchyni <strong>za\u010d\u00e1te\u010dn\u00edk,<\/strong> nebo <strong>zku\u0161en\u00fd kucha\u0159<\/strong>, tento pr\u016fvodce kuchyn\u00ed v\u00e1m poskytne <strong>inspiraci<\/strong> a <strong>n\u00e1pady<\/strong> pro ka\u017edou p\u0159\u00edle\u017eitost.<\/p>\n<p>Od <strong>jednoduch\u00fdch koktejl\u016f<\/strong> a <strong>smoothies<\/strong> p\u0159es <strong>pol\u00e9vky<\/strong> a <strong>om\u00e1\u010dky<\/strong> a\u017e po <strong>dezerty<\/strong> a <strong>hlavn\u00ed j\u00eddla<\/strong>&#8211; v na\u0161em kuchy\u0148sk\u00e9m pr\u016fvodci najdete v\u0161e, co pot\u0159ebujete, abyste si v kuchyni mohli <strong>naplno<\/strong> vychutnat <strong>chut\u011b<\/strong> a <strong>v\u016fn\u011b<\/strong>. P\u0159em\u00fd\u0161leli jste n\u011bkdy o tom, \u017ee si vyrob\u00edte vlastn\u00ed <strong>s\u00fdrovou om\u00e1\u010dku na <\/strong><strong> nachos<\/strong>? Nebo byste r\u00e1di vyzkou\u0161eli <strong>lahodnou<\/strong> <strong>kr\u00e9movou<\/strong> <strong>brokolicovo-\u010dedarkovou<\/strong> pol\u00e9vku? S kucha\u0159kou, kter\u00e1 je sou\u010d\u00e1st\u00ed mix\u00e9ru Hot&amp;Cold 2022 cup, je mo\u017en\u00e9 cokoli!<\/p>\n<p><img fetchpriority=\"high\" decoding=\"async\" src=\"\/data\/include\/cms\/bannery\/hot-cold-2022\/1_2.jpg\" alt=\"Przewodnik kuchenny z przepisami\" width=\"768\" height=\"480\" \/><\/p>\n<p>Neot\u00e1lejte a objednejte si \u0161\u00e1lkov\u00fd mix\u00e9r Hot&amp;Cold 2022 je\u0161t\u011b dnes a z\u00edskejte exkluzivn\u00edho <strong>pr\u016fvodce kuchyn\u00ed zdarma<\/strong>! Objevte chu\u0165 a potenci\u00e1l sv\u00e9ho \u0161\u00e1lkov\u00e9ho mix\u00e9ru a sta\u0148te se <strong>skute\u010dn\u00fdm mistrem kucha\u0159em<\/strong>!<\/p>\n<h2>V\u00fdkonn\u00fd a bezpe\u010dn\u00fd &#8211; technologie a funk\u010dnost v jednom mix\u00e9ru<\/h2>\n<p>\u0160\u00e1lkov\u00fd mix\u00e9r Hot&amp;Cold 2022 je nejen<strong> inovativn\u00ed technologie<\/strong>, ale tak\u00e9 mimo\u0159\u00e1dn\u011b <strong>v\u00fdkonn\u00fd p\u0159\u00edstroj<\/strong>, kter\u00fd je vybaven <strong>9 rychlostmi<\/strong> a\u017e <strong>23 500 ot\u00e1\u010dek za minutu<\/strong>, LED panelem a sklen\u011bnou n\u00e1dobou s maxim\u00e1ln\u00edm objemem 1,75 l a 1,4 l na pol\u00e9vku.<\/p>\n<p>Krom\u011b toho m\u00e1 mix\u00e9r <strong>8 p\u0159edprogramovan\u00fdch<\/strong> cykl\u016f, z toho <strong>4 va\u0159en\u00ed<\/strong>, <strong>3 studen\u00e9 mixov\u00e1n\u00ed<\/strong> a <strong>1 myt\u00ed<\/strong>. Dv\u011b <strong>bezpe\u010dnostn\u00ed pojistky<\/strong> zaji\u0161\u0165uj\u00ed, \u017ee se p\u0159\u00edstroj nespust\u00ed, pokud nen\u00ed \u0159\u00e1dn\u011b nasazeno v\u00edko.<\/p>\n<h2>P\u0159ipravujte zdrav\u00e9 a chutn\u00e9 pokrmy<\/h2>\n<p>Mix\u00e9r Hot&amp;Cold 2022 je nejen \u0161\u00e1lkov\u00fd mix\u00e9r s v\u00fdkonn\u00fdm 1500W motorem, ale tak\u00e9 pokro\u010dil\u00fd kuchy\u0148sk\u00fd n\u00e1stroj s <strong>8 p\u0159edprogramovan\u00fdmi cykly,<\/strong> v\u010detn\u011b <strong>4<\/strong> <strong>cykl\u016f<\/strong> <strong>va\u0159en\u00ed<\/strong>,<strong> 3<\/strong> <strong>cykl\u016f<\/strong><strong> mixov\u00e1n\u00ed za studena<\/strong> a<strong> 1 myc\u00edho<\/strong> <strong>cyklu<\/strong>, kter\u00fd v\u00e1m umo\u017en\u00ed rychle a snadno p\u0159ipravit r\u016fzn\u00e9 pokrmy, v\u010detn\u011b kr\u00e9mov\u00fdch pol\u00e9vek, hust\u00fdch om\u00e1\u010dek, pyr\u00e9, koktejl\u016f a zeleninov\u00fdch ml\u00e9k.<\/p>\n<p><img decoding=\"async\" src=\"\/data\/include\/cms\/bannery\/hot-cold-2022\/2_2.jpg\" alt=\"blender gotuj\u0105cy hot&amp;cold 2022\" \/><\/p>\n<p>Mix\u00e9r Hot&amp;Cold 2022 m\u00e1 nav\u00edc speci\u00e1ln\u00ed program pro p\u0159\u00edpravu<strong> dom\u00e1c\u00edch d\u017eem\u016f<\/strong> z va\u0161eho obl\u00edben\u00e9ho ovoce a mixov\u00e1n\u00ed za studena v\u00e1m umo\u017en\u00ed p\u0159ipravit osv\u011b\u017euj\u00edc\u00ed n\u00e1poje a koktejly bez p\u0159id\u00e1n\u00ed ledu, co\u017e zachov\u00e1v\u00e1 p\u0159irozenou chu\u0165 a v\u016fni n\u00e1poj\u016f.<\/p>\n<p>Ve varn\u00e9m mix\u00e9ru <strong>p\u0159iprav\u00edte<\/strong>:<br \/>&#8211; Kr\u00e9mov\u00e9 pol\u00e9vky<br \/>&#8211; Smoothies<br \/>&#8211; Zeleninov\u00e9 ml\u00e9ko<br \/>&#8211; Pyr\u00e9<br \/>&#8211; D\u017eemy<\/p>\n<h2>Kombinovan\u00e9 p\u0159\u00edslu\u0161enstv\u00ed pro \u00fapln\u00e9 pohodl\u00ed<\/h2>\n<p>&#8211; <strong>Pr\u016fvodce kuchyn\u00ed s recepty<\/strong><br \/>&#8211; <strong>Oboustrann\u00fd<\/strong> \u010distic\u00ed <strong>kart\u00e1\u010dek<\/strong> <br \/>&#8211; <strong>Filtra\u010dn\u00ed s\u00e1\u010dek<\/strong><br \/>&#8211; N\u00e1hradn\u00ed<strong> z\u00e1str\u010dka pro sn\u00ed\u017een\u00ed hlu\u010dnosti<\/strong><br \/>&#8211; Kryt pro vypnut\u00ed varu<br \/>&#8211; <strong>Ochrana proti neopr\u00e1vn\u011bn\u00e9 manipulaci<\/strong><\/p>\n<p>Multifunk\u010dn\u00ed mix\u00e9r Hot&amp;Cold 2022 se dod\u00e1v\u00e1 s bohat\u00fdm p\u0159\u00edslu\u0161enstv\u00edm, jako je <strong>kuchy\u0148sk\u00fd pr\u016fvodce s recepty<\/strong>, <strong>oboustrann\u00fd<\/strong> \u010distic\u00ed kart\u00e1\u010d, <strong>filtra\u010dn\u00ed s\u00e1\u010dek<\/strong>, n\u00e1hradn\u00ed z\u00e1str\u010dka sni\u017euj\u00edc\u00ed hluk,<strong> kryt proti<\/strong> vyva\u0159en\u00ed a <strong>tamper<\/strong>, kter\u00e9 usnad\u0148uj\u00ed a zvy\u0161uj\u00ed kreativitu v kuchyni.<\/p>\n<p>Kuchy\u0148sk\u00fd pr\u016fvodce poskytuje inspiraci pro r\u016fzn\u00e9 p\u0159\u00edle\u017eitosti, zat\u00edmco filtra\u010dn\u00ed s\u00e1\u010dek umo\u017e\u0148uje konzistenci smoothies a rostlinn\u00fdch ml\u00e9k. P\u0159\u00edslu\u0161enstv\u00ed umo\u017e\u0148uje <strong>snadn\u00e9<\/strong> a <strong>d\u016fkladn\u00e9<\/strong> \u010di\u0161t\u011bn\u00ed \u0161\u00e1lku a no\u017e\u016f, stejn\u011b jako rovnom\u011brn\u00e9 mixov\u00e1n\u00ed a m\u00edch\u00e1n\u00ed p\u0159\u00edsad.<\/p>\n<p><img decoding=\"async\" src=\"\/data\/include\/cms\/bannery\/hot-cold-2022\/3_2.jpg\" alt=\"blender gotuj\u0105cy hot&amp;cold 2022\" width=\"768\" height=\"480\" \/> <\/p>\n<h2>z\u00e1ruka 24 m\u011bs\u00edc\u016f od v\u00fdrobce a n\u00e1vod v pol\u0161tin\u011b<\/h2>\n<p>Na mix\u00e9r Hot&amp;Cold 2022 se vztahuje <strong>24m\u011bs\u00ed\u010dn\u00ed z\u00e1ruka v\u00fdrobce<\/strong> a n\u00e1vod k pou\u017eit\u00ed je v <strong>pol\u0161tin\u011b<\/strong> a je<strong> u\u017eivatelsky<\/strong> velmi<strong> p\u0159\u00edv\u011btiv\u00fd<\/strong>, obsahuje <strong>jednoduch\u00e9<\/strong> kroky, kter\u00e9 v\u00e1m pomohou p\u0159\u00edstroj pou\u017e\u00edvat.<\/p>\n","protected":false},"excerpt":{"rendered":"<p>V\u00fdkonn\u00fd motor 1500 W a technologie rychl\u00e9ho va\u0159en\u00ed 600 W, LED panel, 9 rychlost\u00ed a\u017e 23500 ot\u00e1\u010dek za minutu, 8 cykl\u016f, 4 pro va\u0159en\u00ed, 3 pro studen\u00e9 mixov\u00e1n\u00ed a 1 pro \u010di\u0161t\u011bn\u00ed. 1.pol\u00e9vkov\u00fd hrnec o objemu 75 l a 1,4 l, v\u00edko s otev\u00edr\u00e1n\u00edm, 2 z\u00e1mky.<\/p>\n","protected":false},"featured_media":14518,"comment_status":"open","ping_status":"closed","template":"","meta":[],"product_brand":[],"product_cat":[606],"product_tag":[],"class_list":{"0":"post-18373","1":"product","2":"type-product","3":"status-publish","4":"has-post-thumbnail","6":"product_cat-blendery","8":"first","9":"instock","10":"taxable","11":"shipping-taxable","12":"product-type-simple"},"_links":{"self":[{"href":"https:\/\/gltestm.webology.pl\/cs\/wp-json\/wp\/v2\/product\/18373","targetHints":{"allow":["GET"]}}],"collection":[{"href":"https:\/\/gltestm.webology.pl\/cs\/wp-json\/wp\/v2\/product"}],"about":[{"href":"https:\/\/gltestm.webology.pl\/cs\/wp-json\/wp\/v2\/types\/product"}],"replies":[{"embeddable":true,"href":"https:\/\/gltestm.webology.pl\/cs\/wp-json\/wp\/v2\/comments?post=18373"}],"version-history":[{"count":0,"href":"https:\/\/gltestm.webology.pl\/cs\/wp-json\/wp\/v2\/product\/18373\/revisions"}],"wp:featuredmedia":[{"embeddable":true,"href":"https:\/\/gltestm.webology.pl\/cs\/wp-json\/wp\/v2\/media\/14518"}],"wp:attachment":[{"href":"https:\/\/gltestm.webology.pl\/cs\/wp-json\/wp\/v2\/media?parent=18373"}],"wp:term":[{"taxonomy":"product_brand","embeddable":true,"href":"https:\/\/gltestm.webology.pl\/cs\/wp-json\/wp\/v2\/product_brand?post=18373"},{"taxonomy":"product_cat","embeddable":true,"href":"https:\/\/gltestm.webology.pl\/cs\/wp-json\/wp\/v2\/product_cat?post=18373"},{"taxonomy":"product_tag","embeddable":true,"href":"https:\/\/gltestm.webology.pl\/cs\/wp-json\/wp\/v2\/product_tag?post=18373"}],"curies":[{"name":"wp","href":"https:\/\/api.w.org\/{rel}","templated":true}]}}