{"id":18369,"date":"2026-03-18T22:38:56","date_gmt":"2026-03-18T21:38:56","guid":{"rendered":"https:\/\/gltestm.webology.pl\/produkt\/elektronicka-kuchynska-vaha-s-miskou-pt-2019-2\/"},"modified":"2026-03-22T21:59:55","modified_gmt":"2026-03-22T20:59:55","slug":"elektronicka-kuchynska-vaha-s-miskou-pt-2019-2","status":"publish","type":"product","link":"https:\/\/gltestm.webology.pl\/cs\/produkt\/elektronicka-kuchynska-vaha-s-miskou-pt-2019-2\/","title":{"rendered":"Elektronick\u00e1 kuchy\u0148sk\u00e1 v\u00e1ha s miskou PT-2019"},"content":{"rendered":"<h2>Elektronick\u00e1 kuchy\u0148sk\u00e1 v\u00e1ha s miskou PT-2019<\/h2>\n<p>Elektronick\u00e1 kuchy\u0148sk\u00e1 v\u00e1ha s miskou PT-2019 je mimo\u0159\u00e1dn\u011b u\u017eite\u010dn\u00e9 za\u0159\u00edzen\u00ed v ka\u017ed\u00e9 kuchyni. D\u00edky vysok\u00e9 p\u0159esnosti m\u011b\u0159en\u00ed &#8211; 1 g a maxim\u00e1ln\u00edmu zat\u00ed\u017een\u00ed 5 kg v\u017edy zvol\u00edte spr\u00e1vn\u00e9 pom\u011bry ingredienc\u00ed pot\u0159ebn\u00fdch k p\u0159\u00edprav\u011b lahodn\u00fdch kol\u00e1\u010d\u016f nebo pokrm\u016f.<\/p>\n<h2>Kl\u00ed\u010dov\u00e9 vlastnosti<\/h2>\n<ul>\n<li>Maximum load: <strong>5 kg<\/strong><\/li>\n<li>P\u0159esnost m\u011b\u0159en\u00ed: <strong>1 g<\/strong><\/li>\n<li><strong>Miska<\/strong> je sou\u010d\u00e1st\u00ed balen\u00ed<\/li>\n<li>Velk\u00fd snadno \u010diteln\u00fd displej <strong>LCD<\/strong> <\/li>\n<li>Funkce<strong>t\u00e1rov\u00e1n\u00ed<\/strong> <\/li>\n<li>Automatick\u00e9 <strong>vypnut\u00ed<\/strong><\/li>\n<li>Nap\u00e1jen\u00ed: baterie 1 ks <strong>CR2032<\/strong> (sou\u010d\u00e1st\u00ed dod\u00e1vky)<\/li>\n<\/ul>\n<h2>Pohodln\u00e1 miska na p\u0159\u00edsady<\/h2>\n<p>V\u00e1ha je vybavena u\u017eite\u010dnou a praktickou miskou, do kter\u00e9 se vejdou v\u0161echny v\u00e1\u017een\u00e9 p\u0159\u00edsady.<\/p>\n<h2>Snadn\u00e9 skladov\u00e1n\u00ed<\/h2>\n<p>D\u00edky ploch\u00e9mu proveden\u00ed v\u00e1hy nebudete m\u00edt probl\u00e9m naj\u00edt m\u00edsto pro jej\u00ed ulo\u017een\u00ed ve sk\u0159\u00edni nebo z\u00e1suvce.<\/p>\n<h2>Velk\u00fd a snadno \u010diteln\u00fd displej LCD<\/h2>\n<p>V\u00e1ha PT-2019 je vybavena velk\u00fdm a p\u0159ehledn\u00fdm displejem LCD pro snadn\u00e9 \u010dten\u00ed v\u00fdsledku v\u00e1\u017een\u00ed.<\/p>\n","protected":false},"excerpt":{"rendered":"<p>Elektronick\u00e1 kuchy\u0148sk\u00e1 v\u00e1ha s miskou PT-2019 Maxim\u00e1ln\u00ed zat\u00ed\u017een\u00ed 5 kg. P\u0159esnost m\u011b\u0159en\u00ed 1 g. Baterie je sou\u010d\u00e1st\u00ed dod\u00e1vky.<\/p>\n","protected":false},"featured_media":15468,"comment_status":"open","ping_status":"closed","template":"","meta":[],"product_brand":[],"product_cat":[566],"product_tag":[],"class_list":{"0":"post-18369","1":"product","2":"type-product","3":"status-publish","4":"has-post-thumbnail","6":"product_cat-wagi-kuchenne","8":"first","9":"instock","10":"taxable","11":"shipping-taxable","12":"product-type-simple"},"_links":{"self":[{"href":"https:\/\/gltestm.webology.pl\/cs\/wp-json\/wp\/v2\/product\/18369","targetHints":{"allow":["GET"]}}],"collection":[{"href":"https:\/\/gltestm.webology.pl\/cs\/wp-json\/wp\/v2\/product"}],"about":[{"href":"https:\/\/gltestm.webology.pl\/cs\/wp-json\/wp\/v2\/types\/product"}],"replies":[{"embeddable":true,"href":"https:\/\/gltestm.webology.pl\/cs\/wp-json\/wp\/v2\/comments?post=18369"}],"version-history":[{"count":0,"href":"https:\/\/gltestm.webology.pl\/cs\/wp-json\/wp\/v2\/product\/18369\/revisions"}],"wp:featuredmedia":[{"embeddable":true,"href":"https:\/\/gltestm.webology.pl\/cs\/wp-json\/wp\/v2\/media\/15468"}],"wp:attachment":[{"href":"https:\/\/gltestm.webology.pl\/cs\/wp-json\/wp\/v2\/media?parent=18369"}],"wp:term":[{"taxonomy":"product_brand","embeddable":true,"href":"https:\/\/gltestm.webology.pl\/cs\/wp-json\/wp\/v2\/product_brand?post=18369"},{"taxonomy":"product_cat","embeddable":true,"href":"https:\/\/gltestm.webology.pl\/cs\/wp-json\/wp\/v2\/product_cat?post=18369"},{"taxonomy":"product_tag","embeddable":true,"href":"https:\/\/gltestm.webology.pl\/cs\/wp-json\/wp\/v2\/product_tag?post=18369"}],"curies":[{"name":"wp","href":"https:\/\/api.w.org\/{rel}","templated":true}]}}