{"id":18365,"date":"2026-03-18T22:38:56","date_gmt":"2026-03-18T21:38:56","guid":{"rendered":"https:\/\/gltestm.webology.pl\/produkt\/vaflovac-lucznik-sw-8801\/"},"modified":"2026-03-22T21:56:54","modified_gmt":"2026-03-22T20:56:54","slug":"vaflovac-lucznik-sw-8801","status":"publish","type":"product","link":"https:\/\/gltestm.webology.pl\/cs\/produkt\/vaflovac-lucznik-sw-8801\/","title":{"rendered":"Vaflova\u010d Lucznik SW-8801"},"content":{"rendered":"<h2><strong>Vaflova\u010d SW-8801<\/strong><\/h2>\n<p>P\u0159\u00edstroj je ide\u00e1ln\u00ed pro v\u0161echny, kte\u0159\u00ed miluj\u00ed chu\u0165<strong> vafl\u00ed<\/strong> &#8211; tepl\u00e9ho a lahodn\u00e9ho pe\u010diva sypan\u00e9ho mou\u010dkov\u00fdm cukrem nebo zdoben\u00e9ho \u0161leha\u010dkou a ovocem.<\/p>\n<p>Nech\u00e1te se zl\u00e1kat? \ud83d\ude42 P\u0159i p\u0159\u00edprav\u011b vafl\u00ed vlastn\u00edma rukama se nemus\u00edte spol\u00e9hat na hotov\u00e9 sm\u011bsi a talent cukr\u00e1\u0159e. M\u016f\u017eete m\u00edt kontrolu nad ka\u017edou ingredienc\u00ed, a pokud chcete, p\u0159ipravit zdrav\u00e9 vafle bez cukru, celozrnn\u00e9 nebo bezlepkov\u00e9. <\/p>\n<p>Tak\u00e9 va\u0161e d\u011bti budou v \u00fa\u017easu, a\u017e jim naserv\u00edrujete vlastnoru\u010dn\u011b vyroben\u00e9,<strong> lahodn\u00e9<\/strong> <strong>vafle, kter\u00e9<\/strong> se budou \u0161\u00ed\u0159it v\u016fn\u00ed pr\u00e1zdnin!<\/p>\n<p>D\u00edky vysok\u00e9mu p\u0159\u00edkonu a\u017e <strong>1 000 W<\/strong> bude p\u0159\u00edprava vafl\u00ed efektivn\u00ed a d\u016fkladn\u00e1 a u\u0161et\u0159\u00ed v\u00e1\u0161 drahocenn\u00fd \u010das. Vychutnejte si chu\u0165 <strong>vafl\u00ed<\/strong>, kdykoli na ni dostanete chu\u0165! <\/p>\n<p>U\u017eijte si pohodl\u00ed a snadnou p\u0159\u00edpravu vafl\u00ed d\u00edky <strong>speci\u00e1ln\u00edmu povlaku, kter\u00fd se nelep\u00ed na t\u011bsto<\/strong> &#8211; rozhodn\u011b v\u00e1m usnadn\u00ed p\u0159\u00edpravu pe\u010diva.<\/p>\n<p><strong>Vaflova\u010dSW-8801<\/strong> je dod\u00e1v\u00e1n s <strong>24m\u011bs\u00ed\u010dn\u00ed z\u00e1rukou<\/strong> a <strong>n\u00e1vodem v pol\u0161tin\u011b<\/strong>, kter\u00fd je t\u0159eba si p\u0159ed pou\u017eit\u00edm za\u0159\u00edzen\u00ed p\u0159e\u010d\u00edst.<\/p>\n","protected":false},"excerpt":{"rendered":"<p>Vychutnejte si chu\u0165 vafl\u00ed, kdykoli na ni dostanete chu\u0165. P\u0159\u00edstroj je ide\u00e1ln\u00ed pro d\u011bti i dosp\u011bl\u00e9, kte\u0159\u00ed miluj\u00ed chu\u0165 lahodn\u00fdch vafl\u00ed pot\u0159en\u00fdch \u0161leha\u010dkou, ovocem nebo jin\u00fdmi om\u00e1\u010dkami.<\/p>\n","protected":false},"featured_media":13696,"comment_status":"open","ping_status":"closed","template":"","meta":[],"product_brand":[],"product_cat":[586],"product_tag":[],"class_list":{"0":"post-18365","1":"product","2":"type-product","3":"status-publish","4":"has-post-thumbnail","6":"product_cat-tostery-i-opiekacze","8":"first","9":"instock","10":"taxable","11":"shipping-taxable","12":"product-type-simple"},"_links":{"self":[{"href":"https:\/\/gltestm.webology.pl\/cs\/wp-json\/wp\/v2\/product\/18365","targetHints":{"allow":["GET"]}}],"collection":[{"href":"https:\/\/gltestm.webology.pl\/cs\/wp-json\/wp\/v2\/product"}],"about":[{"href":"https:\/\/gltestm.webology.pl\/cs\/wp-json\/wp\/v2\/types\/product"}],"replies":[{"embeddable":true,"href":"https:\/\/gltestm.webology.pl\/cs\/wp-json\/wp\/v2\/comments?post=18365"}],"version-history":[{"count":0,"href":"https:\/\/gltestm.webology.pl\/cs\/wp-json\/wp\/v2\/product\/18365\/revisions"}],"wp:featuredmedia":[{"embeddable":true,"href":"https:\/\/gltestm.webology.pl\/cs\/wp-json\/wp\/v2\/media\/13696"}],"wp:attachment":[{"href":"https:\/\/gltestm.webology.pl\/cs\/wp-json\/wp\/v2\/media?parent=18365"}],"wp:term":[{"taxonomy":"product_brand","embeddable":true,"href":"https:\/\/gltestm.webology.pl\/cs\/wp-json\/wp\/v2\/product_brand?post=18365"},{"taxonomy":"product_cat","embeddable":true,"href":"https:\/\/gltestm.webology.pl\/cs\/wp-json\/wp\/v2\/product_cat?post=18365"},{"taxonomy":"product_tag","embeddable":true,"href":"https:\/\/gltestm.webology.pl\/cs\/wp-json\/wp\/v2\/product_tag?post=18365"}],"curies":[{"name":"wp","href":"https:\/\/api.w.org\/{rel}","templated":true}]}}