{"id":18361,"date":"2026-03-18T22:38:55","date_gmt":"2026-03-18T21:38:55","guid":{"rendered":"https:\/\/gltestm.webology.pl\/produkt\/filtr-cisticky-vzduchu-ap-2019-w\/"},"modified":"2026-03-22T21:58:14","modified_gmt":"2026-03-22T20:58:14","slug":"filtr-cisticky-vzduchu-ap-2019-w","status":"publish","type":"product","link":"https:\/\/gltestm.webology.pl\/cs\/produkt\/filtr-cisticky-vzduchu-ap-2019-w\/","title":{"rendered":"Filtr \u010disti\u010dky vzduchu AP-2019 W"},"content":{"rendered":"<p>Jeden <strong>n\u00e1hradn\u00ed filtr<\/strong> pro \u010disti\u010dku vzduchu model AP-2019 W sest\u00e1vaj\u00edc\u00ed ze t\u0159\u00ed filtra\u010dn\u00edch vrstev: p\u0159edfiltr, uhl\u00edkov\u00fd filtr a filtr HEPA-13. <\/p>\n<p>Filtr lze pou\u017e\u00edt jak v za\u0159\u00edzen\u00edch zna\u010dky Lucznik, tak v za\u0159\u00edzen\u00edch <strong>jin\u00fdch zna\u010dek<\/strong>, kter\u00e9 pou\u017e\u00edvaj\u00ed filtry stejn\u00fdch rozm\u011br\u016f. <\/p>\n<p>Filtr \u010disti\u010dky vzduchu by se m\u011bl pravideln\u011b \u010distit mechanicky &#8211; nap\u0159\u00edklad vysava\u010dem. K \u010di\u0161t\u011bn\u00ed nepou\u017e\u00edvejte vodu!<\/p>\n<p>Doporu\u010duje se m\u011bnit filtr ka\u017edou sez\u00f3nu &#8211; nebo \u010dast\u011bji, jak se opot\u0159ebov\u00e1v\u00e1<strong>.<\/strong><\/p>\n","protected":false},"excerpt":{"rendered":"<p>V\u00edcevrstv\u00fd filtr ur\u010den\u00fd pro pou\u017eit\u00ed s \u010disti\u010dkami vzduchu Lucznik AP-2019 W o rozm\u011brech 4 cm x 12 cm x 49 cm.<\/p>\n","protected":false},"featured_media":15018,"comment_status":"open","ping_status":"closed","template":"","meta":[],"product_brand":[],"product_cat":[636],"product_tag":[],"class_list":{"0":"post-18361","1":"product","2":"type-product","3":"status-publish","4":"has-post-thumbnail","6":"product_cat-oczyszczacze-powietrza","8":"first","9":"instock","10":"taxable","11":"shipping-taxable","12":"product-type-simple"},"_links":{"self":[{"href":"https:\/\/gltestm.webology.pl\/cs\/wp-json\/wp\/v2\/product\/18361","targetHints":{"allow":["GET"]}}],"collection":[{"href":"https:\/\/gltestm.webology.pl\/cs\/wp-json\/wp\/v2\/product"}],"about":[{"href":"https:\/\/gltestm.webology.pl\/cs\/wp-json\/wp\/v2\/types\/product"}],"replies":[{"embeddable":true,"href":"https:\/\/gltestm.webology.pl\/cs\/wp-json\/wp\/v2\/comments?post=18361"}],"version-history":[{"count":0,"href":"https:\/\/gltestm.webology.pl\/cs\/wp-json\/wp\/v2\/product\/18361\/revisions"}],"wp:featuredmedia":[{"embeddable":true,"href":"https:\/\/gltestm.webology.pl\/cs\/wp-json\/wp\/v2\/media\/15018"}],"wp:attachment":[{"href":"https:\/\/gltestm.webology.pl\/cs\/wp-json\/wp\/v2\/media?parent=18361"}],"wp:term":[{"taxonomy":"product_brand","embeddable":true,"href":"https:\/\/gltestm.webology.pl\/cs\/wp-json\/wp\/v2\/product_brand?post=18361"},{"taxonomy":"product_cat","embeddable":true,"href":"https:\/\/gltestm.webology.pl\/cs\/wp-json\/wp\/v2\/product_cat?post=18361"},{"taxonomy":"product_tag","embeddable":true,"href":"https:\/\/gltestm.webology.pl\/cs\/wp-json\/wp\/v2\/product_tag?post=18361"}],"curies":[{"name":"wp","href":"https:\/\/api.w.org\/{rel}","templated":true}]}}