{"id":18357,"date":"2026-03-18T22:38:55","date_gmt":"2026-03-18T21:38:55","guid":{"rendered":"https:\/\/gltestm.webology.pl\/produkt\/coverlock-820d3-renderer-kondenzator\/"},"modified":"2026-03-22T21:56:16","modified_gmt":"2026-03-22T20:56:16","slug":"coverlock-820d3-renderer-kondenzator","status":"publish","type":"product","link":"https:\/\/gltestm.webology.pl\/cs\/produkt\/coverlock-820d3-renderer-kondenzator\/","title":{"rendered":"Coverlock 820D3 (renderer\/kondenz\u00e1tor)"},"content":{"rendered":"<h2><strong><strong>Coverlock 820D3 (vykreslovac\u00ed stroj)<\/strong><\/strong><\/h2>\n<p>Coverlock820D3<strong><strong>(zn\u00e1m\u00fd tak\u00e9 jako capstan nebo render<\/strong> <\/strong><strong><strong>)<\/strong> <\/strong><strong>je <\/strong>stroj ur\u010den\u00fd p\u0159edev\u0161\u00edm k \u0161it\u00ed <strong>elastick\u00fdch<\/strong><strong> l\u00e1tek, <\/strong> jako jsou d\u011btsk\u00e9 \u00faplety a sportovn\u00ed oble\u010den\u00ed. Pou\u017e\u00edv\u00e1 se p\u0159edev\u0161\u00edm ke <strong>kroucen\u00ed<\/strong> (bez lemov\u00e1n\u00ed) a jejich <strong>spojov\u00e1n\u00ed<\/strong>.<\/p>\n<p>Coverlockladder<strong>st <\/strong>itch je vyroben tak, aby byl velmi pru\u017en\u00fd a z\u00e1rove\u0148 pevn\u00fd. Zvenku vypad\u00e1 <strong>klasick\u00fd \u017eeb\u0159\u00edkov\u00fd steh<\/strong> podobn\u011b jako paraleln\u00ed z\u00e1mkov\u00fd steh s dvojitou jehlou, zat\u00edmco na lev\u00e9 stran\u011b jsou vid\u011bt speci\u00e1ln\u00ed smy\u010dky, kter\u00fdm vd\u011b\u010d\u00ed za v\u0161echny sv\u00e9 vlastnosti.  Nejobl\u00edben\u011bj\u0161\u00edmi m\u00edsty pro jeho pou\u017eit\u00ed jsou spodn\u00ed \u010d\u00e1sti halenek, spodn\u00ed ko\u0161ile a z\u00e1hyby ruk\u00e1v\u016f.<\/p>\n<p>Tento model m\u00e1 tak\u00e9<strong> \u0159et\u00edzkov\u00fd steh<\/strong>, kter\u00fd je zase ide\u00e1ln\u00ed pro spojov\u00e1n\u00ed kus\u016f pleteniny. Tento steh najdeme v\u0161ude tam, kde je vy\u017eadov\u00e1na vysok\u00e1 <strong>pru\u017enost<\/strong> a <strong>pevnost<\/strong> \u0161it\u00ed.<\/p>\n<p><strong>Coverlock 820D3<\/strong> m\u00e1 mo\u017enost nastaven\u00ed<strong> d\u00e9lky stehu, nap\u011bt\u00ed nit\u011b<\/strong> a <strong>p\u0159\u00edtlaku patky na<\/strong> l\u00e1tku. D\u00edky diferenci\u00e1ln\u00edmu <strong>transportu <\/strong>je mo\u017en\u00e9 nastavit \u0161ic\u00ed diferenci\u00e1l &#8211; z\u00edsk\u00e1te tak spr\u00e1vn\u011b ploch\u00fd \u0161ev &#8211; <strong>bez poma\u010dk\u00e1n\u00ed a rozta\u017een\u00ed<\/strong>. V p\u0159\u00edpad\u011b pot\u0159eby lze snadno dos\u00e1hnout i opa\u010dn\u00e9ho efektu zam\u00fd\u0161len\u00fdm zp\u016fsobem. Tento model m\u00e1 tak\u00e9 <strong>vestav\u011bn\u00fd<\/strong> p\u0159esah (voln\u00e9 rameno) pro nav\u00edjen\u00ed t\u011b\u017eko p\u0159\u00edstupn\u00fdch \u010d\u00e1st\u00ed od\u011bvu, jako jsou ruk\u00e1vy, nohavice nebo v\u00fdst\u0159ihy. <br \/>Mo\u017enost<strong> zvednout patku do v\u00fd\u0161ky<\/strong> zaji\u0161\u0165uje voln\u00e9 podlo\u017een\u00ed n\u011bkolika vrstev l\u00e1tek.<\/p>\n<p><strong>Barevn\u00e9 c <\/strong>odov\u00e1n\u00ed a \u010d\u00edslov\u00e1n\u00ed po sob\u011b jdouc\u00edch chapadel a p\u0159ehledn\u00e9 pokyny pod krytem krytu usnad\u0148uj\u00ed navl\u00e9k\u00e1n\u00ed a se\u0159izov\u00e1n\u00ed stroje. <strong>Z\u00e1suvka na p\u0159\u00edslu\u0161enstv\u00ed<\/strong> obsahuje z\u00e1kladn\u00ed vybaven\u00ed pro \u00fadr\u017ebu a pinzetu, kter\u00e1 pom\u00e1h\u00e1 p\u0159i navl\u00e9k\u00e1n\u00ed nit\u00ed. Model je tak\u00e9 vybaven m\u011bkk\u00fdm <strong>krytem<\/strong>, kter\u00fd jej chr\u00e1n\u00ed p\u0159ed prachem a ne\u010distotami.<\/p>\n<h2><strong>Kl\u00ed\u010dov\u00e9 vlastnosti <\/strong><\/h2>\n<ul>\n<li><strong>2 stehy<\/strong> <strong>(\u017eeb\u0159\u00ed\u010dkov\u00fd<\/strong> steh a<strong>\u0159et\u00edzkov\u00fd<\/strong> steh  )<\/li>\n<li> <strong>2<\/strong> nebo  t\u0159\u00ednitn\u00e9 stehy<\/li>\n<li><strong>2 jehly<\/strong><\/li>\n<li><strong>3 nit\u011b<\/strong><\/li>\n<li><strong>nastaven\u00ed<\/strong> d\u00e9lky stehu (knofl\u00edk)<\/li>\n<li><strong>snadn\u00e9<\/strong> a rychl\u00e9 <strong>navl\u00e9k\u00e1n\u00ed<\/strong><strong>(barevn\u00e9 zna\u010den\u00ed<\/strong>)<\/li>\n<li><strong>nacvak\u00e1vac\u00ed<\/strong> patka <\/li>\n<li><strong>vysok\u00fd<\/strong> zdvih patky<\/li>\n<li><strong>diferenci\u00e1ln\u00ed<\/strong> transport (diferenci\u00e1ln\u00ed, nastaviteln\u00fd)<\/li>\n<li>p\u00e1ka pro nastaven\u00ed pod\u00e1v\u00e1n\u00ed<\/li>\n<li>odn\u00edmateln\u00e1<strong>pracovn\u00ed deska<\/strong> <\/li>\n<li><strong>voln\u00e9 rameno<\/strong><\/li>\n<li>z\u00e1sobn\u00edk na p\u0159\u00edslu\u0161enstv\u00ed<strong>(vestav\u011bn\u00fd<\/strong>)<\/li>\n<\/ul>\n<h2>Standardn\u00ed v\u00fdbava<\/h2>\n<ul>\n<li> z\u00e1vitov\u00e9 <strong>disky<\/strong><\/li>\n<li><strong>vod\u00edtko<\/strong> pro lemov\u00e1n\u00ed<\/li>\n<li><strong>vol\u00e1n<\/strong><\/li>\n<li><strong>n\u00e1hradn\u00ed jehly 90 (3)<\/strong><\/li>\n<li>n\u00e1doba na olej<\/li>\n<li>kryt <strong>proti smr\u0161\u0165ov\u00e1n\u00ed<\/strong><\/li>\n<li><strong>\u0161roubov\u00e1k<\/strong><\/li>\n<li>pinzeta<\/li>\n<\/ul>\n<h2>z\u00e1ruka 24 m\u011bs\u00edc\u016f<\/h2>\n<p><strong>Coverlock 820D3<\/strong> je dod\u00e1v\u00e1n s <strong>24m\u011bs\u00ed\u010dn\u00ed z\u00e1rukou<\/strong> a n\u00e1vodem k pou\u017eit\u00ed v pol\u0161tin\u011b, kter\u00fd je t\u0159eba si p\u0159ed pou\u017eit\u00edm za\u0159\u00edzen\u00ed p\u0159e\u010d\u00edst.<\/p>\n","protected":false},"excerpt":{"rendered":"<p>Overlock 820D3 (rending\/capping\/overlock) dvoujehlov\u00fd a t\u0159\u00ednitn\u00fd stroj, kter\u00fd profesion\u00e1ln\u011b spojuje a podvazuje pleten\u00e9 materi\u00e1ly a tkaniny a vytv\u00e1\u0159\u00ed 2- 3nitn\u00e9 stehy.<\/p>\n","protected":false},"featured_media":14922,"comment_status":"open","ping_status":"closed","template":"","meta":[],"product_brand":[],"product_cat":[436],"product_tag":[],"class_list":{"0":"post-18357","1":"product","2":"type-product","3":"status-publish","4":"has-post-thumbnail","6":"product_cat-overlocki","8":"first","9":"instock","10":"taxable","11":"shipping-taxable","12":"product-type-simple"},"_links":{"self":[{"href":"https:\/\/gltestm.webology.pl\/cs\/wp-json\/wp\/v2\/product\/18357","targetHints":{"allow":["GET"]}}],"collection":[{"href":"https:\/\/gltestm.webology.pl\/cs\/wp-json\/wp\/v2\/product"}],"about":[{"href":"https:\/\/gltestm.webology.pl\/cs\/wp-json\/wp\/v2\/types\/product"}],"replies":[{"embeddable":true,"href":"https:\/\/gltestm.webology.pl\/cs\/wp-json\/wp\/v2\/comments?post=18357"}],"version-history":[{"count":0,"href":"https:\/\/gltestm.webology.pl\/cs\/wp-json\/wp\/v2\/product\/18357\/revisions"}],"wp:featuredmedia":[{"embeddable":true,"href":"https:\/\/gltestm.webology.pl\/cs\/wp-json\/wp\/v2\/media\/14922"}],"wp:attachment":[{"href":"https:\/\/gltestm.webology.pl\/cs\/wp-json\/wp\/v2\/media?parent=18357"}],"wp:term":[{"taxonomy":"product_brand","embeddable":true,"href":"https:\/\/gltestm.webology.pl\/cs\/wp-json\/wp\/v2\/product_brand?post=18357"},{"taxonomy":"product_cat","embeddable":true,"href":"https:\/\/gltestm.webology.pl\/cs\/wp-json\/wp\/v2\/product_cat?post=18357"},{"taxonomy":"product_tag","embeddable":true,"href":"https:\/\/gltestm.webology.pl\/cs\/wp-json\/wp\/v2\/product_tag?post=18357"}],"curies":[{"name":"wp","href":"https:\/\/api.w.org\/{rel}","templated":true}]}}