{"id":18353,"date":"2026-03-18T22:38:54","date_gmt":"2026-03-18T21:38:54","guid":{"rendered":"https:\/\/gltestm.webology.pl\/produkt\/overlock-lucznik-820d5\/"},"modified":"2026-03-22T21:56:17","modified_gmt":"2026-03-22T20:56:17","slug":"overlock-lucznik-820d5","status":"publish","type":"product","link":"https:\/\/gltestm.webology.pl\/cs\/produkt\/overlock-lucznik-820d5\/","title":{"rendered":"Overlock \u0141ucznik 820D5"},"content":{"rendered":"<h2>Overlock \u0141ucznik 820D5<\/h2>\n<p>Overlock je &#8222;vy\u0161\u0161\u00ed \u0161kola&#8220; \u0161ic\u00edho um\u011bn\u00ed. Vypad\u00e1 jako pon\u011bkud komplikovan\u00e9 za\u0159\u00edzen\u00ed. Pokud se v\u0161ak rozhodnete p\u0159ijmout jeho v\u00fdzvu, va\u0161e d\u00edla budou v\u017edy ji\u017e dokonal\u00e1 ve v\u0161ech sm\u011brech a v\u0161echny okraje budou kr\u00e1sn\u011b, p\u0159esn\u011b olemovan\u00e9, jako by pr\u00e1v\u011b vy\u0161ly zpod jehly krej\u010dovsk\u00e9 d\u00edlny. <strong>U\u017e nemus\u00edte sv\u00e9 d\u00edlo p\u0159ed\u00e1vat k dokon\u010den\u00ed n\u011bkomu jin\u00e9mu! <\/strong>S nejv\u011bt\u0161\u00ed pravd\u011bpodobnost\u00ed str\u00e1v\u00edte n\u011bjak\u00fd \u010das &#8222;osah\u00e1v\u00e1n\u00edm&#8220; stroje, zp\u016fsobu navl\u00e9k\u00e1n\u00ed, volby nap\u011bt\u00ed a dal\u0161\u00edch parametr\u016f &#8211; ale uji\u0161\u0165ujeme v\u00e1s, \u017ee  <strong>efekt za tu n\u00e1mahu stoj\u00ed.<\/strong><\/p>\n<p>Zm\u011bnou nap\u011bt\u00ed nit\u011b, zm\u011bnou d\u00e9lky stehu nebo diferenci\u00e1ln\u00edho nastaven\u00ed m\u016f\u017eete z\u00edskat r\u016fzn\u00e9 kombinace steh\u016f. Rozhodn\u011b lze \u0159\u00edci, \u017ee volba spr\u00e1vn\u00e9ho nap\u011bt\u00ed, je kl\u00ed\u010dem k \u00fasp\u011bchu &#8211; to je <strong>kr\u00e1sn\u00fd<\/strong> <strong>vzhled<\/strong> <strong>stehu<\/strong>.<\/p>\n<h2><span>Nejd\u016fle\u017eit\u011bj\u0161\u00ed funkce<\/span><\/h2>\n<ul>\n<li>maxim\u00e1ln\u00ed <span>rychlost<\/span><span> \u0161it\u00ed: <strong>1300 steh\u016f za minutu<\/strong><\/span><\/li>\n<li><span>po\u010det steh\u016f: <strong>20<\/strong><\/span><\/li>\n<li><span>po\u010det jehel: <strong>2<\/strong><\/span><\/li>\n<li><strong>po\u010det steh\u016f a\u017e 5 nit\u00ed<\/strong><\/li>\n<li><span>zaklap\u00e1vac\u00ed patky<\/span><\/li>\n<li><strong>snadn\u00e9 a rychl\u00e9 navl\u00e9k\u00e1n\u00ed<\/strong><span>nit\u00ed d\u00edky speci\u00e1ln\u00edmu barevn\u00e9mu zna\u010den\u00ed<\/span><\/li>\n<li><span>nastaviteln\u00e9<\/span> nap\u011bt\u00ed<span>  nit\u011b (ka\u017ed\u00e1 zvl\u00e1\u0161\u0165<\/span>)<\/li>\n<li>stehy<span>: <\/span><strong>rota\u010dn\u00ed, p\u0159etahovac\u00ed, \u0159et\u00edzkov\u00e9 a \u017eeb\u0159\u00ed\u010dkov\u00e9<\/strong> stehy<\/li>\n<li><span>nastaven\u00ed<\/span><span>d\u00e9lky<\/span> stehu<\/li>\n<li><span>nastaven\u00ed \u0161\u00ed\u0159ky stehu<\/span><\/li>\n<li><span>n\u016f\u017e<\/span><span>vhazov\u00e1n\u00ed<\/span><\/li>\n<li><strong>odn\u00edmateln\u00fd horn\u00ed n\u016f\u017e<\/strong><\/li>\n<li><span>praktick\u00fd<\/span><strong>kontejner<\/strong><span><strong>na <\/strong><\/span><strong>od\u0159ezky<\/strong><\/li>\n<li><span>vestav\u011bn\u00e1 <strong>n\u00e1doba na p\u0159\u00edslu\u0161enstv\u00ed<\/strong><\/span><\/li>\n<li><span>voln\u00e9 rameno<\/span><\/li>\n<li><span>LEDosv\u011btlen\u00ed<\/span><\/li>\n<\/ul>\n<h2><span>Standardn\u00ed v\u00fdbava<\/span><\/h2>\n<ul>\n<li>st\u016fl pro <strong>dvojit\u00fd<\/strong> <strong>\u0159et\u00edzkov\u00fd<\/strong> steh<\/li>\n<li>deska pro<strong>\u017eeb\u0159\u00edkov\u00fd<\/strong> steh<\/li>\n<li>patka pro<strong>\u017eeb\u0159\u00edkov\u00fd<\/strong> steh<\/li>\n<li><strong>spodn\u00ed n\u016f\u017e<\/strong><\/li>\n<li>vod\u00edtko lemov\u00e1n\u00ed<\/li>\n<li>vol\u00e1n<\/li>\n<li><strong>n\u00e1hradn\u00ed jehly 90 (3)<\/strong><\/li>\n<li>n\u00e1doba na olej<\/li>\n<li>kryt proti <strong>prachu <\/strong><\/li>\n<li>pinzeta<\/li>\n<li>\u0161roubov\u00e1k<\/li>\n<li><strong>regul\u00e1tor ot\u00e1\u010dek<\/strong> hkt-7<\/li>\n<\/ul>\n<h2>Syst\u00e9m snadn\u00e9ho navl\u00e9k\u00e1n\u00ed a 1300 steh\u016f za minutu<\/h2>\n<p>Rychlost, jakou \u0161ije overlockov\u00fd \u0161ic\u00ed stroj, m\u016f\u017ee b\u00fdt pro mnoh\u00e9 zna\u010dn\u011b d\u016fle\u017eit\u00e1. V\u017edy\u0165 \u010d\u00edm v\u00edce steh\u016f za minutu ud\u011bl\u00e1, t\u00edm rychleji m\u016f\u017eeme dokon\u010dit n\u00e1\u0161 projekt. Rychlost dom\u00e1c\u00edch overlock\u016f ji\u017e p\u0159esahuje 1000 steh\u016f za minutu. V p\u0159\u00edpad\u011b <strong>overlocku Lucznik 820D5<\/strong> je to <strong>dokonce 1300<\/strong> steh\u016f za minutu.<\/p>\n<p><strong>Barevn\u011b odli\u0161en\u00fd syst\u00e9m navl\u00e9k\u00e1n\u00ed<\/strong> usnad\u0148uje orientaci ve spleti chapadel, h\u00e1\u010dk\u016f a o\u010dek uvnit\u0159 overlocku. <strong>Nastaven\u00ed p\u0159\u00edtlaku patky<\/strong>, stejn\u011b jako u \u0161ic\u00edch stroj\u016f, odpov\u00edd\u00e1 za p\u0159\u00edtlak patky k zub\u016fm dopravn\u00edku, to znamen\u00e1, \u017ee m\u00e1 v\u00fdznamn\u00fd vliv na transport materi\u00e1lu p\u0159i pr\u00e1ci na stroji. Nastaven\u00ed vy\u0161\u0161\u00ed hodnoty znamen\u00e1 zv\u00fd\u0161en\u00ed p\u0159\u00edtlaku a naopak.<\/p>\n<p>Chcete dos\u00e1hnout <strong>ozdobn\u00e9ho <\/strong>z\u00e1hybu nebo<strong> nechcete, aby se pru\u017en\u00fd materi\u00e1l b\u011bhem \u0161it\u00ed rozt\u00e1hl<\/strong>? \u017d\u00e1dn\u00fd probl\u00e9m. Overlock 820D5 v\u00e1m to umo\u017en\u00ed pomoc\u00ed <strong>diferenci\u00e1ln\u00edho nastaven\u00ed transportu.<\/strong><\/p>\n<h2>Overlock 820D5 &#8211; ide\u00e1ln\u00ed pro dom\u00e1c\u00ed \u0161it\u00ed<\/h2>\n<p>Profesion\u00e1ln\u00ed \u0161ic\u00ed stroj Overlock <strong>820D5<\/strong> je ide\u00e1ln\u00ed pro dom\u00e1c\u00ed \u0161it\u00ed. M\u00e1 univerz\u00e1ln\u00ed pou\u017eit\u00ed pro r\u016fzn\u00e9 typy materi\u00e1l\u016f &#8211; jak pro tkan\u00e9, tak pro pleten\u00e9 l\u00e1tky. Overlock <strong>820D5<\/strong> je vybaven spodn\u00edm a horn\u00edm \u0159ezac\u00edm no\u017eem, kter\u00e9 lze libovoln\u011b odd\u011blit. Prov\u00e1d\u00ed 1 a 2jehlov\u00fd, 2 a\u017e 5nitn\u00fd, <strong>overalov\u00fd a rolovac\u00ed<\/strong> steh, stejn\u011b jako <strong>\u0159et\u00edzkov\u00fd <\/strong>a<strong> \u017eeb\u0159\u00edkov\u00fd<\/strong> steh. M\u00e1 vestav\u011bn\u00fd <strong>p\u0159ehazova\u010d <\/strong>pro lemov\u00e1n\u00ed ruk\u00e1v\u016f, nohavic a l\u00edmc\u016f. Mo\u017enost vysok\u00e9ho zdvihu patky zaji\u0161\u0165uje voln\u00e9 veden\u00ed n\u011bkolika vrstev materi\u00e1l\u016f pod patkou.<\/p>\n<p>Tento overlock m\u00e1 teleskopick\u00e9 veden\u00ed nit\u011b a p\u0159ehledn\u00fd n\u00e1vod k navl\u00e9k\u00e1n\u00ed pod krytem. Z\u00e1suvka na p\u0159\u00edslu\u0161enstv\u00ed obsahuje mimo jin\u00e9 pinzetu, kter\u00e1 navl\u00e9k\u00e1n\u00ed zna\u010dn\u011b usnad\u0148uje. <strong>Overlock 820D5<\/strong> je tak\u00e9 vybaven <strong>z\u00e1sobn\u00edkem na odst\u0159i\u017eky<\/strong> l\u00e1tek a krytem, kter\u00fd jej chr\u00e1n\u00ed p\u0159ed prachem a ne\u010distotami. K tomuto modelu<strong> lze<\/strong> dokoupit<strong> specializovan\u00e9 nacvak\u00e1vac\u00ed patky<\/strong>.<\/p>\n<h2>z\u00e1ruka 24 m\u011bs\u00edc\u016f<\/h2>\n<p>\u0160ic\u00ed strojOverlock<strong>820D5<\/strong> je dod\u00e1v\u00e1n s <strong>24m\u011bs\u00ed\u010dn\u00ed z\u00e1rukou<\/strong> a n\u00e1vodem v pol\u0161tin\u011b, kter\u00fd je t\u0159eba si p\u0159ed \u0161it\u00edm p\u0159e\u010d\u00edst.<\/p>\n","protected":false},"excerpt":{"rendered":"<p>Overlock 820D5 je dvoujehlov\u00fd a \u010dty\u0159nitn\u00fd stroj, kter\u00fd profesion\u00e1ln\u011b olemuje okraje r\u016fzn\u00fdch materi\u00e1l\u016f a vytv\u00e1\u0159\u00ed 2-5 steh\u016f.<\/p>\n","protected":false},"featured_media":15798,"comment_status":"open","ping_status":"closed","template":"","meta":[],"product_brand":[],"product_cat":[436],"product_tag":[],"class_list":{"0":"post-18353","1":"product","2":"type-product","3":"status-publish","4":"has-post-thumbnail","6":"product_cat-overlocki","8":"first","9":"instock","10":"taxable","11":"shipping-taxable","12":"product-type-simple"},"_links":{"self":[{"href":"https:\/\/gltestm.webology.pl\/cs\/wp-json\/wp\/v2\/product\/18353","targetHints":{"allow":["GET"]}}],"collection":[{"href":"https:\/\/gltestm.webology.pl\/cs\/wp-json\/wp\/v2\/product"}],"about":[{"href":"https:\/\/gltestm.webology.pl\/cs\/wp-json\/wp\/v2\/types\/product"}],"replies":[{"embeddable":true,"href":"https:\/\/gltestm.webology.pl\/cs\/wp-json\/wp\/v2\/comments?post=18353"}],"version-history":[{"count":0,"href":"https:\/\/gltestm.webology.pl\/cs\/wp-json\/wp\/v2\/product\/18353\/revisions"}],"wp:featuredmedia":[{"embeddable":true,"href":"https:\/\/gltestm.webology.pl\/cs\/wp-json\/wp\/v2\/media\/15798"}],"wp:attachment":[{"href":"https:\/\/gltestm.webology.pl\/cs\/wp-json\/wp\/v2\/media?parent=18353"}],"wp:term":[{"taxonomy":"product_brand","embeddable":true,"href":"https:\/\/gltestm.webology.pl\/cs\/wp-json\/wp\/v2\/product_brand?post=18353"},{"taxonomy":"product_cat","embeddable":true,"href":"https:\/\/gltestm.webology.pl\/cs\/wp-json\/wp\/v2\/product_cat?post=18353"},{"taxonomy":"product_tag","embeddable":true,"href":"https:\/\/gltestm.webology.pl\/cs\/wp-json\/wp\/v2\/product_tag?post=18353"}],"curies":[{"name":"wp","href":"https:\/\/api.w.org\/{rel}","templated":true}]}}