{"id":18349,"date":"2026-03-18T22:38:54","date_gmt":"2026-03-18T21:38:54","guid":{"rendered":"https:\/\/gltestm.webology.pl\/produkt\/overlock-lucznik-720d4-ultralock\/"},"modified":"2026-03-22T21:56:20","modified_gmt":"2026-03-22T20:56:20","slug":"overlock-lucznik-720d4-ultralock","status":"publish","type":"product","link":"https:\/\/gltestm.webology.pl\/cs\/produkt\/overlock-lucznik-720d4-ultralock\/","title":{"rendered":"Overlock Lucznik 720D4 (Ultralock)"},"content":{"rendered":"<h2>Overlock \u0141ucznik 720D4 (Ultralock)<\/h2>\n<p>Overlock je &#8222;vy\u0161\u0161\u00ed \u0161kola&#8220; \u0161ic\u00edho um\u011bn\u00ed. Vypad\u00e1 jako pon\u011bkud komplikovan\u00e9 za\u0159\u00edzen\u00ed. Pokud se v\u0161ak rozhodnete p\u0159ijmout jeho v\u00fdzvu, va\u0161e pr\u00e1ce bude ji\u017e nyn\u00ed v\u017edy dokonal\u00e1 ve v\u0161ech sm\u011brech a v\u0161echny okraje budou kr\u00e1sn\u011b, p\u0159esn\u011b olemovan\u00e9, jako by pr\u00e1v\u011b vy\u0161ly zpod jehly krej\u010dovsk\u00e9 d\u00edlny. <strong>U\u017e \u017e\u00e1dn\u00e9 p\u0159ed\u00e1v\u00e1n\u00ed va\u0161\u00ed pr\u00e1ce k dokon\u010den\u00ed n\u011bkomu jin\u00e9mu!<\/strong><\/p>\n<h2><strong>Kl\u00ed\u010dov\u00e9 vlastnosti<\/strong><\/h2>\n<ul>\n<li><strong>7 steh\u016f<\/strong><\/li>\n<li><strong>1200 steh\u016f \/ min.<\/strong><\/li>\n<li>stehy: <strong>rolov\u00e1n\u00ed<\/strong>, <strong>p\u0159evl\u00e9k\u00e1n\u00ed<\/strong><\/li>\n<li><strong>2 jehly<\/strong><\/li>\n<li><strong>4 nit\u011b<\/strong><\/li>\n<li><strong>snadn\u00e9<\/strong> a rychl\u00e9 <strong>navl\u00e9k\u00e1n\u00ed<\/strong> <strong>(barevn\u00e9 zna\u010den\u00ed<\/strong>)<\/li>\n<li><strong>nastaven\u00ed p\u0159\u00edtlaku<\/strong> patky<\/li>\n<li>nastaven\u00ed  d\u00e9lky<strong>a \u0161\u00ed\u0159ky<\/strong> stehu <\/li>\n<li>nastaven\u00ed<strong>nap\u011bt\u00ed nit\u011b<\/strong>   (pro ka\u017edou nit zvl\u00e1\u0161\u0165)<\/li>\n<li><strong>voln\u00e9 rameno<\/strong><\/li>\n<li>transport <strong>diferenci\u00e1ln\u00ed<\/strong> (diferenci\u00e1ln\u00ed)<\/li>\n<li>horn\u00ed a doln\u00ed n\u016f\u017e<strong>(funkce \u0159ez\u00e1n\u00ed materi\u00e1lu<\/strong>; horn\u00ed n\u016f\u017e odpojen)<\/li>\n<li><strong>vysok\u00fd<\/strong> zdvih patky<\/li>\n<li><strong>zacvak\u00e1vac\u00ed<\/strong> patka<\/li>\n<li>z\u00e1sobn\u00edk na p\u0159\u00edslu\u0161enstv\u00ed<strong>(vestav\u011bn\u00fd<\/strong>)<\/li>\n<\/ul>\n<p>S nejv\u011bt\u0161\u00ed pravd\u011bpodobnost\u00ed str\u00e1v\u00edte n\u011bjak\u00fd \u010das &#8222;osah\u00e1v\u00e1n\u00edm&#8220; stroje, zp\u016fsobu navl\u00e9k\u00e1n\u00ed, volby nap\u011bt\u00ed a dal\u0161\u00edch parametr\u016f &#8211; ale uji\u0161\u0165ujeme v\u00e1s, \u017ee  <strong>v\u00fdsledek stoj\u00ed za tu n\u00e1mahu.<\/strong><\/p>\n<p>Zm\u011bnou nap\u011bt\u00ed nit\u011b, zm\u011bnou d\u00e9lky stehu nebo diferenci\u00e1ln\u00edm nastaven\u00edm m\u016f\u017eete z\u00edskat r\u016fzn\u00e9 kombinace steh\u016f. Rozhodn\u011b lze \u0159\u00edci, \u017ee volba spr\u00e1vn\u00e9ho nap\u011bt\u00ed, je kl\u00ed\u010dem k \u00fasp\u011bchu &#8211; to je <strong>kr\u00e1sn\u00fd<\/strong> <strong>vzhled<\/strong> <strong>stehu<\/strong>.<\/p>\n<p>Rychlost, s jakou overlock \u0161ije, m\u016f\u017ee m\u00edt pro mnoh\u00e9 zna\u010dn\u00fd v\u00fdznam. V\u017edy\u0165 \u010d\u00edm v\u00edce steh\u016f za minutu ud\u011bl\u00e1, t\u00edm rychleji m\u016f\u017eeme sv\u016fj projekt dokon\u010dit. Rychlost dom\u00e1c\u00edch overlock\u016f ji\u017e p\u0159esahuje <strong>1000 steh\u016f za minutu<\/strong>.<\/p>\n<p><strong>Barevn\u011b odli\u0161en\u00fd syst\u00e9m navl\u00e9k\u00e1n\u00ed<\/strong> usnad\u0148uje orientaci ve spleti chapadel, chapa\u010d\u016f a o\u010dek uvnit\u0159 overlocku.<\/p>\n<p><strong>Nastaven\u00ed p\u0159\u00edtlaku patky<\/strong> stejn\u011b jako u \u0161ic\u00edch stroj\u016f odpov\u00edd\u00e1 za p\u0159\u00edtlak patky k zub\u016fm dopravn\u00edku, to znamen\u00e1, \u017ee m\u00e1 v\u00fdznamn\u00fd vliv na transport materi\u00e1lu p\u0159i pr\u00e1ci na stroji. Nastaven\u00ed vy\u0161\u0161\u00ed hodnoty znamen\u00e1 zv\u00fd\u0161en\u00ed p\u0159\u00edtlaku a naopak.<\/p>\n<p>Chcete <strong>ozdobn\u00fd <\/strong>z\u00e1hyb nebo<strong> nechcete, aby se pru\u017en\u00fd materi\u00e1l b\u011bhem \u0161it\u00ed rozt\u00e1hl<\/strong>? \u017d\u00e1dn\u00fd probl\u00e9m. Overlock <strong>720D4<\/strong> v\u00e1m to umo\u017en\u00ed d\u00edky <strong>diferenci\u00e1ln\u00edmu nastaven\u00ed transportu.<\/strong><\/p>\n<p><strong>Overlock720D4 <\/strong>je vybaven nejmodern\u011bj\u0161\u00ed technologi\u00ed a designem. Je ur\u010den pro dom\u00e1c\u00ed pou\u017eit\u00ed. Overlock <strong>720D4<\/strong> je univerz\u00e1ln\u011b pou\u017eiteln\u00fd pro r\u016fzn\u00e9 typy materi\u00e1l\u016f &#8211; jak pro tkan\u00e9, tak pro pleten\u00e9 l\u00e1tky. Overlock <strong>720D4<\/strong> je vybaven spodn\u00edm a horn\u00edm \u0159ezac\u00edm no\u017eem, kter\u00e9 lze voln\u011b odpojit. Prov\u00e1d\u00ed 1 a 2jehlov\u00e9, 2 a\u017e 4nitn\u00e9, overalov\u00e9 a rolovac\u00ed stehy.<\/p>\n<p><strong>Overlock720D4<\/strong> m\u00e1 <strong>nastavitelnou d\u00e9lku a \u0161\u00ed\u0159ku stehu <\/strong>, stejn\u011b jako<strong> nap\u011bt\u00ed nit\u011b.<\/strong> M\u00e1 <strong>voln\u00e9 rameno<\/strong> pro snaz\u0161\u00ed ob\u0161\u00edv\u00e1n\u00ed ruk\u00e1v\u016f, nohavic nebo l\u00edmc\u016f. Mo\u017enost vysok\u00e9ho zvednut\u00ed patky zaji\u0161\u0165uje voln\u00e9 veden\u00ed n\u011bkolika vrstev materi\u00e1l\u016f pod patkou a barevn\u00e9 zna\u010den\u00ed postupn\u00fdch chapadel usnad\u0148uje navl\u00e9k\u00e1n\u00ed nit\u00ed.   <\/p>\n<p>Z\u00e1suvka na p\u0159\u00edslu\u0161enstv\u00ed obsahuje mimo jin\u00e9 pinzetu, kter\u00e1 pom\u00e1h\u00e1 p\u0159i navl\u00e9k\u00e1n\u00ed, sadu jehel, \u0161roubov\u00e1ky, n\u00e1hradn\u00ed spodn\u00ed n\u016f\u017e, kart\u00e1\u010d se \u0161vestkou a n\u00e1dobku na olej.<\/p>\n<p><strong>Overlock720D4<\/strong> je vybaven <strong>n\u00e1dobou na odst\u0159i\u017eky<\/strong> l\u00e1tek a krytem, kter\u00fd jej chr\u00e1n\u00ed p\u0159ed prachem a ne\u010distotami. K tomuto modelu lze dokoupit specializovan\u00e9 nacvak\u00e1vac\u00ed patky. <\/p>\n<h2>z\u00e1ruka 24 m\u011bs\u00edc\u016f<\/h2>\n<p>Na <strong>overlock720D4<\/strong> je <strong>poskytov\u00e1na 24m\u011bs\u00ed\u010dn\u00ed z\u00e1ruka<\/strong> a n\u00e1vod k pou\u017eit\u00ed v pol\u0161tin\u011b, kter\u00fd je t\u0159eba si p\u0159ed pou\u017eit\u00edm za\u0159\u00edzen\u00ed p\u0159e\u010d\u00edst.<\/p>\n","protected":false},"excerpt":{"rendered":"<p>Overlock 720D4 je dvoujehlov\u00fd a \u010dty\u0159nitn\u00fd stroj, kter\u00fd profesion\u00e1ln\u011b olemuje okraje r\u016fzn\u00fdch materi\u00e1l\u016f a vytv\u00e1\u0159\u00ed dvou- a\u017e \u010dty\u0159nitn\u00e9 stehy.<\/p>\n","protected":false},"featured_media":14137,"comment_status":"open","ping_status":"closed","template":"","meta":[],"product_brand":[],"product_cat":[436],"product_tag":[],"class_list":{"0":"post-18349","1":"product","2":"type-product","3":"status-publish","4":"has-post-thumbnail","6":"product_cat-overlocki","8":"first","9":"instock","10":"taxable","11":"shipping-taxable","12":"product-type-simple"},"_links":{"self":[{"href":"https:\/\/gltestm.webology.pl\/cs\/wp-json\/wp\/v2\/product\/18349","targetHints":{"allow":["GET"]}}],"collection":[{"href":"https:\/\/gltestm.webology.pl\/cs\/wp-json\/wp\/v2\/product"}],"about":[{"href":"https:\/\/gltestm.webology.pl\/cs\/wp-json\/wp\/v2\/types\/product"}],"replies":[{"embeddable":true,"href":"https:\/\/gltestm.webology.pl\/cs\/wp-json\/wp\/v2\/comments?post=18349"}],"version-history":[{"count":0,"href":"https:\/\/gltestm.webology.pl\/cs\/wp-json\/wp\/v2\/product\/18349\/revisions"}],"wp:featuredmedia":[{"embeddable":true,"href":"https:\/\/gltestm.webology.pl\/cs\/wp-json\/wp\/v2\/media\/14137"}],"wp:attachment":[{"href":"https:\/\/gltestm.webology.pl\/cs\/wp-json\/wp\/v2\/media?parent=18349"}],"wp:term":[{"taxonomy":"product_brand","embeddable":true,"href":"https:\/\/gltestm.webology.pl\/cs\/wp-json\/wp\/v2\/product_brand?post=18349"},{"taxonomy":"product_cat","embeddable":true,"href":"https:\/\/gltestm.webology.pl\/cs\/wp-json\/wp\/v2\/product_cat?post=18349"},{"taxonomy":"product_tag","embeddable":true,"href":"https:\/\/gltestm.webology.pl\/cs\/wp-json\/wp\/v2\/product_tag?post=18349"}],"curies":[{"name":"wp","href":"https:\/\/api.w.org\/{rel}","templated":true}]}}