{"id":18345,"date":"2026-03-18T22:38:53","date_gmt":"2026-03-18T21:38:53","guid":{"rendered":"https:\/\/gltestm.webology.pl\/produkt\/nahradni-hlava-pro-holici-strojek-es-2019\/"},"modified":"2026-03-22T21:58:54","modified_gmt":"2026-03-22T20:58:54","slug":"nahradni-hlava-pro-holici-strojek-es-2019","status":"publish","type":"product","link":"https:\/\/gltestm.webology.pl\/cs\/produkt\/nahradni-hlava-pro-holici-strojek-es-2019\/","title":{"rendered":"N\u00e1hradn\u00ed hlava pro holic\u00ed strojek ES-2019"},"content":{"rendered":"<h3><strong>Funk\u010dn\u00ed hlava je z\u00e1rukou \u00fa\u010dinnosti va\u0161eho obl\u00edben\u00e9ho holic\u00edho strojku<\/strong><\/h3>\n<p>Ka\u017ed\u00fd mu\u017e si je dob\u0159e v\u011bdom d\u016fle\u017eitosti pravideln\u00e9 \u00fadr\u017eby vozu. D\u00edky tomu jej m\u016f\u017eete pou\u017e\u00edvat bezpe\u010dn\u011b a pohodln\u011b, bez nep\u0159\u00edjemn\u00fdch p\u0159ekvapen\u00ed. Stejn\u00e9 je to i v p\u0159\u00edpad\u011b elektrick\u00fdch holic\u00edch strojk\u016f. Systematick\u00e1 v\u00fdm\u011bna <strong>tak d\u016fle\u017eit\u00e9ho &#8222;n\u00e1hradn\u00edho d\u00edlu<\/strong> &#8222;, jako je <strong>hlava<\/strong>, zaji\u0161\u0165uje <strong>nejvy\u0161\u0161\u00ed kvalitu holen\u00ed bez podr\u00e1\u017ed\u011bn\u00ed poko\u017eky<\/strong>, a t\u00edm i jej\u00ed optim\u00e1ln\u00ed pohodl\u00ed.<\/p>\n<h3><strong>Dop\u0159ejte si dokonalost<\/strong><\/h3>\n<p>N\u00e1hradn\u00ed hlava pro <a href=\"https:\/\/galerialucznik.pl\/pl\/products\/agd\/agd-dla-zdrowia-i-urody\/maszynki-i-golarki-meskie\/golarka-meska-lucznik-es-2019-1164.html\" target=\"_blank\" rel=\"noopener\"><span><strong>p\u00e1nsk\u00fd holic\u00ed strojek ES-2019<\/strong><\/span><\/a> p\u0159edstavuje maxim\u00e1ln\u00ed \u00fa\u010dinnost <strong>t\u0159\u00ed pohybliv\u00fdch b\u0159it\u016f, kter\u00e9 se ot\u00e1\u010dej\u00ed nez\u00e1visle na<\/strong> sob\u011b a dokonale se p\u0159izp\u016fsob\u00ed kontur\u00e1m mu\u017esk\u00e9 tv\u00e1\u0159e. Dal\u0161\u00ed v\u00fdhodou t\u00e9to hlavice je <strong>velk\u00e1 holic\u00ed plocha<\/strong>, kter\u00e1 v\u00fdrazn\u011b minimalizuje po\u010det tah\u016f pot\u0159ebn\u00fdch k dosa\u017een\u00ed po\u017eadovan\u00e9ho efektu. D\u00edky tomu je tak\u00e9 holen\u00ed v\u00fdrazn\u011b rychlej\u0161\u00ed, p\u0159\u00edjemn\u011bj\u0161\u00ed a \u00fa\u010dinn\u011bj\u0161\u00ed. A to jak za <strong>sucha, tak za mokra<\/strong>!<\/p>\n<p>D\u016fle\u017eit\u00e9 je, \u017ee b\u0159ity hlavice jsou pota\u017eeny <strong>speci\u00e1ln\u011b navr\u017eenou ochrannou vrstvou<\/strong>, kter\u00e1 v\u00fdrazn\u011b <strong>zvy\u0161uje ka\u017edodenn\u00ed komfort<\/strong> pou\u017e\u00edv\u00e1n\u00ed holic\u00edho strojku.  N\u00e1hradn\u00ed hlava pro p\u00e1nsk\u00fd elektrick\u00fd holic\u00ed strojek ES-2019 je dod\u00e1v\u00e1na s <strong>24m\u011bs\u00ed\u010dn\u00ed z\u00e1rukou<\/strong> a n\u00e1vodem v pol\u0161tin\u011b. Nezapome\u0148te se s n\u00edm sezn\u00e1mit ji\u017e p\u0159ed pou\u017eit\u00edm v\u00fdrobku.<\/p>\n","protected":false},"excerpt":{"rendered":"<p>N\u00e1hradn\u00ed hlava pro n\u00e1\u0161 nejnov\u011bj\u0161\u00ed p\u00e1nsk\u00fd holic\u00ed strojek ES-2019 maximalizuje \u00fa\u010dinnost t\u0159\u00ed pohybliv\u00fdch b\u0159it\u016f, kter\u00e9 se ot\u00e1\u010dej\u00ed nez\u00e1visle na sob\u011b.<\/p>\n","protected":false},"featured_media":15866,"comment_status":"open","ping_status":"closed","template":"","meta":[],"product_brand":[],"product_cat":[671],"product_tag":[],"class_list":{"0":"post-18345","1":"product","2":"type-product","3":"status-publish","4":"has-post-thumbnail","6":"product_cat-maszynki-i-golarki-meskie","8":"first","9":"instock","10":"taxable","11":"shipping-taxable","12":"product-type-simple"},"_links":{"self":[{"href":"https:\/\/gltestm.webology.pl\/cs\/wp-json\/wp\/v2\/product\/18345","targetHints":{"allow":["GET"]}}],"collection":[{"href":"https:\/\/gltestm.webology.pl\/cs\/wp-json\/wp\/v2\/product"}],"about":[{"href":"https:\/\/gltestm.webology.pl\/cs\/wp-json\/wp\/v2\/types\/product"}],"replies":[{"embeddable":true,"href":"https:\/\/gltestm.webology.pl\/cs\/wp-json\/wp\/v2\/comments?post=18345"}],"version-history":[{"count":0,"href":"https:\/\/gltestm.webology.pl\/cs\/wp-json\/wp\/v2\/product\/18345\/revisions"}],"wp:featuredmedia":[{"embeddable":true,"href":"https:\/\/gltestm.webology.pl\/cs\/wp-json\/wp\/v2\/media\/15866"}],"wp:attachment":[{"href":"https:\/\/gltestm.webology.pl\/cs\/wp-json\/wp\/v2\/media?parent=18345"}],"wp:term":[{"taxonomy":"product_brand","embeddable":true,"href":"https:\/\/gltestm.webology.pl\/cs\/wp-json\/wp\/v2\/product_brand?post=18345"},{"taxonomy":"product_cat","embeddable":true,"href":"https:\/\/gltestm.webology.pl\/cs\/wp-json\/wp\/v2\/product_cat?post=18345"},{"taxonomy":"product_tag","embeddable":true,"href":"https:\/\/gltestm.webology.pl\/cs\/wp-json\/wp\/v2\/product_tag?post=18345"}],"curies":[{"name":"wp","href":"https:\/\/api.w.org\/{rel}","templated":true}]}}