{"id":18341,"date":"2026-03-18T22:38:53","date_gmt":"2026-03-18T21:38:53","guid":{"rendered":"https:\/\/gltestm.webology.pl\/produkt\/elektricky-pilnik-na-nohy-at-2020\/"},"modified":"2026-03-22T21:58:31","modified_gmt":"2026-03-22T20:58:31","slug":"elektricky-pilnik-na-nohy-at-2020","status":"publish","type":"product","link":"https:\/\/gltestm.webology.pl\/cs\/produkt\/elektricky-pilnik-na-nohy-at-2020\/","title":{"rendered":"Elektrick\u00fd piln\u00edk na nohy AT-2020"},"content":{"rendered":"<h2>AT-2020 elektrick\u00fd piln\u00edk na nohy<\/h2>\n<p>N\u00e1\u0161 nejnov\u011bj\u0161\u00ed piln\u00edk na nohy v\u00e1m poskytne \u0161etrnou a \u00fa\u010dinnou pedik\u00faru, kterou m\u016f\u017eete prov\u00e1d\u011bt v pohodl\u00ed domova, ani\u017e byste museli nav\u0161t\u011bvovat kosmetick\u00fd salon. <\/p>\n<h2>Kl\u00ed\u010dov\u00e9 vlastnosti<\/h2>\n<ul>\n<li>A\u017e <strong>1400 ot\u00e1\u010dek<\/strong> za min.<\/li>\n<li><strong>2 pracovn\u00ed<\/strong><strong>rychlosti<\/strong>(abraze nebo vyhlazov\u00e1n\u00ed)<\/li>\n<li><strong>Odstra\u0148uje zrohovat\u011blou<\/strong> epidermis<\/li>\n<li><strong>Vyhlazuje<\/strong> poko\u017eku<\/li>\n<li><strong>Ergonomick\u00fd<\/strong> tvar<\/li>\n<li><strong>2 pracovn\u00ed re\u017eimy<\/strong><\/li>\n<li><strong>2<\/strong> vym\u011bniteln\u00e9<strong> brusn\u00e9 kotou\u010de<\/strong> v balen\u00ed<\/li>\n<li>Doba provozu<strong> 45 min<\/strong><\/li>\n<li>Nap\u00e1jen\u00ed <strong>dob\u00edjec\u00ed<\/strong><\/li>\n<li>Funkce aktivn\u00edho ods\u00e1v\u00e1n\u00ed poko\u017eky<\/li>\n<\/ul>\n<h2><strong>Postupn\u011b k dokonalosti<\/strong><\/h2>\n<p>Piln\u00edk m\u00e1 <strong>dv\u011b pracovn\u00ed rychlosti<\/strong>: prvn\u00ed rychlost\u00ed \u00fa\u010dinn\u011b odstran\u00edte odum\u0159elou poko\u017eku<strong>(zelen\u00e1 &#8211; abraze<\/strong>), zat\u00edmco druh\u00e1 rychlost v\u00e1m pom\u016f\u017ee jemn\u011b vyhladit poko\u017eku a precizn\u011b prov\u00e9st o\u0161et\u0159en\u00ed<strong>(\u010derven\u00e1 &#8211; le\u0161t\u011bn\u00ed<\/strong>). Chcete-li zm\u011bnit rychlost, sta\u010d\u00ed <strong>znovu stisknout a na okam\u017eik podr\u017eet tla\u010d\u00edtko<\/strong>. Elektrick\u00fd piln\u00edk AT-2020 dokonale kombinuje jemnost o\u0161et\u0159en\u00ed s \u00fa\u010dinnost\u00ed, kter\u00e1 je v\u00fdsledkem. D\u00edky pou\u017e\u00edv\u00e1n\u00ed na\u0161eho piln\u00edku budou va\u0161e nohy v\u017edy vypadat kr\u00e1sn\u011b &#8211; a\u0165 u\u017e naboso, na pl\u00e1\u017ei nebo v sand\u00e1lech. Toto \u0159e\u0161en\u00ed ocen\u00ed \u017eeny, kter\u00e9 si cen\u00ed pohodl\u00ed a komfortu. Ba, mu\u017ei budou s v\u00fdsledky nem\u00e9n\u011b spokojeni!<\/p>\n<h2>Preciznost v ka\u017ed\u00e9m detailu<\/h2>\n<div>\n<div>N\u00e1\u0161 elektrick\u00fd piln\u00edk na nohy byl velmi pe\u010dliv\u011b promy\u0161len a navr\u017een. D\u00edky <strong>ergonomick\u00e9mu<\/strong> tvaru, kter\u00fd se snadno p\u0159izp\u016fsob\u00ed ruce, je jeho pou\u017e\u00edv\u00e1n\u00ed velmi pohodln\u00e9. A to je jen za\u010d\u00e1tek jeho p\u0159ednost\u00ed. D\u00edky <strong>modern\u00edmu brusn\u00e9mu kotou\u010di<\/strong> se piln\u00edk dostane i do t\u011b\u017eko p\u0159\u00edstupn\u00fdch m\u00edst, \u010d\u00edm\u017e je zaji\u0161t\u011bna v\u011bt\u0161\u00ed \u00fa\u010dinnost o\u0161et\u0159en\u00ed. D\u016fle\u017eit\u00e9 je, \u017ee kotou\u010d odstra\u0148uje odum\u0159elou k\u016f\u017ei za sucha i za mokra. Je tak\u00e9 velmi \u00fa\u010dinn\u00fd &#8211; vydr\u017e\u00ed <strong>p\u0159ibli\u017en\u011b 100 pou\u017eit\u00ed<\/strong>.<\/div>\n<\/div>\n<h2>Jednoduch\u00fd a hygienick\u00fd<\/h2>\n<p>Elektrick\u00fd piln\u00edk AT-2020 m\u00e1 zabudovanou <strong>n\u00e1dobu, kter\u00e1 shroma\u017e\u010fuje epidermis<\/strong> &#8211; jeho \u010di\u0161t\u011bn\u00ed je tedy snadn\u00e9 a hygiena pou\u017e\u00edv\u00e1n\u00ed rozhodn\u011b vy\u0161\u0161\u00ed. D\u00edky tomuto piln\u00edku budete m\u00edt hladk\u00e1 chodidla od pat a\u017e po prsty bez dal\u0161\u00edho \u010di\u0161t\u011bn\u00ed! Nespornou v\u00fdhodou piln\u00edku je funkce rychl\u00e9 demont\u00e1\u017ee disku po ka\u017ed\u00e9m pou\u017eit\u00ed, kter\u00e1 v\u00e1m umo\u017en\u00ed d\u016fkladn\u00e9 umyt\u00ed a osu\u0161en\u00ed p\u0159ed dal\u0161\u00edm o\u0161et\u0159en\u00edm. P\u0159\u00edstroj je dod\u00e1v\u00e1n s <strong>nab\u00edjec\u00edm<\/strong> portem <strong>spolu s praktick\u00fdm kabelem USB<\/strong>. S piln\u00edkem AT-2020 budou va\u0161e nohy v\u017edy v perfektn\u00edm stavu!<\/p>\n<h2>z\u00e1ruka 24 m\u011bs\u00edc\u016f <\/h2>\n<p><strong>Elektrick\u00fd piln\u00edk na chodidla AT-2020<\/strong><span> je dod\u00e1v\u00e1n s<\/span><span> <strong>24m\u011bs\u00ed\u010dn\u00ed z\u00e1rukou<\/strong> a <strong>n\u00e1vodem v pol\u0161tin\u011b<\/strong>, kter\u00fd byste si m\u011bli p\u0159e\u010d\u00edst p\u0159ed prvn\u00edm pou\u017eit\u00edm za\u0159\u00edzen\u00ed<\/span>.<\/p>\n","protected":false},"excerpt":{"rendered":"<p>N\u00e1\u0161 nejnov\u011bj\u0161\u00ed piln\u00edk na nohy v\u00e1m poskytne \u0161etrnou a \u00fa\u010dinnou pedik\u00faru, kterou m\u016f\u017eete prov\u00e1d\u011bt v pohodl\u00ed domova, ani\u017e byste museli nav\u0161t\u011bvovat kosmetick\u00fd salon.<\/p>\n","protected":false},"featured_media":14045,"comment_status":"open","ping_status":"closed","template":"","meta":[],"product_brand":[],"product_cat":[691],"product_tag":[],"class_list":{"0":"post-18341","1":"product","2":"type-product","3":"status-publish","4":"has-post-thumbnail","6":"product_cat-pilniki-i-frezarki-do-stop","8":"first","9":"instock","10":"taxable","11":"shipping-taxable","12":"product-type-simple"},"_links":{"self":[{"href":"https:\/\/gltestm.webology.pl\/cs\/wp-json\/wp\/v2\/product\/18341","targetHints":{"allow":["GET"]}}],"collection":[{"href":"https:\/\/gltestm.webology.pl\/cs\/wp-json\/wp\/v2\/product"}],"about":[{"href":"https:\/\/gltestm.webology.pl\/cs\/wp-json\/wp\/v2\/types\/product"}],"replies":[{"embeddable":true,"href":"https:\/\/gltestm.webology.pl\/cs\/wp-json\/wp\/v2\/comments?post=18341"}],"version-history":[{"count":0,"href":"https:\/\/gltestm.webology.pl\/cs\/wp-json\/wp\/v2\/product\/18341\/revisions"}],"wp:featuredmedia":[{"embeddable":true,"href":"https:\/\/gltestm.webology.pl\/cs\/wp-json\/wp\/v2\/media\/14045"}],"wp:attachment":[{"href":"https:\/\/gltestm.webology.pl\/cs\/wp-json\/wp\/v2\/media?parent=18341"}],"wp:term":[{"taxonomy":"product_brand","embeddable":true,"href":"https:\/\/gltestm.webology.pl\/cs\/wp-json\/wp\/v2\/product_brand?post=18341"},{"taxonomy":"product_cat","embeddable":true,"href":"https:\/\/gltestm.webology.pl\/cs\/wp-json\/wp\/v2\/product_cat?post=18341"},{"taxonomy":"product_tag","embeddable":true,"href":"https:\/\/gltestm.webology.pl\/cs\/wp-json\/wp\/v2\/product_tag?post=18341"}],"curies":[{"name":"wp","href":"https:\/\/api.w.org\/{rel}","templated":true}]}}