{"id":18337,"date":"2026-03-18T22:38:52","date_gmt":"2026-03-18T21:38:52","guid":{"rendered":"https:\/\/gltestm.webology.pl\/produkt\/odstavnovac-jc-2018\/"},"modified":"2026-03-22T21:54:40","modified_gmt":"2026-03-22T20:54:40","slug":"odstavnovac-jc-2018","status":"publish","type":"product","link":"https:\/\/gltestm.webology.pl\/cs\/produkt\/odstavnovac-jc-2018\/","title":{"rendered":"Od\u0161\u0165av\u0148ova\u010d JC-2018"},"content":{"rendered":"<h2>Od\u0161\u0165av\u0148ova\u010d Lucznik JC-2018 FRESH&amp;JUICY 800W<\/h2>\n<p>Odborn\u00edci na v\u00fd\u017eivu doporu\u010duj\u00ed j\u00edst minim\u00e1ln\u011b 5 porc\u00ed ovoce a zeleniny denn\u011b&#8230;. Nemus\u00ed to v\u0161ak znamenat nudnou r\u016f\u017ei\u010dkovou kapustu na tal\u00ed\u0159i &#8211; na v\u00fdb\u011br jsou st\u00e1le lahodn\u00e9 \u0161\u0165\u00e1vy! S pomoc\u00ed od\u0161\u0165av\u0148ova\u010de <strong>Lucznik JC-2018<\/strong> si ka\u017ed\u00fd den dop\u0159ejete skute\u010dnou vitam\u00ednovou bombu z \u010derstv\u00e9ho ovoce, za kterou v\u00e1m rychle pod\u011bkuje nejen va\u0161e t\u011blo, ale i mysl. P\u0159\u00edrodn\u00ed \u0161\u0165\u00e1va je skute\u010dn\u00fdm tekut\u00fdm j\u00eddlem a lahodnou, zdravou alternativou k jak\u00fdmkoli hotov\u00fdm ovocn\u00fdm n\u00e1poj\u016fm, kter\u00fdch je na trz\u00edch nep\u0159ebern\u00e9 mno\u017estv\u00ed.  D\u00edky mal\u00fdm rozm\u011br\u016fm a nen\u00e1padn\u00e9mu, decentn\u00edmu designu od\u0161\u0165av\u0148ova\u010d snadno zapadne do interi\u00e9ru ka\u017ed\u00e9, i t\u00e9 nejmen\u0161\u00ed kuchyn\u011b. <\/p>\n<h2>Kl\u00ed\u010dov\u00e9 vlastnosti<\/h2>\n<ul>\n<li><strong>P\u0159\u00edkon: 800 W<\/strong><\/li>\n<li>N\u00e1doba <strong>na<\/strong> \u0161\u0165\u00e1vu:<strong> 1,5 l<\/strong><\/li>\n<li>Filtr se s\u00ed\u0165ov\u00fdm ko\u0161em z <strong>nerezov\u00e9 oceli INOX<\/strong> <\/li>\n<li><strong>Velk\u00fd<\/strong> vstupn\u00ed <strong>otvor<\/strong> <\/li>\n<li><strong>Dv\u011b <\/strong>rychlosti<strong>(TURBO<\/strong>)<\/li>\n<li>Snadn\u00e9 <strong>\u010di\u0161t\u011bn\u00ed<\/strong><\/li>\n<li>Snadn\u00e1 demont\u00e1\u017e<\/li>\n<li><strong>Bezpe\u010dnostn\u00ed<\/strong> sp\u00edna\u010de <strong>s blokov\u00e1n\u00edm<\/strong><\/li>\n<li>Jednoduch\u00e9 a <strong>intuitivn\u00ed ovl\u00e1d\u00e1n\u00ed<\/strong><\/li>\n<li>Pr\u016fhledn\u00e1 <strong>rukoje\u0165<\/strong> <\/li>\n<li><strong>No\u017ei\u010dky s p\u0159\u00edsavkou <\/strong>pro stabilizaci jednotky<\/li>\n<\/ul>\n<h2>Jednoduch\u00e9 a intuitivn\u00ed ovl\u00e1d\u00e1n\u00ed<\/h2>\n<p>Od\u0161\u0165av\u0148ova\u010d Lucznik JC-2018 se vyzna\u010duje velmi <strong>jednoduch\u00fdm, intuitivn\u00edm ovl\u00e1d\u00e1n\u00edm<\/strong>, tak\u017ee se jej ka\u017ed\u00fd rychle nau\u010d\u00ed pou\u017e\u00edvat. <strong>Velk\u00fd vstupn\u00ed otvor<\/strong> usnad\u0148uje p\u0159\u00edpravu \u0161\u0165\u00e1vy, proto\u017ee sni\u017euje nutnost jemn\u011b kr\u00e1jet ovoce na velmi mal\u00e9 kosti\u010dky.<\/p>\n<h2>\u010cist\u00fd a hygienick\u00fd<\/h2>\n<p>Udr\u017eov\u00e1n\u00ed od\u0161\u0165av\u0148ova\u010de JC-2018 v \u010distot\u011b a hygien\u011b nen\u00ed \u017e\u00e1dnou v\u00fdzvou a je bezprobl\u00e9mov\u00e9. D\u00edky jednoduch\u00e9mu designu se od\u0161\u0165av\u0148ova\u010d <strong>snadno \u010dist\u00ed<\/strong>. Bez v\u011bt\u0161\u00edch komplikac\u00ed jej m\u016f\u017eete rozebrat na <strong>z\u00e1kladn\u00ed sou\u010d\u00e1sti<\/strong> a d\u016fkladn\u011b je um\u00fdt.<\/p>\n<h2>U\u0161et\u0159ete \u010das a umyjte jej v my\u010dce n\u00e1dob\u00ed<\/h2>\n<p>Odn\u00edmateln\u00e9 sou\u010d\u00e1sti od\u0161\u0165av\u0148ova\u010de JC-2018, jako je podava\u010d, pr\u016fhledn\u00e9 v\u00edko, n\u00e1doba na du\u017einu, d\u017eb\u00e1n, okraj a s\u00edtko, lze m\u00fdt v my\u010dce n\u00e1dob\u00ed.<\/p>\n<h2>Objemn\u00fd a tvarovan\u00fd d\u017eb\u00e1n o objemu 1,5 l<\/h2>\n<p><strong>Profilovan\u00fd<\/strong> d\u017e ug dod\u00e1van\u00fd s od\u0161\u0165av\u0148ova\u010dem m\u00e1 <strong>odkl\u00e1p\u011bc\u00ed<\/strong> v\u00edko a d\u00edky sv\u00e9mu designu udr\u017euje kuchy\u0148skou linku \u010distou. Znemo\u017e\u0148uje, aby se kapky \u0161\u0165\u00e1vy vylily ven. Proto\u017ee m\u00e1 d\u017eb\u00e1n rukoje\u0165 a &#8222;v\u00fdlevku&#8220;, m\u016f\u017eete z n\u011bj \u0161\u0165\u00e1vu nal\u00e9vat p\u0159\u00edmo do sklenic. Jeho kapacita &#8211; <strong>1,5 litru<\/strong> v\u00e1m umo\u017en\u00ed, aby se do n\u011bj ve\u0161lo v\u00edce d\u017eusu pro celou rodinu.<\/p>\n<h2>Od\u0161\u0165av\u0148ova\u010d s rychlost\u00ed TURBO<\/h2>\n<p>Od\u0161\u0165av\u0148ova\u010d m\u00e1 k dispozici <strong>dv\u011b provozn\u00ed rychlosti<\/strong>. B\u011bhem pou\u017e\u00edv\u00e1n\u00ed p\u0159\u00edstroje je m\u016f\u017eete libovoln\u011b m\u011bnit. Symbol I ozna\u010duje standardn\u00ed re\u017eim, zat\u00edmco symbol II mi umo\u017e\u0148uje pou\u017e\u00edt mnohem v\u011bt\u0161\u00ed v\u00fdkon. Ka\u017ed\u00fd z nich umo\u017e\u0148uje z\u00edskat \u010distou, sametov\u011b hladkou \u0161\u0165\u00e1vu.<\/p>\n<h2>z\u00e1ruka 24 m\u011bs\u00edc\u016f<\/h2>\n<p>Na<strong>od\u0161\u0165av\u0148ova\u010d Lucznik JC-2018<\/strong> se vztahuje dvoulet\u00e1 z\u00e1ruka dovozce. Sou\u010d\u00e1st\u00ed balen\u00ed je tak\u00e9 <strong>n\u00e1vod k pou\u017eit\u00ed v pol\u0161tin\u011b<\/strong>, kter\u00fd byste si m\u011bli p\u0159ed pou\u017eit\u00edm p\u0159\u00edstroje p\u0159e\u010d\u00edst.<\/p>\n","protected":false},"excerpt":{"rendered":"<p>Od\u0161\u0165av\u0148ova\u010d Lucznik JC-2018 v\u00e1m poskytne spolehlivou podporu p\u0159i udr\u017eov\u00e1n\u00ed zdrav\u00e9 v\u00fd\u017eivy. Tento nen\u00e1padn\u00fd, ale velmi funk\u010dn\u00ed p\u0159\u00edstroj v\u00e1m umo\u017en\u00ed p\u0159ipravovat lahodn\u00e9 \u0161\u0165\u00e1vy z \u010derstv\u00e9ho ovoce a zeleniny ka\u017ed\u00fd den.<\/p>\n","protected":false},"featured_media":13370,"comment_status":"open","ping_status":"closed","template":"","meta":[],"product_brand":[],"product_cat":[581],"product_tag":[],"class_list":{"0":"post-18337","1":"product","2":"type-product","3":"status-publish","4":"has-post-thumbnail","6":"product_cat-sokowirowki-i-wyciskarki","8":"first","9":"instock","10":"taxable","11":"shipping-taxable","12":"product-type-simple"},"_links":{"self":[{"href":"https:\/\/gltestm.webology.pl\/cs\/wp-json\/wp\/v2\/product\/18337","targetHints":{"allow":["GET"]}}],"collection":[{"href":"https:\/\/gltestm.webology.pl\/cs\/wp-json\/wp\/v2\/product"}],"about":[{"href":"https:\/\/gltestm.webology.pl\/cs\/wp-json\/wp\/v2\/types\/product"}],"replies":[{"embeddable":true,"href":"https:\/\/gltestm.webology.pl\/cs\/wp-json\/wp\/v2\/comments?post=18337"}],"version-history":[{"count":0,"href":"https:\/\/gltestm.webology.pl\/cs\/wp-json\/wp\/v2\/product\/18337\/revisions"}],"wp:featuredmedia":[{"embeddable":true,"href":"https:\/\/gltestm.webology.pl\/cs\/wp-json\/wp\/v2\/media\/13370"}],"wp:attachment":[{"href":"https:\/\/gltestm.webology.pl\/cs\/wp-json\/wp\/v2\/media?parent=18337"}],"wp:term":[{"taxonomy":"product_brand","embeddable":true,"href":"https:\/\/gltestm.webology.pl\/cs\/wp-json\/wp\/v2\/product_brand?post=18337"},{"taxonomy":"product_cat","embeddable":true,"href":"https:\/\/gltestm.webology.pl\/cs\/wp-json\/wp\/v2\/product_cat?post=18337"},{"taxonomy":"product_tag","embeddable":true,"href":"https:\/\/gltestm.webology.pl\/cs\/wp-json\/wp\/v2\/product_tag?post=18337"}],"curies":[{"name":"wp","href":"https:\/\/api.w.org\/{rel}","templated":true}]}}