{"id":18333,"date":"2026-03-18T22:38:51","date_gmt":"2026-03-18T21:38:51","guid":{"rendered":"https:\/\/gltestm.webology.pl\/produkt\/rucni-mixer-lucznik-hm-2019\/"},"modified":"2026-03-22T21:54:19","modified_gmt":"2026-03-22T20:54:19","slug":"rucni-mixer-lucznik-hm-2019","status":"publish","type":"product","link":"https:\/\/gltestm.webology.pl\/cs\/produkt\/rucni-mixer-lucznik-hm-2019\/","title":{"rendered":"Ru\u010dn\u00ed mix\u00e9r Lucznik HM-2019"},"content":{"rendered":"<h2><strong>Ru\u010dn\u00ed mix\u00e9r HM-2019<\/strong><\/h2>\n<p><strong>Ru\u010dn\u00ed mix\u00e9r HM-2019<\/strong> bude neoceniteln\u00fdm pomocn\u00edkem ve va\u0161\u00ed kuchyni. D\u00edky dv\u011bma typ\u016fm mix\u00e9r\u016f, kter\u00e9 jsou sou\u010d\u00e1st\u00ed balen\u00ed, budete m\u00edt mnoho mo\u017enost\u00ed, jak p\u0159ipravit typ j\u00eddla, kter\u00fd v\u00e1m moment\u00e1ln\u011b nejv\u00edce vyhovuje. A\u0165 u\u017e to budou lahodn\u00e9 vafle se \u0161leha\u010dkou serv\u00edrovan\u00e9 do postele pro va\u0161i druhou polovi\u010dku, vegansk\u00e1 om\u00e1\u010dka na t\u011bstoviny, kterou ocen\u00ed zdrav\u011b se stravuj\u00edc\u00ed lid\u00e9, nebo t\u0159eba sladk\u00e9 pala\u010dinky, kter\u00e9 zmiz\u00ed z tal\u00ed\u0159e b\u011bhem okam\u017eiku.<\/p>\n<h2><strong>Dva typy n\u00e1stavc\u016f na mix\u00e9ry<\/strong><\/h2>\n<p>Spolu s ru\u010dn\u00edm mix\u00e9rem HM-2019 z\u00edsk\u00e1te 2 typy mixovac\u00edch n\u00e1stavc\u016f:<\/p>\n<ul>\n<li><strong>formixov\u00e1n\u00ed <\/strong>(t\u011bsta, om\u00e1\u010dky atd.)<\/li>\n<li><strong>pro \u0161leh\u00e1n\u00ed <\/strong>(<strong>b\u00edlk\u016f <\/strong>, smetany atd.)<\/li>\n<\/ul>\n<h2><strong>Nejd\u016fle\u017eit\u011bj\u0161\u00ed funkce mix\u00e9ru Lucznik HM-2019<\/strong><\/h2>\n<ul>\n<li>p\u0159\u00edkon<strong>300 W<\/strong> <\/li>\n<li><strong>p\u011btistup\u0148ov\u00e1<\/strong> regulace rychlosti<\/li>\n<li>funkce<strong>tURBO<\/strong> <\/li>\n<li><strong>2 sady pochromovan\u00fdch<\/strong> mix\u00e9r\u016f &#8211; pro <strong>\u0161leh\u00e1n\u00ed<\/strong> a pro <strong>mixov\u00e1n\u00ed<\/strong><\/li>\n<li>hlu\u010dnost <strong>75 dB<\/strong><\/li>\n<li>hmotnost mix\u00e9ru <strong>1 kg<\/strong><\/li>\n<\/ul>\n<h2><strong>5 stup\u0148\u016f rychlosti a funkce TURBO<\/strong><\/h2>\n<p>Aby bylo mo\u017en\u00e9 je\u0161t\u011b l\u00e9pe p\u0159izp\u016fsobit \u00fa\u010del <strong>ru\u010dn\u00edho mix\u00e9ru <\/strong> <strong>dan\u00e9mu <\/strong> \u00fakolu , je vybaven 5 stupni regulace rychlosti a funkc\u00ed TURBO. I p\u0159i pou\u017e\u00edv\u00e1n\u00ed <strong>mix\u00e9ru <\/strong>na nejvy\u0161\u0161\u00ed rychlost a s p\u0159ipojenou funkc\u00ed TURBO se v\u00e1m bude dob\u0159e dr\u017eet v ruce d\u00edky pohodln\u00e9 rukojeti a lehk\u00e9mu i odoln\u00e9mu krytu. A na sam\u00e9m konci pr\u00e1ce ocen\u00edte snadn\u00e9 a bezprobl\u00e9mov\u00e9 odpojen\u00ed hrotu jedn\u00edm tla\u010d\u00edtkem (EJECT), kter\u00e9 v\u00e1m zefektivn\u00ed pou\u017e\u00edv\u00e1n\u00ed <strong>ru\u010dn\u00edho mix\u00e9ru<\/strong>.<\/p>\n<h2><strong>Chromovan\u00e9 mix\u00e9ry na t\u011bsto a \u0161leha\u010de<\/strong><\/h2>\n<p>Ru\u010dn\u00ed mix\u00e9r HM-2019 dokonale u\u0161leh\u00e1 smetanu, b\u00edlky nebo um\u00edch\u00e1 nad\u00fdchan\u00e9, lehk\u00e9 t\u011bsto na sladk\u00fd dezert \u010di t\u011bsto na pala\u010dinky. P\u0159\u00edprava n\u00e1divky, om\u00e1\u010dky, \u0161leh\u00e1n\u00ed vajec na omeletu, m\u00edch\u00e1n\u00ed ingredienc\u00ed na holandskou om\u00e1\u010dku nebo p\u0159\u00edprava dom\u00e1c\u00edho dezertu s n\u00edm nikdy nebyla tak snadn\u00e1.<\/p>\n<h2><strong>Tich\u00fd a v\u00fdkonn\u00fd ru\u010dn\u00ed mix\u00e9r<\/strong><\/h2>\n<p>V\u00e1\u0161 pomocn\u00edk s kompaktn\u00edmi rozm\u011bry pro snadn\u00e9 skladov\u00e1n\u00ed podpo\u0159\u00ed va\u0161i ka\u017edodenn\u00ed pr\u00e1ci v kuchyni. <strong>Tich\u00fd, odoln\u00fd a v\u00fdkonn\u00fd 300wattov\u00fd motor<\/strong> umo\u017en\u00ed, aby byl p\u0159\u00edstroj spolehliv\u00fd a pohodln\u00fd p\u0159i ka\u017edodenn\u00edm pou\u017e\u00edv\u00e1n\u00ed.<\/p>\n<h2><strong>z\u00e1ruka 24 m\u011bs\u00edc\u016f na mix\u00e9r<\/strong><\/h2>\n<p>Na<strong>ru\u010dn\u00ed mix\u00e9r HM-2019<\/strong> je<strong> poskytov\u00e1na 24m\u011bs\u00ed\u010dn\u00ed z\u00e1ruka <\/strong>a<strong> n\u00e1vod v pol\u0161tin\u011b<\/strong>, se kter\u00fdm byste se m\u011bli p\u0159ed pou\u017eit\u00edm p\u0159\u00edstroje sezn\u00e1mit.<\/p>\n","protected":false},"excerpt":{"rendered":"<p>Ru\u010dn\u00ed mix\u00e9r HM-2019 je praktick\u00fd a \u0161ikovn\u00fd kuchy\u0148sk\u00fd spot\u0159ebi\u010d, kter\u00fd v\u00e1m umo\u017en\u00ed ud\u011blat v kuchyni spoustu pr\u00e1ce a p\u0159ipravit neuv\u011b\u0159iteln\u011b chutn\u00e9 pokrmy bez velk\u00e9 n\u00e1mahy.<\/p>\n","protected":false},"featured_media":14703,"comment_status":"open","ping_status":"closed","template":"","meta":[],"product_brand":[],"product_cat":[576],"product_tag":[],"class_list":{"0":"post-18333","1":"product","2":"type-product","3":"status-publish","4":"has-post-thumbnail","6":"product_cat-miksery","8":"first","9":"instock","10":"taxable","11":"shipping-taxable","12":"product-type-simple"},"_links":{"self":[{"href":"https:\/\/gltestm.webology.pl\/cs\/wp-json\/wp\/v2\/product\/18333","targetHints":{"allow":["GET"]}}],"collection":[{"href":"https:\/\/gltestm.webology.pl\/cs\/wp-json\/wp\/v2\/product"}],"about":[{"href":"https:\/\/gltestm.webology.pl\/cs\/wp-json\/wp\/v2\/types\/product"}],"replies":[{"embeddable":true,"href":"https:\/\/gltestm.webology.pl\/cs\/wp-json\/wp\/v2\/comments?post=18333"}],"version-history":[{"count":0,"href":"https:\/\/gltestm.webology.pl\/cs\/wp-json\/wp\/v2\/product\/18333\/revisions"}],"wp:featuredmedia":[{"embeddable":true,"href":"https:\/\/gltestm.webology.pl\/cs\/wp-json\/wp\/v2\/media\/14703"}],"wp:attachment":[{"href":"https:\/\/gltestm.webology.pl\/cs\/wp-json\/wp\/v2\/media?parent=18333"}],"wp:term":[{"taxonomy":"product_brand","embeddable":true,"href":"https:\/\/gltestm.webology.pl\/cs\/wp-json\/wp\/v2\/product_brand?post=18333"},{"taxonomy":"product_cat","embeddable":true,"href":"https:\/\/gltestm.webology.pl\/cs\/wp-json\/wp\/v2\/product_cat?post=18333"},{"taxonomy":"product_tag","embeddable":true,"href":"https:\/\/gltestm.webology.pl\/cs\/wp-json\/wp\/v2\/product_tag?post=18333"}],"curies":[{"name":"wp","href":"https:\/\/api.w.org\/{rel}","templated":true}]}}