{"id":18325,"date":"2026-03-18T22:38:51","date_gmt":"2026-03-18T21:38:51","guid":{"rendered":"https:\/\/gltestm.webology.pl\/produkt\/kosmeticky-masazni-pristroj-101-w\/"},"modified":"2026-03-22T21:53:26","modified_gmt":"2026-03-22T20:53:26","slug":"kosmeticky-masazni-pristroj-101-w","status":"publish","type":"product","link":"https:\/\/gltestm.webology.pl\/cs\/produkt\/kosmeticky-masazni-pristroj-101-w\/","title":{"rendered":"Kosmetick\u00fd mas\u00e1\u017en\u00ed p\u0159\u00edstroj 101-W"},"content":{"rendered":"<h2><strong>Kosmetick\u00fd mas\u00e1\u017en\u00ed p\u0159\u00edstroj 101-W &#8211; pou\u017eit\u00ed<br \/><\/strong><\/h2>\n<p>Kosmetick\u00fd mas\u00e1\u017en\u00ed p\u0159\u00edstroj <strong>101-W<\/strong> je za\u0159\u00edzen\u00ed ur\u010den\u00e9 k lep\u0161\u00edmu a \u00fa\u010dinn\u011bj\u0161\u00edmu vst\u0159eb\u00e1v\u00e1n\u00ed kr\u00e9m\u016f. Kosmetick\u00fd <strong>osobn\u00ed mas\u00e9r<\/strong> je ide\u00e1ln\u00ed pro p\u00e9\u010di o obli\u010dej v\u010detn\u011b o\u010dn\u00edho okol\u00ed. Tento netradi\u010dn\u00ed p\u0159\u00edstroj bude neoceniteln\u00fdm pomocn\u00edkem p\u0159i mas\u00e1\u017ei obli\u010deje prov\u00e1d\u011bn\u00e9 b\u011bhem ka\u017edodenn\u00ed p\u00e9\u010de, nav\u00edc podporuje mikrocirkulaci a sni\u017euje otoky.<\/p>\n<p><strong>Kosmetick\u00fd osobn\u00ed mas\u00e9r<\/strong> je ide\u00e1ln\u00edm dopl\u0148kem pro dom\u00e1c\u00ed<strong> protivr\u00e1skovou terapii.<\/strong> Jemn\u011b mas\u00edruje a z\u00e1rove\u0148 dopravuje kr\u00e9m pro p\u00e9\u010di o ple\u0165 do hlub\u0161\u00edch vrstev poko\u017eky, tak\u017ee nemus\u00edte kr\u00e9m vklep\u00e1vat ani mas\u00edrovat, proto\u017ee101-W<strong>cosm<\/strong> <strong>eticmassager<\/strong> m\u016f\u017ee tyto \u010dinnosti zcela nahradit nebo jim napom\u00e1hat (pokud p\u0159\u00edstroj pova\u017eujete za dopln\u011bk k tradi\u010dn\u00edm metod\u00e1m). Krom\u011b toho p\u016fsob\u00ed na poko\u017eku sou\u010dasn\u011b <strong>ioniza\u010dn\u00edm<\/strong> \u00fa\u010dinkem. Mas\u00e1\u017e m\u00e1 <strong>zpev\u0148uj\u00edc\u00ed<\/strong> \u00fa\u010dinek a zlep\u0161uje krevn\u00ed ob\u011bh &#8211; a t\u00edm tak\u00e9 <strong>okysli\u010duje<\/strong> jemnou poko\u017eku kolem o\u010d\u00ed a zbytku obli\u010deje.<\/p>\n<h2><strong>Kosmetick\u00fd mas\u00e1\u017en\u00ed p\u0159\u00edstroj 101-W <\/strong>&#8211; <strong>pou\u017eit\u00ed<\/strong><\/h2>\n<p>sta\u010d\u00ed<strong>30sekundov\u00e1<\/strong> mas\u00e1\u017e o\u010dn\u00edho okol\u00ed r\u00e1no a ve\u010der, abyste po n\u011bjak\u00e9 dob\u011b zaznamenali rozd\u00edl. Na o\u010dn\u00ed okol\u00ed naneste vrstvu vhodn\u00e9ho kr\u00e9mu. Ani\u017e byste \u010dekali, a\u017e se vst\u0159eb\u00e1, p\u0159ilo\u017ete hlavici p\u0159\u00edstroje na poko\u017eku kolem o\u010d\u00ed. <strong>Mas\u00e1\u017en\u00ed p\u0159\u00edstroj na o\u010dn\u00ed okol\u00ed<\/strong> se <strong>automaticky<\/strong> spust\u00ed. Mas\u00edrujte poko\u017eku pod okem a na o\u010dn\u00edm v\u00ed\u010dku. Pokud chcete pou\u017e\u00edvat na zbytek obli\u010deje, je t\u0159eba <strong>kosmetick\u00fd osobn\u00ed mas\u00e9r <\/strong>pou\u017e\u00edvat d\u00e9le.<\/p>\n<p>P\u0159i pou\u017e\u00edv\u00e1n\u00ed p\u0159\u00edstroje je t\u0159eba db\u00e1t zvl\u00e1\u0161tn\u00ed opatrnosti. Navzdory <strong>ergonomick\u00e9mu<\/strong> designu bez ostr\u00fdch hran m\u016f\u017ee n\u00e1hodn\u00e9 vyvol\u00e1n\u00ed p\u0159\u00edli\u0161 velk\u00e9ho tlaku na oko zp\u016fsobit zran\u011bn\u00ed.<\/p>\n<p> Na kosmetick\u00fd mas\u00e9r<strong> 101-W <\/strong>je <strong>poskytov\u00e1na z\u00e1ruka 24 m\u011bs\u00edc\u016f<\/strong>, kterou je t\u0159eba si p\u0159e\u010d\u00edst p\u0159ed prvn\u00edm pou\u017eit\u00edm p\u0159\u00edstroje.<\/p>\n","protected":false},"excerpt":{"rendered":"<p>Kosmetick\u00fd osobn\u00ed mas\u00e9r ide\u00e1ln\u00ed pro p\u00e9\u010di o obli\u010dej. Inovativn\u00ed v\u00fdrobek, kter\u00fd nahrad\u00ed profesion\u00e1ln\u00ed mas\u00e1\u017e o\u010dn\u00edho okol\u00ed i zbytku obli\u010deje! Slou\u017e\u00ed k \u00fa\u010dinn\u011bj\u0161\u00edmu vst\u0159eb\u00e1v\u00e1n\u00ed kr\u00e9m\u016f, bude pe\u010dovat o va\u0161i ple\u0165 na<\/p>\n","protected":false},"featured_media":13319,"comment_status":"open","ping_status":"closed","template":"","meta":[],"product_brand":[],"product_cat":[686],"product_tag":[],"class_list":{"0":"post-18325","1":"product","2":"type-product","3":"status-publish","4":"has-post-thumbnail","6":"product_cat-masazery-przeciwzmarszczkowe","8":"first","9":"instock","10":"taxable","11":"shipping-taxable","12":"product-type-simple"},"_links":{"self":[{"href":"https:\/\/gltestm.webology.pl\/cs\/wp-json\/wp\/v2\/product\/18325","targetHints":{"allow":["GET"]}}],"collection":[{"href":"https:\/\/gltestm.webology.pl\/cs\/wp-json\/wp\/v2\/product"}],"about":[{"href":"https:\/\/gltestm.webology.pl\/cs\/wp-json\/wp\/v2\/types\/product"}],"replies":[{"embeddable":true,"href":"https:\/\/gltestm.webology.pl\/cs\/wp-json\/wp\/v2\/comments?post=18325"}],"version-history":[{"count":0,"href":"https:\/\/gltestm.webology.pl\/cs\/wp-json\/wp\/v2\/product\/18325\/revisions"}],"wp:featuredmedia":[{"embeddable":true,"href":"https:\/\/gltestm.webology.pl\/cs\/wp-json\/wp\/v2\/media\/13319"}],"wp:attachment":[{"href":"https:\/\/gltestm.webology.pl\/cs\/wp-json\/wp\/v2\/media?parent=18325"}],"wp:term":[{"taxonomy":"product_brand","embeddable":true,"href":"https:\/\/gltestm.webology.pl\/cs\/wp-json\/wp\/v2\/product_brand?post=18325"},{"taxonomy":"product_cat","embeddable":true,"href":"https:\/\/gltestm.webology.pl\/cs\/wp-json\/wp\/v2\/product_cat?post=18325"},{"taxonomy":"product_tag","embeddable":true,"href":"https:\/\/gltestm.webology.pl\/cs\/wp-json\/wp\/v2\/product_tag?post=18325"}],"curies":[{"name":"wp","href":"https:\/\/api.w.org\/{rel}","templated":true}]}}