{"id":18317,"date":"2026-03-18T22:38:50","date_gmt":"2026-03-18T21:38:50","guid":{"rendered":"https:\/\/gltestm.webology.pl\/produkt\/rucni-mixer-jk-200-c-2\/"},"modified":"2026-03-22T21:52:09","modified_gmt":"2026-03-22T20:52:09","slug":"rucni-mixer-jk-200-c-2","status":"publish","type":"product","link":"https:\/\/gltestm.webology.pl\/cs\/produkt\/rucni-mixer-jk-200-c-2\/","title":{"rendered":"Ru\u010dn\u00ed mix\u00e9r JK-200 C"},"content":{"rendered":"<h2><strong>Ru\u010dn\u00ed mix\u00e9r JK-200 C<\/strong><\/h2>\n<p><strong>Ru\u010dn\u00ed mix\u00e9r <\/strong>je pom\u011brn\u011b jednoduch\u00fd p\u0159\u00edstroj, kter\u00fd dok\u00e1\u017ee uspokojit celou \u0159adu pot\u0159eb: od vytv\u00e1\u0159en\u00ed lahodn\u00fdch <strong>koktejl\u016f<\/strong>, stejn\u011b jako  pol\u00e9vek-kr\u00e9m\u016f<strong>  a\u017e po p\u0159\u00edpravu<\/strong> <strong>zdrav\u00fdch past,<\/strong> nap\u0159\u00edklad z \u010do\u010dky, kter\u00e9 si pak m\u016f\u017eete d\u00e1t na obl\u00edben\u00fd chl\u00e9b. Mo\u017enost\u00ed je samoz\u0159ejm\u011b v\u00edce. V\u0161e z\u00e1le\u017e\u00ed na v\u00e1s a va\u0161\u00ed tv\u016fr\u010d\u00ed vynal\u00e9zavosti v kuchyni. Ve skute\u010dnosti ani nepot\u0159ebujete recept, abyste vytvo\u0159ili b\u00e1je\u010dn\u00e9 a chutn\u00e9 j\u00eddlo. Sta\u010d\u00ed zelenina a ovoce podle va\u0161\u00ed chuti, zat\u00edmco v\u00e1\u0161 nov\u00fd<strong>mix\u00e9r<\/strong> <strong>  ud\u011bl\u00e1 v\u011bt\u0161inu pr\u00e1ce za v\u00e1s.<\/strong><\/p>\n<h2><strong>Ru\u010dn\u00ed mix\u00e9r Lucznik JK-200 C <\/strong><\/h2>\n<p>Mix\u00e9rJK-200<strong>C<\/strong> se vyzna\u010duje <strong>modern\u00edm<\/strong> <strong>designem<\/strong>, kter\u00fd ho odli\u0161uje od ostatn\u00edch kuchy\u0148sk\u00fdch dopl\u0148k\u016f, oku lahod\u00edc\u00edmi barvami, <strong>tich\u00fdm chodem<\/strong>, kter\u00fd neobt\u011b\u017euje \u010dleny dom\u00e1cnosti, a snadn\u00fdm pou\u017e\u00edv\u00e1n\u00edm.<\/p>\n<p><strong>Kl\u00ed\u010dov\u00e9 vlastnosti:<\/strong><\/p>\n<ul>\n<li>ru\u010dn\u00ed mix\u00e9r<\/li>\n<li>n\u016f\u017e z nerezov\u00e9 oceli (INOX)<\/li>\n<li><strong>snadno se \u010dist\u00ed<\/strong><\/li>\n<li><strong>p\u0159\u00edkon 200 W<\/strong><\/li>\n<li>kryt z<strong>odoln\u00e9ho<\/strong><strong> plastu<\/strong><\/li>\n<\/ul>\n<h2>Zdravotn\u00ed v\u00fdhody<\/h2>\n<p><strong>Mix\u00e9r<\/strong> je va\u0161\u00edm nezbytn\u00fdm pomocn\u00edkem p\u0159i dodr\u017eov\u00e1n\u00ed <strong>zdrav\u00e9 stravy<\/strong>. V\u00fd\u017eivn\u00e1 a chutn\u00e1 j\u00eddla, kter\u00e1 <strong>instantn\u00ed <\/strong>p\u0159iprav\u00edte pomoc\u00ed <strong>ru\u010dn\u00edho mix\u00e9ru <\/strong>, v sob\u011b budou m\u00edt obrovsk\u00e9 mno\u017estv\u00ed <strong>vitam\u00edn\u016f<\/strong>  a <strong>miner\u00e1l\u016f<\/strong>, kter\u00e9 pozitivn\u011b ovlivn\u00ed v\u00e1\u0161 organismus. D\u00edky takto p\u0159ipraven\u00fdm j\u00eddl\u016fm <strong>shod\u00edte p\u0159ebyte\u010dn\u00e1<\/strong> <strong>kila<\/strong> a <strong>z\u00edsk\u00e1te klidn\u011bj\u0161\u00ed a posiluj\u00edc\u00ed sp\u00e1nek<\/strong>. <\/p>\n<h2><strong>Ru\u010dn\u00ed mix\u00e9r JK-200 C<\/strong><\/h2>\n<p>Ru\u010dn\u00ed mix\u00e9rJK-200<strong>C<\/strong> se vyzna\u010duje <strong>modern\u00edm<\/strong> <strong>designem<\/strong>, d\u00edky n\u011bmu\u017e se odli\u0161uje od ostatn\u00edch kuchy\u0148sk\u00fdch dopl\u0148k\u016f, oku lahod\u00edc\u00edmi barvami, <strong>tich\u00fdm<\/strong> <strong>provozem<\/strong>, kter\u00fd neobt\u011b\u017euje \u010dleny dom\u00e1cnosti, a snadn\u00fdm pou\u017e\u00edv\u00e1n\u00edm. Lehk\u00fd kryt s odn\u00edmatelnou plastovou \u0161pi\u010dkou se snadno \u010dist\u00ed a jeho ergonomick\u00fd tvar zaji\u0161\u0165uje pohodln\u00e9 a bezpe\u010dn\u00e9 uchopen\u00ed p\u0159i pr\u00e1ci.<\/p>\n<p><span>\u010cepele<strong>mix\u00e9ru<\/strong>   jsou vyrobeny z kovu, tak\u017ee p\u0159\u00edstroj <\/span>bude ide\u00e1ln\u00ed pro p\u0159\u00edpravu <strong>om\u00e1\u010dek<\/strong>,  pol\u00e9vek-kr\u00e9m\u016f, <strong>koktejl\u016f<\/strong>, <strong>n\u00e1poj\u016f<\/strong> nebo <strong>v\u00fd\u017eivn\u00fdch d\u011btsk\u00fdch j\u00eddel<\/strong>. M\u016f\u017eete jej tak\u00e9 pou\u017e\u00edt k mlet\u00ed m\u011bkk\u00e9ho ovoce a zeleniny, ale i <strong>past<\/strong>,  bylinek, <strong>masa<\/strong>, <strong>o\u0159ech\u016f<\/strong>, <strong>s\u00fdr\u016f<\/strong>, <strong>vajec natvrdo<\/strong> a <strong>cibule<\/strong>.<\/p>\n","protected":false},"excerpt":{"rendered":"<p>Modern\u00ed ru\u010dn\u00ed mix\u00e9r je vybaven kovov\u00fdmi no\u017ei a m\u00e1 maxim\u00e1ln\u00ed p\u0159\u00edkon 200 W. Mix\u00e9r je velmi u\u017eite\u010dn\u00fd v procesu udr\u017eov\u00e1n\u00ed zdrav\u00e9 stravy. D\u00edky n\u011bmu budete pe\u010dovat o sv\u00e9 zdrav\u00ed a kr\u00e1su. Mix\u00e9r JK-200 C se vyzna\u010duje<\/p>\n","protected":false},"featured_media":12943,"comment_status":"open","ping_status":"closed","template":"","meta":[],"product_brand":[],"product_cat":[606],"product_tag":[],"class_list":{"0":"post-18317","1":"product","2":"type-product","3":"status-publish","4":"has-post-thumbnail","6":"product_cat-blendery","8":"first","9":"instock","10":"taxable","11":"shipping-taxable","12":"product-type-simple"},"_links":{"self":[{"href":"https:\/\/gltestm.webology.pl\/cs\/wp-json\/wp\/v2\/product\/18317","targetHints":{"allow":["GET"]}}],"collection":[{"href":"https:\/\/gltestm.webology.pl\/cs\/wp-json\/wp\/v2\/product"}],"about":[{"href":"https:\/\/gltestm.webology.pl\/cs\/wp-json\/wp\/v2\/types\/product"}],"replies":[{"embeddable":true,"href":"https:\/\/gltestm.webology.pl\/cs\/wp-json\/wp\/v2\/comments?post=18317"}],"version-history":[{"count":0,"href":"https:\/\/gltestm.webology.pl\/cs\/wp-json\/wp\/v2\/product\/18317\/revisions"}],"wp:featuredmedia":[{"embeddable":true,"href":"https:\/\/gltestm.webology.pl\/cs\/wp-json\/wp\/v2\/media\/12943"}],"wp:attachment":[{"href":"https:\/\/gltestm.webology.pl\/cs\/wp-json\/wp\/v2\/media?parent=18317"}],"wp:term":[{"taxonomy":"product_brand","embeddable":true,"href":"https:\/\/gltestm.webology.pl\/cs\/wp-json\/wp\/v2\/product_brand?post=18317"},{"taxonomy":"product_cat","embeddable":true,"href":"https:\/\/gltestm.webology.pl\/cs\/wp-json\/wp\/v2\/product_cat?post=18317"},{"taxonomy":"product_tag","embeddable":true,"href":"https:\/\/gltestm.webology.pl\/cs\/wp-json\/wp\/v2\/product_tag?post=18317"}],"curies":[{"name":"wp","href":"https:\/\/api.w.org\/{rel}","templated":true}]}}