{"id":18313,"date":"2026-03-18T22:38:50","date_gmt":"2026-03-18T21:38:50","guid":{"rendered":"https:\/\/gltestm.webology.pl\/produkt\/elektricky-gril-lucznik-tg-2018\/"},"modified":"2026-03-22T21:52:01","modified_gmt":"2026-03-22T20:52:01","slug":"elektricky-gril-lucznik-tg-2018","status":"publish","type":"product","link":"https:\/\/gltestm.webology.pl\/cs\/produkt\/elektricky-gril-lucznik-tg-2018\/","title":{"rendered":"Elektrick\u00fd gril Lucznik TG-2018"},"content":{"rendered":"<h2>Grilov\u00e1n\u00ed bez ohledu na po\u010das\u00ed<\/h2>\n<p>Grilov\u00e1n\u00ed nemus\u00ed b\u00fdt jen na ja\u0159e a v l\u00e9t\u011b a jen venku! Spole\u010dnost Archer tentokr\u00e1t roz\u0161i\u0159uje kulin\u00e1\u0159sk\u00e9 mo\u017enosti p\u0159edstaven\u00edm <strong>elektrick\u00e9ho grilu TG-2018 <\/strong>. Pokud bylo v\u017edy va\u0161\u00edm snem letn\u00ed celoro\u010dn\u00ed grilov\u00e1n\u00ed, m\u016f\u017eete si tento sen kone\u010dn\u011b splnit. N\u00e1\u0161 <strong>elektrick\u00fd gril <\/strong>je vhodn\u00fd pro vnit\u0159n\u00ed i venkovn\u00ed pou\u017eit\u00ed, pokud m\u00e1te mo\u017enost jej p\u0159ipojit ke zdroji elektrick\u00e9 energie. Od nyn\u011bj\u0161ka se m\u016f\u017eete v kuchyni v\u00fdrazn\u011b odli\u0161it t\u00edm, \u017ee sv\u00fdm host\u016fm naserv\u00edrujete neuv\u011b\u0159iteln\u011b chutn\u00e9 pokrmy, kter\u00e9 nej\u00edte ka\u017ed\u00fd den. Pot\u011b\u0161en\u00ed a pod\u011bkov\u00e1n\u00ed od sv\u00fdch host\u016f m\u00e1te jako na dlani.<\/p>\n<p><img fetchpriority=\"high\" decoding=\"async\" src=\"\/data\/include\/cms\/.product\/5\/9\/795\/1.jpg\" alt=\"grill elektryczny 1600 W\" width=\"768\" height=\"480\" \/><\/p>\n<h2>Kl\u00ed\u010dov\u00e9 vlastnosti<\/h2>\n<ul>\n<li>p\u0159\u00edkon 1600 W<\/li>\n<li>Plynul\u00e1 regulace teploty 120 \u00b0C &#8211; 220 \u00b0C<\/li>\n<li>Dv\u011b varn\u00e9 desky<\/li>\n<li>Mo\u017enost polo\u017een\u00ed grilu naplocho (180o)<\/li>\n<li>Dvojit\u00fd teflonov\u00fd povlak<\/li>\n<li>Snadn\u00e9 \u010di\u0161t\u011bn\u00ed<\/li>\n<li>Indik\u00e1tor p\u0159edeh\u0159\u00e1t\u00ed<\/li>\n<li>z\u00e1ruka 24 m\u011bs\u00edc\u016f<\/li>\n<\/ul>\n<h2>Nastaviteln\u00e1 regulace teploty zaji\u0161\u0165uje dokonal\u00e9 prope\u010den\u00ed pokrm\u016f<\/h2>\n<p><strong>Elektrick\u00fd grilTG-2018 m\u00e1 nastaviteln\u00fd termostat, kter\u00fd <\/strong>zajist\u00ed dokonal\u00e9 v\u00fdsledky a \u0161irok\u00e9 mo\u017enosti p\u0159i p\u0159\u00edprav\u011b pokrm\u016f. \u0160irok\u00fd teplotn\u00ed rozsah (od 120 \u00b0C do 220 \u00b0C) umo\u017e\u0148uje zvolit spr\u00e1vnou teplotu pro ka\u017edou surovinu a zajistit tak \u00fa\u017easn\u00e9 v\u00fdsledky u ka\u017ed\u00e9ho pokrmu. U\u017e nemus\u00edte <strong>grilovat <\/strong>naslepo. Nyn\u00ed sta\u010d\u00ed v\u011bd\u011bt nebo se nau\u010dit, p\u0159i jak\u00e9 teplot\u011b a jak dlouho je nejlep\u0161\u00ed pokrm p\u0159ipravovat, aby v\u00e1s uchv\u00e1til svou \u00fa\u017easnou chut\u00ed a v\u016fn\u00ed.<\/p>\n<p><img decoding=\"async\" src=\"\/data\/include\/cms\/.product\/5\/9\/795\/2.jpg\" alt=\"grill elektryczny 1600 W\" width=\"768\" height=\"480\" \/><\/p>\n<h2>Za\u010dn\u011bte grilovat ve spr\u00e1vn\u00fd \u010das<\/h2>\n<p><strong>Ukazatel p\u0159ipravenosti<\/strong> spot\u0159ebi\u010de v\u00e1m uk\u00e1\u017ee, kdy a v jak\u00e9m okam\u017eiku bude gril na nejvy\u0161\u0161\u00ed teplot\u011b, a zajist\u00ed, \u017ee neprop\u00e1snete ide\u00e1ln\u00ed okam\u017eik pro ope\u010den\u00ed pokrmu p\u0159esn\u011b tak, jak ho m\u00e1te r\u00e1di! Od t\u00e9to chv\u00edle bude m\u00edt ka\u017ed\u00e1 klob\u00e1sa, sv\u00ed\u010dkov\u00e1 nebo jin\u00e1 pochoutka p\u0159esn\u011b tu<strong> b\u00e1je\u010dnou chu\u0165<\/strong>, kterou m\u00e1te r\u00e1di. A to poka\u017ed\u00e9.<\/p>\n<h2><strong>Skl\u00e1dac\u00ed ploch\u00e9 <\/strong><strong>plot\u00fdnky<\/strong><\/h2>\n<p>Elektrick\u00fd<strong>gril<\/strong> m\u00e1 <strong>dv\u011b<\/strong> hork\u00e9 plot\u00fdnky s celkovou plochou a\u017e 0,1 m2.  D\u00edky mo\u017enosti otev\u0159\u00edt <strong>gril<\/strong> pod \u00fahlem 180o m\u016f\u017eete zv\u011bt\u0161it plochu pro p\u0159\u00edpravu pokrm\u016f p\u0159i maxim\u00e1ln\u00ed teplot\u011b a\u017e 160o C. <\/p>\n<p>Velmi<strong>hork\u00e9 desky elektrick\u00e9ho grilu<\/strong> v\u00e1m umo\u017en\u00ed p\u0159ipravovat \u0161\u0165avnat\u00e9 a chutn\u00e9 pokrmy. Jakmile se op\u00e9kan\u00fd pokrm dotkne povrchu <strong>grilu<\/strong>, za\u010dne prskat a hn\u011bdnout, \u010d\u00edm\u017e se vytvo\u0159\u00ed lahodn\u00e1 k\u0159upav\u00e1 k\u016frka, kter\u00e1 si uvnit\u0159 uchov\u00e1 ve\u0161kerou chu\u0165 a v\u016fni. Va\u0161e chu\u0165ov\u00e9 bu\u0148ky si tak mohou vychutnat<strong> v\u00fdraznou chu\u0165<\/strong> pokrmu.<\/p>\n<p><img decoding=\"async\" src=\"\/data\/include\/cms\/.product\/5\/9\/795\/3.jpg\" alt=\"grill elektryczny 1600 W\" width=\"768\" height=\"480\" \/><\/p>\n<h2>\u010cist\u00fd a nep\u0159ilnav\u00fd d\u00edky dvojit\u00e9mu teflonov\u00e9mu povlaku<\/h2>\n<p>M\u00edsto grilovac\u00edho ro\u0161tu je <strong>elektrick\u00fd<\/strong> <strong>gril<\/strong> vybaven <strong>dvouvrstvou teflonovou nep\u0159ilnavou deskou<\/strong> pro snadn\u00e9 \u010di\u0161t\u011bn\u00ed. Tuk se nesr\u00e1\u017e\u00ed do topn\u00e9ho t\u011blesa, ale do speci\u00e1ln\u00edch \u017el\u00e1bk\u016f. D\u00edky sv\u00e9 konstrukci tak\u00e9 poskytuje velkou grilovac\u00ed plochu a z\u00e1rove\u0148 se snadno \u010dist\u00ed. \u010ci\u0161t\u011bn\u00edm <strong>grilu<\/strong> u\u017e nemus\u00edte tr\u00e1vit velk\u00e9 mno\u017estv\u00ed \u010dasu. V porovn\u00e1n\u00ed s b\u011b\u017en\u00fdm <strong>grilem<\/strong> vy\u010dist\u00edte n\u00e1\u0161 <strong>elektrick\u00fd gril <\/strong>mnohem rychleji a mnohem snadn\u011bji.<\/p>\n","protected":false},"excerpt":{"rendered":"<p>Eklektick\u00fd gril s v\u00fdkonem 1600 W. Regulace teploty, ploch\u00e9 skl\u00e1dac\u00ed desky a dvouvrstv\u00fd teflonov\u00fd povlak zabra\u0148uj\u00edc\u00ed p\u0159ichycen\u00ed pokrm\u016f.<\/p>\n","protected":false},"featured_media":15768,"comment_status":"open","ping_status":"closed","template":"","meta":[],"product_brand":[],"product_cat":[586],"product_tag":[],"class_list":{"0":"post-18313","1":"product","2":"type-product","3":"status-publish","4":"has-post-thumbnail","6":"product_cat-tostery-i-opiekacze","8":"first","9":"instock","10":"taxable","11":"shipping-taxable","12":"product-type-simple"},"_links":{"self":[{"href":"https:\/\/gltestm.webology.pl\/cs\/wp-json\/wp\/v2\/product\/18313","targetHints":{"allow":["GET"]}}],"collection":[{"href":"https:\/\/gltestm.webology.pl\/cs\/wp-json\/wp\/v2\/product"}],"about":[{"href":"https:\/\/gltestm.webology.pl\/cs\/wp-json\/wp\/v2\/types\/product"}],"replies":[{"embeddable":true,"href":"https:\/\/gltestm.webology.pl\/cs\/wp-json\/wp\/v2\/comments?post=18313"}],"version-history":[{"count":0,"href":"https:\/\/gltestm.webology.pl\/cs\/wp-json\/wp\/v2\/product\/18313\/revisions"}],"wp:featuredmedia":[{"embeddable":true,"href":"https:\/\/gltestm.webology.pl\/cs\/wp-json\/wp\/v2\/media\/15768"}],"wp:attachment":[{"href":"https:\/\/gltestm.webology.pl\/cs\/wp-json\/wp\/v2\/media?parent=18313"}],"wp:term":[{"taxonomy":"product_brand","embeddable":true,"href":"https:\/\/gltestm.webology.pl\/cs\/wp-json\/wp\/v2\/product_brand?post=18313"},{"taxonomy":"product_cat","embeddable":true,"href":"https:\/\/gltestm.webology.pl\/cs\/wp-json\/wp\/v2\/product_cat?post=18313"},{"taxonomy":"product_tag","embeddable":true,"href":"https:\/\/gltestm.webology.pl\/cs\/wp-json\/wp\/v2\/product_tag?post=18313"}],"curies":[{"name":"wp","href":"https:\/\/api.w.org\/{rel}","templated":true}]}}