{"id":18253,"date":"2026-03-18T22:05:35","date_gmt":"2026-03-18T21:05:35","guid":{"rendered":"https:\/\/gltestm.webology.pl\/produkt\/sada-jehel-na-jeans-organ-5-ks\/"},"modified":"2026-03-22T21:19:50","modified_gmt":"2026-03-22T20:19:50","slug":"sada-jehel-na-jeans-organ-5-ks","status":"publish","type":"product","link":"https:\/\/gltestm.webology.pl\/cs\/produkt\/sada-jehel-na-jeans-organ-5-ks\/","title":{"rendered":"Sada jehel na jeans ORGAN 5 ks."},"content":{"rendered":"<div>\n<div>\n<p><!--StartFragment--><\/p>\n<p><strong>Jehly Organ Jeans 130\/705H-J \u2013 V\u00e1\u0161 spojenec v boji s denimem (5 ks)<\/strong><\/p>\n<p>\u0160it\u00ed siln\u00fdch a hust\u011b tkan\u00fdch materi\u00e1l\u016f vy\u017eaduje n\u00e1stroje pro speci\u00e1ln\u00ed \u00fakoly. <strong>Japonsk\u00e9 jehly Organ Jeans<\/strong> byly vytvo\u0159eny tak, aby v\u00e1\u0161 stroj mohl bez n\u00e1mahy p\u0159ekonat i n\u011bkolik vrstev d\u017e\u00ednsoviny, kepru nebo technick\u00fdch tkanin. Zapome\u0148te na l\u00e1maj\u00edc\u00ed se jehly \u2013 vsa\u010fte na profesion\u00e1ln\u00ed \u0159e\u0161en\u00ed.<\/p>\n<p><strong>S\u00edla ukryt\u00e1 v hrotu<\/strong> Kl\u00ed\u010dem k \u00fasp\u011bchu p\u0159i \u0161it\u00ed d\u017e\u00ednoviny je <strong>velmi ostr\u00e1 \u0161pi\u010dka<\/strong>. Jehly Organ Jeans jsou tvarov\u00e1ny tak, aby snadno pronikaly pevn\u00fdmi vl\u00e1kny tkaniny, ani\u017e by je po\u0161kodily. D\u00edky zes\u00edlen\u00e9 konstrukci z\u016fst\u00e1v\u00e1 jehla stabiln\u00ed i p\u0159i vysok\u00fdch rychlostech \u0161it\u00ed.<\/p>\n<p><strong>Japonsk\u00e1 spolehlivost a po\u0159\u00e1dek<\/strong> Jehly vyroben\u00e9 v Japonsku se vyzna\u010duj\u00ed nejvy\u0161\u0161\u00ed preciznost\u00ed. Pro va\u0161e pohodl\u00ed jsou d\u0159\u00edky jehel na d\u017e\u00edny <strong>ozna\u010deny modrou barvou<\/strong>. Poloploch\u00fd d\u0159\u00edk zaji\u0161\u0165uje dokonal\u00e9 uchycen\u00ed do v\u011bt\u0161iny dom\u00e1c\u00edch \u0161ic\u00edch stroj\u016f, v\u010detn\u011b v\u0161ech model\u016f zna\u010dky \u0141ucznik.<\/p>\n<p><strong>Technick\u00e9 \u00fadaje:<\/strong><\/p>\n<ul>\n<li>\n<p><strong>V\u00fdrobce:<\/strong> Organ Needles (Japonsko)<\/p>\n<\/li>\n<li>\n<p><strong>Typ jehel:<\/strong> JEANS (na d\u017e\u00ednovinu a t\u011b\u017ek\u00e9 tkaniny)<\/p>\n<\/li>\n<li>\n<p><strong>Syst\u00e9m:<\/strong> 130\/705 H-J (s poloploch\u00fdm d\u0159\u00edkem)<\/p>\n<\/li>\n<li>\n<p><strong>Velikosti v sad\u011b:<\/strong> 2x 100\/16 (siln\u00fd denim), 3x 90\/14 (standardn\u00ed d\u017e\u00edny).<\/p>\n<\/li>\n<\/ul>\n<p><!--EndFragment--><\/p>\n<\/div>\n<\/div>\n","protected":false},"excerpt":{"rendered":"<p>Sada 5 kus\u016f japonsk\u00fdch jehel Organ ur\u010den\u00fdch pro d\u017e\u00ednovinu a siln\u00e9 l\u00e1tky. Poloploch\u00fd d\u0159\u00edk.<\/p>\n","protected":false},"featured_media":15940,"comment_status":"open","ping_status":"closed","template":"","meta":[],"product_brand":[],"product_cat":[521],"product_tag":[],"class_list":{"0":"post-18253","1":"product","2":"type-product","3":"status-publish","4":"has-post-thumbnail","6":"product_cat-igly-do-maszyn","8":"first","9":"instock","10":"taxable","11":"shipping-taxable","12":"purchasable","13":"product-type-simple"},"_links":{"self":[{"href":"https:\/\/gltestm.webology.pl\/cs\/wp-json\/wp\/v2\/product\/18253","targetHints":{"allow":["GET"]}}],"collection":[{"href":"https:\/\/gltestm.webology.pl\/cs\/wp-json\/wp\/v2\/product"}],"about":[{"href":"https:\/\/gltestm.webology.pl\/cs\/wp-json\/wp\/v2\/types\/product"}],"replies":[{"embeddable":true,"href":"https:\/\/gltestm.webology.pl\/cs\/wp-json\/wp\/v2\/comments?post=18253"}],"version-history":[{"count":0,"href":"https:\/\/gltestm.webology.pl\/cs\/wp-json\/wp\/v2\/product\/18253\/revisions"}],"wp:featuredmedia":[{"embeddable":true,"href":"https:\/\/gltestm.webology.pl\/cs\/wp-json\/wp\/v2\/media\/15940"}],"wp:attachment":[{"href":"https:\/\/gltestm.webology.pl\/cs\/wp-json\/wp\/v2\/media?parent=18253"}],"wp:term":[{"taxonomy":"product_brand","embeddable":true,"href":"https:\/\/gltestm.webology.pl\/cs\/wp-json\/wp\/v2\/product_brand?post=18253"},{"taxonomy":"product_cat","embeddable":true,"href":"https:\/\/gltestm.webology.pl\/cs\/wp-json\/wp\/v2\/product_cat?post=18253"},{"taxonomy":"product_tag","embeddable":true,"href":"https:\/\/gltestm.webology.pl\/cs\/wp-json\/wp\/v2\/product_tag?post=18253"}],"curies":[{"name":"wp","href":"https:\/\/api.w.org\/{rel}","templated":true}]}}