{"id":18213,"date":"2026-03-18T22:05:32","date_gmt":"2026-03-18T21:05:32","guid":{"rendered":"https:\/\/gltestm.webology.pl\/produkt\/sici-stroj-lucznik-mini-2\/"},"modified":"2026-03-22T21:19:34","modified_gmt":"2026-03-22T20:19:34","slug":"sici-stroj-lucznik-mini-2","status":"publish","type":"product","link":"https:\/\/gltestm.webology.pl\/cs\/produkt\/sici-stroj-lucznik-mini-2\/","title":{"rendered":"\u0160ic\u00ed stroj Lucznik Mini"},"content":{"rendered":"<h2><strong>\u0160ic\u00ed stroj pro d\u011bti Lucznik MINI<\/strong> &#8211; kr\u00e1sn\u00fd za\u010d\u00e1tek \u0161ic\u00edho dobrodru\u017estv\u00ed!<\/h2>\n<p>\u0160ic\u00ed stroj Lucznik Mini m\u00e1 \u0159adu <strong>zjednodu\u0161en\u00ed a vymo\u017eenost\u00ed<\/strong> a nav\u00edc <strong>kr\u00e1sn\u00fd design<\/strong>, tak\u017ee je ide\u00e1ln\u00edm d\u00e1rkem pro ka\u017ed\u00e9 <strong>kreativn\u00ed d\u00edt\u011b<\/strong>. Nejen\u017ee poskytne dlouh\u00e9 hodiny <strong>skv\u011bl\u00e9 z\u00e1bavy<\/strong>, ale tak\u00e9 podpo\u0159\u00ed rozvoj koordinace oko-ruka, smyslu pro estetiku a p\u0159edstavivosti. A d\u00edky solidn\u00edmu zpracov\u00e1n\u00ed a d\u016frazu na detail bude d\u011btem dlouho slou\u017eit. <\/p>\n<p>I p\u0159es sv\u00e9 kompaktn\u00ed rozm\u011bry se nejedn\u00e1 o hra\u010dku, ale o <strong>pln\u011b funk\u010dn\u00ed <\/strong>\u0161ic\u00ed stroj &#8211; je ide\u00e1ln\u00ed pro prvn\u00ed \u0161ic\u00ed pr\u00e1ce na jednoduch\u00fdch materi\u00e1lech a <strong>rozv\u00edjen\u00ed kon\u00ed\u010dk\u016f<\/strong>. Pokud va\u0161e d\u00edt\u011b sn\u00ed o tom, \u017ee se stane m\u00f3dn\u00edm n\u00e1vrh\u00e1\u0159em, nebo miluje ru\u010dn\u00ed pr\u00e1ce, bude to pro n\u011bj vysn\u011bn\u00fd d\u00e1rek.<\/p>\n<p>U stroje lze pou\u017e\u00edt, pro funk\u010dnost stroje vhodn\u00e9,zaklap\u00e1vac\u00ed patky p\u0159ipevn\u011bn\u00e9 k maticov\u00e9 rukojeti.<\/p>\n<h2>Nejd\u016fle\u017eit\u011bj\u0161\u00ed funkce<\/h2>\n<ul>\n<li><strong>mal\u00e9<\/strong> rozm\u011bry, <strong>n\u00edzk\u00e1<\/strong> hmotnost<\/li>\n<li>velmi <strong>jednoduch\u00e1 obsluha<\/strong><\/li>\n<li><strong>12 \u0161ic\u00edch program\u016f<\/strong><\/li>\n<li>stehy: <strong>rovn\u00fd, klikat\u00fd, kryt\u00fd<\/strong><\/li>\n<li><strong>kryt jehly pro ochranu prst\u016f<\/strong><\/li>\n<li><strong>zp\u011btn\u00e9 \u0161it\u00ed<\/strong><\/li>\n<li>snadn\u00fd odst\u0159ih nit\u011b<\/li>\n<li><strong>automatick\u00fd re\u017eim \u0161it\u00ed<\/strong> (bez patky, s posuvn\u00edkem)<\/li>\n<li>nastaven\u00ed nap\u011bt\u00ed nit\u011b<\/li>\n<li>rota\u010dn\u00ed chapa\u010d (snadn\u00e9 vkl\u00e1d\u00e1n\u00ed c\u00edvky)<\/li>\n<li>funkce knofl\u00edkov\u00e9 d\u00edrky<\/li>\n<li>lED osv\u011btlen\u00ed<\/li>\n<li>rukoje\u0165 pro p\u0159en\u00e1\u0161en\u00ed<\/li>\n<li>automatick\u00e9 nav\u00edjen\u00ed nit\u011b na c\u00edvku<\/li>\n<li>s\u00ed\u0165ov\u00e9 nebo bateriov\u00e9 nap\u00e1jen\u00ed (4 baterie aa)<\/li>\n<\/ul>\n<h2>Dod\u00e1van\u00e9 p\u0159\u00edslu\u0161enstv\u00ed<\/h2>\n<ul>\n<li>\u010dern\u00e1 nit<\/li>\n<li>b\u00edl\u00e1 nit<\/li>\n<li>kovov\u00e9 spodn\u00ed c\u00edvky 2 ks<\/li>\n<li>navl\u00e9ka\u010d<\/li>\n<li>n\u00e1hradn\u00ed jehla<\/li>\n<li>nap\u00e1jec\u00ed zdroj 6 V 1200 mA<\/li>\n<li>patn\u00ed regul\u00e1tor<\/li>\n<li>chr\u00e1ni\u010d prst\u016f<\/li>\n<li>univerz\u00e1ln\u00ed patka<\/li>\n<\/ul>\n<h2>12 \u0161ic\u00edch program\u016f a snadn\u00e9 ovl\u00e1d\u00e1n\u00ed jedn\u00edm knofl\u00edkem<\/h2>\n<p>Na\u0161\u00edm c\u00edlem bylo vytvo\u0159it stroj co nejjednodu\u0161\u0161\u00ed, aby usnadnil z\u00edsk\u00e1v\u00e1n\u00ed \u0161ic\u00edch dovednost\u00ed a neodradil mlad\u00e9 konstrukt\u00e9ry od hran\u00ed. Mini m\u00e1 pouze dva knofl\u00edky, tak\u017ee se v jeho ovl\u00e1d\u00e1n\u00ed nelze ztratit. Prvn\u00edm knofl\u00edkem vol\u00edme jeden z <strong>12 \u0161ic\u00edch program\u016f<\/strong>, jejich\u017e vzhled si m\u016f\u017eeme zkontrolovat na krytu stroje. Druh\u00fdm knofl\u00edkem m\u016f\u017eeme v p\u0159\u00edpad\u011b pot\u0159eby zvolit nap\u011bt\u00ed nit\u011b.<\/p>\n<h2>Dva zp\u016fsoby nap\u00e1jen\u00ed stroje<\/h2>\n<p>\u0160ic\u00ed stroj Lucznik Mini lze pou\u017e\u00edvat bez<strong><strong> p\u0159ipojen\u00ed k<\/strong> <\/strong>elektrick\u00e9 s\u00edti<strong>a <\/strong>vz\u00edt si jej kamkoli s sebou (nap\u0159. do \u0161koly, na mimo\u0161koln\u00ed aktivity nebo ke kamar\u00e1dce), proto\u017ee jej lze nap\u00e1jet<strong> 4 bateriemi AA.<\/strong><\/p>\n<h2>Bezpe\u010dn\u00e9 u\u010den\u00ed \u0161it\u00ed<\/h2>\n<p>\u0160ic\u00ed stroj Lucznik Mini je vybaven <strong>ochranou prst\u016f um\u00edst\u011bnou kolem jehly<\/strong>. D\u00edky n\u011bmu je bezpe\u010dnost d\u00edt\u011bte, kter\u00e9 na n\u011bm pracuje, mnohem v\u011bt\u0161\u00ed &#8211; m\u016f\u017eeme b\u00fdt klidn\u00ed o mal\u00e9 prst\u00edky, kter\u00e9 omylem nezabloud\u00ed do oblasti jehly.<\/p>\n<h2>Automatick\u00fd re\u017eim \u0161it\u00ed<\/h2>\n<p>Abychom usnadnili p\u0159\u00edpravu na \u0161it\u00ed, vybavili jsme Mini<strong> rota\u010dn\u00edm chapa\u010dem<\/strong>, kter\u00fd umo\u017e\u0148uje snadn\u011bj\u0161\u00ed instalaci c\u00edvky do bubnu stroje. Ze stejn\u00e9ho d\u016fvodu jsme p\u0159idali <strong>funkci automatick\u00e9ho \u0161it\u00ed <\/strong>, kter\u00e1 byla dosud dostupn\u00e1 pouze u elektronick\u00fdch stroj\u016f. Umo\u017e\u0148uje volit mezi ru\u010dn\u00edm nebo no\u017en\u00edm ovl\u00e1d\u00e1n\u00edm \u0161it\u00ed v z\u00e1vislosti na va\u0161em pohodl\u00ed, preferenc\u00edch a individu\u00e1ln\u00edch manu\u00e1ln\u00edch a motorick\u00fdch schopnostech va\u0161eho d\u00edt\u011bte. V p\u0159\u00edpad\u011b pot\u0159eby m\u016f\u017eete jednodu\u0161e odpojit patn\u00ed ovl\u00e1d\u00e1n\u00ed stroje Archer Mini a <strong>ovl\u00e1dat stroj posuvn\u00edkem. <\/strong>Poloha L ( <em>low<\/em>) znamen\u00e1 pomal\u00e9 automatick\u00e9 \u0161it\u00ed, zat\u00edmco poloha H ( <em>high<\/em>) znamen\u00e1 rychl\u00e9 \u0161it\u00ed.<\/p>\n<p>Volba mezi <strong>dv\u011bma rychlostmi \u0161it\u00ed<\/strong> stroje a mo\u017enost nastaven\u00ed pomal\u00e9ho \u0161it\u00ed d\u00e1le<strong> zvy\u0161uje bezpe\u010dnost<\/strong> provozu a usnad\u0148uje z\u00edsk\u00e1n\u00ed praxe. P\u0159i nastaven\u00ed pomal\u00e9ho \u0161it\u00ed ani n\u00e1hodn\u00e9 p\u0159\u00edli\u0161 siln\u00e9 stisknut\u00ed ovl\u00e1dac\u00edho prvku nezp\u016fsob\u00ed maxim\u00e1ln\u00ed zrychlen\u00ed stroje.<\/p>\n<h2>Sada p\u0159\u00edslu\u0161enstv\u00ed, kter\u00e9 v\u00e1m pom\u016f\u017ee za\u010d\u00edt<\/h2>\n<p>\u0160ic\u00ed stroj Lucznik Mini m\u00e1 tak\u00e9 pohodln\u011b um\u00edst\u011bnou p\u00e1\u010dku<strong> zp\u011btn\u00e9ho \u0161it\u00ed <\/strong><strong>, <\/strong>vestav\u011bnou<strong><strong>z\u00e1suvku na<\/strong><\/strong> p\u0159\u00edslu\u0161enstv\u00ed, <strong> <strong>odst\u0159ih nit\u011b<\/strong> um\u00edst\u011bn\u00fd <\/strong>na <strong>bezpe\u010dn\u00e9m m\u00edst\u011b<\/strong> v krytu a pohodln\u00e9<strong><strong> dr\u017eadlo pro<\/strong><\/strong> snadn\u00e9 p\u0159en\u00e1\u0161en\u00ed. Krom\u011b toho je vybaven<strong> LED<\/strong> sv\u011btlem nad pracovn\u00ed plochou, kter\u00e9 usnad\u0148uje p\u0159esnou viditelnost stehu a pr\u00e1ci za zhor\u0161en\u00fdch sv\u011bteln\u00fdch podm\u00ednek.<\/p>\n<h2>Spr\u00e1vn\u00e1 obsluha stroje<\/h2>\n<p>Pro zaji\u0161t\u011bn\u00ed <strong>spr\u00e1vn\u00e9ho<\/strong> provozu stroje pou\u017e\u00edvejte <span><strong>pouze kovov\u00e9 c\u00edvky se spodn\u00ed nit\u00ed<\/strong><\/span>. Pou\u017e\u00edv\u00e1n\u00ed <strong>plastov\u00fdch<\/strong> c\u00edvek m\u016f\u017ee v\u00e9st k nespr\u00e1vn\u00e9 funkci nebo dokonce k <strong>po\u0161kozen\u00ed stroje<\/strong>.<\/p>\n<h2>sleva 50 % na kovov\u00e9 c\u00edvky v krabici<\/h2>\n<p>Kupte si tento stroj spole\u010dn\u011b se sadou <strong><a href=\"https:\/\/galerialucznik.pl\/pl\/products\/czesci-i-akcesoria\/akcesoria-do-maszyn-do-szycia\/szpulki-na-nici\/metalowa-szpulka-do-maszyny-do-szycia-zestaw-25-szt-w-pudelku-1513.html\" target=\"_blank\" rel=\"noopener\">25 kovov\u00fdch c\u00edvek v krabici se slevou 50 %<\/a><\/strong>. P\u0159idejte oba produkty do <strong>ko\u0161\u00edku<\/strong> a <strong>sleva<\/strong> se <strong>automaticky vypo\u010d\u00edt\u00e1<\/strong>. Nab\u00eddka se nekombinuje s jin\u00fdmi akcemi a vztahuje se pouze na <strong>1 sadu<\/strong> c\u00edvek na objedn\u00e1vku.<\/p>\n<h2>z\u00e1ruka 24 m\u011bs\u00edc\u016f<\/h2>\n<p>Na<strong>strojLucznik Mini<\/strong> je poskytov\u00e1na 24m\u011bs\u00ed\u010dn\u00ed z\u00e1ruka a n\u00e1vod k pou\u017eit\u00ed v pol\u0161tin\u011b, kter\u00fd byste si m\u011bli p\u0159e\u010d\u00edst p\u0159ed pou\u017eit\u00edm za\u0159\u00edzen\u00ed.<\/p>\n","protected":false},"excerpt":{"rendered":"<p>Miniaturn\u00ed \u0161ic\u00ed stroj pro d\u011bti s ochranou jehly pro zv\u00fd\u0161en\u00ed bezpe\u010dnosti p\u0159i pou\u017e\u00edv\u00e1n\u00ed. Mal\u00fd, lehk\u00fd a p\u0159enosn\u00fd &#8211; m\u016f\u017ee fungovat na baterie!<\/p>\n","protected":false},"featured_media":15485,"comment_status":"open","ping_status":"closed","template":"","meta":[],"product_brand":[],"product_cat":[791],"product_tag":[],"class_list":{"0":"post-18213","1":"product","2":"type-product","3":"status-publish","4":"has-post-thumbnail","6":"product_cat-maszyny-do-szycia-tradycyjne","8":"first","9":"instock","10":"taxable","11":"shipping-taxable","12":"purchasable","13":"product-type-simple"},"_links":{"self":[{"href":"https:\/\/gltestm.webology.pl\/cs\/wp-json\/wp\/v2\/product\/18213","targetHints":{"allow":["GET"]}}],"collection":[{"href":"https:\/\/gltestm.webology.pl\/cs\/wp-json\/wp\/v2\/product"}],"about":[{"href":"https:\/\/gltestm.webology.pl\/cs\/wp-json\/wp\/v2\/types\/product"}],"replies":[{"embeddable":true,"href":"https:\/\/gltestm.webology.pl\/cs\/wp-json\/wp\/v2\/comments?post=18213"}],"version-history":[{"count":0,"href":"https:\/\/gltestm.webology.pl\/cs\/wp-json\/wp\/v2\/product\/18213\/revisions"}],"wp:featuredmedia":[{"embeddable":true,"href":"https:\/\/gltestm.webology.pl\/cs\/wp-json\/wp\/v2\/media\/15485"}],"wp:attachment":[{"href":"https:\/\/gltestm.webology.pl\/cs\/wp-json\/wp\/v2\/media?parent=18213"}],"wp:term":[{"taxonomy":"product_brand","embeddable":true,"href":"https:\/\/gltestm.webology.pl\/cs\/wp-json\/wp\/v2\/product_brand?post=18213"},{"taxonomy":"product_cat","embeddable":true,"href":"https:\/\/gltestm.webology.pl\/cs\/wp-json\/wp\/v2\/product_cat?post=18213"},{"taxonomy":"product_tag","embeddable":true,"href":"https:\/\/gltestm.webology.pl\/cs\/wp-json\/wp\/v2\/product_tag?post=18213"}],"curies":[{"name":"wp","href":"https:\/\/api.w.org\/{rel}","templated":true}]}}