{"id":18209,"date":"2026-03-18T22:05:32","date_gmt":"2026-03-18T21:05:32","guid":{"rendered":"https:\/\/gltestm.webology.pl\/produkt\/sici-stroj-lucznik-mini-blue-2\/"},"modified":"2026-03-22T21:19:33","modified_gmt":"2026-03-22T20:19:33","slug":"sici-stroj-lucznik-mini-blue-2","status":"publish","type":"product","link":"https:\/\/gltestm.webology.pl\/cs\/produkt\/sici-stroj-lucznik-mini-blue-2\/","title":{"rendered":"\u0160ic\u00ed stroj Lucznik Mini Blue"},"content":{"rendered":"<h2>Mini Blue v\u00e1s zve do kouzeln\u00e9 zem\u011b \u0161it\u00ed!<\/h2>\n<p>Je <strong>mal\u00fd<\/strong> a <strong>lehk\u00fd<\/strong> a d\u00edky pohodln\u00e9 <strong>rukojeti<\/strong> si ho va\u0161e mal\u00e1 hol\u010di\u010dka vezme v\u0161ude s sebou. Mal\u00ed adepti um\u011bn\u00ed \u0161it\u00ed si ho zamiluj\u00ed pr\u00e1v\u011b pro jeho mal\u00e9 rozm\u011bry a skute\u010dn\u00e9 &#8222;dosp\u011bl\u00e1ck\u00e9&#8220; funkce. Pro vzhled samoz\u0159ejm\u011b tak\u00e9, ale schopnosti nejmlad\u0161\u00edch v oblouku rodinn\u00e9ho \u0161ic\u00edho stroje jsou v\u0161ak kl\u00ed\u010dovou ot\u00e1zkou. Jsme p\u0159esv\u011bd\u010deni, \u017ee si stroj Mini Blue rychle z\u00edsk\u00e1 (nejen) d\u011btsk\u00e1 srdce.<\/p>\n<p>Ano, mysl\u00edte spr\u00e1vn\u011b &#8211; stroj Mini Blue je dvoj\u010detem na\u0161\u00ed Mini, i kdy\u017e se samoz\u0159ejm\u011b &#8222;holky&#8220; jemn\u011b li\u0161\u00ed. To je nav\u00edc patrn\u00e9 ji\u017e na prvn\u00ed pohled. Ano, ano &#8211; pr\u00e1v\u011b o tomto barevn\u00e9m proveden\u00ed je \u0159e\u010d. No, a Mini Blue je mlad\u0161\u00ed, ale o v\u011bku pr\u00fd nen\u00ed vhodn\u00e9 mluvit. A te\u010f v\u00e1\u017en\u011b, nejv\u011bt\u0161\u00ed v\u00fdhodou tohoto stroje je fakt, \u017ee byl vybaven <strong>u\u017eite\u010dn\u00fdmi funkcemi,<\/strong> kter\u00e9 maj\u00ed i standardn\u00ed &#8222;dosp\u011bl\u00e9&#8220; modely \u0161ic\u00edch stroj\u016f, ale d\u00edky men\u0161\u00edm rozm\u011br\u016fm a intuitivn\u00edmu ovl\u00e1d\u00e1n\u00ed bude ide\u00e1ln\u00ed pro <strong>mlad\u0161\u00ed krej\u010d\u00ed,<\/strong> tedy <strong>d\u011bti<\/strong> a <strong>teenagery<\/strong>. V\u00edme tak\u00e9, \u017ee miniaturn\u00ed \u0161ic\u00ed stroje si \u010dasto vyb\u00edraj\u00ed i za\u010d\u00e1te\u010dn\u00edci, kte\u0159\u00ed pr\u00e1v\u011b chytili \u0161ic\u00edho brouka.<\/p>\n<p>Mini Blue proto bude ide\u00e1ln\u00edm n\u00e1padem na <strong>d\u00e1rek<\/strong> pro budouc\u00ed n\u00e1vrh\u00e1\u0159e, kte\u0159\u00ed se d\u00edky n\u011bmu mohou v \u0161ic\u00edch bitv\u00e1ch po\u0159\u00e1dn\u011b rozkoukat. Oslov\u00ed tak\u00e9 v\u0161echny, kte\u0159\u00ed cht\u011bj\u00ed <strong>rozv\u00edjet<\/strong> sv\u00e9 v\u00e1\u0161n\u011b, proto\u017ee s nimi udr\u017e\u00ed krok a uvede je do kouzeln\u00e9 zem\u011b \u0161it\u00ed. A co je nejd\u016fle\u017eit\u011bj\u0161\u00ed, d\u00edky <strong>speci\u00e1ln\u00edmu plastov\u00e9mu krytu<\/strong>, kter\u00fd chr\u00e1n\u00ed jehlu, budou mal\u00e9 prst\u00edky p\u0159i \u0161ic\u00edch man\u00e9vrech v bezpe\u010d\u00ed.<\/p>\n<h2><strong>Nejd\u016fle\u017eit\u011bj\u0161\u00ed vlastnosti Mini Blue<\/strong><\/h2>\n<ul>\n<li>mal\u00e9 rozm\u011bry, n\u00edzk\u00e1 hmotnost<\/li>\n<li>velmi <strong>jednoduch\u00e9 ovl\u00e1d\u00e1n\u00ed<\/strong><\/li>\n<li>12 \u0161ic\u00edch program\u016f<\/li>\n<li>stehy: rovn\u00fd, klikat\u00fd, kryt\u00fd<\/li>\n<li><strong>kryt jehly pro<\/strong> ochranu prst\u016f<\/li>\n<li>zp\u011btn\u00e9 \u0161it\u00ed<\/li>\n<li>automatick\u00e9 nav\u00edjen\u00ed nit\u011b na c\u00edvku<\/li>\n<li>snadn\u00fd odst\u0159ih nit\u011b<\/li>\n<li><strong>automatick\u00fd<\/strong> re\u017eim<strong>\u0161it\u00ed<\/strong> (bez patky, s posuvn\u00edkem)<\/li>\n<li>nastaven\u00ed nap\u011bt\u00ed nit\u011b<\/li>\n<li>rota\u010dn\u00ed chapa\u010d (snadn\u00e9 vkl\u00e1d\u00e1n\u00ed c\u00edvky)<\/li>\n<li>lED osv\u011btlen\u00ed<\/li>\n<li>rukoje\u0165 pro p\u0159en\u00e1\u0161en\u00ed<\/li>\n<\/ul>\n<h2>Standardn\u00ed v\u00fdbava<\/h2>\n<ul>\n<li>2 c\u00edvky s horn\u00ed nit\u00ed (b\u00edl\u00e1 a \u010dern\u00e1 nit)<\/li>\n<li>2 kovov\u00e9 spodn\u00ed c\u00edvky (b\u00edl\u00e1 a \u010dern\u00e1 nit)<\/li>\n<li>2 jehly<\/li>\n<li>navl\u00e9ka\u010d<\/li>\n<li>chr\u00e1ni\u010d prst\u016f<\/li>\n<li>univerz\u00e1ln\u00ed patka<\/li>\n<li>patka pro knofl\u00edkov\u00e9 d\u00edrky<\/li>\n<li>no\u017en\u00ed regul\u00e1tor rychlosti (ped\u00e1l)<\/li>\n<li>nap\u00e1jec\u00ed zdroj<\/li>\n<\/ul>\n<h2>Mini modr\u00fd \u0161ic\u00ed stroj &#8211; va\u0161e d\u00edt\u011b si ho zamiluje!<\/h2>\n<p>\u0160ic\u00ed stroj Mini Blue byl vytvo\u0159en p\u0159edev\u0161\u00edm <strong>pro d\u011bti,<\/strong> kter\u00e9 r\u00e1dy obl\u00e9kaj\u00ed panenky a medv\u00eddky, navrhuj\u00ed oble\u010den\u00ed nebo vytv\u00e1\u0159ej\u00ed v\u011bci spojen\u00e9 s realizac\u00ed sv\u00fdch v\u00e1\u0161n\u00ed. Prvn\u00ed samostatn\u00e9 \u0161it\u00ed na z\u00e1klad\u011b jednoduch\u00e9ho vykrajov\u00e1tka? Tento stroj je pro to ide\u00e1ln\u00ed! N\u00e1\u0161 mal\u00fd Mini Blue m\u00e1 <strong>12 \u0161ic\u00edch program\u016f<\/strong>, pr\u00e1v\u011b v\u010das, abyste mohli za\u010d\u00edt sv\u00e9 \u0161ic\u00ed dobrodru\u017estv\u00ed. Zvl\u00e1\u0161t\u011b proto, \u017ee s jejich pomoc\u00ed m\u016f\u017eete \u0161\u00edt <strong>rovn\u00fdm<\/strong>, <strong>klikat\u00fdm<\/strong> a <strong>kryt\u00fdm<\/strong> stehem.<\/p>\n<h2>Dv\u011b rychlosti automatick\u00e9ho \u0161it\u00ed<\/h2>\n<p>Kdy\u017e u\u017e mluv\u00edme o \u0161it\u00ed &#8211; co\u017e je to nejd\u016fle\u017eit\u011bj\u0161\u00ed &#8211; Mini Blue m\u00e1 velmi u\u017eite\u010dnou a jak si usnadnit \u017eivot mo\u017enost <strong>automatick\u00e9ho \u0161it\u00ed<\/strong>. A to hned ve dvou rychlostech:<\/p>\n<ul>\n<li><strong>pomal\u00e1 (n\u00edzk\u00e1<\/strong> ) &#8211; kterou obvykle pou\u017e\u00edvaj\u00ed ti, kte\u0159\u00ed \u0161ij\u00ed sv\u00e9 prvn\u00ed stehy, a ti, kte\u0159\u00ed se cht\u011bj\u00ed p\u0159i \u0161it\u00ed v\u00edce soust\u0159edit (nap\u0159\u00edklad na projekt, kter\u00fd vy\u017eaduje v\u011bt\u0161\u00ed p\u0159esnost),<\/li>\n<li><strong>rychl\u00fd (vysok\u00fd<\/strong> ) &#8211; kter\u00fd je skv\u011bl\u00fd pro m\u00edrn\u011b pokro\u010dilej\u0161\u00ed mal\u00e9 krej\u010d\u00ed nebo kdy\u017e m\u00e1te k \u0161it\u00ed v\u011bt\u0161\u00ed kus l\u00e1tky.<\/li>\n<\/ul>\n<p>Zde bychom cht\u011bli hned upozornit: bez ohledu na v\u011bk mal\u00e9ho (nebo o n\u011bco star\u0161\u00edho) adepta \u0161it\u00ed se <strong>automatick\u00e9 volby \u0161it\u00ed<\/strong> nemus\u00edte b\u00e1t. Opravdu hodn\u011b pom\u00e1h\u00e1, zejm\u00e9na pokud se \u0161\u00edt teprve u\u010d\u00edte a nem\u00e1te je\u0161t\u011b cit pro pou\u017e\u00edv\u00e1n\u00ed <strong>regul\u00e1toru rychlosti patky<\/strong>. Proto\u017ee u skute\u010dn\u00e9ho stroje se zastavil, lze Mini Blue ovl\u00e1dat tak\u00e9 p\u0159esn\u011b pomoc\u00ed <strong>no\u017en\u00edho regul\u00e1toru rychlosti<\/strong>, kter\u00e9mu hovorov\u011b mnoho lid\u00ed \u0159\u00edk\u00e1 ped\u00e1l. Samoz\u0159ejm\u011b je u tohoto stroje o n\u011bco <strong>men\u0161\u00ed<\/strong> a v\u00edce p\u0159izp\u016fsoben\u00fd d\u011btsk\u00fdm noh\u00e1m.<\/p>\n<h2>Funkce zp\u011btn\u00e9ho \u0161it\u00ed<\/h2>\n<p>Jak se na opravdov\u00fd \u0161ic\u00ed stroj slu\u0161\u00ed, m\u00e1 Mini Blue <strong>funkci zp\u011btn\u00e9ho \u0161it\u00ed<\/strong>, kter\u00e1 je p\u0159i <strong>dokon\u010dov\u00e1n\u00ed stehu<\/strong> nenahraditeln\u00e1. S pomoc\u00ed t\u00e9to funkce va\u0161e ratolest odvede skv\u011blou pr\u00e1ci p\u0159i estetick\u00e9m dokon\u010den\u00ed stehu a z\u00e1rove\u0148 <strong>ho ochr\u00e1n\u00ed p\u0159ed roztr\u017een\u00edm<\/strong>. Bude tak m\u00edt jistotu, \u017ee prvn\u00ed \u0161it\u00ed bude <strong>trvanliv\u00e9<\/strong> a vydr\u017e\u00ed neporu\u0161en\u00e9 po dlouhou dobu a v budoucnu se stane neocenitelnou pam\u00e1tkou.<\/p>\n<h2>Voln\u00e9 rameno usnadn\u00ed a urychl\u00ed pr\u00e1ci<\/h2>\n<p>\u0160ic\u00ed stroj Mini Blue je nav\u00edc vybaven <strong>voln\u00fdm ramenem<\/strong>, kter\u00e9 sice nen\u00ed tak &#8222;plnohodnotn\u00e9&#8220; jako u standardn\u00edch stroj\u016f nebo dokonce u stroje Lena 2019, ale i tak je velmi u\u017eite\u010dn\u00e9. Svou pr\u00e1ci odvede velmi dob\u0159e p\u0159i <strong>lemov\u00e1n\u00ed \u00fazk\u00fdch<\/strong> od\u011bvn\u00edch <strong>prvk\u016f<\/strong>, jako jsou ruk\u00e1vy nebo nohavice. D\u00edky tomu je pr\u00e1ce mnohem snaz\u0161\u00ed a rychlej\u0161\u00ed. Mlad\u00ed n\u00e1vrh\u00e1\u0159i tak mohou rychleji realizovat sv\u00e9 n\u00e1pady a rozv\u00edjet svou kreativitu a p\u0159edstavivost p\u0159i tvorb\u011b nov\u00fdch d\u011bl.<\/p>\n<p>Velmi \u017e\u00e1dan\u00e1 je tak\u00e9<strong>patka p\u0159ipojen\u00e1 ke stroji pro lemov\u00e1n\u00ed knofl\u00edkov\u00fdch d\u00edrek<\/strong>. Knofl\u00edkov\u00e9 d\u00edrky lze sice olemovat i pomoc\u00ed univerz\u00e1ln\u00ed patky, ale s touto patkou to jde mnohem l\u00e9pe.<\/p>\n<h2>U\u017eite\u010dn\u00e9 funkce stroje Mini Blue <\/h2>\n<p>Z funkc\u00ed, kter\u00e9 usnad\u0148uj\u00ed \u017eivot, stoj\u00ed za zm\u00ednku <strong>automatick\u00e9 nav\u00edjen\u00ed nit\u011b<\/strong> na c\u00edvku &#8211; va\u0161e d\u00edt\u011b se tak nejen rychle zorientuje (doslova), ale bude m\u00edt tak\u00e9 jistotu, \u017ee je nit spr\u00e1vn\u011b &#8222;nat\u011bsno&#8220; navinut\u00e1. Mal\u00fdm adept\u016fm krej\u010dovsk\u00e9ho um\u011bn\u00ed m\u016f\u017ee p\u0159ij\u00edt vhod tak\u00e9 <strong>odst\u0159ihova\u010d nit\u00ed<\/strong>, kter\u00fd jsme chyt\u0159e ukryli do pouzdra. Bude se hodit zejm\u00e9na tehdy, kdy\u017e n\u016f\u017eky zmiz\u00ed z dohledu. A jak v\u00edte, ve v\u00edru pr\u00e1ce je mo\u017en\u00e9 v\u0161echno.<\/p>\n<h2>D\u011btsk\u00fd strojek Mini Blue &#8211; bezpe\u010dnost a pohodl\u00ed p\u0159i pr\u00e1ci<\/h2>\n<p>Mini Blue v sob\u011b spojuje dv\u011b velmi d\u016fle\u017eit\u00e9 vlastnosti: jednak je to<strong> pln\u011b funk\u010dn\u00ed \u0161ic\u00ed stroj<\/strong> (se skute\u010dn\u00fdmi, &#8222;dosp\u011bl\u00fdmi&#8220; funkcemi), jednak je uzp\u016fsoben tak, aby <strong>d\u011bti, kter\u00e9<\/strong> ho pou\u017e\u00edvaj\u00ed, byly <strong>ve 100% bezpe\u010d\u00ed<\/strong>. Je to d\u00edky <strong>speci\u00e1ln\u00edmu plastov\u00e9mu krytu kolem jehly<\/strong>, kter\u00fd <strong>chr\u00e1n\u00ed<\/strong> mal\u00e9 prst\u00edky jak p\u0159i jejich prvn\u00edch \u0161ic\u00edch boj\u00edch, tak p\u0159i slo\u017eit\u011bj\u0161\u00edch projektech. Nemus\u00edte se tedy b\u00e1t, \u017ee by se va\u0161e ratolest p\u0159i man\u00e9vrov\u00e1n\u00ed s l\u00e1tkou p\u0159i \u0161it\u00ed po\u0159ezala. A to ani v p\u0159\u00edpad\u011b, \u017ee to bude d\u011blat rychle a razantn\u011b, co\u017e &#8211; v p\u0159\u00edpad\u011b d\u011bt\u00ed &#8211; nen\u00ed v\u016fbec nemo\u017en\u00e9.<\/p>\n<h2>Modern\u00ed LED osv\u011btlen\u00ed<\/h2>\n<p>Bezpe\u010dnost, ale i pohodl\u00ed p\u0159i pou\u017e\u00edv\u00e1n\u00ed stroje Mini Blue zvy\u0161uje tak\u00e9 <strong>LED osv\u011btlen\u00ed instalovan\u00e9 v krytu<\/strong>. D\u00edky n\u011bmu je nejen <strong>dob\u0159e viditeln\u00e9<\/strong> \u0161ic\u00ed pole, ale tak\u00e9 se postar\u00e1 o o\u010di va\u0161eho d\u00edt\u011bte. Mal\u00e1 \u0161vadlenka nebo mal\u00fd krej\u010d\u00ed p\u0159ece nebude muset nam\u00e1hat zrak, aby vid\u011bla, co d\u011bl\u00e1.<\/p>\n<h2>Z\u00e1suvka na p\u0159\u00edslu\u0161enstv\u00ed v korb\u011b<\/h2>\n<p>Kdy\u017e u\u017e mluv\u00edme o vymo\u017eenostech, nesm\u00edme zapomenout na <strong>praktickou<\/strong> <strong>v\u00fdsuvnou<\/strong> z\u00e1suvku v <strong>korb\u011b<\/strong>. M\u016f\u017eete do n\u00ed ulo\u017eit nejnutn\u011bj\u0161\u00ed dopl\u0148ky, tak\u017ee je budete m\u00edt v\u017edy po ruce.<\/p>\n<h2>Mini Blue &#8211; vytvo\u0159eno pro rozvoj d\u011btsk\u00fdch v\u00e1\u0161n\u00ed<\/h2>\n<p><strong>Intuitivn\u00ed<\/strong> a <strong>jednoduch\u00e9 ovl\u00e1d\u00e1n\u00ed<\/strong> na\u0161eho nejnov\u011bj\u0161\u00edho stroje pro d\u011bti zp\u016fsob\u00ed, \u017ee se mlad\u00ed n\u00e1vrh\u00e1\u0159i, fascinovan\u00ed vlastn\u00ed tvorbou st\u00e1le pokro\u010dilej\u0161\u00edch projekt\u016f, nechaj\u00ed un\u00e9st svou v\u00e1\u0161n\u00ed pro krej\u010dovstv\u00ed. D\u00edky tomu budou nejen rozv\u00edjet svou kreativitu, ale tak\u00e9 v\u00fdrazn\u011b zlep\u0161\u00ed svou <strong>koordinaci<\/strong> <strong>ruka-oko<\/strong> (tedy <strong>oko-ruka<\/strong>). To v\u0161e jim d\u00e1 p\u0159\u00edle\u017eitost rozv\u00edjet v\u0161estrann\u00e9 dovednosti ji\u017e od \u00fatl\u00e9ho v\u011bku.<\/p>\n<h2>Polsk\u00e9 n\u00e1vody usnadn\u00ed za\u010d\u00e1tek \u0161ic\u00edho dobrodru\u017estv\u00ed<\/h2>\n<p>Sou\u010d\u00e1st\u00ed Mini Blue je samoz\u0159ejm\u011b <strong>n\u00e1vod k pou\u017eit\u00ed<\/strong> v <strong>pol\u0161tin\u011b<\/strong>, kter\u00fd s <strong>ka\u017edou dal\u0161\u00ed str\u00e1nkou uvede va\u0161e d\u00edt\u011b do<\/strong> Kouzeln\u00e9 zem\u011b \u0161it\u00ed. Na jeho str\u00e1nk\u00e1ch se toti\u017e sna\u017e\u00edme <strong>vysv\u011btlit,<\/strong> jak je stroj konstruov\u00e1n, jak funguje a jak\u00fdmi funkcemi jsme ho vybavili. Na posledn\u00edch str\u00e1nk\u00e1ch najdete tak\u00e9 <strong>dvouletou z\u00e1ruku,<\/strong> kter\u00e1 se po\u010d\u00edt\u00e1 ode dne zakoupen\u00ed. <\/p>\n<p>Tak co, nech\u00e1te se p\u0159esv\u011bd\u010dit a vyraz\u00edte se svou ratolest\u00ed do Kouzeln\u00e9 zem\u011b \u0161it\u00ed? Uji\u0161\u0165ujeme v\u00e1s, \u017ee to bude fantastick\u00e9 dobrodru\u017estv\u00ed!<\/p>\n<h2>Spr\u00e1vn\u00e9 ovl\u00e1d\u00e1n\u00ed stroje<\/h2>\n<p>Pro zaji\u0161t\u011bn\u00ed<strong>spr\u00e1vn\u00e9ho<\/strong>   provozu stroje pou\u017e\u00edvejte <span><strong>pouze kovov\u00e9 c\u00edvky se spodn\u00ed nit\u00ed<\/strong><\/span>. Pou\u017e\u00edv\u00e1n\u00ed<strong>plastov\u00fdch<\/strong>  c\u00edvek m\u016f\u017ee v\u00e9st k poru\u0161e funkce nebo dokonce k<strong>po\u0161kozen\u00ed<\/strong> <strong>stroje<\/strong>.<\/p>\n<h2>z\u00e1ruka 24 m\u011bs\u00edc\u016f od dve\u0159\u00ed ke dve\u0159\u00edm<\/h2>\n<p><span>Na strojMini Blue je <\/span><strong>poskytov\u00e1na 24m\u011bs\u00ed\u010dn\u00ed z\u00e1ruka door-to-door <\/strong>. Z\u00e1ruka door-to-door, co\u017e znamen\u00e1, \u017ee pokud se stane n\u011bco, s \u010d\u00edm si sami neporad\u00edte, m\u016f\u017eete si objednat <strong>kur\u00fdra, kter\u00fd<\/strong> <strong>stroj odveze z va\u0161eho domova<\/strong> a po oprav\u011b <strong>v\u00e1m ho p\u0159iveze zp\u011bt<\/strong>. Douf\u00e1me v\u0161ak, \u017ee tuto mo\u017enost nebudete muset vyu\u017e\u00edt.<\/p>\n<p><strong>N\u00e1vod k obsluze v polsk\u00e9m jazyce &#8211; <\/strong> m\u011bli byste<span>si jej p\u0159e\u010d\u00edst p\u0159ed pou\u017eit\u00edm za\u0159\u00edzen\u00ed, abyste bezpe\u010dn\u011b a v souladu se sv\u00fdm ur\u010den\u00edm vyu\u017eili v\u0161echny jeho mo\u017enosti.<\/span><\/p>\n","protected":false},"excerpt":{"rendered":"<p>Mini Blue dobude sv\u011bt \u0161it\u00ed! Tento miniaturn\u00ed \u0161ic\u00ed stroj je mal\u00fd, \u0161ikovn\u00fd a m\u00e1 speci\u00e1ln\u00ed kryt, kter\u00fd ochr\u00e1n\u00ed d\u011btsk\u00e9 prsty. Mimochodem i ty dosp\u011bl\u00e9!<\/p>\n","protected":false},"featured_media":13715,"comment_status":"open","ping_status":"closed","template":"","meta":[],"product_brand":[],"product_cat":[791],"product_tag":[],"class_list":{"0":"post-18209","1":"product","2":"type-product","3":"status-publish","4":"has-post-thumbnail","6":"product_cat-maszyny-do-szycia-tradycyjne","8":"first","9":"outofstock","10":"taxable","11":"shipping-taxable","12":"purchasable","13":"product-type-simple"},"_links":{"self":[{"href":"https:\/\/gltestm.webology.pl\/cs\/wp-json\/wp\/v2\/product\/18209","targetHints":{"allow":["GET"]}}],"collection":[{"href":"https:\/\/gltestm.webology.pl\/cs\/wp-json\/wp\/v2\/product"}],"about":[{"href":"https:\/\/gltestm.webology.pl\/cs\/wp-json\/wp\/v2\/types\/product"}],"replies":[{"embeddable":true,"href":"https:\/\/gltestm.webology.pl\/cs\/wp-json\/wp\/v2\/comments?post=18209"}],"version-history":[{"count":0,"href":"https:\/\/gltestm.webology.pl\/cs\/wp-json\/wp\/v2\/product\/18209\/revisions"}],"wp:featuredmedia":[{"embeddable":true,"href":"https:\/\/gltestm.webology.pl\/cs\/wp-json\/wp\/v2\/media\/13715"}],"wp:attachment":[{"href":"https:\/\/gltestm.webology.pl\/cs\/wp-json\/wp\/v2\/media?parent=18209"}],"wp:term":[{"taxonomy":"product_brand","embeddable":true,"href":"https:\/\/gltestm.webology.pl\/cs\/wp-json\/wp\/v2\/product_brand?post=18209"},{"taxonomy":"product_cat","embeddable":true,"href":"https:\/\/gltestm.webology.pl\/cs\/wp-json\/wp\/v2\/product_cat?post=18209"},{"taxonomy":"product_tag","embeddable":true,"href":"https:\/\/gltestm.webology.pl\/cs\/wp-json\/wp\/v2\/product_tag?post=18209"}],"curies":[{"name":"wp","href":"https:\/\/api.w.org\/{rel}","templated":true}]}}