{"id":18185,"date":"2026-03-18T22:05:30","date_gmt":"2026-03-18T21:05:30","guid":{"rendered":"https:\/\/gltestm.webology.pl\/produkt\/sada-niti-maxi-lucznik-master-craft\/"},"modified":"2026-03-22T21:19:24","modified_gmt":"2026-03-22T20:19:24","slug":"sada-niti-maxi-lucznik-master-craft","status":"publish","type":"product","link":"https:\/\/gltestm.webology.pl\/cs\/produkt\/sada-niti-maxi-lucznik-master-craft\/","title":{"rendered":"Sada nit\u00ed MAXI \u0141ucznik MASTER CRAFT"},"content":{"rendered":"<h2>Klasika do ka\u017ed\u00e9 dom\u00e1cnosti<\/h2>\n<p>Black&amp;White je praktick\u00e1 sada nit\u00ed, kter\u00e1 se bude hodit ka\u017ed\u00e9 \u0161vadlen\u011b pracuj\u00edc\u00ed doma &#8211; a\u0165 u\u017e p\u0159ed\u011bl\u00e1v\u00e1 \u0161atn\u00edk, prov\u00e1d\u00ed rychl\u00e9 opravy nebo vytv\u00e1\u0159\u00ed nov\u00e9 projekty. Sada obsahuje <strong>10 c\u00edvek,<\/strong> po <strong>5<\/strong> <strong>b\u00edl\u00fdch a \u010dern\u00fdch nit\u00edch<\/strong>, tedy v nejuniverz\u00e1ln\u011bj\u0161\u00edch z\u00e1kladn\u00edch barv\u00e1ch.  <\/p>\n<h2>Zaru\u010den\u00e1 kvalita <\/h2>\n<p><strong>Nit\u011b Lucznik Black&amp;White<\/strong> jsou ur\u010deny pro \u0161it\u00ed na <strong>v\u0161ech dom\u00e1c\u00edch stroj\u00edch<\/strong>. Jsou vyrobeny ze <strong>100% polyesteru<\/strong> s vysokou pevnost\u00ed. D\u00edky pou\u017eit\u00fdm materi\u00e1l\u016fm dob\u0159e odol\u00e1vaj\u00ed nam\u00e1h\u00e1n\u00ed vznikaj\u00edc\u00edmu p\u0159i \u0161it\u00ed, ani\u017e by p\u0159edstavovaly riziko n\u00e1hodn\u00e9ho p\u0159etr\u017een\u00ed a nutnosti op\u011btovn\u00e9ho navl\u00e9k\u00e1n\u00ed do stroje.<\/p>\n<p><strong>D\u00e9lka<\/strong> jedn\u00e9 c\u00edvky je <strong>500 m<\/strong> &#8211; va\u0161e pr\u00e1ce tak nebude p\u0159eru\u0161ena ne\u010dekan\u00fdm koncem nit\u011b. D\u016fle\u017eit\u00e9 je, \u017ee d\u00edky origin\u00e1ln\u00ed kroucen\u00e9 struktu\u0159e se na\u0161e <strong>nit\u011b net\u0159ep\u00ed<\/strong> a <strong>ne\u017emolkuj\u00ed<\/strong>. <strong>Hladk\u00fd \u00faplet<\/strong> umo\u017e\u0148uje voln\u00e9 provl\u00e9k\u00e1n\u00ed nit\u00ed v\u0161emi vod\u00edtky, d\u00edky \u010demu\u017e je pr\u00e1ce mimo\u0159\u00e1dn\u011b plynul\u00e1. Ka\u017ed\u00e1 c\u00edvka je navinuta na tenk\u00e9 plastov\u00e9 c\u00edvce s praktick\u00fdmi z\u00e1kladnami na obou stran\u00e1ch.<\/p>\n<p>Bezpe\u010dnost v\u00fdrobk\u016f, kter\u00e9 p\u0159ich\u00e1zej\u00ed do styku s na\u0161\u00edm t\u011blem, je pro n\u00e1s velmi d\u016fle\u017eit\u00e1. Proto jsou na\u0161e nit\u011b vyrobeny z <strong>hypoalergenn\u00edho materi\u00e1lu<\/strong> a jsou vytvo\u0159eny <strong>bez pou\u017eit\u00ed jedovat\u00fdch a dr\u00e1\u017ediv\u00fdch chemik\u00e1li\u00ed<\/strong>. D\u00edky tomu jsou projekty \u0161it\u00e9 na\u0161imi nit\u011bmi <strong>bezpe\u010dn\u00e9 pro<\/strong> <strong>zdrav\u00ed<\/strong> va\u0161e i va\u0161ich bl\u00edzk\u00fdch a z\u00e1rove\u0148 \u0161etrn\u00e9 k citliv\u00e9 poko\u017ece alergik\u016f. <\/p>\n<h2>\u0160irok\u00e9 pou\u017eit\u00ed <\/h2>\n<p>Krom\u011b \u0161it\u00ed na stroji se <strong>sada nit\u00ed Lucznik Black&amp;White<\/strong> skv\u011ble hod\u00ed k <strong>ru\u010dn\u00edmu<\/strong> \u0161it\u00ed, <strong>oprav\u00e1m<\/strong> a <strong>vy\u0161\u00edv\u00e1n\u00ed<\/strong>. Skv\u011ble v\u00e1m pom\u016f\u017ee p\u0159i rychl\u00fdch \u00faprav\u00e1ch nebo oprav\u00e1ch od\u011bv\u016f. Sada 10 b\u00edl\u00fdch a \u010dern\u00fdch c\u00edvek je z\u00e1kladn\u00ed sadou, kterou by m\u011bla m\u00edt ka\u017ed\u00e1 \u0161vadlena po ruce. <\/p>\n<p><img decoding=\"async\" src=\"\/data\/include\/cms\/nici\/blackampwhite.jpg\" alt=\"nici czarne bia\u0142e \u0142ucznik\" width=\"1000\" \/><\/p>\n","protected":false},"excerpt":{"rendered":"<p>Dokon\u010dete ka\u017ed\u00fd projekt s p\u0159esnost\u00ed, kterou si zaslou\u017e\u00ed. Sada nit\u00ed Master Craft MAXI obsahuje 10 c\u00edvek nit\u00ed o n\u00e1vinu 500 m, vytvo\u0159en\u00fdch speci\u00e1ln\u011b pro stroje \u0159ady Master Craft.<\/p>\n","protected":false},"featured_media":13832,"comment_status":"open","ping_status":"closed","template":"","meta":[],"product_brand":[],"product_cat":[711],"product_tag":[],"class_list":{"0":"post-18185","1":"product","2":"type-product","3":"status-publish","4":"has-post-thumbnail","6":"product_cat-nici-do-maszyn","8":"first","9":"instock","10":"taxable","11":"shipping-taxable","12":"purchasable","13":"product-type-simple"},"_links":{"self":[{"href":"https:\/\/gltestm.webology.pl\/cs\/wp-json\/wp\/v2\/product\/18185","targetHints":{"allow":["GET"]}}],"collection":[{"href":"https:\/\/gltestm.webology.pl\/cs\/wp-json\/wp\/v2\/product"}],"about":[{"href":"https:\/\/gltestm.webology.pl\/cs\/wp-json\/wp\/v2\/types\/product"}],"replies":[{"embeddable":true,"href":"https:\/\/gltestm.webology.pl\/cs\/wp-json\/wp\/v2\/comments?post=18185"}],"version-history":[{"count":0,"href":"https:\/\/gltestm.webology.pl\/cs\/wp-json\/wp\/v2\/product\/18185\/revisions"}],"wp:featuredmedia":[{"embeddable":true,"href":"https:\/\/gltestm.webology.pl\/cs\/wp-json\/wp\/v2\/media\/13832"}],"wp:attachment":[{"href":"https:\/\/gltestm.webology.pl\/cs\/wp-json\/wp\/v2\/media?parent=18185"}],"wp:term":[{"taxonomy":"product_brand","embeddable":true,"href":"https:\/\/gltestm.webology.pl\/cs\/wp-json\/wp\/v2\/product_brand?post=18185"},{"taxonomy":"product_cat","embeddable":true,"href":"https:\/\/gltestm.webology.pl\/cs\/wp-json\/wp\/v2\/product_cat?post=18185"},{"taxonomy":"product_tag","embeddable":true,"href":"https:\/\/gltestm.webology.pl\/cs\/wp-json\/wp\/v2\/product_tag?post=18185"}],"curies":[{"name":"wp","href":"https:\/\/api.w.org\/{rel}","templated":true}]}}