{"id":18181,"date":"2026-03-18T22:05:30","date_gmt":"2026-03-18T21:05:30","guid":{"rendered":"https:\/\/gltestm.webology.pl\/produkt\/sici-stroj-marilyn-2018-hd-2\/"},"modified":"2026-03-22T21:19:23","modified_gmt":"2026-03-22T20:19:23","slug":"sici-stroj-marilyn-2018-hd-2","status":"publish","type":"product","link":"https:\/\/gltestm.webology.pl\/cs\/produkt\/sici-stroj-marilyn-2018-hd-2\/","title":{"rendered":"\u0160ic\u00ed stroj Marilyn 2018 HD"},"content":{"rendered":"<h2><strong>\u0160ic\u00ed stroj Marilyn 2018<\/strong> &#8211; jednoduch\u00e1 obsluha, spolehliv\u00fd provoz<\/h2>\n<p>P\u0159edstavujeme v\u00e1m jedine\u010dn\u00fd, unik\u00e1tn\u00ed a p\u016fvabn\u00fd \u0161ic\u00ed stroj <strong>Marilyn HD 2018<\/strong>, ale nenechte se zm\u00e1st jeho okouzluj\u00edc\u00edm vzhledem! Marilyn je stroj s &#8222;v\u00fdkonem&#8220;, kter\u00e9mu m\u016f\u017eete bez obav sv\u011b\u0159it v\u0161echny druhy materi\u00e1l\u016f, od <strong>jemn\u00e9ho hedv\u00e1b\u00ed a\u017e po tuhou d\u017e\u00ednovinu<\/strong>. <\/p>\n<h2>Kl\u00ed\u010dov\u00e9 vlastnosti<\/h2>\n<ul>\n<li><strong>99 steh\u016f<\/strong> (rovn\u00fd, <strong>overlockov\u00fd<\/strong>, klikat\u00fd, troj\u00faheln\u00edkov\u00fd, trikotov\u00fd, <strong>elastick\u00fd<\/strong>, sat\u00e9nov\u00fd, kryt\u00fd ozdobn\u00fd a mnoho dal\u0161\u00edch)<\/li>\n<li><strong>automatick\u00e9 \u0161it\u00ed<\/strong> (tla\u010d\u00edtko START\/STOP)<\/li>\n<li>nastaviteln\u00e1<strong>rychlost \u0161it\u00ed <\/strong>  (jezdec, patka), <\/li>\n<li>automatick\u00e9  zapo\u0161it\u00ed knofl\u00edkov\u00e9 <strong>d\u00edrky<\/strong> <\/li>\n<li>automatick\u00e9 <strong>nav\u00edjen\u00ed<\/strong> nit\u011b na c\u00edvku <\/li>\n<li>automatick\u00e9<strong> navl\u00e9k\u00e1n\u00ed jehly<\/strong><\/li>\n<li>automatick\u00e9<strong> zved\u00e1n\u00ed a spou\u0161t\u011bn\u00ed<\/strong> jehly<\/li>\n<li>automatick\u00e1<strong> aretace<\/strong><\/li>\n<li><strong>vysok\u00e9 <\/strong>zvednut\u00ed patky<\/li>\n<li>zp\u011btn\u00e9 \u0161it\u00ed<strong>(tla\u010d\u00edtko<\/strong>)<\/li>\n<li>regulace nap\u011bt\u00ed nit\u011b<\/li>\n<li>mo\u017enost \u00fapravy stehu (d\u00e9lka, \u0161\u00ed\u0159ka)<\/li>\n<li>mo\u017enost \u0161it\u00ed <strong>dvojjehlou<\/strong><\/li>\n<li>voln\u00e9 rameno<\/li>\n<li>funkce<strong> upozorn\u011bn\u00ed<\/strong><\/li>\n<li><strong>lED osv\u011btlen\u00ed<\/strong><\/li>\n<\/ul>\n<h2>Vybaven\u00ed v cen\u011b<\/h2>\n<ul>\n<li><strong>univerz\u00e1ln\u00ed<\/strong> patka (upevn\u011bn\u00e1 na stroji)<\/li>\n<li>patka pro \u0161it\u00ed<strong>knofl\u00edkov\u00e9 d\u00edrky<\/strong> <\/li>\n<li>patka pro \u0161it\u00ed<strong>knofl\u00edk\u016f<\/strong> <\/li>\n<li>patka pro \u0161it\u00ed <strong>zip\u016f<\/strong><\/li>\n<li>patka pro<strong>sat\u00e9nov\u00fd<\/strong> steh<\/li>\n<li><strong>prujka<\/strong><\/li>\n<li>pr\u016fvodce pro\u0161\u00edv\u00e1n\u00edm<\/li>\n<li><strong>n\u00e1hradn\u00ed jehly 90 (3)<\/strong><\/li>\n<li><strong>n\u00e1hradn\u00ed c\u00edvky (3)<\/strong><\/li>\n<li>velk\u00fd kryt c\u00edvky<\/li>\n<li>mal\u00e1 c\u00edvka<\/li>\n<li>kryt proti prachu<\/li>\n<li>\u0161roubov\u00e1k<\/li>\n<li>plst\u011bn\u00e9 podlo\u017eky pro \u010dep c\u00edvky<\/li>\n<li>p\u0159\u00eddavn\u00fd kol\u00edk c\u00edvky<\/li>\n<\/ul>\n<h2>99 steh\u016f do a plynule nastaviteln\u00e1 d\u00e9lka a \u0161\u00ed\u0159ka stehu<\/h2>\n<p>Co v\u0161echno <strong>Marilyn HD 2018<\/strong> um\u00ed? M\u00e1 ve sv\u00e9 pam\u011bti naprogramov\u00e1no <strong>99<\/strong> steh\u016f spolu s jejich jednotliv\u00fdmi standardn\u00edmi parametry, tak\u017ee se nemus\u00edme starat o programov\u00e1n\u00ed nastaven\u00ed stroje poka\u017ed\u00e9, kdy\u017e zm\u011bn\u00edme zp\u016fsob \u0161it\u00ed. \u017d\u00e1dn\u00e9 man\u00e9vrov\u00e1n\u00ed s \u010d\u00edseln\u00edky &#8211; d\u00edky tomu je ide\u00e1ln\u00ed pro m\u00e9n\u011b zasv\u011bcen\u00e9 a \u00fapln\u00e9 za\u010d\u00e1te\u010dn\u00edky.<\/p>\n<p>Kdy\u017e v\u0161ak chcete zm\u011bnit standardn\u00ed nastaven\u00ed pro konkr\u00e9tn\u00ed materi\u00e1l, se kter\u00fdm budete pracovat, stroj v\u00e1m umo\u017en\u00ed p\u0159esn\u00e9 a <strong>nekone\u010dn\u00e9 nastaven\u00ed<\/strong> ka\u017ed\u00e9ho z parametr\u016f \u0161it\u00ed &#8211; v\u010detn\u011b <strong>d\u00e9lky a \u0161\u00ed\u0159ky stehu<\/strong>. Nastaven\u00ed<span>se vol\u00ed zad\u00e1n\u00edm p\u0159\u00edslu\u0161n\u00fdch hodnot na p\u0159ehledn\u00e9m <\/span><strong>elektronick\u00e9m displeji<\/strong><span>. Navzdory zd\u00e1n\u00ed &#8211; je to d\u011btsk\u00e1 hra!<\/span><\/p>\n<h2><span>Automatick\u00e9 \u0161it\u00ed s plynulou regulac\u00ed rychlosti<\/span><\/h2>\n<p>Na rozd\u00edl od tradi\u010dn\u00edch mechanick\u00fdch stroj\u016f umo\u017e\u0148uje Marilyn ovl\u00e1d\u00e1n\u00ed nejen prost\u0159ednictv\u00edm p\u0159ilo\u017een\u00e9ho <strong>no\u017en\u00edho ovlada\u010de<\/strong>,<span> ale tak\u00e9 prost\u0159ednictv\u00edm <\/span><strong>tla\u010d\u00edtka START\/STOP<\/strong><span>v krytu, co\u017e je pro mnoho lid\u00ed pohodln\u011bj\u0161\u00ed<\/span><span>. Je to tak trochu, jako by stroj &#8222;\u0161il s\u00e1m&#8220; &#8211; stiskneme START a je to, \u0161ijeme. <\/span><\/p>\n<p><span>Nav\u00edc <\/span><strong>Marilyn HD 2018<\/strong><span> umo\u017e\u0148uje ru\u010dn\u011b <\/span><strong>nastavit rychlost \u0161it\u00ed<\/strong><span> d\u00edky p\u0159ehledn\u00e9mu posuvn\u00edku. Pokud m\u00e1 \u0161ic\u00ed stroj obsluhovat m\u00e9n\u011b zku\u0161en\u00e1 osoba nebo \u0161ijeme obzvl\u00e1\u0161\u0165 slo\u017eit\u00fd kus, m\u016f\u017eeme jednodu\u0161e posunout jezdec doleva, aby se jehla co nejv\u00edce zpomalila. Naopak, pokud chceme rychlost \u0161it\u00ed zv\u00fd\u0161it, sta\u010d\u00ed posunout jezdec doprava. P\u0159i \u0161it\u00ed v\u011bt\u0161\u00edch ploch l\u00e1tky (nap\u0159\u00edklad l\u016f\u017ekovin nebo z\u00e1clon) m\u016f\u017eeme jednodu\u0161e nastavit stroj na ur\u010ditou rychlost \u0161it\u00ed, zapnout automatick\u00e9 \u0161it\u00ed a kontrolovat pouze to, aby steh b\u011b\u017eel rovn\u011b po ur\u010den\u00e9 linii.<\/span><\/p>\n<h2><span>Funk\u010dn\u00ed tla\u010d\u00edtka usnad\u0148uj\u00edc\u00ed \u0161it\u00ed<\/span><\/h2>\n<p><span>Obrovskou v\u00fdhodou \u0161ic\u00edho stroje <strong>Marilyn<\/strong> jsou <strong>funk\u010dn\u00ed tla\u010d\u00edtka,<\/strong><span> kter\u00e1 v\u00e1m zp\u0159\u00edjemn\u00ed pr\u00e1ci p\u0159i \u0161it\u00ed a z\u00e1rove\u0148 u\u0161et\u0159\u00ed \u010das. <\/span><\/span><\/p>\n<ul>\n<li><span>Pln\u011b <\/span><strong>automatick\u00e9 blokovac\u00ed <\/strong><span>tla\u010d\u00edtko<\/span>, kter\u00e9<span> umo\u017e\u0148uje zapo\u0161it\u00ed za\u010d\u00e1tku a konce stehu, aby se zabr\u00e1nilo jeho p\u0159etr\u017een\u00ed. Nen\u00ed t\u0159eba prov\u00e1d\u011bt &#8222;\u0161roubov\u00e1n\u00ed&#8220; na za\u010d\u00e1tku i na konci \u0161it\u00ed pro uzam\u010den\u00ed stehu. Sta\u010d\u00ed stisknout tla\u010d\u00edtko a stroj kdykoli automaticky zacykl\u00ed.<\/span><\/li>\n<li><span><span>Tla\u010d\u00edtko <strong>automatick\u00e9ho zdvihu jehly <\/strong>naopak umo\u017e\u0148uje <span>naprogramovat stroj tak, aby v\u017edy dokon\u010dil \u0161it\u00ed se zdvi\u017eenou jehlou nebo zap\u00edchnutou v l\u00e1tce. U\u017e nikdy se v\u00e1m nestane, \u017ee byste p\u0159ed v\u00fdm\u011bnou stehu zapomn\u011bli zvednout jehlu. Po skon\u010den\u00ed \u0161it\u00ed tak\u00e9 nemus\u00edte man\u00e9vrovat s ru\u010dn\u00edm kole\u010dkem.<\/span><\/span><\/span><\/li>\n<li>Kdy\u017e pot\u0159ebujete vypnout transport l\u00e1tky (nap\u0159\u00edklad p\u0159i \u0161it\u00ed knofl\u00edku nebo vy\u0161\u00edv\u00e1n\u00ed), m\u016f\u017eete jednodu\u0161e zasunout zuby dopravn\u00edku posunut\u00edm speci\u00e1ln\u00edho <strong>spodn\u00edho transportn\u00edho sp\u00edna\u010de<\/strong> stroje.<\/li>\n<li><span><span>Pro za\u010d\u00e1te\u010dn\u00edky, kter\u00fdm se p\u0159i \u0161it\u00ed \u010dasto p\u0159etrhne nit, a pro osoby se \u0161patn\u00fdm zrakem nebo sn\u00ed\u017eenou obratnost\u00ed rukou bude funkce <strong>automatick\u00e9ho navl\u00e9k\u00e1n\u00ed nit\u011b<\/strong> na jehlu stroje nepostradateln\u00e1. Nemus\u00edte m\u00ed\u0159it na o\u010dko, rozhodn\u011b v\u00e1m usnadn\u00ed \u017eivot, u\u0161et\u0159\u00ed \u010das i nervy!<\/span><\/span><\/li>\n<\/ul>\n<h2><span><strong>P\u0159ehledn\u00fd seznam dostupn\u00fdch steh\u016f<\/strong><\/span><\/h2>\n<p><span><strong>Marilyn HD 2018<\/strong> v\u00e1m d\u00e1v\u00e1 mo\u017enost ovl\u00e1dat \u0161irokou \u0161k\u00e1lu dekorativn\u00edch steh\u016f, steh\u016f a ornament\u016f. Jen se pod\u00edvejte, kolik kr\u00e1sy v sob\u011b skr\u00fdv\u00e1! Nebojte se, \u017ee se v nich ztrat\u00edte <span>&#8211; p\u0159ipravili jsme pro v\u00e1s speci\u00e1ln\u00ed<\/span><strong>&#8222;v\u00fdsuvn\u00fd&#8220;<\/strong> <span>  obsahuj\u00edc\u00ed tematicky seskupen\u00e9 stehy s jejich \u010d\u00edsly a ilustracemi<\/span>.<span>lze jej pohodln\u011b p\u0159ipevnit na horn\u00ed stranu stroje, p\u0159\u00edmo ve v\u00fd\u0161ce va\u0161ich o\u010d\u00ed, nebo vyt\u00e1hnout podle pot\u0159eby.<\/span><\/span><\/p>\n<h2>Tich\u00fd provoz d\u00edky rota\u010dn\u00edmu chapa\u010di<\/h2>\n<p><span><span><strong>Marilyn HD 2018<\/strong> m\u00e1 \u0161pi\u010dkov\u00fd <strong>rota\u010dn\u00ed<\/strong> ch<\/span><\/span>apa\u010d,<span><span><span> kter\u00fd na rozd\u00edl od \u010dlunkov\u00e9ho chapa\u010de umo\u017e\u0148uje<\/span><\/span><\/span> <span><span><strong>ti\u0161\u0161\u00ed provoz<\/strong><\/span><\/span> <span><span><span>a snadn\u011bj\u0161\u00ed upevn\u011bn\u00ed spodn\u00ed c\u00edvky v bubnu stroje. P\u0159es <strong>pr\u016fhledn\u00fd kryt bubnu<\/strong> m\u016f\u017eete kdykoli sledovat mno\u017estv\u00ed nit\u011b zb\u00fdvaj\u00edc\u00ed na spodn\u00ed c\u00edvce stroje. Ji\u017e nikdy v\u00e1s nep\u0159ekvap\u00ed n\u00e1hl\u00fd konec stehu a doch\u00e1zej\u00edc\u00ed nit v nejm\u00e9n\u011b vhodnou chv\u00edli. <\/span><\/span><\/span><\/p>\n<h2><span><span><span>Automatick\u00e9 funkce a modern\u00ed LED osv\u011btlen\u00ed<\/span><\/span><\/span><\/h2>\n<p><span><span><span> <strong>Marilyn<\/strong> samoz\u0159ejm\u011b disponuje i funkcemi a vymo\u017eenostmi, kter\u00e9 jsou vhodn\u00e9 pro stroje ni\u017e\u0161\u00ed t\u0159\u00eddy, ne\u017e je on<\/span><\/span><\/span>, jako je <span><span><span><strong>LED<\/strong> <span>osv\u011btlen\u00ed<\/span><\/span><\/span><\/span> <span><span><span><span>nad pracovn\u00ed plochou<\/span><\/span><\/span><\/span>, <span><span><span><strong>automatick\u00e9<\/strong><strong>ob\u0161\u00edv\u00e1n\u00ed<\/strong><strong>knofl\u00edkov\u00fdch d\u00edrek<\/strong><\/span><\/span><\/span> <span><span><span><span>pro knofl\u00edky nebo<\/span><\/span><\/span><\/span> <span><span><span><strong>zp\u011btn\u00e9 \u0161it\u00ed.<\/strong><\/span><\/span><\/span> <span><span><span><span>V\u00fdsuvn\u00fd z\u00e1sobn\u00edk stroje pojme sadu pot\u0159ebn\u00e9ho<\/span><\/span><\/span><\/span> <span><span><span><strong>\u0161ic\u00edho <\/strong>p\u0159\u00edslu\u0161enstv\u00ed a<strong> \u00fadr\u017ebu<\/strong> stroje<\/span><\/span><\/span>. <\/p>\n<h2>Kovov\u00e9 sou\u010d\u00e1sti stroje<\/h2>\n<p><span>T\u011blo a drobn\u00e9 sou\u010d\u00e1sti stroje <\/span><span> <strong>Marilyn HD 2018<\/strong> byly vyrobeny z <\/span><strong>modern\u00edch kovov\u00fdch slitin<\/strong>, jejich\u017e<span> vlastnosti odpov\u00eddaj\u00ed podm\u00ednk\u00e1m, ve kter\u00fdch tyto sou\u010d\u00e1sti pracuj\u00ed nebo by mohly b\u00fdt potenci\u00e1ln\u011b vystaveny. Uvnit\u0159 se nach\u00e1z\u00ed tak\u00e9 z\u00e1kladn\u00ed deska s kabel\u00e1\u017e\u00ed &#8211; stejn\u011b jako v po\u010d\u00edta\u010di. To umo\u017e\u0148uje za\u0159\u00edzen\u00ed ovl\u00e1dat pomoc\u00ed tla\u010d\u00edtek a zobrazovat informace na obrazovce.<\/span><\/p>\n<p><span><span><span>Vnit\u0159n\u00ed <\/span><\/span><\/span><strong>kovov\u00e9 sou\u010d\u00e1sti<\/strong> p\u0159\u00edstroje<strong>Marilynjsou<\/strong><span>uzav\u0159eny v <strong>lehk\u00e9m pouzd\u0159e<\/strong><\/span> z<span>polykarbon\u00e1tu, kter\u00e9 kombinuje ochranu mechanismu s n\u00edzkou hmotnost\u00ed. D\u00edky tomu lze za\u0159\u00edzen\u00ed snadno p\u0159en\u00e1\u0161et z m\u00edsta na m\u00edsto nebo jej po skon\u010den\u00ed pr\u00e1ce ulo\u017eit (nap\u0159\u00edklad do sk\u0159\u00edn\u011b).<\/span><\/p>\n<h2><span><strong>z\u00e1ruka 24 m\u011bs\u00edc\u016f<\/strong><\/span><\/h2>\n<p><span><strong>Marilyn HD 2018<\/strong> se dod\u00e1v\u00e1 s dvouletou z\u00e1rukou. <\/span> Strojek<span>je dod\u00e1v\u00e1n <\/span> s<strong>p\u0159\u00edstupn\u011b napsan\u00fdm n\u00e1vodem<\/strong> v<span><span> pol\u0161tin\u011b a angli\u010dtin\u011b, kter\u00fd <\/span><\/span> je<span>ur\u010den k sezn\u00e1men\u00ed se strojem a umo\u017en\u00ed v\u00e1m pln\u011b vyu\u017e\u00edvat jeho mo\u017enosti. P\u0159ipom\u00edn\u00e1me, \u017ee je nejlep\u0161\u00ed do n\u011bj nahl\u00e9dnout, ne\u017e za\u010dnete \u0161\u00edt.<\/span><\/p>\n<p><span>Ulo\u017eit<\/span><\/p>\n<h2>\u00dadr\u017eba \u0161ic\u00edho stroje. Krok za krokem.<\/h2>\n","protected":false},"excerpt":{"rendered":"<p>V\u00fdkonn\u00fd elektronick\u00fd stroj vybaven\u00fd 99 stehy, automatick\u00fdm z\u00e1mkem konce stehu, programov\u00e1n\u00edm polohy jehly a automatick\u00fdm \u0161it\u00edm. Pod\u00edvejte se na jeho kr\u00e1su, poci\u0165te jeho s\u00edlu!<\/p>\n","protected":false},"featured_media":13095,"comment_status":"open","ping_status":"closed","template":"","meta":[],"product_brand":[],"product_cat":[791],"product_tag":[],"class_list":{"0":"post-18181","1":"product","2":"type-product","3":"status-publish","4":"has-post-thumbnail","6":"product_cat-maszyny-do-szycia-tradycyjne","8":"first","9":"instock","10":"taxable","11":"shipping-taxable","12":"purchasable","13":"product-type-simple"},"_links":{"self":[{"href":"https:\/\/gltestm.webology.pl\/cs\/wp-json\/wp\/v2\/product\/18181","targetHints":{"allow":["GET"]}}],"collection":[{"href":"https:\/\/gltestm.webology.pl\/cs\/wp-json\/wp\/v2\/product"}],"about":[{"href":"https:\/\/gltestm.webology.pl\/cs\/wp-json\/wp\/v2\/types\/product"}],"replies":[{"embeddable":true,"href":"https:\/\/gltestm.webology.pl\/cs\/wp-json\/wp\/v2\/comments?post=18181"}],"version-history":[{"count":0,"href":"https:\/\/gltestm.webology.pl\/cs\/wp-json\/wp\/v2\/product\/18181\/revisions"}],"wp:featuredmedia":[{"embeddable":true,"href":"https:\/\/gltestm.webology.pl\/cs\/wp-json\/wp\/v2\/media\/13095"}],"wp:attachment":[{"href":"https:\/\/gltestm.webology.pl\/cs\/wp-json\/wp\/v2\/media?parent=18181"}],"wp:term":[{"taxonomy":"product_brand","embeddable":true,"href":"https:\/\/gltestm.webology.pl\/cs\/wp-json\/wp\/v2\/product_brand?post=18181"},{"taxonomy":"product_cat","embeddable":true,"href":"https:\/\/gltestm.webology.pl\/cs\/wp-json\/wp\/v2\/product_cat?post=18181"},{"taxonomy":"product_tag","embeddable":true,"href":"https:\/\/gltestm.webology.pl\/cs\/wp-json\/wp\/v2\/product_tag?post=18181"}],"curies":[{"name":"wp","href":"https:\/\/api.w.org\/{rel}","templated":true}]}}