{"id":18165,"date":"2026-03-18T22:05:29","date_gmt":"2026-03-18T21:05:29","guid":{"rendered":"https:\/\/gltestm.webology.pl\/produkt\/sici-stroj-lucznik-lena-2019-2\/"},"modified":"2026-03-22T21:19:18","modified_gmt":"2026-03-22T20:19:18","slug":"sici-stroj-lucznik-lena-2019-2","status":"publish","type":"product","link":"https:\/\/gltestm.webology.pl\/cs\/produkt\/sici-stroj-lucznik-lena-2019-2\/","title":{"rendered":"\u0160ic\u00ed stroj Lucznik Lena 2019"},"content":{"rendered":"<h2>Mini \u0161ic\u00ed stroj pro d\u011bti Lucznik Lena 2019<\/h2>\n<p>Se \u0161it\u00edm je to jako s j\u00edzdou na kole &#8211; n\u011bkdo n\u00e1s to jednou mus\u00ed nau\u010dit, abychom se z t\u00e9to dovednosti mohli t\u011b\u0161it cel\u00fd \u017eivot. V\u0161ichni si pamatujeme kouzlo okam\u017eiku, kdy jsme pod bedliv\u00fdm dohledem rodi\u010d\u016f poprv\u00e9 polo\u017eili nohy na ped\u00e1ly a t\u0159esouc\u00edma se rukama uchopili \u0159\u00edd\u00edtka. Jeden, dva, t\u0159i pokusy a&#8230; \u00fasp\u011bch!<\/p>\n<p>To je p\u0159\u00edklad ze \u017eivota, kter\u00fd n\u00e1m ukazuje, \u017ee d\u011btsk\u00e1 <strong>tvo\u0159ivost<\/strong> a <strong>touha po pozn\u00e1n\u00ed<\/strong> batolat pot\u0159ebuje na\u0161i podporu jen na za\u010d\u00e1tku, aby pozd\u011bji rozt\u00e1hla k\u0159\u00eddla. <a href=\"https:\/\/galerialucznik.pl\/pl\/menu\/dla-dzieci\/maszyny-dla-dzieci\/maszyny-do-szycia-724.html\" target=\"_blank\" rel=\"noopener\"><strong>Miniaturn\u00ed stroj<\/strong><\/a> Lucznik Lena 2019 je pro <strong>mal\u00e9ho nad\u0161ence do \u0161it\u00ed<\/strong> t\u00edm, \u010d\u00edm jsou p\u0159\u00eddavn\u00e1 kole\u010dka pro za\u010d\u00ednaj\u00edc\u00edho cyklistu. Poskytuj\u00ed pomoc p\u0159i prvn\u00edch kroc\u00edch v nov\u00e9m a vzru\u0161uj\u00edc\u00edm oboru.<\/p>\n<h2>Nejd\u016fle\u017eit\u011bj\u0161\u00ed vlastnosti \u0161ic\u00edho stroje Lena 2019<\/h2>\n<ul>\n<li><strong>16 \u0161ic\u00edch program\u016f<\/strong><\/li>\n<li><strong>mal\u00e9<\/strong> rozm\u011bry, <strong>n\u00edzk\u00e1<\/strong> hmotnost<\/li>\n<li>velmi <strong>jednoduch\u00e9 ovl\u00e1d\u00e1n\u00ed <\/strong><strong>(jeden knofl\u00edk pro zm\u011bnu steh\u016f<\/strong>)<\/li>\n<li>stehy: rovn\u00fd, klikat\u00fd, kryt\u00fd<\/li>\n<li><strong>zp\u011btn\u00e9<\/strong> \u0161it\u00ed<\/li>\n<li>automatick\u00fd re\u017eim \u0161it\u00ed (bez patky, s posuvn\u00edkem)<\/li>\n<li><strong>automatick\u00e9<\/strong> nav\u00edjen\u00ed nit\u011b na c\u00edvku<\/li>\n<li>nastaven\u00ed nap\u011bt\u00ed nit\u011b<\/li>\n<li>rota\u010dn\u00ed chapa\u010d<strong>(snadn\u00e9 vkl\u00e1d\u00e1n\u00ed c\u00edvky<\/strong>)<\/li>\n<li>funkce<strong>knofl\u00edkov\u00e9 d\u00edrky<\/strong> <\/li>\n<li><strong>lED<\/strong> osv\u011btlen\u00ed<\/li>\n<li>matick\u00e1 rukoje\u0165 &#8211; mo\u017enost pou\u017eit\u00ed <strong>nacvak\u00e1vac\u00edch no\u017ei\u010dek<\/strong><\/li>\n<li>vestav\u011bn\u00e1 <strong>z\u00e1suvka na<\/strong> p\u0159\u00edslu\u0161enstv\u00ed<\/li>\n<\/ul>\n<h2> Standardn\u00ed v\u00fdbava<\/h2>\n<ul>\n<li>patka pro knofl\u00edkovou <strong>d\u00edrku<\/strong> <\/li>\n<li><strong>univerz\u00e1ln\u00ed<\/strong> patka pro knofl\u00edkovou d\u00edrku<\/li>\n<li><strong>chr\u00e1ni\u010de prst\u016f<\/strong><\/li>\n<li>n\u00e1hradn\u00ed <strong>jehla<\/strong><\/li>\n<li>c\u00edvka na nit 2 ks<\/li>\n<li>\u010dern\u00e1 nit<\/li>\n<li>b\u00edl\u00e1 nit<\/li>\n<li>navl\u00e9ka\u010d jehly<\/li>\n<li>nap\u00e1jec\u00ed zdroj 6 V 1200 mA + patn\u00ed regul\u00e1tor<\/li>\n<li><strong>p\u0159\u00edstupn\u00fd manu\u00e1l<\/strong> v pol\u0161tin\u011b<\/li>\n<\/ul>\n<h2>Lena je bezpe\u010dnost a s radost\u00ed se u\u010d\u00ed \u0161\u00edt od nuly<\/h2>\n<p>Nejd\u016fle\u017eit\u011bj\u0161\u00ed <strong>vymo\u017eenost\u00ed<\/strong>, kterou \u0161ic\u00ed stroj Lena nab\u00edz\u00ed, je <strong>ochrana p\u0159ed p\u00edchnut\u00edm mal\u00fdch prst\u00edk\u016f<\/strong> p\u0159i u\u010den\u00ed \u0161it\u00ed. Abychom ochr\u00e1nili d\u011btsk\u00e9 ruce v okol\u00ed zap\u00edchnut\u00e9 jehly, nainstalovali jsme <strong>speci\u00e1ln\u00ed chr\u00e1ni\u010d<\/strong>, tak\u017ee <strong>se<\/strong> jako rodi\u010d <strong>nemus\u00edte b\u00e1t<\/strong> o zdrav\u00ed sv\u00e9ho d\u00edt\u011bte b\u011bhem spole\u010dn\u00fdch lekc\u00ed, jak se strojem zach\u00e1zet. <\/p>\n<p>Krom\u011b toho je na boku stroje um\u00edst\u011bn <strong>odst\u0159ihova\u010d nit\u00ed v podob\u011b \u0161t\u011brbiny<\/strong>, do kter\u00e9 m\u016f\u017eete vlo\u017eit nit a odst\u0159ihnout ji na po\u017eadovanou d\u00e9lku. \u0158eza\u010dka je na stroji Lenie 2019 <strong>chr\u00e1n\u011bna speci\u00e1ln\u00edm krytem, kter\u00fd zabra\u0148uje jej\u00edmu dotyku<\/strong>.<\/p>\n<h2>Se \u0161ic\u00edm strojem Lucznik Lena 2019 nebylo \u0161it\u00ed nikdy jednodu\u0161\u0161\u00ed!<\/h2>\n<p>Va\u0161e prvn\u00ed \u0161ic\u00ed projekty se \u0161ic\u00edm strojem Lucznik Lena se prom\u011bn\u00ed v ka\u0161i s ml\u00e9kem. A to d\u00edky p\u0159\u00edv\u011btiv\u00e9mu designu miniaturn\u00edho stroje Lucznik, kter\u00fd umo\u017e\u0148uje<strong> snadn\u00e9 nastaven\u00ed \u0161it\u00ed<\/strong> &#8211; od rovn\u00fdch steh\u016f a\u017e po klikat\u00e9. Jejich zm\u011bnu zde m\u00e1 na starosti pouze <strong>jeden knofl\u00edk<\/strong> a typy steh\u016f jsou na t\u011ble stroje ozna\u010deny <strong>n\u00e1kresy<\/strong> a <strong>\u010d\u00edsly<\/strong>.<\/p>\n<p>\u0160ic\u00ed stroj Lucznik Lena 2019 m\u016f\u017ee stejn\u011b dob\u0159e pracovat i bez no\u017en\u00edho ovlada\u010de. <strong>Automatick\u00fd provoz<\/strong> funguje u na\u0161eho stroje ve <strong>dvou<\/strong> re\u017eimech &#8211; <strong>pomalej\u0161\u00edm<\/strong> a <strong>st\u0159edn\u011b rychl\u00e9m<\/strong>. D\u00edky tomu se mal\u00e1 ratolest nau\u010d\u00ed nejprve sama pou\u017e\u00edvat nastaven\u00ed a pak z\u00e1rove\u0148 mal\u00fdm ped\u00e1lem regulovat rychlost \u0161it\u00ed.<\/p>\n<h2>Lehk\u00fd stroj vytvo\u0159en\u00fd s ohledem na ty nejmen\u0161\u00ed<\/h2>\n<p>Miniaturn\u00ed v\u00fdrobek zna\u010dky Lucznik se vyzna\u010duje <strong>lehkou konstrukc\u00ed<\/strong> a snadn\u00fdm skladov\u00e1n\u00edm. D\u00edky pohodln\u00e9 <strong>rukojeti<\/strong> nav\u00edc m\u016f\u017eete stroj p\u0159en\u00e1\u0161et tam, kde budete \u0161\u00edt nejpohodln\u011bji. A kdy\u017e u\u017e jsme u toho pohodl\u00ed &#8211; na\u0161e Lena m\u00e1<strong> vestav\u011bnou z\u00e1suvku na<\/strong> nezbytn\u00e9 p\u0159\u00edslu\u0161enstv\u00ed s n\u00e1hradn\u00edmi c\u00edvkami, nit\u011bmi, patkou na knofl\u00edkov\u00e9 d\u00edrky a navl\u00e9ka\u010dem.<\/p>\n<h2>Kreativn\u00ed n\u00e1pad na d\u00e1rek pro d\u00edt\u011b<\/h2>\n<p>Pro\u010d je \u0161ic\u00ed stroj Lucznik Lena 2019 <strong>geni\u00e1ln\u00edm<\/strong> a <strong>rozv\u00edjej\u00edc\u00edm<\/strong> d\u00e1rkem pro va\u0161e d\u00edt\u011b? \u0160ic\u00ed stroj Lucznik <strong>byl vytvo\u0159en s ohledem na d\u011btskou fantazii<\/strong> a je n\u00e1strojem, kter\u00fd aktivn\u011b podporuje d\u011btskou kreativitu. Batole se s n\u00edm nau\u010d\u00ed nejen <strong>ment\u00e1ln\u00ed a fyzick\u00e9 koordinaci<\/strong> p\u0159i pr\u00e1ci s jednoduch\u00fdmi <strong>tenk\u00fdmi materi\u00e1ly<\/strong>, ale z\u00edsk\u00e1 tak\u00e9 cennou schopnost p\u0159el\u00edt sv\u00e9 b\u00e1je\u010dn\u00e9 n\u00e1pady do re\u00e1ln\u00fdch realizac\u00ed, jako jsou barevn\u00e9 oble\u010dky pro panenky nebo m\u011bkk\u00e9 pol\u0161t\u00e1\u0159ky.<\/p>\n<h2>Spr\u00e1vn\u00e9 ovl\u00e1d\u00e1n\u00ed stroje<\/h2>\n<p>Pro zaji\u0161t\u011bn\u00ed <strong>spr\u00e1vn\u00e9ho<\/strong> provozu stroje pou\u017e\u00edvejte <span><strong>pouze kovov\u00e9 c\u00edvky se spodn\u00ed nit\u00ed<\/strong><\/span>. Pou\u017e\u00edv\u00e1n\u00ed<strong>plastov\u00fdch<\/strong> <strong>c\u00edvek<\/strong> m\u016f\u017ee v\u00e9st k poru\u0161e funkce nebo dokonce k <strong>po\u0161kozen\u00ed stroje<\/strong>.<\/p>\n<h2>z\u00e1ruka 24 m\u011bs\u00edc\u016f<\/h2>\n<p>Na stroj je <strong>poskytov\u00e1na 24m\u011bs\u00ed\u010dn\u00ed z\u00e1ruka od dve\u0159\u00ed ke dve\u0159\u00edm<\/strong> a barevn\u00fd manu\u00e1l v pol\u0161tin\u011b a angli\u010dtin\u011b. P\u0159\u00edru\u010dku je t\u0159eba si p\u0159e\u010d\u00edst p\u0159ed prvn\u00edm pou\u017eit\u00edm za\u0159\u00edzen\u00ed.<\/p>\n","protected":false},"excerpt":{"rendered":"<p>Lena 2019 je miniaturn\u00ed, automatick\u00fd, snadno ovladateln\u00fd a kr\u00e1sn\u011b prezentovan\u00fd strojek Lucznik, vytvo\u0159en\u00fd s ohledem na d\u011bti. S n\u00ed se va\u0161e ratolest bezpe\u010dn\u011b a s radost\u00ed nau\u010d\u00ed z\u00e1klad\u016fm \u0161it\u00ed.<\/p>\n","protected":false},"featured_media":13243,"comment_status":"open","ping_status":"closed","template":"","meta":[],"product_brand":[],"product_cat":[791],"product_tag":[],"class_list":{"0":"post-18165","1":"product","2":"type-product","3":"status-publish","4":"has-post-thumbnail","6":"product_cat-maszyny-do-szycia-tradycyjne","8":"first","9":"instock","10":"taxable","11":"shipping-taxable","12":"purchasable","13":"product-type-simple"},"_links":{"self":[{"href":"https:\/\/gltestm.webology.pl\/cs\/wp-json\/wp\/v2\/product\/18165","targetHints":{"allow":["GET"]}}],"collection":[{"href":"https:\/\/gltestm.webology.pl\/cs\/wp-json\/wp\/v2\/product"}],"about":[{"href":"https:\/\/gltestm.webology.pl\/cs\/wp-json\/wp\/v2\/types\/product"}],"replies":[{"embeddable":true,"href":"https:\/\/gltestm.webology.pl\/cs\/wp-json\/wp\/v2\/comments?post=18165"}],"version-history":[{"count":0,"href":"https:\/\/gltestm.webology.pl\/cs\/wp-json\/wp\/v2\/product\/18165\/revisions"}],"wp:featuredmedia":[{"embeddable":true,"href":"https:\/\/gltestm.webology.pl\/cs\/wp-json\/wp\/v2\/media\/13243"}],"wp:attachment":[{"href":"https:\/\/gltestm.webology.pl\/cs\/wp-json\/wp\/v2\/media?parent=18165"}],"wp:term":[{"taxonomy":"product_brand","embeddable":true,"href":"https:\/\/gltestm.webology.pl\/cs\/wp-json\/wp\/v2\/product_brand?post=18165"},{"taxonomy":"product_cat","embeddable":true,"href":"https:\/\/gltestm.webology.pl\/cs\/wp-json\/wp\/v2\/product_cat?post=18165"},{"taxonomy":"product_tag","embeddable":true,"href":"https:\/\/gltestm.webology.pl\/cs\/wp-json\/wp\/v2\/product_tag?post=18165"}],"curies":[{"name":"wp","href":"https:\/\/api.w.org\/{rel}","templated":true}]}}