{"id":18161,"date":"2026-03-18T22:05:28","date_gmt":"2026-03-18T21:05:28","guid":{"rendered":"https:\/\/gltestm.webology.pl\/produkt\/sici-stroj-lucznik-teresa-2\/"},"modified":"2026-03-22T21:19:16","modified_gmt":"2026-03-22T20:19:16","slug":"sici-stroj-lucznik-teresa-2","status":"publish","type":"product","link":"https:\/\/gltestm.webology.pl\/cs\/produkt\/sici-stroj-lucznik-teresa-2\/","title":{"rendered":"\u0160ic\u00ed stroj Lucznik Teresa"},"content":{"rendered":"<h2><strong>\u0160ic\u00ed stroj Lucznik Teresa &#8211; spolehliv\u00e1 &#8222;holka&#8220; pro speci\u00e1ln\u00ed \u00fakoly!<\/strong><\/h2>\n<p>Jemn\u00fd, minimalistick\u00fd design? Nenechte se zm\u00e1st! Na\u0161e \u0161ic\u00ed stroj Archer Teresa je ve skute\u010dnosti <strong>siln\u00e1 &#8222;st\u00edha\u010dka&#8220; &#8211; efektivn\u00ed a spolehliv\u00e1<\/strong>. Jedn\u00e1 se o v\u0161estrann\u00fd <a href=\"https:\/\/galerialucznik.pl\/\" target=\"_blank\" rel=\"noopener\">\u0161ic\u00ed stroj<\/a>, kter\u00fd bude pravou rukou a chloubou i t\u00e9 nejn\u00e1ro\u010dn\u011bj\u0161\u00ed dom\u00e1c\u00ed \u0161vadlenky. Umo\u017e\u0148uje \u0161it\u00ed a\u017e <strong>34 stehy<\/strong>, v\u010detn\u011b pru\u017en\u00fdch a <strong>overlockov\u00fdch<\/strong> <strong>,<\/strong> a tak\u00e9 pohodln\u00e9 <strong>\u0161it\u00ed dvojjehlou<\/strong>. Z\u00e1rove\u0148 m\u00e1 velmi <strong>jednoduchou obsluhu<\/strong> podpo\u0159enou <strong>automatick\u00fdm navl\u00e9kac\u00edm<\/strong> syst\u00e9mem.<\/p>\n<p>\u0160ic\u00ed stroj Teresa je na\u0161\u00ed  poctou<strong>legend\u00e1rn\u00edm \u0161ic\u00edm stroj\u016fm Lucznik vyr\u00e1b\u011bn\u00fdm v 80. letech minul\u00e9ho stolet\u00ed<\/strong>, kter\u00e9 byly &#8211; a \u010dasto st\u00e1le jsou &#8211; p\u0159\u00edtomny t\u00e9m\u011b\u0159 v ka\u017ed\u00e9 polsk\u00e9 dom\u00e1cnosti. Mnohdy v\u011brn\u011b slou\u017e\u00ed dodnes.<\/p>\n<h2>Kl\u00ed\u010dov\u00e9 vlastnosti<\/h2>\n<ul>\n<li><strong>34 steh\u016f<\/strong> (rovn\u00fd, <strong>overlockov\u00fd<\/strong>, klikat\u00fd, trikotov\u00fd, pru\u017en\u00fd, sat\u00e9nov\u00fd, kryt\u00fd ozdobn\u00fd a mnoho dal\u0161\u00edch)<\/li>\n<li>automatick\u00e9 lemov\u00e1n\u00ed knofl\u00edkov\u00fdch d\u00edrek<\/li>\n<li>automatick\u00e9 nav\u00edjen\u00ed nit\u011b na c\u00edvku<\/li>\n<li><strong>automatick\u00e9 navl\u00e9k\u00e1n\u00ed nit\u011b do jehly<\/strong><\/li>\n<li>nastaven\u00ed nap\u011bt\u00ed nit\u011b<\/li>\n<li>mo\u017enost \u00fapravy stehu (d\u00e9lka, \u0161\u00ed\u0159ka)<\/li>\n<li><strong>vysok\u00fd<\/strong> zdvih patky <\/li>\n<li>mo\u017enost \u0161it\u00ed <strong>dvojjehlou<\/strong><\/li>\n<li>voln\u00e9 rameno<\/li>\n<li>zp\u011btn\u00e9 \u0161it\u00ed (p\u00e1ka)<\/li>\n<li><strong>lED osv\u011btlen\u00ed<\/strong><\/li>\n<li>pevn\u00e9, <strong>kovov\u00e9<\/strong> komponenty<\/li>\n<\/ul>\n<h2><strong>Dod\u00e1van\u00e9 p\u0159\u00edslu\u0161enstv\u00ed<\/strong><\/h2>\n<div>\n<ul>\n<li>\n<div><strong>Univerz\u00e1ln\u00ed<\/strong> patka (nasazen\u00e1 na stroji)<\/div>\n<\/li>\n<li>\n<div>Patka pro \u0161it\u00ed<strong>knofl\u00edkov\u00e9 d\u00edrky<\/strong> <\/div>\n<\/li>\n<li>\n<p> Patka pro <strong>\u0161it\u00ed knofl\u00edk\u016f<\/strong><\/li>\n<li>Patka pro \u0161it\u00ed <strong>zip\u016f<\/strong><\/li>\n<li><strong>90 jehel (3 ks)<\/strong><\/li>\n<li>n\u00e1hradn\u00ed<strong>c\u00edvky<\/strong>   (3 ks)<\/li>\n<li>vol\u00e1n<\/li>\n<li>olej<\/li>\n<li>\u0161roubov\u00e1k<\/li>\n<li>uzav\u00edrac\u00ed deska transport\u00e9ru<\/li>\n<li><strong>vod\u00edtko pro pro\u0161\u00edv\u00e1n\u00ed<\/strong><\/li>\n<li>kryt proti<strong>prachu<\/strong> <\/li>\n<\/ul>\n<\/div>\n<h2><strong>Archer Teresa &#8211; pot\u011b\u0161\u00ed v\u00e1s tak\u00e9 jeho interi\u00e9r&#8230;<\/strong><\/h2>\n<p>Technologie pokro\u010dila, tak\u017ee stroje, kter\u00e9 vytv\u00e1\u0159\u00edme, jsou nyn\u00ed men\u0161\u00ed, leh\u010d\u00ed a pracuj\u00ed mnohem ti\u0161eji ne\u017e jejich vynikaj\u00edc\u00ed p\u0159edch\u016fdci. Jsou v\u0161ak stejn\u011b spolehliv\u00e9 a &#8211; stejn\u011b jako ony &#8211; se osv\u011bd\u010duj\u00ed na mnoha front\u00e1ch. <strong>V\u00edce\u00fa\u010delov\u00fd stroj pro speci\u00e1ln\u00ed \u00fakoly<\/strong>? Teresa je hitem!<\/p>\n<p>\u0160ic\u00ed stroj Lucznik &#8222;Teresa&#8220; je ide\u00e1lem, kter\u00fd <strong>kombinuje jednoduchost obsluhy a robustnost zpracov\u00e1n\u00ed s funk\u010dnost\u00ed p\u0159\u00edstroj\u016f vytvo\u0159en\u00fdch v 21. stolet\u00ed<\/strong>. T\u0159i vlastnosti, kter\u00e9 ocen\u00ed v\u0161echny \u0161vadleny &#8211; bez ohledu na st\u00e1\u0159\u00ed a zku\u0161enosti. Teresa je stroj vhodn\u00fd pro v\u00fduku \u0161it\u00ed a z\u00e1rove\u0148 \u0161pi\u010dkov\u00e9 za\u0159\u00edzen\u00ed, kter\u00e9 lze pou\u017e\u00edt pro \u0161it\u00ed \u0161irok\u00e9 \u0161k\u00e1ly materi\u00e1l\u016f (od tenk\u00fdch a jemn\u00fdch, p\u0159es elastick\u00e9 \u00faplety a klasick\u00e9 bavln\u011bn\u00e9 l\u00e1tky a\u017e po silnou a tuhou d\u017e\u00ednovinu a \u010dalounick\u00e9 materi\u00e1ly).<\/p>\n<h2><strong>Lucznik Teresa &#8211; intuitivn\u00ed \u0161ic\u00ed stroj pro ka\u017ed\u00e9ho<\/strong><\/h2>\n<p>\u0160ic\u00ed stroj Teresa byl navr\u017een s ohledem na estetick\u00fd minimalismus &#8211; sta\u010d\u00ed se na n\u011bj pod\u00edvat, abyste zjistili, jak ho pou\u017e\u00edvat. Na p\u0159edn\u00ed stran\u011b jej\u00edho t\u011bla je upevn\u011bn posuvn\u00edk, kter\u00fd umo\u017e\u0148uje <strong>snadno a p\u0159ehledn\u011b <\/strong>zvolit steh pomoc\u00ed voli\u010de. Nad skl\u00ed\u010dkem se nach\u00e1z\u00ed knofl\u00edk pro nastaven\u00ed <strong>d\u00e9lky <\/strong> stehu (s jeho\u017e pomoc\u00ed m\u016f\u017eeme steh zjemnit), knofl\u00edk, kter\u00fdm se nastavuje <strong>\u0161\u00ed\u0159ka<\/strong> stehu, a regul\u00e1tor nap\u011bt\u00ed nit\u011b. Na krytu je tak\u00e9 vyzna\u010dena <strong>dr\u00e1ha nit\u011b<\/strong>, kter\u00e1 n\u00e1s krok za krokem povede ke spr\u00e1vn\u00e9mu navle\u010den\u00ed nit\u011b do stroje.<\/p>\n<p>Pomoc\u00ed funkce <strong>nastaven\u00ed \u0161\u00ed\u0159ky<\/strong> stehu vytvo\u0159\u00edme <strong>dokonal\u00fd steh<\/strong>podle struktury zvolen\u00e9 l\u00e1tky a uprav\u00edme polohu jehly p\u0159i \u0161it\u00ed rovn\u00e9ho stehu (a nejen to). Snadn\u011bj\u0161\u00ed a p\u0159esn\u011bj\u0161\u00ed je tak\u00e9 nastaven\u00ed pro <strong>\u0161it\u00ed dvojjehlou <\/strong>. A kdy\u017e u\u017e mluv\u00edme o dvojjehle &#8211; za zm\u00ednku stoj\u00ed tak\u00e9 to, \u017ee Teresa m\u00e1 <strong>dva zabudovan\u00e9 kovov\u00e9 kol\u00ed\u010dky na <\/strong>c\u00edvky nit\u00ed, kter\u00e9 je\u0161t\u011b v\u00edce usnad\u0148uj\u00ed pr\u00e1v\u011b tento typ \u0161it\u00ed. Aby byl stroj p\u0159i skladov\u00e1n\u00ed \u0159\u00e1dn\u011b chr\u00e1n\u011bn, lze kol\u00ed\u010dky rychle a pohodln\u011b zasunout dovnit\u0159 a vyt\u00e1hnout je, kdy\u017e je pot\u0159ebujeme<\/p>\n<p>Dob\u0159e v\u00edme, jak je nep\u0159\u00edjemn\u00e9 \u010dasto m\u00ed\u0159it nit\u00ed na o\u010dko jehly a jak to m\u016f\u017ee odradit od dal\u0161\u00ed pr\u00e1ce. Proto jsme do Terezy za\u0159adili <strong>automatick\u00fd <\/strong>navl\u00e9ka\u010d nit\u011b, kter\u00fd sta\u010d\u00ed stisknout a nit na n\u011bj p\u0159ilo\u017eit. Tuto funkci ocen\u00ed i lid\u00e9 se \u0161patn\u00fdm zrakem a sn\u00ed\u017eenou obratnost\u00ed rukou.<\/p>\n<p>D\u00edky funkci <strong>automatick\u00e9ho olemov\u00e1n\u00ed knofl\u00edkov\u00e9 d\u00edrky<\/strong> se zase s Teresou tato \u010dinnost stane \u010dist\u00fdm pot\u011b\u0161en\u00edm. Sta\u010d\u00ed jen nasadit spr\u00e1vnou patku a odm\u011b\u0159it spr\u00e1vnou velikost knofl\u00edkov\u00e9 d\u00edrky a stroj ud\u011bl\u00e1 ve\u0161kerou pr\u00e1ci za v\u00e1s. Bez opakovan\u00e9ho m\u011bn\u011bn\u00ed stehu, p\u0159erovn\u00e1v\u00e1n\u00ed materi\u00e1lu a obav, zda nevyjde nak\u0159ivo.<\/p>\n<h2><strong>\u0160ic\u00ed stroj Lucznik Teresa &#8211; porad\u00ed si s ka\u017edou v\u00fdzvou!<\/strong><\/h2>\n<p>Teresa m\u00e1 <strong>34 steh\u016f <\/strong>, v\u010detn\u011b dokon\u010dov\u00e1n\u00ed okraj\u016f materi\u00e1lu \u0161irok\u00fdm v\u00fdb\u011brem overlockov\u00fdch steh\u016f <strong>, <\/strong>co\u017e v\u00e1m <strong> umo\u017en\u00ed <\/strong>p\u0159ibl\u00ed\u017eit se efektu dosa\u017een\u00e9mu na plnohodnotn\u00e9m overlocku. Umo\u017e\u0148uje tak\u00e9 zvln\u011bn\u00ed <strong>kryc\u00edm stehem<\/strong> a \u0161it\u00ed elastick\u00fdch materi\u00e1l\u016f po pou\u017eit\u00ed speci\u00e1ln\u00edch <strong>pru\u017en\u00fdch steh\u016f<\/strong>. Na sch\u00e9matu steh\u016f &#8222;Teresa&#8220;, um\u00edst\u011bn\u00e9m pohodln\u011b ve v\u00fd\u0161ce o\u010d\u00ed, najdete tak\u00e9 <strong>ozdobn\u00e9<\/strong> stehy (nap\u0159. mu\u0161lov\u00fd steh), <strong>trikotov\u00fd<\/strong> steh, v\u011btvi\u010dkov\u00fd steh, ma\u0161li\u010dkov\u00fd steh, k\u0159\u00ed\u017ekov\u00fd steh, trojit\u00e9 stehy (nap\u0159. pru\u017en\u00fd rovn\u00fd steh ur\u010den\u00fd pro \u0161it\u00ed \u00faplet\u016f) a steh pro spodn\u00ed pr\u00e1dlo (jinak zn\u00e1m\u00fd jako <strong>trojit\u00fd<\/strong> steh &#8211; tedy steh neoceniteln\u00fd p\u0159i \u0161it\u00ed do gumy). <span><strong>Po\u010det vy\u0161\u00edvan\u00fdch vzor\u016f m\u016f\u017ee b\u00fdt je\u0161t\u011b v\u011bt\u0161\u00ed,<\/strong> kdy\u017e se nech\u00e1te un\u00e9st fantazi\u00ed a pou\u017eijete <\/span><strong>dvojitou jehlu<\/strong> &#8211;<span>proto\u017ee mnoho zp\u016fsob\u016f \u0161it\u00ed, kter\u00e9 nab\u00edz\u00ed &#8222;Tereza&#8220;, lze tak\u00e9 \u0161\u00edt dvojit\u00fdm stehem. Velmi zaj\u00edmav\u00fd, um\u011bleck\u00fd efekt p\u0159in\u00e1\u0161\u00ed pou\u017eit\u00ed nit\u00ed ve dvou kontrastn\u00edch barv\u00e1ch. <\/span><\/p>\n<p>Stroj m\u00e1 <strong>osv\u011btlen\u00ed pracovn\u00edho pole,<\/strong> d\u00edky kter\u00e9mu budete pe\u010dliv\u011b sledovat ka\u017ed\u00fd steh a materi\u00e1l. Nav\u00edc je v n\u011bm osv\u011btlovac\u00edm prvkem <strong>LED dioda<\/strong>, kter\u00e1 &#8211; na rozd\u00edl od b\u011b\u017en\u00e9 \u017e\u00e1rovky &#8211; generuje sv\u011btlo kvalitn\u011bj\u0161\u00ed, siln\u011bj\u0161\u00ed (i kdy\u017e \u0161etrn\u00e9 k o\u010d\u00edm) a umo\u017e\u0148uje vid\u011bt v\u00edce detail\u016f.<\/p>\n<p>T\u011blo a drobn\u00e9 \u010d\u00e1sti Terezy jsou vyrobeny z <strong>modern\u00edch kovov\u00fdch slitin<\/strong>, jejich\u017e vlastnosti odpov\u00eddaj\u00ed podm\u00ednk\u00e1m, ve kter\u00fdch dan\u00e9 komponenty pracuj\u00ed nebo by mohly b\u00fdt potenci\u00e1ln\u011b vystaveny. Uvnit\u0159 je tak\u00e9 elektroinstalace pro osv\u011btlen\u00ed pracovn\u00edho prostoru a symbolu stehu. Vnit\u0159n\u00ed <strong>kovov\u00e9 sou\u010d\u00e1sti<\/strong> \u0161ic\u00edho stroje Teresa jsou uzav\u0159eny v krytu ze dvou typ\u016f polykarbon\u00e1tov\u00e9ho plastu. Jej\u00ed knofl\u00edky jsou p\u0159\u00edjemn\u00e9 na dotek, matn\u00e9, neklou\u017eou a perfektn\u011b padnou do ruky. Soudr\u017en\u00e9 pouzdro dob\u0159e chr\u00e1n\u00ed jej\u00ed vnit\u0159ek a pohodln\u00e1 rukoje\u0165 umo\u017e\u0148uje pohodln\u00e9 p\u0159en\u00e1\u0161en\u00ed po dokon\u010den\u00ed pr\u00e1ce. <\/p>\n<h2>z\u00e1ruka 24 m\u011bs\u00edc\u016f<\/h2>\n<p>Na<strong>k\u00e1vovarLucznik Teresa<\/strong> <strong>je poskytov\u00e1na z\u00e1ruka 24 m\u011bs\u00edc\u016f<\/strong>. Dod\u00e1v\u00e1 se tak\u00e9 s <strong>p\u0159\u00edstupn\u011b napsan\u00fdm n\u00e1vodem<\/strong> v pol\u0161tin\u011b a angli\u010dtin\u011b, kter\u00fd je ur\u010den k sezn\u00e1men\u00ed se strojem a umo\u017en\u00ed v\u00e1m pln\u011b vyu\u017e\u00edvat jeho mo\u017enosti. Ne\u017e za\u010dnete \u0161\u00edt, ur\u010dit\u011b se do n\u011bj pod\u00edvejte!<\/p>\n<h2>\u00dadr\u017eba \u0161ic\u00edho stroje. Krok za krokem.<\/h2>\n","protected":false},"excerpt":{"rendered":"<p>Teresa je klasick\u00fd dom\u00e1c\u00ed \u0161ic\u00ed stroj vybaven\u00fd robustn\u00edmi kovov\u00fdmi sou\u010d\u00e1stmi a schopn\u00fd \u0161\u00edt v re\u017eimu overlock. Je ide\u00e1ln\u00ed pro \u0161it\u00ed nejr\u016fzn\u011bj\u0161\u00edch materi\u00e1l\u016f a je vybaven automatick\u00fdm navl\u00e9k\u00e1n\u00edm a automatick\u00fdm o\u0159ezem knofl\u00edkov\u00e9 d\u00edrky.<\/p>\n","protected":false},"featured_media":15534,"comment_status":"open","ping_status":"closed","template":"","meta":[],"product_brand":[],"product_cat":[791],"product_tag":[],"class_list":{"0":"post-18161","1":"product","2":"type-product","3":"status-publish","4":"has-post-thumbnail","6":"product_cat-maszyny-do-szycia-tradycyjne","8":"first","9":"instock","10":"taxable","11":"shipping-taxable","12":"purchasable","13":"product-type-simple"},"_links":{"self":[{"href":"https:\/\/gltestm.webology.pl\/cs\/wp-json\/wp\/v2\/product\/18161","targetHints":{"allow":["GET"]}}],"collection":[{"href":"https:\/\/gltestm.webology.pl\/cs\/wp-json\/wp\/v2\/product"}],"about":[{"href":"https:\/\/gltestm.webology.pl\/cs\/wp-json\/wp\/v2\/types\/product"}],"replies":[{"embeddable":true,"href":"https:\/\/gltestm.webology.pl\/cs\/wp-json\/wp\/v2\/comments?post=18161"}],"version-history":[{"count":0,"href":"https:\/\/gltestm.webology.pl\/cs\/wp-json\/wp\/v2\/product\/18161\/revisions"}],"wp:featuredmedia":[{"embeddable":true,"href":"https:\/\/gltestm.webology.pl\/cs\/wp-json\/wp\/v2\/media\/15534"}],"wp:attachment":[{"href":"https:\/\/gltestm.webology.pl\/cs\/wp-json\/wp\/v2\/media?parent=18161"}],"wp:term":[{"taxonomy":"product_brand","embeddable":true,"href":"https:\/\/gltestm.webology.pl\/cs\/wp-json\/wp\/v2\/product_brand?post=18161"},{"taxonomy":"product_cat","embeddable":true,"href":"https:\/\/gltestm.webology.pl\/cs\/wp-json\/wp\/v2\/product_cat?post=18161"},{"taxonomy":"product_tag","embeddable":true,"href":"https:\/\/gltestm.webology.pl\/cs\/wp-json\/wp\/v2\/product_tag?post=18161"}],"curies":[{"name":"wp","href":"https:\/\/api.w.org\/{rel}","templated":true}]}}