{"id":18157,"date":"2026-03-18T22:05:28","date_gmt":"2026-03-18T21:05:28","guid":{"rendered":"https:\/\/gltestm.webology.pl\/produkt\/sici-stroj-lucznik-zofia-ii-2015-2\/"},"modified":"2026-03-22T21:19:03","modified_gmt":"2026-03-22T20:19:03","slug":"sici-stroj-lucznik-zofia-ii-2015-2","status":"publish","type":"product","link":"https:\/\/gltestm.webology.pl\/cs\/produkt\/sici-stroj-lucznik-zofia-ii-2015-2\/","title":{"rendered":"\u0160ic\u00ed stroj Lucznik Zofia II 2015"},"content":{"rendered":"<h2>\u0160ic\u00ed stroj \u0141ucznik Zofia II 2015 &#8211; v\u0161estrann\u00fd \u0161ic\u00ed stroj<\/h2>\n<p>Pokud va\u0161e dovednosti ji\u017e p\u0159edstihly zastaral\u00e9 vybaven\u00ed &#8211; pak je \u010das za\u010d\u00edt pracovat na v\u00fdkonn\u011bj\u0161\u00edm <strong>\u0161ic\u00edm stroji \u0141ucznik Zofia II 2015<\/strong>. Stroj zna\u010dky \u0141ucznik uspokoj\u00ed pot\u0159eby rozv\u00edjej\u00edc\u00edch se dom\u00e1c\u00edch u\u017eivatel\u016f, kte\u0159\u00ed hledaj\u00ed kvalitn\u00ed stroj s dal\u0161\u00edmi funkcemi.<\/p>\n<p>\u0160ic\u00ed stroj Zofia II 2015 nab\u00edz\u00ed pr\u00e1ci s <strong>35 stehy<\/strong> s mo\u017enost\u00ed nastaven\u00ed<strong> d\u00e9lky<\/strong> ka\u017ed\u00e9ho z nich &#8211;<strong> a\u017e 4 mm<\/strong> &#8211; a <strong>\u0161\u00ed\u0159ky &#8211; a\u017e 5 mm<\/strong>. Krom\u011b toho m\u00e1 stroj <strong>voln\u00e9 rameno<\/strong> a u\u017eite\u010dn\u00e9 n\u00e1stroje:<\/p>\n<ul>\n<li><strong>regul\u00e1tor p\u0159\u00edtlaku patky,<\/strong><\/li>\n<li><strong>integrovan\u00e1 \u0159eza\u010dka.<\/strong><\/li>\n<\/ul>\n<p>K jeho praktick\u00fdm schopnostem pat\u0159\u00ed tak\u00e9 zp\u011btn\u00fd steh a lemov\u00e1n\u00ed, stejn\u011b jako operace <strong>overlocku<\/strong> pro dokonal\u00e9 dokon\u010den\u00ed projekt\u016f.<\/p>\n<p>Pohodlnost pou\u017e\u00edv\u00e1n\u00ed stroje \u0141ucznik Zofia II 2015 souvis\u00ed tak\u00e9 s jeho zpracov\u00e1n\u00edm s p\u0159ihl\u00e9dnut\u00edm k <strong>praktick\u00e9mu<\/strong> <strong>dr\u017eadlu pro<\/strong> p\u0159en\u00e1\u0161en\u00ed a <strong>u\u017eite\u010dn\u00e9mu \u00falo\u017en\u00e9mu prostoru<\/strong> um\u00edst\u011bn\u00e9mu v t\u011ble stroje. Jeho dal\u0161\u00ed v\u00fdhodou je vestav\u011bn\u00e9 <strong>LED osv\u011btlen\u00ed,<\/strong> kter\u00e9 umo\u017e\u0148uje p\u0159esnou pr\u00e1ci s minim\u00e1ln\u00edm vn\u011bj\u0161\u00edm osv\u011btlen\u00edm.<\/p>\n<h2>Kl\u00ed\u010dov\u00e9 vlastnosti stroje<\/h2>\n<ul>\n<li><strong>35 steh\u016f <\/strong><\/li>\n<li>z\u00e1kladn\u00ed, <strong>pru\u017en\u00e9<\/strong>, overlockov\u00e9 a ozdobn\u00e9 stehy<\/li>\n<li>mo\u017enost \u0161it\u00ed <strong>dvojjehlou<\/strong><\/li>\n<li>neviditeln\u00e9 lemov\u00e1n\u00ed okraj\u016f<strong>(kryt\u00fd steh<\/strong>)<\/li>\n<li><strong>voln\u00e9<\/strong> rameno<\/li>\n<li>nastaven\u00ed <strong>d\u00e9lky<\/strong> a <strong>\u0161\u00ed\u0159ky<\/strong> stehu,<\/li>\n<li>nastaven\u00ed <strong>p\u0159\u00edtlaku<\/strong> patky <\/li>\n<li>nastaven\u00ed <strong>nap\u011bt\u00ed<\/strong> nit\u011b <\/li>\n<li>funkce<strong>zp\u011btn\u00e9ho \u0161it\u00ed<\/strong> <\/li>\n<li><strong>poloautomatick\u00fd<\/strong> syst\u00e9m knofl\u00edkov\u00e9 d\u00edrky<\/li>\n<li><strong>kyvadlov\u00fd<\/strong> chapa\u010d<\/li>\n<li>mo\u017enost vysok\u00e9ho zdvihu patky<\/li>\n<li>vybaveno ve\u0161ker\u00fdm pot\u0159ebn\u00fdm p\u0159\u00edslu\u0161enstv\u00edm<\/li>\n<li>automatick\u00e9 nav\u00edjen\u00ed nit\u011b na spodn\u00ed c\u00edvku<\/li>\n<li>vestav\u011bn\u00e9 <strong>LED osv\u011btlen\u00ed<\/strong><\/li>\n<li>rukoje\u0165 pro <strong>p\u0159en\u00e1\u0161en\u00ed<\/strong> <\/li>\n<\/ul>\n<h2>Dod\u00e1van\u00e9 p\u0159\u00edslu\u0161enstv\u00ed<\/h2>\n<ul>\n<li><strong>univerz\u00e1ln\u00ed<\/strong> patka<\/li>\n<li><strong>zipov\u00e1<\/strong> patka<\/li>\n<li><strong>d\u011brovac\u00ed<\/strong> patka<\/li>\n<li>ripper<\/li>\n<li>olejni\u010dka s olejem pro \u00fadr\u017ebu<\/li>\n<li><strong>3 n\u00e1hradn\u00ed<\/strong> univerz\u00e1ln\u00ed <strong>jehly<\/strong> 90\/14<\/li>\n<li><strong>3 c\u00edvky<\/strong> pro spodn\u00ed nit<\/li>\n<li>deska kryj\u00edc\u00ed zuby dopravn\u00edku<\/li>\n<li><strong>2<\/strong> <strong>podlo\u017eky<\/strong> pod c\u00edvky nit\u00ed <\/li>\n<li>regul\u00e1tor ot\u00e1\u010dek s nap\u00e1jec\u00edm kabelem<\/li>\n<li>2 \u0161roubov\u00e1ky (mal\u00fd a velk\u00fd)<\/li>\n<li>kryt proti prachu<\/li>\n<\/ul>\n<h2>24m\u011bs\u00ed\u010dn\u00ed z\u00e1ruka<\/h2>\n<p>Na stroj je <strong>poskytov\u00e1na z\u00e1ruka 24 m\u011bs\u00edc\u016f<\/strong>. Dod\u00e1v\u00e1 se tak\u00e9 s <strong>p\u0159\u00edstupn\u011b napsan\u00fdm n\u00e1vodem k obsluze<\/strong> v pol\u0161tin\u011b a angli\u010dtin\u011b, kter\u00fd je ur\u010den k sezn\u00e1men\u00ed se strojem a umo\u017en\u00ed v\u00e1m pln\u011b vyu\u017e\u00edt jeho mo\u017enost\u00ed. Ne\u017e za\u010dnete \u0161\u00edt, ur\u010dit\u011b se do n\u011bj pod\u00edvejte!<\/p>\n<h2>\u00dadr\u017eba \u0161ic\u00edho stroje. Krok za krokem.<\/h2>\n","protected":false},"excerpt":{"rendered":"<p>Sophia II 2015 se vyzna\u010duje origin\u00e1ln\u00edm designem a skv\u011bl\u00fdmi technick\u00fdmi mo\u017enostmi. M\u00e1 mo\u017enost nastaven\u00ed p\u0159\u00edtlaku patky a zm\u011bny parametr\u016f jednotliv\u00fdch steh\u016f a z\u00e1rove\u0148 poskytuje v\u011bt\u0161\u00ed kontrolu nad prac\u00ed s nit\u00ed<\/p>\n","protected":false},"featured_media":15849,"comment_status":"open","ping_status":"closed","template":"","meta":[],"product_brand":[],"product_cat":[791],"product_tag":[],"class_list":{"0":"post-18157","1":"product","2":"type-product","3":"status-publish","4":"has-post-thumbnail","6":"product_cat-maszyny-do-szycia-tradycyjne","8":"first","9":"outofstock","10":"taxable","11":"shipping-taxable","12":"purchasable","13":"product-type-simple"},"_links":{"self":[{"href":"https:\/\/gltestm.webology.pl\/cs\/wp-json\/wp\/v2\/product\/18157","targetHints":{"allow":["GET"]}}],"collection":[{"href":"https:\/\/gltestm.webology.pl\/cs\/wp-json\/wp\/v2\/product"}],"about":[{"href":"https:\/\/gltestm.webology.pl\/cs\/wp-json\/wp\/v2\/types\/product"}],"replies":[{"embeddable":true,"href":"https:\/\/gltestm.webology.pl\/cs\/wp-json\/wp\/v2\/comments?post=18157"}],"version-history":[{"count":0,"href":"https:\/\/gltestm.webology.pl\/cs\/wp-json\/wp\/v2\/product\/18157\/revisions"}],"wp:featuredmedia":[{"embeddable":true,"href":"https:\/\/gltestm.webology.pl\/cs\/wp-json\/wp\/v2\/media\/15849"}],"wp:attachment":[{"href":"https:\/\/gltestm.webology.pl\/cs\/wp-json\/wp\/v2\/media?parent=18157"}],"wp:term":[{"taxonomy":"product_brand","embeddable":true,"href":"https:\/\/gltestm.webology.pl\/cs\/wp-json\/wp\/v2\/product_brand?post=18157"},{"taxonomy":"product_cat","embeddable":true,"href":"https:\/\/gltestm.webology.pl\/cs\/wp-json\/wp\/v2\/product_cat?post=18157"},{"taxonomy":"product_tag","embeddable":true,"href":"https:\/\/gltestm.webology.pl\/cs\/wp-json\/wp\/v2\/product_tag?post=18157"}],"curies":[{"name":"wp","href":"https:\/\/api.w.org\/{rel}","templated":true}]}}