{"id":18145,"date":"2026-03-18T22:05:27","date_gmt":"2026-03-18T21:05:27","guid":{"rendered":"https:\/\/gltestm.webology.pl\/produkt\/lucznik-hyperair-iq-1-0-vase-nova-definice-suseni-vlasu-2\/"},"modified":"2026-03-22T21:19:00","modified_gmt":"2026-03-22T20:19:00","slug":"lucznik-hyperair-iq-1-0-vase-nova-definice-suseni-vlasu-2","status":"publish","type":"product","link":"https:\/\/gltestm.webology.pl\/cs\/produkt\/lucznik-hyperair-iq-1-0-vase-nova-definice-suseni-vlasu-2\/","title":{"rendered":"\u0141ucznik HyperAir IQ 1.0 \u2013 Va\u0161e nov\u00e1 definice su\u0161en\u00ed vlas\u016f"},"content":{"rendered":"<h3><strong>\u0141ucznik HyperAir IQ 1.0 \u2013 Va\u0161e nov\u00e1 definice su\u0161en\u00ed vlas\u016f<\/strong><\/h3>\n<p>Objevte vysou\u0161e\u010d vlas\u016f, kter\u00fd spojuje technologick\u00e9 inovace, elegantn\u00ed design a bezkonkuren\u010dn\u00ed v\u00fdkon. <strong>\u0141ucznik HyperAir IQ 1.0<\/strong> je navr\u017een pro va\u0161e pohodl\u00ed, aby v\u00e1m umo\u017enil u\u017e\u00edvat si zdrav\u00e9, leskl\u00e9 a dokonale upraven\u00e9 vlasy ka\u017ed\u00fd den.<\/p>\n<p><strong>Nejd\u016fle\u017eit\u011bj\u0161\u00ed vlastnosti \u0141ucznik HyperAir IQ 1.0:<\/strong><\/p>\n<ul>\n<li><strong>BLDC motor<\/strong> s rychlost\u00ed 110 000 ot.\/min, kter\u00fd zaji\u0161\u0165uje ultra rychl\u00e9 su\u0161en\u00ed a v\u00fdjime\u010dnou odolnost.<\/li>\n<li><strong>3 rychlosti proud\u011bn\u00ed vzduchu<\/strong>: 13,6 m\/s, 17,5 m\/s, 23 m\/s \u2013 p\u0159izp\u016fsoben\u00e9 r\u016fzn\u00fdm pot\u0159eb\u00e1m p\u0159i stylingu.<\/li>\n<li><strong>3 nastaven\u00ed teploty<\/strong>: 40 \u00b0C, 80 \u00b0C a 110 \u00b0C, kter\u00e1 umo\u017e\u0148uj\u00ed precizn\u00ed kontrolu tepla.<\/li>\n<li><strong>Ionizace<\/strong>: poskytuje hladk\u00e9 a leskl\u00e9 vlasy bez statick\u00e9 elekt\u0159iny.<\/li>\n<li><strong>Pam\u011b\u0165ov\u00e1 funkce<\/strong><\/li>\n<li><strong>Lehk\u00e1 konstrukce<\/strong>: v\u00e1\u017e\u00ed pouh\u00fdch 480 g, co\u017e zaji\u0161\u0165uje pohodln\u00e9 ka\u017edodenn\u00ed pou\u017e\u00edv\u00e1n\u00ed a je ide\u00e1ln\u00ed na cesty.<\/li>\n<li><strong>P\u0159\u00edslu\u0161enstv\u00ed<\/strong>: magnetick\u00fd koncentr\u00e1tor pro precizn\u00ed styling a difuz\u00e9r pro p\u0159irozen\u00e9 kudrliny a vlny.<\/li>\n<li><strong>Tich\u00fd provoz<\/strong>: vysou\u0161e\u010d pracuje mimo\u0159\u00e1dn\u011b ti\u0161e, co\u017e zaji\u0161\u0165uje pohodl\u00ed p\u0159i ka\u017ed\u00e9m pou\u017eit\u00ed.<\/li>\n<\/ul>\n<h3><strong>BLDC motor \u2013 technologie budoucnosti ve va\u0161ich rukou<\/strong><\/h3>\n<p>Srdcem tohoto vysou\u0161e\u010de je pokro\u010dil\u00fd bezkart\u00e1\u010dov\u00fd motor BLDC, kter\u00fd nab\u00edz\u00ed v\u00fdjime\u010dnou odolnost a v\u00fdkon. D\u00edky rychlosti rotace 110 000 ot.\/min vysou\u0161e\u010d pracuje a\u017e 6x rychleji ne\u017e tradi\u010dn\u00ed modely, \u010d\u00edm\u017e \u0161et\u0159\u00ed v\u00e1\u0161 \u010das. Motor BLDC se vyzna\u010duje tak\u00e9 a\u017e 40x del\u0161\u00ed \u017eivotnost\u00ed a energetickou \u00fa\u010dinnost\u00ed, co\u017e z n\u011bj \u010din\u00ed investici na dlouh\u00e1 l\u00e9ta.<\/p>\n<h3><strong>Ultra rychl\u00e9 su\u0161en\u00ed \u2013 \u0161et\u0159ete \u010das, pe\u010dujte o vlasy<\/strong><\/h3>\n<p>Jsou va\u0161e r\u00e1na p\u0159\u00edli\u0161 kr\u00e1tk\u00e1 na zdlouhav\u00e9 \u00fapravy vlas\u016f? D\u00edky <strong>HyperAir IQ 1.0<\/strong> zabere su\u0161en\u00ed vlas\u016f jen n\u011bkolik minut. T\u0159i rychlosti proud\u011bn\u00ed vzduchu \u2013 13,6 m\/s, 17,5 m\/s a 23 m\/s \u2013 umo\u017e\u0148uj\u00ed p\u0159izp\u016fsoben\u00ed intenzity su\u0161en\u00ed va\u0161im pot\u0159eb\u00e1m bez ohledu na typ vlas\u016f. Ide\u00e1ln\u00ed \u0159e\u0161en\u00ed pro ty, kte\u0159\u00ed si cen\u00ed efektivity a rychlosti.<\/p>\n<h3><strong>Pam\u011b\u0165ov\u00e1 funkce \u2013 personalizace pro v\u00e1s<\/strong><\/h3>\n<p><strong>\u0141ucznik HyperAir IQ 1.0<\/strong> je vybaven funkc\u00ed pam\u011bti, kter\u00e1 umo\u017e\u0148uje rychl\u00e9 obnoven\u00ed obl\u00edben\u00fdch nastaven\u00ed su\u0161en\u00ed, \u010d\u00edm\u017e poskytuje personalizovan\u00fd z\u00e1\u017eitek p\u0159i \u00faprav\u011b vlas\u016f.<\/p>\n<h3><strong>Tich\u00fd provoz \u2013 pouh\u00fdch 75 dB. Konec hluku v koupeln\u011b<\/strong><\/h3>\n<p>D\u00edky pokro\u010dil\u00e9mu motoru BLDC pracuje <strong>\u0141ucznik HyperAir IQ 1.0<\/strong> mimo\u0159\u00e1dn\u011b ti\u0161e \u2013 i p\u0159i maxim\u00e1ln\u00ed rychlosti generuje pouh\u00fdch 75 dB. Tato \u00farove\u0148 hluku zaji\u0161\u0165uje pohodln\u00e9 pou\u017e\u00edv\u00e1n\u00ed bez nep\u0159\u00edjemn\u00e9ho hluku typick\u00e9ho pro tradi\u010dn\u00ed vysou\u0161e\u010de. Vlasy si m\u016f\u017eete upravovat r\u00e1no nebo ve\u010der, ani\u017e byste ru\u0161ili ostatn\u00ed \u010dleny dom\u00e1cnosti.<\/p>\n<h3><strong>P\u0159esn\u00fd styling d\u00edky modern\u00edmu p\u0159\u00edslu\u0161enstv\u00ed<\/strong><\/h3>\n<p>V balen\u00ed najdete dva praktick\u00e9 dopl\u0148ky:<\/p>\n<ul>\n<li><strong>Difuz\u00e9r<\/strong>, kter\u00fd zv\u00fdraz\u0148uje p\u0159irozen\u00e9 kudrliny a vlny, dod\u00e1v\u00e1 objem a lesk.<\/li>\n<li><strong>Magnetick\u00fd koncentr\u00e1tor<\/strong>, kter\u00fd lze snadno nasadit na vysou\u0161e\u010d a p\u0159esn\u011b nasm\u011brovat proud vzduchu tam, kde je pot\u0159eba. D\u00edky mo\u017enosti ot\u00e1\u010den\u00ed o 360\u00b0 snadno p\u0159izp\u016fsob\u00edte sm\u011br fouk\u00e1n\u00ed pro dokonal\u00fd styling.<\/li>\n<\/ul>\n<h3><strong>V\u00fdkon a kontrola \u2013 v\u0161e, co pot\u0159ebujete<\/strong><\/h3>\n<p><strong>HyperAir IQ 1.0<\/strong> nab\u00edz\u00ed v\u00fdkon 1800 W, kter\u00fd v kombinaci se t\u0159emi nastaven\u00edmi teploty (40 \u00b0C, 80 \u00b0C a 110 \u00b0C) zaji\u0161\u0165uje plnou kontrolu nad stylingem. Bez ohledu na to, zda pot\u0159ebujete jemn\u00e9 teplo pro tenk\u00e9 vlasy nebo intenzivn\u00ed proud pro rychl\u00e9 su\u0161en\u00ed \u2013 najdete re\u017eim, kter\u00fd v\u00e1m vyhovuje.<\/p>\n<h3><strong>Ergonomie a lehkost \u2013 navr\u017eeno pro va\u0161e pohodl\u00ed<\/strong><\/h3>\n<p>Vysou\u0161e\u010d v\u00e1\u017e\u00ed pouze 480 g, co\u017e jej \u010din\u00ed mimo\u0159\u00e1dn\u011b lehk\u00fdm a snadno ovladateln\u00fdm. Ergonomick\u00e1 rukoje\u0165 ve tvaru p\u00edsmene \u201eT\u201c zaji\u0161\u0165uje pohodln\u00e9 uchopen\u00ed a vyv\u00e1\u017een\u00e1 konstrukce p\u0159edch\u00e1z\u00ed \u00fanav\u011b rukou. Ide\u00e1ln\u00ed pro ka\u017edodenn\u00ed pou\u017eit\u00ed i na cesty.<\/p>\n<h3><strong>Del\u0161\u00ed \u017eivotnost d\u00edky snadn\u00e9mu \u010di\u0161t\u011bn\u00ed filtru<\/strong><\/h3>\n<p><strong>\u0141ucznik HyperAir IQ 1.0<\/strong> p\u0159in\u00e1\u0161\u00ed nejen pokro\u010dil\u00e9 technologie, ale tak\u00e9 prakti\u010dnost p\u0159i ka\u017edodenn\u00edm pou\u017e\u00edv\u00e1n\u00ed. Pravideln\u00e9 \u010di\u0161t\u011bn\u00ed vstupu vzduchu zaji\u0161\u0165uje:<\/p>\n<ul>\n<li>Del\u0161\u00ed \u017eivotnost: Odstra\u0148ov\u00e1n\u00ed ne\u010distot zabra\u0148uje p\u0159eh\u0159\u00e1t\u00ed motoru, co\u017e v\u00fdznamn\u011b prodlu\u017euje \u017eivotnost za\u0159\u00edzen\u00ed.<\/li>\n<li>V\u011bt\u0161\u00ed bezpe\u010dnost: \u010cist\u00fd filtr minimalizuje riziko po\u0161kozen\u00ed vysou\u0161e\u010de a zaji\u0161\u0165uje spolehliv\u00fd provoz po mnoho let.<\/li>\n<li>Hygienu pr\u00e1ce: \u010cist\u00fd interi\u00e9r vysou\u0161e\u010de zaru\u010duje, \u017ee vzduch proud\u00edc\u00ed na vlasy je \u010derstv\u00fd a bezpra\u0161n\u00fd.<\/li>\n<li>St\u00e1l\u00fd v\u00fdkon: Filtry se nezan\u00e1\u0161\u00ed, tak\u017ee vysou\u0161e\u010d si zachov\u00e1v\u00e1 sv\u016fj v\u00fdkon na st\u00e1l\u00e9 \u00farovni, \u010d\u00edm\u017e poskytuje st\u00e1le efektivn\u00ed vysou\u0161en\u00ed vlas\u016f.<\/li>\n<\/ul>\n<p>D\u00edky snadn\u00e9mu p\u0159\u00edstupu k filtru je \u00fadr\u017eba vysou\u0161e\u010de rychl\u00e1 a jednoduch\u00e1.<\/p>\n","protected":false},"excerpt":{"rendered":"<p>\u0141ucznik HyperAir IQ 1.0 \u2013 Va\u0161e nov\u00e1 definice su\u0161en\u00ed vlas\u016f Objevte vysou\u0161e\u010d vlas\u016f, kter\u00fd spojuje technologick\u00e9 inovace, elegantn\u00ed design a<\/p>\n","protected":false},"featured_media":15819,"comment_status":"open","ping_status":"closed","template":"","meta":[],"product_brand":[],"product_cat":[891],"product_tag":[],"class_list":{"0":"post-18145","1":"product","2":"type-product","3":"status-publish","4":"has-post-thumbnail","6":"product_cat-suszarki","8":"first","9":"outofstock","10":"taxable","11":"shipping-taxable","12":"purchasable","13":"product-type-simple"},"_links":{"self":[{"href":"https:\/\/gltestm.webology.pl\/cs\/wp-json\/wp\/v2\/product\/18145","targetHints":{"allow":["GET"]}}],"collection":[{"href":"https:\/\/gltestm.webology.pl\/cs\/wp-json\/wp\/v2\/product"}],"about":[{"href":"https:\/\/gltestm.webology.pl\/cs\/wp-json\/wp\/v2\/types\/product"}],"replies":[{"embeddable":true,"href":"https:\/\/gltestm.webology.pl\/cs\/wp-json\/wp\/v2\/comments?post=18145"}],"version-history":[{"count":0,"href":"https:\/\/gltestm.webology.pl\/cs\/wp-json\/wp\/v2\/product\/18145\/revisions"}],"wp:featuredmedia":[{"embeddable":true,"href":"https:\/\/gltestm.webology.pl\/cs\/wp-json\/wp\/v2\/media\/15819"}],"wp:attachment":[{"href":"https:\/\/gltestm.webology.pl\/cs\/wp-json\/wp\/v2\/media?parent=18145"}],"wp:term":[{"taxonomy":"product_brand","embeddable":true,"href":"https:\/\/gltestm.webology.pl\/cs\/wp-json\/wp\/v2\/product_brand?post=18145"},{"taxonomy":"product_cat","embeddable":true,"href":"https:\/\/gltestm.webology.pl\/cs\/wp-json\/wp\/v2\/product_cat?post=18145"},{"taxonomy":"product_tag","embeddable":true,"href":"https:\/\/gltestm.webology.pl\/cs\/wp-json\/wp\/v2\/product_tag?post=18145"}],"curies":[{"name":"wp","href":"https:\/\/api.w.org\/{rel}","templated":true}]}}