{"id":18129,"date":"2026-03-18T22:05:26","date_gmt":"2026-03-18T21:05:26","guid":{"rendered":"https:\/\/gltestm.webology.pl\/produkt\/papirovy-sacek-do-vysavace-ot-2022\/"},"modified":"2026-03-22T21:18:55","modified_gmt":"2026-03-22T20:18:55","slug":"papirovy-sacek-do-vysavace-ot-2022","status":"publish","type":"product","link":"https:\/\/gltestm.webology.pl\/cs\/produkt\/papirovy-sacek-do-vysavace-ot-2022\/","title":{"rendered":"Pap\u00edrov\u00fd s\u00e1\u010dek do vysava\u010de OT-2022"},"content":{"rendered":"<p><span>Pap\u00edrov\u00fd s\u00e1\u010dek do <strong>vysava\u010de<\/strong> <strong>OP-2022<\/strong> je nepostradateln\u00fdm p\u0159\u00edslu\u0161enstv\u00edm pro v\u0161echny majitele tohoto modelu vysava\u010de. D\u00edky kvalitn\u00edm <strong>materi\u00e1l\u016fm<\/strong> a <strong>solidn\u00edmu<\/strong> <strong>zpracov\u00e1n\u00ed<\/strong> zaji\u0161\u0165uje tento s\u00e1\u010dek <strong>\u00fa\u010dinn\u00e9<\/strong> a <strong>hygienick\u00e9<\/strong> <strong>vys\u00e1v\u00e1n\u00ed<\/strong> a z\u00e1rove\u0148 chr\u00e1n\u00ed vnit\u0159n\u00ed prostor vysava\u010de p\u0159ed ne\u010distotami.<\/span><\/p>\n<h2><span>Kl\u00ed\u010dov\u00e9 vlastnosti<\/span><\/h2>\n<ul>\n<li><strong>Ekologick\u00fd<\/strong><strong> <strong>materi\u00e1l<\/strong> <\/strong>: pap\u00edr pou\u017eit\u00fd k v\u00fdrob\u011b s\u00e1\u010dku je <strong>\u0161etrn\u00fd k<\/strong> \u017eivotn\u00edmu prost\u0159ed\u00ed a je <strong>recyklovateln\u00fd<\/strong>.<\/li>\n<li><strong>Balen\u00ed pro v\u00edce kus\u016f<\/strong>: zakoupen\u00edm s\u00e1\u010dku v bal\u00ed\u010dku u\u0161et\u0159\u00edte pen\u00edze<\/li>\n<li>\n<p><strong>Kompatibilita<\/strong>: s\u00e1\u010dek je<strong> dokonale p\u0159izp\u016fsoben<\/strong> modelu vysava\u010de OP-2022, tak\u017ee si m\u016f\u017eete b\u00fdt jisti, \u017ee se do va\u0161eho za\u0159\u00edzen\u00ed perfektn\u011b hod\u00ed a funguje s n\u00edm.<\/p>\n<\/li>\n<li><strong>Kapacita<\/strong>: s\u00e1\u010dek m\u00e1 <strong>objem 2,5 litru<\/strong>, co\u017e znamen\u00e1, \u017ee m\u016f\u017eete vys\u00e1vat d\u00e9le, ne\u017e jej budete muset vym\u011bnit. To v\u00e1m u\u0161et\u0159\u00ed \u010das a sn\u00ed\u017e\u00ed po\u010det p\u0159eru\u0161en\u00ed b\u011bhem \u00faklidu.<\/li>\n<li><strong>\u00da\u010dinnost filtrace<\/strong>: pap\u00edr pou\u017eit\u00fd pro tento s\u00e1\u010dek dokonale zachycuje a zachycuje prach a dal\u0161\u00ed \u010d\u00e1stice, \u010d\u00edm\u017e zlep\u0161uje kvalitu vzduchu ve va\u0161\u00ed dom\u00e1cnosti.<\/li>\n<li><strong>Snadn\u00e1 v\u00fdm\u011bna<\/strong>: s\u00e1\u010dek se<strong> snadno instaluje a vyj\u00edm\u00e1<\/strong>. V n\u00e1vodu k obsluze vysava\u010de OT-2022 naleznete pokyny krok za krokem, jak to prov\u00e9st.<\/li>\n<\/ul>\n","protected":false},"excerpt":{"rendered":"<p>Pap\u00edrov\u00fd s\u00e1\u010dek na prach do vysava\u010de. Objem 2,5 l. Snadn\u00e1 a rychl\u00e1 v\u00fdm\u011bna. \u00da\u010dinn\u00e9 zadr\u017eov\u00e1n\u00ed prachu a ne\u010distot. Kompatibiln\u00ed s vysava\u010dem Lucznik OT-2022.<\/p>\n","protected":false},"featured_media":13695,"comment_status":"open","ping_status":"closed","template":"","meta":[],"product_brand":[],"product_cat":[631],"product_tag":[],"class_list":{"0":"post-18129","1":"product","2":"type-product","3":"status-publish","4":"has-post-thumbnail","6":"product_cat-odkurzacze","8":"first","9":"instock","10":"taxable","11":"shipping-taxable","12":"purchasable","13":"product-type-simple"},"_links":{"self":[{"href":"https:\/\/gltestm.webology.pl\/cs\/wp-json\/wp\/v2\/product\/18129","targetHints":{"allow":["GET"]}}],"collection":[{"href":"https:\/\/gltestm.webology.pl\/cs\/wp-json\/wp\/v2\/product"}],"about":[{"href":"https:\/\/gltestm.webology.pl\/cs\/wp-json\/wp\/v2\/types\/product"}],"replies":[{"embeddable":true,"href":"https:\/\/gltestm.webology.pl\/cs\/wp-json\/wp\/v2\/comments?post=18129"}],"version-history":[{"count":0,"href":"https:\/\/gltestm.webology.pl\/cs\/wp-json\/wp\/v2\/product\/18129\/revisions"}],"wp:featuredmedia":[{"embeddable":true,"href":"https:\/\/gltestm.webology.pl\/cs\/wp-json\/wp\/v2\/media\/13695"}],"wp:attachment":[{"href":"https:\/\/gltestm.webology.pl\/cs\/wp-json\/wp\/v2\/media?parent=18129"}],"wp:term":[{"taxonomy":"product_brand","embeddable":true,"href":"https:\/\/gltestm.webology.pl\/cs\/wp-json\/wp\/v2\/product_brand?post=18129"},{"taxonomy":"product_cat","embeddable":true,"href":"https:\/\/gltestm.webology.pl\/cs\/wp-json\/wp\/v2\/product_cat?post=18129"},{"taxonomy":"product_tag","embeddable":true,"href":"https:\/\/gltestm.webology.pl\/cs\/wp-json\/wp\/v2\/product_tag?post=18129"}],"curies":[{"name":"wp","href":"https:\/\/api.w.org\/{rel}","templated":true}]}}