{"id":18125,"date":"2026-03-18T22:05:26","date_gmt":"2026-03-18T21:05:26","guid":{"rendered":"https:\/\/gltestm.webology.pl\/produkt\/lucznik-ha1-klasicke-latkove-jehly\/"},"modified":"2026-03-22T21:18:53","modified_gmt":"2026-03-22T20:18:53","slug":"lucznik-ha1-klasicke-latkove-jehly","status":"publish","type":"product","link":"https:\/\/gltestm.webology.pl\/cs\/produkt\/lucznik-ha1-klasicke-latkove-jehly\/","title":{"rendered":"Lucznik HA*1 klasick\u00e9 l\u00e1tkov\u00e9 jehly"},"content":{"rendered":"<p>Nejuniverz\u00e1ln\u011bj\u0161\u00ed jehly, kter\u00e9 m\u00e1me v nab\u00eddce. Jsou ide\u00e1ln\u00ed pro \u0161it\u00ed p\u0159\u00edrodn\u00edch l\u00e1tek (bavlna, len, vlna a jejich sm\u011bsi) a l\u00e1tek z um\u011bl\u00fdch vl\u00e1ken (visk\u00f3za a jej\u00ed deriv\u00e1ty). Steh je tvo\u0159en rovnom\u011brn\u011b, dokonale rovn\u011b, bez p\u0159e\u0161it\u00ed.<\/p>\n<p>Univerz\u00e1ln\u00ed l\u00e1tkov\u00e9 jehly HA*1 Lucznik s <strong>poloplochou ba\u0148kou<\/strong> se hod\u00ed pro \u0161ic\u00ed stroje z aktu\u00e1ln\u00ed prodejn\u00ed nab\u00eddky a overlocky Lucznik FN 2-9, 620D, 720D-4, 820D-3 a 820D-5. Jsou vhodn\u00e9 pro \u0161ic\u00ed stroje s <strong>poloplochou ba\u0148kou<\/strong>.<\/p>\n<p>Jehly HA*1 Lucznik jsou baleny po <strong>5 kusech<\/strong>, kter\u00e9 se dod\u00e1vaj\u00ed ve <strong>4 velikostech<\/strong> (od tlou\u0161\u0165ky 70 do tlou\u0161\u0165ky 100):<\/p>\n<ul>\n<li><strong>70\/10 &#8211; 1 kus.<\/strong><\/li>\n<li><strong>80\/12 &#8211; 1 ks.<\/strong><\/li>\n<li><strong>90\/14 &#8211; 2 ks.<\/strong><\/li>\n<li><strong>100 &#8211; 1 ks.<\/strong><\/li>\n<\/ul>\n<p>P\u0159i v\u00fdb\u011bru velikosti jehel plat\u00ed jednoduch\u00e9 pravidlo &#8211; v\u017edy volte co nejmen\u0161\u00ed velikost, abyste zbyte\u010dn\u011b neprod\u00edrali \u0161itou l\u00e1tku. Mus\u00edme si v\u0161ak uv\u011bdomit, \u017ee pr\u00e1v\u011b velikost jehly ur\u010duje velikost o\u010dka, a to mus\u00ed b\u00fdt dostate\u010dn\u011b velk\u00e9, aby se nit mohla voln\u011b pohybovat.<\/p>\n<p><strong>PAMATUJTE!<\/strong><\/p>\n<p>Pravideln\u011b kontrolujte \u0161pi\u010dku jehly. Jakmile si v\u0161imnete jak\u00fdchkoli zn\u00e1mek opot\u0159eben\u00ed, vym\u011b\u0148te jehlu za novou. Stav jehly ovliv\u0148uje kvalitu stehu, po\u0161kozen\u00e1 \u0161pi\u010dka jehly m\u016f\u017ee po\u0161kodit \u0161itou l\u00e1tku. Jehly by m\u011bly b\u00fdt skladov\u00e1ny v p\u016fvodn\u00edm obalu, aby nedo\u0161lo k jejich po\u0161kozen\u00ed.<\/p>\n","protected":false},"excerpt":{"rendered":"<p>Nejv\u0161estrann\u011bj\u0161\u00ed klasick\u00e9 jehly pro \u0161ic\u00ed stroje. Jsou ide\u00e1ln\u00ed pro \u0161it\u00ed p\u0159\u00edrodn\u00edch l\u00e1tek, syntetick\u00fdch materi\u00e1l\u016f a materi\u00e1l\u016f z um\u011bl\u00fdch vl\u00e1ken.<\/p>\n","protected":false},"featured_media":13445,"comment_status":"open","ping_status":"closed","template":"","meta":[],"product_brand":[],"product_cat":[521],"product_tag":[],"class_list":{"0":"post-18125","1":"product","2":"type-product","3":"status-publish","4":"has-post-thumbnail","6":"product_cat-igly-do-maszyn","8":"first","9":"instock","10":"taxable","11":"shipping-taxable","12":"purchasable","13":"product-type-simple"},"_links":{"self":[{"href":"https:\/\/gltestm.webology.pl\/cs\/wp-json\/wp\/v2\/product\/18125","targetHints":{"allow":["GET"]}}],"collection":[{"href":"https:\/\/gltestm.webology.pl\/cs\/wp-json\/wp\/v2\/product"}],"about":[{"href":"https:\/\/gltestm.webology.pl\/cs\/wp-json\/wp\/v2\/types\/product"}],"replies":[{"embeddable":true,"href":"https:\/\/gltestm.webology.pl\/cs\/wp-json\/wp\/v2\/comments?post=18125"}],"version-history":[{"count":0,"href":"https:\/\/gltestm.webology.pl\/cs\/wp-json\/wp\/v2\/product\/18125\/revisions"}],"wp:featuredmedia":[{"embeddable":true,"href":"https:\/\/gltestm.webology.pl\/cs\/wp-json\/wp\/v2\/media\/13445"}],"wp:attachment":[{"href":"https:\/\/gltestm.webology.pl\/cs\/wp-json\/wp\/v2\/media?parent=18125"}],"wp:term":[{"taxonomy":"product_brand","embeddable":true,"href":"https:\/\/gltestm.webology.pl\/cs\/wp-json\/wp\/v2\/product_brand?post=18125"},{"taxonomy":"product_cat","embeddable":true,"href":"https:\/\/gltestm.webology.pl\/cs\/wp-json\/wp\/v2\/product_cat?post=18125"},{"taxonomy":"product_tag","embeddable":true,"href":"https:\/\/gltestm.webology.pl\/cs\/wp-json\/wp\/v2\/product_tag?post=18125"}],"curies":[{"name":"wp","href":"https:\/\/api.w.org\/{rel}","templated":true}]}}