{"id":18121,"date":"2026-03-18T22:05:25","date_gmt":"2026-03-18T21:05:25","guid":{"rendered":"https:\/\/gltestm.webology.pl\/produkt\/sada-niti-lucznik-must-have-compact-2\/"},"modified":"2026-03-22T21:18:51","modified_gmt":"2026-03-22T20:18:51","slug":"sada-niti-lucznik-must-have-compact-2","status":"publish","type":"product","link":"https:\/\/gltestm.webology.pl\/cs\/produkt\/sada-niti-lucznik-must-have-compact-2\/","title":{"rendered":"Sada nit\u00ed Lucznik &#8211; Must Have Compact"},"content":{"rendered":"<h2><strong>Sada nit\u00ed Lucznik: Mus\u00edte m\u00edt kompaktn\u00ed<\/strong><\/h2>\n<p><strong>Must-Have sada 10 barev<\/strong> je<strong>nezbytnou v\u00fdbavou<\/strong> ka\u017ed\u00e9 profesion\u00e1ln\u00ed i dom\u00e1c\u00ed \u0161vadleny. Mno\u017estv\u00ed z\u00e1\u0159iv\u00fdch barev v kombinaci se z\u00e1kladn\u00edmi barvami, jako je \u010dern\u00e1 a b\u00edl\u00e1, zaru\u010duje, \u017ee najdete ten spr\u00e1vn\u00fd odst\u00edn nit\u011b pro ka\u017ed\u00fd \u00fakol. Jedn\u00e1 se o skv\u011blou &#8222;startovac\u00ed&#8220; sadu, kterou si m\u016f\u017eete vybrat p\u0159i koupi nov\u00e9ho \u0161ic\u00edho stroje. Jedn\u00e1 se o zcela z\u00e1kladn\u00ed sadu nit\u00ed, kter\u00e1 m\u016f\u017ee b\u00fdt nezbytn\u00fdm dopl\u0148kem pro mal\u00fd dom\u00e1c\u00ed ateli\u00e9r. <\/p>\n<h3>Nit\u011b Lucznik &#8211; zejm\u00e9na pro \u0161it\u00ed na stroji!<\/h3>\n<p>Nit\u011b Lucznik <strong>byly vytvo\u0159eny speci\u00e1ln\u011b pro \u0161it\u00ed na stroji<\/strong> a nap\u011bt\u00ed vznikaj\u00edc\u00ed p\u0159i pr\u016fchodu r\u016fzn\u00fdmi chapadly a vytv\u00e1\u0159en\u00ed steh\u016f. Jejich odolnost nedovol\u00ed, aby se p\u0159etrhly p\u0159i hektick\u00e9 pr\u00e1ci na jak\u00e9mkoli materi\u00e1lu, kter\u00fd se v\u00e1m dostane do rukou. <span>Speci\u00e1ln\u011b vyvinut\u00fd <\/span><strong>optim\u00e1ln\u00ed z\u00e1krut<\/strong><span> vl\u00e1ken umo\u017e\u0148uje hladk\u00fd pr\u016fchod nit\u00ed v\u0161emi vod\u00edtky a pohodln\u00e9 <\/span><strong>z\u00e1kladny na obou stran\u00e1ch c\u00edvky<\/strong><span> ji stabilizuj\u00ed na stroji<\/span>.<\/p>\n<h3>Nezbytn\u00e1 v\u00fdbava ka\u017ed\u00e9ho krej\u010dovsk\u00e9ho ateli\u00e9ru<\/h3>\n<p>Barevn\u00e1 \u0161k\u00e1la sady nit\u00ed <strong>Lucznik Must-Have<\/strong> je vybr\u00e1na tak, aby byla co nejuniverz\u00e1ln\u011bj\u0161\u00ed a ladila s va\u0161imi v\u00fdrobky v t\u011bch nejz\u00e1kladn\u011bj\u0161\u00edch barv\u00e1ch. <strong>Jedn\u00e1 se o ide\u00e1ln\u00ed &#8222;startovac\u00ed&#8220; sadu <\/strong>, kter\u00e1 je nepostradateln\u00fdm dopl\u0148kem va\u0161\u00ed dom\u00e1cnosti nebo \u0161ic\u00edho ateli\u00e9ru. Obsahuje v\u0161echny <strong>z\u00e1kladn\u00ed barvy duhy a tak\u00e9 \u010dernou a b\u00edlou<\/strong>. Nic v\u00e1m nebude br\u00e1nit ve vytv\u00e1\u0159en\u00ed jedine\u010dn\u00fdch, n\u00e1dhern\u00fdch v\u011bc\u00ed, kter\u00e9 v\u00e1m budou v\u0161ichni z\u00e1vid\u011bt!<\/p>\n<p>Bezpe\u010dnost<strong>v\u00fdroby<\/strong>, a tedy absence jak\u00fdchkoli jedovat\u00fdch nebo dr\u00e1\u017ediv\u00fdch chemik\u00e1li\u00ed, v\u00e1m umo\u017en\u00ed \u0161\u00edt bezpe\u010dn\u011b pro celou rodinu.<\/p>\n","protected":false},"excerpt":{"rendered":"<p>Polyesterov\u00e9 nit\u011b nejvy\u0161\u0161\u00ed kvality vytvo\u0159en\u00e9 speci\u00e1ln\u011b pro \u0161it\u00ed na stroji. Ve vkusn\u00e9m balen\u00ed, v z\u00e1kladn\u00edch barv\u00e1ch! 10 c\u00edvek po 220 metrech, tlou\u0161\u0165ka 120.<\/p>\n","protected":false},"featured_media":13771,"comment_status":"open","ping_status":"closed","template":"","meta":[],"product_brand":[],"product_cat":[711],"product_tag":[],"class_list":{"0":"post-18121","1":"product","2":"type-product","3":"status-publish","4":"has-post-thumbnail","6":"product_cat-nici-do-maszyn","8":"first","9":"instock","10":"taxable","11":"shipping-taxable","12":"purchasable","13":"product-type-simple"},"_links":{"self":[{"href":"https:\/\/gltestm.webology.pl\/cs\/wp-json\/wp\/v2\/product\/18121","targetHints":{"allow":["GET"]}}],"collection":[{"href":"https:\/\/gltestm.webology.pl\/cs\/wp-json\/wp\/v2\/product"}],"about":[{"href":"https:\/\/gltestm.webology.pl\/cs\/wp-json\/wp\/v2\/types\/product"}],"replies":[{"embeddable":true,"href":"https:\/\/gltestm.webology.pl\/cs\/wp-json\/wp\/v2\/comments?post=18121"}],"version-history":[{"count":0,"href":"https:\/\/gltestm.webology.pl\/cs\/wp-json\/wp\/v2\/product\/18121\/revisions"}],"wp:featuredmedia":[{"embeddable":true,"href":"https:\/\/gltestm.webology.pl\/cs\/wp-json\/wp\/v2\/media\/13771"}],"wp:attachment":[{"href":"https:\/\/gltestm.webology.pl\/cs\/wp-json\/wp\/v2\/media?parent=18121"}],"wp:term":[{"taxonomy":"product_brand","embeddable":true,"href":"https:\/\/gltestm.webology.pl\/cs\/wp-json\/wp\/v2\/product_brand?post=18121"},{"taxonomy":"product_cat","embeddable":true,"href":"https:\/\/gltestm.webology.pl\/cs\/wp-json\/wp\/v2\/product_cat?post=18121"},{"taxonomy":"product_tag","embeddable":true,"href":"https:\/\/gltestm.webology.pl\/cs\/wp-json\/wp\/v2\/product_tag?post=18121"}],"curies":[{"name":"wp","href":"https:\/\/api.w.org\/{rel}","templated":true}]}}