{"id":18113,"date":"2026-03-18T22:05:25","date_gmt":"2026-03-18T21:05:25","guid":{"rendered":"https:\/\/gltestm.webology.pl\/produkt\/fen-na-vlasy-hd-2400-s-difuzerem\/"},"modified":"2026-03-22T21:18:48","modified_gmt":"2026-03-22T20:18:48","slug":"fen-na-vlasy-hd-2400-s-difuzerem","status":"publish","type":"product","link":"https:\/\/gltestm.webology.pl\/cs\/produkt\/fen-na-vlasy-hd-2400-s-difuzerem\/","title":{"rendered":"F\u00e9n na vlasy HD-2400 s difuz\u00e9rem"},"content":{"rendered":"<h2>F\u00e9n na vlasy \u0141ucznik HD-2400: V\u00e1\u0161 \u00fa\u010des pod kontrolou!<\/h2>\n<p><span>Sn\u00edte o dokonale upraven\u00fdch vlasech,<\/span><span> pln\u00fdch lesku a bez krepat\u011bn\u00ed?<\/span><span> F\u00e9n \u0141ucznik HD-2400 je odpov\u011bd\u00ed na va\u0161e pot\u0159eby!<\/span><span> Tento elegantn\u00ed,<\/span><span> \u010dokol\u00e1dov\u011b-zlat\u00fd model je kombinac\u00ed vysok\u00e9ho v\u00fdkonu,<\/span><span> inovativn\u00edch technologi\u00ed a promy\u0161len\u00fdch \u0159e\u0161en\u00ed,<\/span><span> kter\u00e9 u\u010din\u00ed f\u00e9nov\u00e1n\u00ed vlas\u016f opravdov\u00fdm pot\u011b\u0161en\u00edm.<\/span><\/p>\n<h2>Rychl\u00e9 su\u0161en\u00ed, kr\u00e1sn\u00e9 v\u00fdsledky<\/h2>\n<p><span>Zapome\u0148te na dlouh\u00e9 a \u00fanavn\u00e9 f\u00e9nov\u00e1n\u00ed!<\/span><span> D\u00edky p\u016fsobiv\u00e9mu v\u00fdkonu v rozsahu 2000-2400W zaru\u010duje f\u00e9n \u0141ucznik HD-2400 expresn\u00ed v\u00fdsledky,<\/span><span> a to i v p\u0159\u00edpad\u011b hust\u00fdch a dlouh\u00fdch vlas\u016f.<\/span><span> Je to ide\u00e1ln\u00ed \u0159e\u0161en\u00ed pro ty,<\/span><span> kte\u0159\u00ed si cen\u00ed \u010dasu a efektivity.<\/span><\/p>\n<h2>Ioniza\u010dn\u00ed technologie: Rozlu\u010dte se s krepat\u011bn\u00edm!<\/h2>\n<p><span>Konec s elektrizuj\u00edc\u00edmi a krepat\u00fdmi vlasy!<\/span><span> F\u00e9n \u0141ucznik HD-2400 je vybaven funkc\u00ed ionizace.<\/span><span> Miliony z\u00e1porn\u00fdch iont\u016f,<\/span><span> uvol\u0148ovan\u00fdch b\u011bhem su\u0161en\u00ed,<\/span><span> neutralizuj\u00ed kladn\u00e9 n\u00e1boje,<\/span><span> d\u00edky \u010demu\u017e jsou va\u0161e vlasy hladk\u00e9,<\/span><span> leskl\u00e9 a snadn\u011bji se upravuj\u00ed.<\/span><span> To je tajemstv\u00ed zdrav\u011b vypadaj\u00edc\u00edch,<\/span><span> dokonale upraven\u00fdch \u00fa\u010des\u016f!<\/span><\/p>\n<h2>Pln\u00e1 kontrola nad stylingem<\/h2>\n<p><span>D\u00edky t\u0159em \u00farovn\u00edm regulace teploty a dv\u011bma stup\u0148\u016fm rychlosti proud\u011bn\u00ed vzduchu se f\u00e9n \u0141ucznik HD-2400 p\u0159izp\u016fsob\u00ed ka\u017ed\u00e9mu typu vlas\u016f a ka\u017ed\u00e9mu stylingu.<\/span><span> Bez ohledu na to,<\/span><span> zda pot\u0159ebujete jemn\u00e9 su\u0161en\u00ed,<\/span><span> nebo intenzivn\u00ed proud vzduchu pro rychl\u00e9 modelov\u00e1n\u00ed,<\/span><span> m\u00e1te plnou kontrolu nad procesem.<\/span><span> Nav\u00edc funkce studen\u00e9ho vzduchu &#8222;cool shot&#8220; v\u00e1m umo\u017en\u00ed zafixovat \u00fa\u010des na del\u0161\u00ed dobu a zajistit mu trvanlivost a dokonal\u00fd vzhled po cel\u00fd den.<\/span><\/p>\n<h2>Komfort a funk\u010dnost v ruce<\/h2>\n<p><span>F\u00e9n \u0141ucznik HD-2400 nab\u00edz\u00ed nejen vynikaj\u00edc\u00ed parametry,<\/span><span> ale tak\u00e9 pohodl\u00ed p\u0159i pou\u017e\u00edv\u00e1n\u00ed.<\/span><span> Skl\u00e1dac\u00ed rukoje\u0165 usnad\u0148uje skladov\u00e1n\u00ed za\u0159\u00edzen\u00ed \u2013 ide\u00e1ln\u00ed jak do mal\u00e9 koupelny,<\/span><span> tak na cesty.<\/span><span> Nav\u00edc praktick\u00e9 z\u00e1v\u011bsn\u00e9 poutko umo\u017e\u0148uje pohodln\u00e9 ulo\u017een\u00ed na dosah ruky.<\/span><span> Za\u0159\u00edzen\u00ed je tak\u00e9 vybaveno ochranou proti p\u0159eh\u0159\u00e1t\u00ed,<\/span><span> kter\u00e1 zaji\u0161\u0165uje bezpe\u010dnost a dlouhou \u017eivotnost f\u00e9nu.<\/span><\/p>\n<h2>P\u0159\u00edslu\u0161enstv\u00ed pro perfektn\u00ed styling<\/h2>\n<p><span>Sou\u010d\u00e1st\u00ed f\u00e9nu \u0141ucznik HD-2400 jsou dva nezbytn\u00e9 stylingov\u00e9 n\u00e1stavce:<\/span><\/p>\n<ul>\n<li><strong>Koncentr\u00e1tor vzduchu<\/strong><span> \u2013 ide\u00e1ln\u00ed pro p\u0159esn\u00e9 su\u0161en\u00ed a vyhlazov\u00e1n\u00ed vlas\u016f,<\/span><span> usnad\u0148uje vytv\u00e1\u0159en\u00ed konkr\u00e9tn\u00edch \u00fa\u010des\u016f.<\/span><\/li>\n<li><strong>Difuz\u00e9r<\/strong><span> \u2013 nepostradateln\u00fd pro majitelky vlnit\u00fdch a kudrnat\u00fdch vlas\u016f,<\/span><span> pom\u00e1h\u00e1 zv\u00fdraznit p\u0159irozen\u00fd kade\u0159 a dodat objem,<\/span><span> z\u00e1rove\u0148 zabra\u0148uje krepat\u011bn\u00ed.<\/span><\/li>\n<\/ul>\n<h2>Design, kter\u00fd uchv\u00e1t\u00ed<\/h2>\n<p><span>F\u00e9n \u0141ucznik HD-2400 se vyzna\u010duje elegantn\u00edm,<\/span><span> \u010dokol\u00e1dov\u00fdm sat\u00e9nov\u00fdm odst\u00ednem v kombinaci se zlat\u00fdmi akcenty.<\/span><span> Je to designov\u00fd dopln\u011bk do va\u0161\u00ed koupelny,<\/span><span> kter\u00fd podtrhne v\u00e1\u0161 styl a smysl pro detail.<\/span><\/p>\n<h2>Nejd\u016fle\u017eit\u011bj\u0161\u00ed informace ve zkratce:<\/h2>\n<ul>\n<li><strong>Maxim\u00e1ln\u00ed v\u00fdkon:<\/strong><span> 2000-2400W<\/span><\/li>\n<li><strong>Funkce:<\/strong><span> Ionizace,<\/span><span> studen\u00fd vzduch &#8222;cool shot&#8220;,<\/span><span> ochrana proti p\u0159eh\u0159\u00e1t\u00ed<\/span><\/li>\n<li><strong>Regulace:<\/strong><span> 3 \u00farovn\u011b teploty,<\/span><span> 2 \u00farovn\u011b rychlosti proud\u011bn\u00ed vzduchu<\/span><\/li>\n<li><strong>Design:<\/strong><span> Skl\u00e1dac\u00ed rukoje\u0165,<\/span><span> z\u00e1v\u011bsn\u00e9 poutko,<\/span><span> \u010dokol\u00e1dov\u011b-zlat\u00e1 barva<\/span><\/li>\n<li><strong>D\u00e9lka kabelu:<\/strong><span> 1,<\/span><span>64 m<\/span><\/li>\n<li><strong>Hmotnost produktu:<\/strong><span> 0,<\/span><span>52 kg (netto)<\/span><\/li>\n<li><strong>Rozm\u011bry produktu (d x \u0161 x v):<\/strong><span> 25,<\/span><span>0 x 8,<\/span><span>5 x 28,<\/span><span>0 cm<\/span><\/li>\n<li><strong>P\u0159\u00edslu\u0161enstv\u00ed v balen\u00ed:<\/strong><span> Koncentr\u00e1tor vzduchu,<\/span><span> difuz\u00e9r<\/span><\/li>\n<li><strong>Z\u00e1ruka:<\/strong><span> 24 m\u011bs\u00edc\u016f<\/span><\/li>\n<\/ul>\n","protected":false},"excerpt":{"rendered":"<p>\u0141ucznik HD-2400: F\u00e9n, kter\u00fd prom\u011bn\u00ed va\u0161e vlasy! S\u00edla, ionizace a styl v jednom \u2013 pro perfektn\u00ed \u00fa\u010des ka\u017ed\u00fd den.<\/p>\n","protected":false},"featured_media":13075,"comment_status":"open","ping_status":"closed","template":"","meta":[],"product_brand":[],"product_cat":[681],"product_tag":[],"class_list":{"0":"post-18113","1":"product","2":"type-product","3":"status-publish","4":"has-post-thumbnail","6":"product_cat-suszarki-do-wlosow","8":"first","9":"instock","10":"taxable","11":"shipping-taxable","12":"purchasable","13":"product-type-simple"},"_links":{"self":[{"href":"https:\/\/gltestm.webology.pl\/cs\/wp-json\/wp\/v2\/product\/18113","targetHints":{"allow":["GET"]}}],"collection":[{"href":"https:\/\/gltestm.webology.pl\/cs\/wp-json\/wp\/v2\/product"}],"about":[{"href":"https:\/\/gltestm.webology.pl\/cs\/wp-json\/wp\/v2\/types\/product"}],"replies":[{"embeddable":true,"href":"https:\/\/gltestm.webology.pl\/cs\/wp-json\/wp\/v2\/comments?post=18113"}],"version-history":[{"count":0,"href":"https:\/\/gltestm.webology.pl\/cs\/wp-json\/wp\/v2\/product\/18113\/revisions"}],"wp:featuredmedia":[{"embeddable":true,"href":"https:\/\/gltestm.webology.pl\/cs\/wp-json\/wp\/v2\/media\/13075"}],"wp:attachment":[{"href":"https:\/\/gltestm.webology.pl\/cs\/wp-json\/wp\/v2\/media?parent=18113"}],"wp:term":[{"taxonomy":"product_brand","embeddable":true,"href":"https:\/\/gltestm.webology.pl\/cs\/wp-json\/wp\/v2\/product_brand?post=18113"},{"taxonomy":"product_cat","embeddable":true,"href":"https:\/\/gltestm.webology.pl\/cs\/wp-json\/wp\/v2\/product_cat?post=18113"},{"taxonomy":"product_tag","embeddable":true,"href":"https:\/\/gltestm.webology.pl\/cs\/wp-json\/wp\/v2\/product_tag?post=18113"}],"curies":[{"name":"wp","href":"https:\/\/api.w.org\/{rel}","templated":true}]}}