{"id":18109,"date":"2026-03-18T22:05:24","date_gmt":"2026-03-18T21:05:24","guid":{"rendered":"https:\/\/gltestm.webology.pl\/produkt\/overlock-2023-2\/"},"modified":"2026-03-22T21:18:46","modified_gmt":"2026-03-22T20:18:46","slug":"overlock-2023-2","status":"publish","type":"product","link":"https:\/\/gltestm.webology.pl\/cs\/produkt\/overlock-2023-2\/","title":{"rendered":"Overlock 2023"},"content":{"rendered":"<h2>Prozkoumejte sv\u011bt kreativn\u00edho \u0161it\u00ed s Overlockem 2023!<\/h2>\n<p>N\u00e1\u0161 nejnov\u011bj\u0161\u00ed Overlock <strong>2023<\/strong> posune va\u0161e \u0161ic\u00ed dovednosti na <strong>zcela novou \u00farove\u0148<\/strong>. P\u0159ipravte se na fascinuj\u00edc\u00ed cestu sv\u011btem <strong>precizn\u00edho<\/strong> \u0161it\u00ed a <strong>neomezen\u00fdch<\/strong> kreativn\u00edch mo\u017enost\u00ed!<\/p>\n<h2>Kl\u00ed\u010dov\u00e9 vlastnosti Overlocku 2023<\/h2>\n<ul>\n<li><strong>V\u00fdkon 100 W<\/strong><\/li>\n<li>Number of <strong>threads<\/strong>: <strong>4<\/strong><\/li>\n<li>Po\u010det <strong>jehel<\/strong>: <strong>2<\/strong><\/li>\n<li>Po\u010det <strong>steh\u016f<\/strong>: 2: <strong>12<\/strong><\/li>\n<li>Typy steh\u016f: <strong>overlock<\/strong>, <strong>v\u00e1le\u010dkov\u00e9<\/strong> a <strong>ploch\u00e9<\/strong> stehy<\/li>\n<li>Nastaven\u00ed <strong>\u0161\u00ed\u0159ky<\/strong> stehu 1-7 mm<\/li>\n<li>Nastaven\u00ed <strong>d\u00e9lky<\/strong> stehu 1,1-4 mm<\/li>\n<li>Nastaven\u00ed <strong>nap\u011bt\u00ed<\/strong> nit\u011b 0-9<\/li>\n<li>Nastaven\u00ed <strong>p\u0159\u00edtlaku<\/strong> patky <\/li>\n<li><strong>Diferenci\u00e1ln\u00ed<\/strong> doprava<strong>(diferenci\u00e1ln\u00ed<\/strong>) 0,7-2 mm<\/li>\n<li>Snadn\u00e9 navl\u00e9k\u00e1n\u00ed nit\u011b<strong>(syst\u00e9m barevn\u00e9ho zna\u010den\u00ed<\/strong>)<\/li>\n<li><strong>Rychlost \u0161it\u00ed 1300 ot\u00e1\u010dek za minutu<\/strong><\/li>\n<li>Zv\u011bt\u0161en\u00e1 \u0161ic\u00ed plocha (11 cm)<\/li>\n<li>Zaoblen\u00e9 voln\u00e9 rameno pro snadn\u00fd transport l\u00e1tky<\/li>\n<li>Op\u011brky nohou o pr\u016fm\u011bru 4 cm pro zaji\u0161t\u011bn\u00ed stability stroje<\/li>\n<li>Vestav\u011bn\u00e9 LED osv\u011btlen\u00ed<\/li>\n<\/ul>\n<h2>Standardn\u00ed v\u00fdbava<\/h2>\n<ul>\n<li>Patka pro \u0161it\u00ed <strong>lem\u016f se \u0161\u0148\u016frou<\/strong><\/li>\n<li>Patka pro v\u0161\u00edv\u00e1n\u00ed <strong>elastick\u00fdch p\u00e1sek<\/strong><\/li>\n<li>Patka pro<strong>kryc\u00ed steh<\/strong> <\/li>\n<li><strong>Sada jehel<\/strong> (obsahuje dv\u011b jehly v balen\u00ed a dv\u011b p\u0159ipevn\u011bn\u00e9 na overlocku)<\/li>\n<li><strong>4 c\u00edvky<\/strong> b\u00edl\u00e9 nit\u011b<\/li>\n<li><strong>4<\/strong> <strong>chr\u00e1ni\u010de<\/strong> pro c\u00edvky nit\u00ed p\u0159i skladov\u00e1n\u00ed<\/li>\n<li><strong>4<\/strong> centrovac\u00ed a <strong>stabiliza\u010dn\u00ed<\/strong> krytky pro c\u00edvky <\/li>\n<li><strong>4 zar\u00e1\u017eky c\u00edvky<\/strong> <\/li>\n<li>P\u0159evodn\u00edk pro \u0161it\u00ed <strong>dv\u011bma nit\u011bmi<\/strong> <\/li>\n<li>No\u017en\u00ed regul\u00e1tor rychlosti<\/li>\n<li>Kart\u00e1\u010dek<\/li>\n<li>Kryt proti prachu<\/li>\n<li>N\u00e1doba na odst\u0159i\u017eky<\/li>\n<li>Pinzeta<\/li>\n<li>Imbusov\u00fd kl\u00ed\u010d pro v\u00fdm\u011bnu jehel<\/li>\n<li>\u0160roubov\u00e1k<\/li>\n<\/ul>\n<h2>Vytvo\u0159te kr\u00e1su v ka\u017ed\u00e9m stehu<\/h2>\n<p>Overlock 2023 je p\u0159\u00edstroj, kter\u00fd v\u00e1m spolehliv\u011b zajist\u00ed <strong>vynikaj\u00edc\u00ed<\/strong> <strong>v\u00fdsledky<\/strong> \u0161it\u00ed. S jeho pomoc\u00ed vytvo\u0159\u00edte ty nejodoln\u011bj\u0161\u00ed a nejprofesion\u00e1ln\u011bj\u0161\u00ed stehy. Po\u010det nit\u00ed &#8211; 2, 3 nebo 4 &#8211; v\u00e1m d\u00e1v\u00e1 velkou <strong>flexibilitu<\/strong> p\u0159i vytv\u00e1\u0159en\u00ed nejr\u016fzn\u011bj\u0161\u00edch projekt\u016f. Pou\u017eit\u00ed <strong>1<\/strong> nebo <strong>2 jehel<\/strong> v\u00e1m umo\u017en\u00ed b\u00fdt je\u0161t\u011b p\u0159esn\u011bj\u0161\u00ed v detailech.<\/p>\n<h2>Objevte tajemstv\u00ed dokonal\u00fdch steh\u016f<\/h2>\n<p>A\u0165 u\u017e jsou va\u0161e \u0161ic\u00ed pot\u0159eby jak\u00e9koli, Overlock 2023 pro v\u00e1s m\u00e1 to spr\u00e1vn\u00e9 \u0159e\u0161en\u00ed. Vyberte si z <strong>12 r\u016fzn\u00fdch steh\u016f<\/strong>, kter\u00e9 v\u00e1m otev\u0159ou br\u00e1nu k <strong>nespo\u010dtu projekt\u016f<\/strong>. Nastaviteln\u00e1 <strong>\u0161\u00ed\u0159ka stehu<\/strong> od <strong>1<\/strong> do <strong>7 mm<\/strong> a <strong>d\u00e9lka stehu<\/strong> od <strong>1,1<\/strong> do <strong>4 mm<\/strong> v\u00e1m d\u00e1vaj\u00ed plnou kontrolu nad ka\u017ed\u00fdm detailem va\u0161eho mistrovsk\u00e9ho d\u00edla. Nav\u00edc <strong>nastaviteln\u00e9 nap\u011bt\u00ed nit\u011b<\/strong> od <strong>0<\/strong> do <strong>9<\/strong> a <strong>p\u0159\u00edtlak patky<\/strong> zajist\u00ed, \u017ee va\u0161e stehy budou v\u017edy dokonal\u00e9.<\/p>\n<h2>Spolehlivost, kter\u00e1 v\u00e1m vyraz\u00ed dech<\/h2>\n<p>Overlock 2023 byl vytvo\u0159en s ohledem na <strong>va\u0161e pohodl\u00ed<\/strong>. D\u00edky diferenci\u00e1ln\u00edmu <strong>transportu<\/strong> (diferenci\u00e1lu) s rozsahem <strong>0,7<\/strong> a\u017e <strong>2 mm<\/strong> budou va\u0161e l\u00e1tky <strong>pod patkou<\/strong> <strong>proch\u00e1zet<\/strong> v\u017edy <strong>rovnom\u011brn\u011b<\/strong> a <strong>hladce<\/strong>.<\/p>\n<p>A co je nejd\u016fle\u017eit\u011bj\u0161\u00ed, <strong>d\u00edky snadn\u00e9mu navl\u00e9k\u00e1n\u00ed je<\/strong> pou\u017e\u00edv\u00e1n\u00ed tohoto overlocku pot\u011b\u0161en\u00edm. Zapome\u0148te na <strong>frustruj\u00edc\u00ed ztr\u00e1tu \u010dasu<\/strong> slo\u017eit\u00fdm navl\u00e9k\u00e1n\u00edm &#8211; nyn\u00ed to zvl\u00e1dnete b\u011bhem okam\u017eiku d\u00edky <strong>syst\u00e9mu barevn\u00e9ho zna\u010den\u00ed<\/strong>.<\/p>\n<h2>Technologie a inovace pro va\u0161i v\u00e1\u0161e\u0148<\/h2>\n<p>Overlock 2023 je nejen <strong>spolehliv\u00fd,<\/strong> ale tak\u00e9 <strong>v\u00fdkonn\u00fd<\/strong> a technologicky <strong>vysp\u011bl\u00fd<\/strong>. D\u00edky rychlosti \u0161it\u00ed <strong>1300 ot\u00e1\u010dek za minutu<\/strong> m\u016f\u017eete sv\u00e9 projekty vytv\u00e1\u0159et <strong>rychle<\/strong> a <strong>efektivn\u011b<\/strong>. P\u0159\u00edkon <strong>100 W<\/strong> zajist\u00ed plynul\u00fd a spolehliv\u00fd provoz za v\u0161ech podm\u00ednek.<\/p>\n<p><strong>Zv\u011bt\u0161en\u00e1 \u0161ic\u00ed plocha<\/strong> o \u0161\u00ed\u0159ce <strong>11 cm<\/strong>, <strong>zaoblen\u00e9 voln\u00e9 rameno<\/strong> pro snadn\u00fd transport l\u00e1tky a <strong>stabiln\u00ed op\u011brky nohou<\/strong> o pr\u016fm\u011bru 4 cm nav\u00edc zaru\u010duj\u00ed <strong>pohodl\u00ed<\/strong> a <strong>p\u0159esnost<\/strong> p\u0159i pr\u00e1ci.<\/p>\n<h2>Objevte sv\u011bt pln\u00fd mo\u017enost\u00ed<\/h2>\n<p>Overlock 2023 by nebyl kompletn\u00ed bez <strong>sady p\u0159\u00edslu\u0161enstv\u00ed<\/strong>, kter\u00e9 k n\u011bmu dostanete.<\/p>\n<p>Spolu s overlockem obdr\u017e\u00edte <strong>3 specializovan\u00e9 patky<\/strong>:<\/p>\n<ul>\n<li>patku pro \u0161it\u00ed lemovek pomoc\u00ed prov\u00e1zku,<\/li>\n<li>patku pro v\u0161\u00edv\u00e1n\u00ed gumi\u010dek<\/li>\n<li>patku pro kryt\u00e9 \u0161vy<\/li>\n<\/ul>\n<p>Dal\u0161\u00ed <strong>patky pro<\/strong> overlock najdete v na\u0161\u00ed nab\u00eddce na <strong><span><a href=\"https:\/\/galerialucznik.pl\/pl\/menu\/czesci-i-akcesoria\/stopki-i-lamowniki\/stopki-do-overlockow-664.html\" target=\"_blank\" rel=\"noopener\">t\u00e9to str\u00e1nce<\/a><\/span><\/strong>. <\/p>\n<p>Sada <strong>jehel<\/strong>, <strong>pinzeta<\/strong>, <strong>imbusov\u00fd<\/strong> kl\u00ed\u010d na v\u00fdm\u011bnu jehel, <strong>\u0161roubov\u00e1k<\/strong> &#8211; v\u0161e, co pot\u0159ebujete k dokonal\u00e9mu fungov\u00e1n\u00ed overlocku 2023. Pokud m\u00e1te v\u00edce jehel, ur\u010dit\u011b <strong><span><a href=\"https:\/\/galerialucznik.pl\/pl\/menu\/czesci-i-akcesoria\/akcesoria-do-maszyn-do-szycia\/igly-do-maszyn-676.html\" target=\"_blank\" rel=\"noopener\">se pod\u00edvejte sem<\/a><\/span><\/strong>.<\/p>\n<p>D\u00e1le m\u00e1te k dispozici <strong>4 krytky pro centrov\u00e1n\u00ed a stabilizaci c\u00edvky<\/strong>, <strong>4 zar\u00e1\u017eky c\u00edvky<\/strong>, kart\u00e1\u010dek, kryt proti <strong>prachu<\/strong>, 4 <strong>s\u00ed\u0165ky na ochranu<\/strong> c\u00edvek p\u0159i skladov\u00e1n\u00ed,<strong> 4 c\u00edvky b\u00edl\u00e9 nit\u011b<\/strong> a <strong>p\u0159evodn\u00edk na<\/strong> 2 stehy. Hled\u00e1te dal\u0161\u00ed fantastick\u00e9 barvy nit\u00ed pro sv\u016fj nov\u00fd overlock? Pod\u00edvejte se na na\u0161i nab\u00eddku na <span><strong><a href=\"https:\/\/galerialucznik.pl\/pl\/menu\/przybory-do-szycia\/nici\/nici-do-overlockow-694.html\" target=\"_blank\" rel=\"noopener\">t\u00e9to str\u00e1nce<\/a><\/strong><\/span>.<\/p>\n<p>Je to <strong>komplexn\u00ed<\/strong> nab\u00eddka, d\u00edky kter\u00e9 m\u016f\u017eete ze sv\u00e9ho overlocku 2023 vyt\u011b\u017eit maximum.<\/p>\n<h2>P\u0159ipojte se k revoluci v \u0161it\u00ed se zna\u010dkou Archer!<\/h2>\n<p>Nechte n\u00e1\u0161 nejnov\u011bj\u0161\u00ed overlock prom\u011bnit sv\u00e9 n\u00e1pady ve skute\u010dnost. Objevte sv\u00e9 <strong>um\u011bleck\u00e9 mo\u017enosti<\/strong>, u\u017eijte si <strong>spolehlivost<\/strong> a <strong>p\u0159esnost<\/strong>, jakou jste je\u0161t\u011b neza\u017eili. Vyberte si Overlock 2023 a vstupte na novou \u00farove\u0148 kreativn\u00edho \u0161it\u00ed!<\/p>\n","protected":false},"excerpt":{"rendered":"<p>\u010dty\u0159nitn\u00fd dvoujehlov\u00fd overlock s p\u0159\u00edkonem 100 W. 1300 ot\u00e1\u010dek za minutu. 12 steh\u016f v\u010detn\u011b overlockov\u00e9ho, rolovac\u00edho a ploch\u00e9ho. \u0160it\u00ed 1 nebo 2 jehlami. Nastaviteln\u00e1 \u0161\u00ed\u0159ka a d\u00e9lka stehu, nap\u011bt\u00ed nit\u011b a p\u0159\u00edtlak patky. Diferenci\u00e1ln\u00ed transport a snadn\u00e9 navl\u00e9k\u00e1n\u00ed<\/p>\n","protected":false},"featured_media":13926,"comment_status":"open","ping_status":"closed","template":"","meta":[],"product_brand":[],"product_cat":[436],"product_tag":[],"class_list":{"0":"post-18109","1":"product","2":"type-product","3":"status-publish","4":"has-post-thumbnail","6":"product_cat-overlocki","8":"first","9":"instock","10":"taxable","11":"shipping-taxable","12":"purchasable","13":"product-type-simple"},"_links":{"self":[{"href":"https:\/\/gltestm.webology.pl\/cs\/wp-json\/wp\/v2\/product\/18109","targetHints":{"allow":["GET"]}}],"collection":[{"href":"https:\/\/gltestm.webology.pl\/cs\/wp-json\/wp\/v2\/product"}],"about":[{"href":"https:\/\/gltestm.webology.pl\/cs\/wp-json\/wp\/v2\/types\/product"}],"replies":[{"embeddable":true,"href":"https:\/\/gltestm.webology.pl\/cs\/wp-json\/wp\/v2\/comments?post=18109"}],"version-history":[{"count":0,"href":"https:\/\/gltestm.webology.pl\/cs\/wp-json\/wp\/v2\/product\/18109\/revisions"}],"wp:featuredmedia":[{"embeddable":true,"href":"https:\/\/gltestm.webology.pl\/cs\/wp-json\/wp\/v2\/media\/13926"}],"wp:attachment":[{"href":"https:\/\/gltestm.webology.pl\/cs\/wp-json\/wp\/v2\/media?parent=18109"}],"wp:term":[{"taxonomy":"product_brand","embeddable":true,"href":"https:\/\/gltestm.webology.pl\/cs\/wp-json\/wp\/v2\/product_brand?post=18109"},{"taxonomy":"product_cat","embeddable":true,"href":"https:\/\/gltestm.webology.pl\/cs\/wp-json\/wp\/v2\/product_cat?post=18109"},{"taxonomy":"product_tag","embeddable":true,"href":"https:\/\/gltestm.webology.pl\/cs\/wp-json\/wp\/v2\/product_tag?post=18109"}],"curies":[{"name":"wp","href":"https:\/\/api.w.org\/{rel}","templated":true}]}}