{"id":18101,"date":"2026-03-18T22:05:24","date_gmt":"2026-03-18T21:05:24","guid":{"rendered":"https:\/\/gltestm.webology.pl\/produkt\/jehelnicek-happy-home-60-ks-navlekac\/"},"modified":"2026-03-22T21:18:43","modified_gmt":"2026-03-22T20:18:43","slug":"jehelnicek-happy-home-60-ks-navlekac","status":"publish","type":"product","link":"https:\/\/gltestm.webology.pl\/cs\/produkt\/jehelnicek-happy-home-60-ks-navlekac\/","title":{"rendered":"Jeheln\u00ed\u010dek &#8211; Happy Home 60 ks + navl\u00e9ka\u010d"},"content":{"rendered":"<h2><strong>Happy Home &#8211; V\u00e1\u0161 Nepostradateln\u00fd Set Jehel pro Ru\u010dn\u00ed \u0160it\u00ed ve Stylov\u00e9m Jeheln\u00ed\u010dku!<\/strong><\/h2>\n<p>Ka\u017ed\u00fd dom\u00e1c\u00ed \u0161ic\u00ed kuf\u0159\u00edk by m\u011bl obsahovat sadu pevn\u00fdch <strong>jehel pro ru\u010dn\u00ed \u0161it\u00ed<\/strong>. Od drobn\u00fdch oprav, l\u00e1t\u00e1n\u00ed po rychl\u00e9 se\u0161\u00edv\u00e1n\u00ed \u2013 dobr\u00e9 jehly jsou z\u00e1kladem efektivn\u00ed dom\u00e1c\u00ed pr\u00e1ce. P\u0159edstavujeme <strong>Jeheln\u00ed\u010dek Happy Home<\/strong>, kter\u00fd je skv\u011bl\u00fdm a stylov\u00fdm pomocn\u00edkem v ka\u017ed\u00e9 dom\u00e1cnosti, spojuj\u00edc\u00edm funk\u010dnost s klasick\u00fdm kouzlem.<\/p>\n<p>V tomto p\u016fvabn\u00e9m, pap\u00edrov\u00e9m balen\u00ed ve form\u011b jeheln\u00ed\u010dku naleznete a\u017e <strong>60 jehel<\/strong> r\u016fzn\u00fdch d\u00e9lek, co\u017e v\u00e1m umo\u017en\u00ed vybrat si ide\u00e1ln\u00ed jehlu pro t\u00e9m\u011b\u0159 ka\u017ed\u00fd \u00fakol a typ materi\u00e1lu, od jemn\u00fdch l\u00e1tek po hrub\u0161\u00ed materi\u00e1ly. D\u00e9lky jehel v sad\u011b se pohybuj\u00ed od 34 mm do 52 mm. Nav\u00edc je v jeheln\u00ed\u010dku mimo\u0159\u00e1dn\u011b praktick\u00fd <strong>navl\u00e9ka\u010d nit\u00ed<\/strong>, kter\u00fd usnadn\u00ed navl\u00e9k\u00e1n\u00ed nit\u011b, i p\u0159es ta nejmen\u0161\u00ed o\u010dka.<\/p>\n<h3><strong>Pro\u010d se vyplat\u00ed m\u00edt jeheln\u00ed\u010dek Happy Home ve sv\u00e9m dom\u011b?<\/strong><\/h3>\n<ul>\n<li><strong>Bohat\u00fd v\u00fdb\u011br:<\/strong> 60 jehel v r\u016fzn\u00fdch, u\u017eite\u010dn\u00fdch d\u00e9lk\u00e1ch (od 34 mm do 52 mm) zaru\u010duje, \u017ee v\u017edy naleznete vhodnou jehlu pro sv\u016fj projekt.<\/li>\n<li><strong>Vysok\u00e1 kvalita:<\/strong> Jehly jsou <strong>odoln\u00e9 proti korozi<\/strong> a vyrobeny z <strong>nejkvalitn\u011bj\u0161\u00edch materi\u00e1l\u016f<\/strong>, co\u017e zaji\u0161\u0165uje jejich trvanlivost a spolehlivost. Dle ozna\u010den\u00ed na obalu se jedn\u00e1 o niklovan\u00e9 jehly, se zlat\u00fdm nebo st\u0159\u00edbrn\u00fdm okem, co\u017e sv\u011bd\u010d\u00ed o d\u016frazu na detaily.<\/li>\n<li><strong>Praktick\u00fd navl\u00e9ka\u010d:<\/strong> Nepostradateln\u00fd dopln\u011bk, kter\u00fd \u0161et\u0159\u00ed \u010das a usnad\u0148uje navl\u00e9k\u00e1n\u00ed nit\u00ed, zejm\u00e9na osob\u00e1m s probl\u00e9my se zrakem.<\/li>\n<li><strong>Stylov\u00e9 balen\u00ed:<\/strong> Jeheln\u00ed\u010dek <strong>Happy Home<\/strong> okouzluje klasickou, nostalgickou grafikou. Nen\u00ed to jen <strong>praktick\u00e9 krej\u010dovsk\u00e9 pot\u0159eby<\/strong>, ale i kr\u00e1sn\u00fd drobn\u00fd d\u00e1rek, kter\u00fd stoj\u00ed za to m\u00edt po ruce nebo darovat.<\/li>\n<li><strong>P\u0159ipraven\u00e1 sada:<\/strong> V\u0161e, co pot\u0159ebujete pro z\u00e1kladn\u00ed pr\u00e1ce <strong>ru\u010dn\u00edho \u0161it\u00ed<\/strong> a drobn\u00e9 opravy v dom\u00e1cnosti, shrom\u00e1\u017ed\u011bn\u00e9 na jednom m\u00edst\u011b.<\/li>\n<\/ul>\n<p>Jeheln\u00ed\u010dek m\u00e1 \u0161ikovn\u00e9 <strong>rozm\u011bry<\/strong> (cca 8,7 cm x 15,3 cm), d\u00edky \u010demu\u017e se snadno vejde do \u0161upl\u00edku, ko\u0161\u00edku s pot\u0159ebami nebo dom\u00e1c\u00edho <strong>\u0161ic\u00edho kuf\u0159\u00edku<\/strong>.<\/p>\n<p>M\u011bjte v\u017edy po ruce spolehliv\u00e9 <strong>jehly pro \u0161it\u00ed<\/strong>! Jeheln\u00ed\u010dek Happy Home je spojen\u00edm funk\u010dnosti, kvality a nad\u010dasov\u00e9ho stylu, ide\u00e1ln\u00ed pro ka\u017ed\u00e9ho, kdo si cen\u00ed p\u0159ipravenosti na drobn\u00e9 krej\u010dovsk\u00e9 pr\u00e1ce v dom\u00e1cnosti.<\/p>\n<h3><strong>Shrnut\u00ed nejd\u016fle\u017eit\u011bj\u0161\u00edch informac\u00ed:<\/strong><\/h3>\n<ul>\n<li><strong>Typ produktu:<\/strong> Sada jehel pro ru\u010dn\u00ed \u0161it\u00ed v jeheln\u00ed\u010dku<\/li>\n<li><strong>N\u00e1zev s\u00e9rie\/balen\u00ed:<\/strong> Happy Home<\/li>\n<li><strong>Po\u010det v sad\u011b:<\/strong> 60 jehel + 1 navl\u00e9ka\u010d<\/li>\n<li><strong>D\u00e9lky jehel:<\/strong> od 34 mm do 52 mm (sortiment)<\/li>\n<li><strong>Vlastnosti jehel:<\/strong> Odoln\u00e9 proti korozi, nejvy\u0161\u0161\u00ed kvalita, niklovan\u00e9, s okem zlat\u00fdm\/st\u0159\u00edbrn\u00fdm (dle obalu)<\/li>\n<li><strong>Balen\u00ed:<\/strong> Pap\u00edrov\u00fd\/kartonov\u00fd jeheln\u00ed\u010dek (ve stylu &#8222;Needle Book&#8220;)<\/li>\n<li><strong>Rozm\u011bry balen\u00ed (orienta\u010dn\u00ed):<\/strong> 8,7 cm x 15,3 cm<\/li>\n<li><strong>Pou\u017eit\u00ed:<\/strong> Ru\u010dn\u00ed \u0161it\u00ed, opravy od\u011bv\u016f, l\u00e1t\u00e1n\u00ed, drobn\u00e9 krej\u010dovsk\u00e9 a ru\u010dn\u00ed pr\u00e1ce v dom\u00e1cnosti.<\/li>\n<\/ul>\n","protected":false},"excerpt":{"rendered":"<p>Klasika ve va\u0161em \u0161ic\u00edm kuf\u0159\u00edku! Jeheln\u00ed\u010dek Happy Home \u2013 60 jehel v r\u016fzn\u00fdch d\u00e9lk\u00e1ch plus navl\u00e9ka\u010d. P\u0159ipraven na dom\u00e1c\u00ed \u0161it\u00ed a drobn\u00e9 opravy!<\/p>\n","protected":false},"featured_media":15583,"comment_status":"open","ping_status":"closed","template":"","meta":[],"product_brand":[],"product_cat":[361],"product_tag":[],"class_list":{"0":"post-18101","1":"product","2":"type-product","3":"status-publish","4":"has-post-thumbnail","6":"product_cat-igly","8":"first","9":"instock","10":"taxable","11":"shipping-taxable","12":"purchasable","13":"product-type-simple"},"_links":{"self":[{"href":"https:\/\/gltestm.webology.pl\/cs\/wp-json\/wp\/v2\/product\/18101","targetHints":{"allow":["GET"]}}],"collection":[{"href":"https:\/\/gltestm.webology.pl\/cs\/wp-json\/wp\/v2\/product"}],"about":[{"href":"https:\/\/gltestm.webology.pl\/cs\/wp-json\/wp\/v2\/types\/product"}],"replies":[{"embeddable":true,"href":"https:\/\/gltestm.webology.pl\/cs\/wp-json\/wp\/v2\/comments?post=18101"}],"version-history":[{"count":0,"href":"https:\/\/gltestm.webology.pl\/cs\/wp-json\/wp\/v2\/product\/18101\/revisions"}],"wp:featuredmedia":[{"embeddable":true,"href":"https:\/\/gltestm.webology.pl\/cs\/wp-json\/wp\/v2\/media\/15583"}],"wp:attachment":[{"href":"https:\/\/gltestm.webology.pl\/cs\/wp-json\/wp\/v2\/media?parent=18101"}],"wp:term":[{"taxonomy":"product_brand","embeddable":true,"href":"https:\/\/gltestm.webology.pl\/cs\/wp-json\/wp\/v2\/product_brand?post=18101"},{"taxonomy":"product_cat","embeddable":true,"href":"https:\/\/gltestm.webology.pl\/cs\/wp-json\/wp\/v2\/product_cat?post=18101"},{"taxonomy":"product_tag","embeddable":true,"href":"https:\/\/gltestm.webology.pl\/cs\/wp-json\/wp\/v2\/product_tag?post=18101"}],"curies":[{"name":"wp","href":"https:\/\/api.w.org\/{rel}","templated":true}]}}