{"id":18077,"date":"2026-03-18T22:05:21","date_gmt":"2026-03-18T21:05:21","guid":{"rendered":"https:\/\/gltestm.webology.pl\/produkt\/bs-2018-koupelnova-vaha\/"},"modified":"2026-03-22T21:18:33","modified_gmt":"2026-03-22T20:18:33","slug":"bs-2018-koupelnova-vaha","status":"publish","type":"product","link":"https:\/\/gltestm.webology.pl\/cs\/produkt\/bs-2018-koupelnova-vaha\/","title":{"rendered":"BS-2018 koupelnov\u00e1 v\u00e1ha"},"content":{"rendered":"<h2><strong>Koupelnov\u00e1 v\u00e1ha Ametyst BS-2018<\/strong><\/h2>\n<p>Ametyst je v\u00fdjime\u010dn\u011b kr\u00e1sn\u00fd krystal, naz\u00fdvan\u00fd kamenem harmonie a uvoln\u011bn\u00ed. Tato <strong>koupelnov\u00e1 v\u00e1ha Lucznik BS-2018<\/strong> je ametystovou variantou v\u00e1hy z \u0159ady &#8222;crystal&#8220; &#8211; snadno vnese tuto relaxa\u010dn\u00ed atmosf\u00e9ru do va\u0161eho domova.<\/p>\n<p><strong>Koupelnov\u00e1<\/strong> v\u00e1ha<strong>Lucznik BS-2018<\/strong> m\u00e1 robustn\u00ed sklen\u011bnou platformu, do n\u00ed\u017e jsou vsazeny t\u0159pytiv\u00e9 krystaly, kter\u00e9 j\u00ed dod\u00e1vaj\u00ed jedine\u010dn\u00fd charakter a zv\u00fdraz\u0148uj\u00ed jej\u00ed jemnou barvu. Rohy plo\u0161iny jsou zaoblen\u00e9, tak\u017ee je jej\u00ed pou\u017e\u00edv\u00e1n\u00ed bezpe\u010dn\u011bj\u0161\u00ed.<\/p>\n<p><strong>P\u0159esn\u00e9 senzory, kter<\/strong>\u00fdmi je <strong>ametystov\u00e1 v\u00e1ha Lucznik BS-2018<\/strong> vybavena, m\u011b\u0159\u00ed hmotnost s <strong>p\u0159esnost\u00ed 0,1 kg<\/strong>. Po um\u00edst\u011bn\u00ed v\u00e1hy na stabiln\u00ed a tvrd\u00fd povrch (nap\u0159. koupelnov\u00e9 dla\u017edice) se m\u011b\u0159en\u00ed prov\u00e1d\u00ed ihned po postaven\u00ed na plo\u0161inu. D\u00edky tomu, \u017ee je v\u00e1ha vybavena <strong>automatick\u00fdm<\/strong> vyp\u00edna\u010dem, je jej\u00ed pou\u017e\u00edv\u00e1n\u00ed nejen \u00fasporn\u00e9 z hlediska spot\u0159eby energie, ale tak\u00e9 pohodln\u00e9 a intuitivn\u00ed. <\/p>\n<p>Nam\u011b\u0159enou t\u011blesnou hmotnost (doufejme, \u017ee uspokojivou!) si m\u016f\u017eeme p\u0159e\u010d\u00edst na p\u0159ehledn\u00e9m, podsv\u00edcen\u00e9m <strong>LCD displeji<\/strong> a v jednotce, kterou si zvol\u00edme &#8211; v <strong>kilogramech nebo libr\u00e1ch<\/strong>.<\/p>\n<p><strong>Koupelnov\u00e1 v\u00e1ha Lucznik BS-2018 <\/strong>je dod\u00e1v\u00e1na se dv\u011bma bateriemi AAA, kter\u00e9 jsou sou\u010d\u00e1st\u00ed balen\u00ed, tak\u017ee je p\u0159ipravena k pou\u017eit\u00ed t\u00e9m\u011b\u0159 okam\u017eit\u011b po vyjmut\u00ed z krabice.<\/p>\n<p>Koupelnov\u00e1 v\u00e1ha Lucznik<strong>BS <\/strong>-2018 se dod\u00e1v\u00e1 s dvouletou z\u00e1rukou a n\u00e1vodem ve dvou jazyc\u00edch &#8211; pol\u0161tin\u011b a angli\u010dtin\u011b. P\u0159ed pou\u017eit\u00edm v\u00fdrobku doporu\u010dujeme p\u0159e\u010d\u00edst si n\u00e1vod.<\/p>\n","protected":false},"excerpt":{"rendered":"<p>Koupelnov\u00e1 v\u00e1ha s kr\u00e1sn\u00fdm k\u0159i\u0161\u0165\u00e1lov\u00fdm a t\u0159pytiv\u00fdm leskem v jedine\u010dn\u00e9 ametystov\u00e9 barv\u011b<\/p>\n","protected":false},"featured_media":15574,"comment_status":"open","ping_status":"closed","template":"","meta":[],"product_brand":[],"product_cat":[666],"product_tag":[],"class_list":{"0":"post-18077","1":"product","2":"type-product","3":"status-publish","4":"has-post-thumbnail","6":"product_cat-wagi-lazienkowe","8":"first","9":"instock","10":"taxable","11":"shipping-taxable","12":"purchasable","13":"product-type-simple"},"_links":{"self":[{"href":"https:\/\/gltestm.webology.pl\/cs\/wp-json\/wp\/v2\/product\/18077","targetHints":{"allow":["GET"]}}],"collection":[{"href":"https:\/\/gltestm.webology.pl\/cs\/wp-json\/wp\/v2\/product"}],"about":[{"href":"https:\/\/gltestm.webology.pl\/cs\/wp-json\/wp\/v2\/types\/product"}],"replies":[{"embeddable":true,"href":"https:\/\/gltestm.webology.pl\/cs\/wp-json\/wp\/v2\/comments?post=18077"}],"version-history":[{"count":0,"href":"https:\/\/gltestm.webology.pl\/cs\/wp-json\/wp\/v2\/product\/18077\/revisions"}],"wp:featuredmedia":[{"embeddable":true,"href":"https:\/\/gltestm.webology.pl\/cs\/wp-json\/wp\/v2\/media\/15574"}],"wp:attachment":[{"href":"https:\/\/gltestm.webology.pl\/cs\/wp-json\/wp\/v2\/media?parent=18077"}],"wp:term":[{"taxonomy":"product_brand","embeddable":true,"href":"https:\/\/gltestm.webology.pl\/cs\/wp-json\/wp\/v2\/product_brand?post=18077"},{"taxonomy":"product_cat","embeddable":true,"href":"https:\/\/gltestm.webology.pl\/cs\/wp-json\/wp\/v2\/product_cat?post=18077"},{"taxonomy":"product_tag","embeddable":true,"href":"https:\/\/gltestm.webology.pl\/cs\/wp-json\/wp\/v2\/product_tag?post=18077"}],"curies":[{"name":"wp","href":"https:\/\/api.w.org\/{rel}","templated":true}]}}