{"id":18073,"date":"2026-03-18T22:05:21","date_gmt":"2026-03-18T21:05:21","guid":{"rendered":"https:\/\/gltestm.webology.pl\/produkt\/rucni-mixer-jk-1500-titanove-cerny-extra-silny\/"},"modified":"2026-03-22T21:18:31","modified_gmt":"2026-03-22T20:18:31","slug":"rucni-mixer-jk-1500-titanove-cerny-extra-silny","status":"publish","type":"product","link":"https:\/\/gltestm.webology.pl\/cs\/produkt\/rucni-mixer-jk-1500-titanove-cerny-extra-silny\/","title":{"rendered":"RU\u010cN\u00cd MIX\u00c9R JK-1500 TITANOV\u011a \u010cERN\u00dd EXTRA SILN\u00dd"},"content":{"rendered":"<p>Vyzkou\u0161ejte s\u00edlu na\u0161eho <strong>extra siln\u00e9ho<\/strong> ru\u010dn\u00edho mix\u00e9ru <strong>JK-1500W Titanium Black<\/strong> vybaven\u00e9ho <strong>v\u00fdkonn\u00fdm motorem<\/strong>, kter\u00fd v\u00e1m umo\u017en\u00ed <strong>rychle<\/strong> a <strong>efektivn\u011b<\/strong> <strong>mixovat<\/strong>, <strong>m\u00edchat<\/strong> a <strong>sekat p\u0159\u00edsady<\/strong>. N\u00e1\u0161 p\u0159\u00edstroj zaru\u010duje <strong>spolehlivost<\/strong> a umo\u017en\u00ed v\u00e1m bez n\u00e1mahy rozmixovat i ty <strong>nejtvrd\u0161\u00ed p\u0159\u00edsady<\/strong> (v\u010detn\u011b <strong>ledu<\/strong>) a p\u0159ipravit <strong>kr\u00e9mov\u00e9 om\u00e1\u010dky<\/strong>, <strong>sametov\u00e9 pol\u00e9vky<\/strong> nebo <strong>hladk\u00e9 koktejly<\/strong>. Ocelov\u011b \u010dern\u00e1 barva a konstrukce z nerezov\u00e9 oceli zaji\u0161\u0165uj\u00ed odolnost a eleganci.<\/p>\n<h2>Kl\u00ed\u010dov\u00e9 vlastnosti na\u0161eho 1500W ru\u010dn\u00edho mix\u00e9ru<\/h2>\n<ul>\n<li><strong>Titanem vyztu\u017een\u00fd \u010dty\u0159ramenn\u00fd zlat\u00fd n\u016f\u017e<\/strong><\/li>\n<li>No\u017en\u00ed deska s <strong>nylonov\u00fdm chr\u00e1ni\u010dem, kter\u00fd chr\u00e1n\u00ed n\u00e1dobu<\/strong> p\u0159ed po\u0161kr\u00e1b\u00e1n\u00edm a rozst\u0159ikov\u00e1n\u00edm potravin<\/li>\n<li>Spolehliv\u00fd, vysoce v\u00fdkonn\u00fd <strong>1500W<\/strong> motor<\/li>\n<li>plynul\u00e1 <strong>regulace<\/strong><strong>15<\/strong> rychlost\u00ed<\/li>\n<li><strong>Funkce &#8222;TURBO<\/strong><\/li>\n<li><strong>Tich\u00fd<\/strong> provoz<\/li>\n<li>Snadn\u00e9 \u010di\u0161t\u011bn\u00ed<\/li>\n<li><strong>Ergonomicky tvarovan\u00e1<\/strong> rukoje\u0165 (perfektn\u011b padne do ruky)<\/li>\n<li>Robustn\u00ed konstrukce<\/li>\n<li>Z\u00e1ruka 24 m\u011bs\u00edc\u016f<\/li>\n<li>N\u00e1vod k pou\u017eit\u00ed v pol\u0161tin\u011b, angli\u010dtin\u011b a ukrajin\u0161tin\u011b<\/li>\n<\/ul>\n<h2>Zlat\u00e1 titanov\u00e1 \u010depel<\/h2>\n<p>D\u00edky <strong>odoln\u00e9 \u010depeli<\/strong> slo\u017een\u00e9 ze <strong>\u010dty\u0159 ramen<\/strong> a vyztu\u017een\u00e9 <strong>titanem<\/strong> je n\u00e1\u0161 extra siln\u00fd ru\u010dn\u00ed mix\u00e9r JK-1500W Titanium Black p\u0159ipraven na<strong> ka\u017edou v\u00fdzvu kulin\u00e1\u0159sk\u00e9ho sv\u011bta<\/strong>. Tato \u010depel skv\u011ble <strong>drt\u00ed led<\/strong> pro p\u0159\u00edpravu lahodn\u00fdch n\u00e1poj\u016f a mixuje i <strong>ty nejtvrd\u0161\u00ed ingredience<\/strong>, jako jsou <strong>o\u0159echy<\/strong> nebo syrov\u00e1 <strong>zelenina<\/strong>. Tato funkce poskytuje je\u0161t\u011b v\u011bt\u0161\u00ed v\u0161estrannost a mo\u017enost p\u0159\u00edpravy nejr\u016fzn\u011bj\u0161\u00edch pokrm\u016f a n\u00e1poj\u016f. B\u011bhem okam\u017eiku tak m\u016f\u017eete p\u0159ipravit dokonal\u00e9 smoothie ze zmra\u017een\u00e9ho ovoce nebo lahodn\u00fd ledov\u00fd sorbet.<\/p>\n<h2>P\u0159esn\u00e1 regulace rychlosti<\/h2>\n<p><strong>Plynul\u00e1 regulace rychlosti v 15 stupn\u00edch<\/strong> umo\u017e\u0148uje p\u0159izp\u016fsobit v\u00fdkon <strong>titanov\u00e9ho \u010dern\u00e9ho extra siln\u00e9ho<\/strong> ru\u010dn\u00edho mix\u00e9ru <strong>JK-1500W<\/strong> r\u016fzn\u00fdm surovin\u00e1m a pot\u0159eb\u00e1m. A\u0165 u\u017e chcete <strong>suroviny mixovat jemn\u011b<\/strong> nebo <strong>rychle rozm\u011blnit<\/strong>, n\u00e1\u0161 mix\u00e9r snadno spln\u00ed va\u0161e o\u010dek\u00e1v\u00e1n\u00ed.<\/p>\n<p><strong>Mechanick\u00e9<\/strong> ovl\u00e1d\u00e1n\u00ed<strong>rychlosti<\/strong> v\u00e1m d\u00e1v\u00e1 p\u0159esnou kontrolu nad procesem mixov\u00e1n\u00ed, abyste dos\u00e1hli dokonal\u00fdch a opakovateln\u00fdch v\u00fdsledk\u016f v ka\u017ed\u00e9m pokrmu.<\/p>\n<h2>Pln\u00fd v\u00fdkon pouh\u00fdm stisknut\u00edm tla\u010d\u00edtka<\/h2>\n<p><strong>Funkce turbo<\/strong> je dal\u0161\u00edm bonusem, d\u00edky kter\u00e9mu se extra siln\u00fd ru\u010dn\u00ed mix\u00e9r JK-1500W Titanium Black stane <strong>nepostradateln\u00fdm n\u00e1strojem v kuchyni<\/strong>. Umo\u017en\u00ed v\u00e1m p\u0159ipravit obl\u00edben\u00e9 pokrmy a n\u00e1poje je\u0161t\u011b <strong>rychleji<\/strong> a <strong>efektivn\u011bji<\/strong>, \u010d\u00edm\u017e u\u0161et\u0159\u00edte drahocenn\u00fd \u010das a energii.<\/p>\n<h2>Tichost, pohodl\u00ed, efektivita<\/h2>\n<p>D\u00edky <strong>sv\u00e9 pokro\u010dil\u00e9 konstrukci<\/strong> pracuje n\u00e1\u0161 <strong>1500W<\/strong> ru\u010dn\u00ed mix\u00e9r nejen <strong>efektivn\u011b,<\/strong> ale tak\u00e9 <strong>ti\u0161e,<\/strong> tak\u017ee se m\u016f\u017eete soust\u0159edit na po\u017eitek z va\u0159en\u00ed bez nep\u0159\u00edjemn\u00fdch zvuk\u016f. <strong>Ergonomick\u00fd tvar rukojeti<\/strong> nav\u00edc zaji\u0161\u0165uje <strong>pohodln\u00e9<\/strong> a <strong>komfortn\u00ed<\/strong> pou\u017e\u00edv\u00e1n\u00ed. <strong>Nylonov\u00fd kryt no\u017ee<\/strong> <strong>chr\u00e1n\u00ed va\u0161e n\u00e1dob\u00ed p\u0159ed po\u0161kr\u00e1b\u00e1n\u00edm<\/strong> a samotn\u00fd tvar krytu \u00fa\u010dinn\u011b <strong>zabra\u0148uje rozst\u0159ikov\u00e1n\u00ed mixovan\u00fdch potravin<\/strong>. M\u016f\u017eete si tak nejen vychutnat skv\u011blou chu\u0165, ale tak\u00e9 udr\u017eovat po\u0159\u00e1dek v kuchyni.<\/p>\n<h2>V\u00edce\u00fa\u010delov\u00e1 funk\u010dnost<\/h2>\n<p>N\u00e1\u0161 mix\u00e9r nen\u00ed pouze n\u00e1strojem pro <strong>mixov\u00e1n\u00ed<\/strong> <strong>ovoce<\/strong> a <strong>zeleniny<\/strong>. D\u00edky jeho <strong>funkc\u00edm drcen\u00ed ledu<\/strong>, sek\u00e1n\u00ed a mixov\u00e1n\u00ed m\u016f\u017eete snadno p\u0159ipravit r\u016fzn\u00e9 pokrmy a n\u00e1poje, kter\u00fdmi pot\u011b\u0161\u00edte sv\u00e9 hosty. Mo\u017enosti jsou t\u00e9m\u011b\u0159 neomezen\u00e9 a jedin\u00fdm omezen\u00edm je va\u0161e kulin\u00e1\u0159sk\u00e1 fantazie.<\/p>\n<h2>N\u00e1vod k pou\u017eit\u00ed ve 3 jazyc\u00edch a 2let\u00e1 z\u00e1ruka<\/h2>\n<p>V balen\u00ed najdete n\u00e1vod k pou\u017eit\u00ed v <strong>pol\u0161tin\u011b<\/strong>, <strong>angli\u010dtin\u011b<\/strong> a <strong>ukrajin\u0161tin\u011b<\/strong>, co\u017e usnad\u0148uje pou\u017e\u00edv\u00e1n\u00ed bez ohledu na va\u0161e jazykov\u00e9 preference. Podrobn\u00e9 vysv\u011btlen\u00ed<strong> krok za krokem<\/strong> zajist\u00ed, \u017ee i za\u010d\u00e1te\u010dn\u00edci budou schopni vyu\u017e\u00edvat v\u0161echny mo\u017enosti 1500W ru\u010dn\u00edho mix\u00e9ru. Nav\u00edc v\u00e1m poskytujeme klid na du\u0161i d\u00edky <strong>24m\u011bs\u00ed\u010dn\u00ed z\u00e1ruce<\/strong>.<\/p>\n","protected":false},"excerpt":{"rendered":"<p>Vyzkou\u0161ejte s\u00edlu na\u0161eho extra siln\u00e9ho ru\u010dn\u00edho mix\u00e9ru JK-1500W Titanium Black vybaven\u00e9ho v\u00fdkonn\u00fdm motorem, kter\u00fd v\u00e1m umo\u017en\u00ed rychle a efektivn\u011b mixovat, m\u00edchat a sekat p\u0159\u00edsady. N\u00e1\u0161 p\u0159\u00edstroj zaru\u010duje spolehlivost a umo\u017e\u0148uje v\u00e1m pracovat bez n\u00e1mahy<\/p>\n","protected":false},"featured_media":13451,"comment_status":"open","ping_status":"closed","template":"","meta":[],"product_brand":[],"product_cat":[841],"product_tag":[],"class_list":{"0":"post-18073","1":"product","2":"type-product","3":"status-publish","4":"has-post-thumbnail","6":"product_cat-blendery","8":"first","9":"instock","10":"taxable","11":"shipping-taxable","12":"purchasable","13":"product-type-simple"},"_links":{"self":[{"href":"https:\/\/gltestm.webology.pl\/cs\/wp-json\/wp\/v2\/product\/18073","targetHints":{"allow":["GET"]}}],"collection":[{"href":"https:\/\/gltestm.webology.pl\/cs\/wp-json\/wp\/v2\/product"}],"about":[{"href":"https:\/\/gltestm.webology.pl\/cs\/wp-json\/wp\/v2\/types\/product"}],"replies":[{"embeddable":true,"href":"https:\/\/gltestm.webology.pl\/cs\/wp-json\/wp\/v2\/comments?post=18073"}],"version-history":[{"count":0,"href":"https:\/\/gltestm.webology.pl\/cs\/wp-json\/wp\/v2\/product\/18073\/revisions"}],"wp:featuredmedia":[{"embeddable":true,"href":"https:\/\/gltestm.webology.pl\/cs\/wp-json\/wp\/v2\/media\/13451"}],"wp:attachment":[{"href":"https:\/\/gltestm.webology.pl\/cs\/wp-json\/wp\/v2\/media?parent=18073"}],"wp:term":[{"taxonomy":"product_brand","embeddable":true,"href":"https:\/\/gltestm.webology.pl\/cs\/wp-json\/wp\/v2\/product_brand?post=18073"},{"taxonomy":"product_cat","embeddable":true,"href":"https:\/\/gltestm.webology.pl\/cs\/wp-json\/wp\/v2\/product_cat?post=18073"},{"taxonomy":"product_tag","embeddable":true,"href":"https:\/\/gltestm.webology.pl\/cs\/wp-json\/wp\/v2\/product_tag?post=18073"}],"curies":[{"name":"wp","href":"https:\/\/api.w.org\/{rel}","templated":true}]}}