{"id":18069,"date":"2026-03-18T22:05:20","date_gmt":"2026-03-18T21:05:20","guid":{"rendered":"https:\/\/gltestm.webology.pl\/produkt\/rucni-mixer-jk-1500-titanove-stribrny-extra-silny\/"},"modified":"2026-03-22T21:18:30","modified_gmt":"2026-03-22T20:18:30","slug":"rucni-mixer-jk-1500-titanove-stribrny-extra-silny","status":"publish","type":"product","link":"https:\/\/gltestm.webology.pl\/cs\/produkt\/rucni-mixer-jk-1500-titanove-stribrny-extra-silny\/","title":{"rendered":"RU\u010cN\u00cd MIX\u00c9R JK-1500 TITANOV\u011a ST\u0158\u00cdBRN\u00dd EXTRA SILN\u00dd"},"content":{"rendered":"<p>Po\u0159i\u010fte si do sv\u00e9 kuchyn\u011b nejmodern\u011bj\u0161\u00ed <strong>ru\u010dn\u00ed mix\u00e9r s p\u0159\u00edkonem 1500 W<\/strong> pro <strong>rychl\u00e9<\/strong> a <strong>efektivn\u00ed<\/strong> <strong>mixov\u00e1n\u00ed<\/strong>, <strong>m\u00edch\u00e1n\u00ed<\/strong> a <strong>sek\u00e1n\u00ed<\/strong> ingredienc\u00ed.<\/p>\n<p>N\u00e1\u0161 spolehliv\u00fd mix\u00e9r \u0159ady JK-1500 v\u00e1m umo\u017en\u00ed bez n\u00e1mahy p\u0159ipravit kr\u00e9mov\u00e9 om\u00e1\u010dky, sametov\u00e9 pol\u00e9vky a hladk\u00e9 koktejly. Jeho elegantn\u00ed <strong>ocelov\u011b st\u0159\u00edbrn\u00fd<\/strong> odst\u00edn a kvalitn\u00ed zpracov\u00e1n\u00ed z <strong>nerezov\u00e9 oceli<\/strong> mu dod\u00e1vaj\u00ed na <strong>odolnosti<\/strong> a stylov\u00e9m vzhledu.<\/p>\n<h2>Kl\u00ed\u010dov\u00e9 vlastnosti na\u0161eho ru\u010dn\u00edho mix\u00e9ru JK-1500 Titanium Silver Extra Strong<\/h2>\n<ul>\n<li>Spolehliv\u00fd, vysoce v\u00fdkonn\u00fd <strong>1500W<\/strong> motor<\/li>\n<li><strong>Titanem vyztu\u017een\u00fd \u010dty\u0159ramenn\u00fd zlat\u00fd n\u016f\u017e<\/strong><\/li>\n<li>No\u017en\u00ed deska s <strong>ochranou<\/strong> \u0161\u00e1lk\u016f, kter\u00e1 <strong>zabra\u0148uje rozst\u0159ikov\u00e1n\u00ed<\/strong> potravin<\/li>\n<li><strong>patn\u00e1ctistup\u0148ov\u00e1 regulace ot\u00e1\u010dek<\/strong><\/li>\n<li>Funkce &#8222;<strong>TURBO<\/strong><\/li>\n<li><strong>Tich\u00fd<\/strong> provoz<\/li>\n<li><strong>Snadn\u00e9<\/strong> \u010di\u0161t\u011bn\u00ed<\/li>\n<li><strong>Ergonomicky<\/strong> <strong>tvarovan\u00e1<\/strong> rukoje\u0165 (perfektn\u011b padne do ruky)<\/li>\n<li>Robustn\u00ed konstrukce<\/li>\n<li>Z\u00e1ruka 24 m\u011bs\u00edc\u016f<\/li>\n<li>N\u00e1vod k pou\u017eit\u00ed v pol\u0161tin\u011b, angli\u010dtin\u011b a ukrajin\u0161tin\u011b<\/li>\n<\/ul>\n<h2>\u010cepel p\u0159ipraven\u00e1 na v\u00fdzvu<\/h2>\n<p>N\u00e1\u0161 mix\u00e9r je vybaven <strong>robustn\u00ed<\/strong> <strong>titanovou<\/strong> \u010depel\u00ed slo\u017eenou ze <strong>\u010dty\u0159 ramen<\/strong>, kter\u00e1 si porad\u00ed i s t\u011bmi <strong>nejtvrd\u0161\u00edmi surovinami,<\/strong> jako jsou <strong>o\u0159echy<\/strong> nebo <strong>syrov\u00e1 zelenina<\/strong>.<\/p>\n<p>D\u00edky mo\u017enosti <strong>drcen\u00ed ledu<\/strong> se n\u00e1\u0161 mix\u00e9r JK-1500 Titanium Silver Extra Strong st\u00e1v\u00e1 je\u0161t\u011b <strong>univerz\u00e1ln\u011bj\u0161\u00edm<\/strong> a umo\u017e\u0148uje rychlou p\u0159\u00edpravu r\u016fzn\u00fdch pokrm\u016f a n\u00e1poj\u016f. Ze <strong>zmra\u017een\u00e9ho ovoce<\/strong> snadno p\u0159iprav\u00edte dokonal\u00e9 <strong>koktejly<\/strong> a lahodn\u00e9 <strong>ledov\u00e9 dezerty<\/strong>.<\/p>\n<h2>V\u011bt\u0161\u00ed \u0161\u00e1lek &#8211; v\u00edce mo\u017enost\u00ed<\/h2>\n<p>D\u00edky <strong>v\u011bt\u0161\u00edmu objemu<\/strong> n\u00e1doby mix\u00e9ru m\u016f\u017eete rychle p\u0159ipravit v\u011bt\u0161\u00ed porce chutn\u00fdch koktejl\u016f nebo pol\u00e9vky-kr\u00e9mu pro celou rodinu. Speci\u00e1ln\u00ed <strong>tvar<\/strong> <strong>m\u00edsy<\/strong> <strong>zabra\u0148uje<\/strong> <strong>rozst\u0159ikov\u00e1n\u00ed<\/strong> obsahu p\u0159i mixov\u00e1n\u00ed, tak\u017ee je pou\u017e\u00edv\u00e1n\u00ed mix\u00e9ru je\u0161t\u011b pohodln\u011bj\u0161\u00ed a <strong>va\u0161e kuchyn\u011b z\u016fstane \u010dist\u00e1<\/strong>.<\/p>\n<h2>P\u0159esn\u00e9 ovl\u00e1d\u00e1n\u00ed rychlosti<\/h2>\n<p>N\u00e1\u0161 mix\u00e9r JK-1500 Titanium Silver Extra Strong nab\u00edz\u00ed <strong>plynulou regulaci rychlosti v 15 stupn\u00edch<\/strong>, tak\u017ee m\u016f\u017eete p\u0159\u00edstroj p\u0159esn\u011b vyladit podle r\u016fzn\u00fdch ingredienc\u00ed a pot\u0159eb. <strong>Mechanick\u00e1 regulace rychlosti<\/strong> zaji\u0161\u0165uje nejen poka\u017ed\u00e9 <strong>skv\u011bl\u00e9 v\u00fdsledky<\/strong>, ale tak\u00e9 <strong>intuitivn\u00ed<\/strong> a <strong>uspokojiv\u00e9<\/strong> <strong>pou\u017e\u00edv\u00e1n\u00ed<\/strong>.<\/p>\n<h2>Pln\u00fd v\u00fdkon 1500 W<\/h2>\n<p>S <strong>funkc\u00ed turbo<\/strong> se n\u00e1\u0161 mix\u00e9r st\u00e1v\u00e1 je\u0161t\u011b v\u00fdkonn\u011bj\u0161\u00edm a v\u0161estrann\u011bj\u0161\u00edm. Dokonal\u00e9 textury sv\u00fdch pokrm\u016f tak dos\u00e1hnete b\u011bhem <strong>okam\u017eiku<\/strong>, a\u0165 u\u017e chcete p\u0159ipravit kr\u00e9movou pol\u00e9vku, sametov\u00e9 smoothie nebo hustou om\u00e1\u010dku.<\/p>\n<h2>Tich\u00fd, pohodln\u00fd, efektivn\u00ed<\/h2>\n<p>D\u00edky vysp\u011bl\u00e9mu designu a <strong>ergonomick\u00e9mu tvaru<\/strong> v\u00e1m n\u00e1\u0161 mix\u00e9r dokonale padne do ruky a zajist\u00ed pohodl\u00ed p\u0159i pou\u017e\u00edv\u00e1n\u00ed. Pracuje <strong>efektivn\u011b<\/strong> a <strong>ti\u0161e,<\/strong> tak\u017ee si p\u0159i va\u0159en\u00ed m\u016f\u017eete vychutnat klidnou atmosf\u00e9ru.<\/p>\n<h2>Multifunk\u010dnost ve va\u0161ich rukou<\/h2>\n<p>N\u00e1\u0161 mix\u00e9r JK-1500 Titanium Silver Extra Strong nen\u00ed jen n\u00e1strojem pro mixov\u00e1n\u00ed ovoce a zeleniny. D\u00edky jeho <strong>funkc\u00edm drcen\u00ed ledu<\/strong>, sek\u00e1n\u00ed a mixov\u00e1n\u00ed m\u016f\u017eete snadno p\u0159ipravit r\u016fzn\u00e9 <strong>pokrmy<\/strong> a <strong>n\u00e1poje<\/strong>, kter\u00fdmi <strong>pot\u011b\u0161\u00edte sv\u00e9 hosty<\/strong>. Mo\u017enosti jsou t\u00e9m\u011b\u0159 <strong>neomezen\u00e9<\/strong> a jedin\u00fdm omezen\u00edm je va\u0161e kulin\u00e1\u0159sk\u00e1 fantazie.<\/p>\n<h2>N\u00e1vod k pou\u017eit\u00ed ve 3 jazyc\u00edch a 2let\u00e1 z\u00e1ruka<\/h2>\n<p>V balen\u00ed najdete <strong>n\u00e1vod k pou\u017eit\u00ed<\/strong> v <strong>pol\u0161tin\u011b<\/strong>, <strong>angli\u010dtin\u011b<\/strong> a <strong>ukrajin\u0161tin\u011b<\/strong>, co\u017e usnad\u0148uje pou\u017e\u00edv\u00e1n\u00ed bez ohledu na va\u0161e jazykov\u00e9 preference. Podrobn\u00e9 vysv\u011btlen\u00ed krok za krokem zajist\u00ed, \u017ee i za\u010d\u00e1te\u010dn\u00edci budou schopni vyu\u017e\u00edvat v\u0161echny mo\u017enosti na\u0161eho mix\u00e9ru. Nav\u00edc v\u00e1m poskytujeme klid na du\u0161i d\u00edky <strong>24m\u011bs\u00ed\u010dn\u00ed z\u00e1ruce<\/strong>.<\/p>\n","protected":false},"excerpt":{"rendered":"<p>V\u00fdkonn\u00fd ru\u010dn\u00ed kuchy\u0148sk\u00fd mix\u00e9r s p\u0159\u00edkonem 1500 W. \u010dty\u0159ramenn\u00fd n\u016f\u017e vyztu\u017een\u00fd titanem. Drt\u00ed led. Funkce Turbo. patn\u00e1ctistup\u0148ov\u00e1 regulace rychlosti. Noha ve tvaru poh\u00e1rku zabra\u0148uj\u00edc\u00ed rozst\u0159ikov\u00e1n\u00ed potravin.<\/p>\n","protected":false},"featured_media":15648,"comment_status":"open","ping_status":"closed","template":"","meta":[],"product_brand":[],"product_cat":[841],"product_tag":[],"class_list":{"0":"post-18069","1":"product","2":"type-product","3":"status-publish","4":"has-post-thumbnail","6":"product_cat-blendery","8":"first","9":"instock","10":"taxable","11":"shipping-taxable","12":"purchasable","13":"product-type-simple"},"_links":{"self":[{"href":"https:\/\/gltestm.webology.pl\/cs\/wp-json\/wp\/v2\/product\/18069","targetHints":{"allow":["GET"]}}],"collection":[{"href":"https:\/\/gltestm.webology.pl\/cs\/wp-json\/wp\/v2\/product"}],"about":[{"href":"https:\/\/gltestm.webology.pl\/cs\/wp-json\/wp\/v2\/types\/product"}],"replies":[{"embeddable":true,"href":"https:\/\/gltestm.webology.pl\/cs\/wp-json\/wp\/v2\/comments?post=18069"}],"version-history":[{"count":0,"href":"https:\/\/gltestm.webology.pl\/cs\/wp-json\/wp\/v2\/product\/18069\/revisions"}],"wp:featuredmedia":[{"embeddable":true,"href":"https:\/\/gltestm.webology.pl\/cs\/wp-json\/wp\/v2\/media\/15648"}],"wp:attachment":[{"href":"https:\/\/gltestm.webology.pl\/cs\/wp-json\/wp\/v2\/media?parent=18069"}],"wp:term":[{"taxonomy":"product_brand","embeddable":true,"href":"https:\/\/gltestm.webology.pl\/cs\/wp-json\/wp\/v2\/product_brand?post=18069"},{"taxonomy":"product_cat","embeddable":true,"href":"https:\/\/gltestm.webology.pl\/cs\/wp-json\/wp\/v2\/product_cat?post=18069"},{"taxonomy":"product_tag","embeddable":true,"href":"https:\/\/gltestm.webology.pl\/cs\/wp-json\/wp\/v2\/product_tag?post=18069"}],"curies":[{"name":"wp","href":"https:\/\/api.w.org\/{rel}","templated":true}]}}