{"id":18065,"date":"2026-03-18T22:05:20","date_gmt":"2026-03-18T21:05:20","guid":{"rendered":"https:\/\/gltestm.webology.pl\/produkt\/rucni-mixer-jk-1200-titanove-cerny-silny\/"},"modified":"2026-03-22T21:18:28","modified_gmt":"2026-03-22T20:18:28","slug":"rucni-mixer-jk-1200-titanove-cerny-silny","status":"publish","type":"product","link":"https:\/\/gltestm.webology.pl\/cs\/produkt\/rucni-mixer-jk-1200-titanove-cerny-silny\/","title":{"rendered":"RU\u010cN\u00cd MIX\u00c9R JK-1200 TITANOV\u011a \u010cERN\u00dd SILN\u00dd"},"content":{"rendered":"<p>Objevte s\u00edlu <strong>1200W<\/strong> ru\u010dn\u00edho mix\u00e9ru s <strong>vysoce v\u00fdkonn\u00fdm motorem<\/strong>, se kter\u00fdm rozmixujete, rozmixujete a nasek\u00e1te suroviny <strong>b\u011bhem<\/strong> <strong>chvilky<\/strong>. <strong>Spolehlivost<\/strong> <strong>titanov\u00e9ho \u010dern\u00e9ho<\/strong> ru\u010dn\u00edho mix\u00e9ru <strong>JK-1200W Strong<\/strong> zajist\u00ed, \u017ee bez n\u00e1mahy rozmixujete i ty <strong>nejtvrd\u0161\u00ed ingredience<\/strong> a vytvo\u0159\u00edte kr\u00e9mov\u00e9 <strong>om\u00e1\u010dky<\/strong>, <strong>sametov\u00e9 pol\u00e9vky<\/strong> nebo <strong>hladk\u00e9 koktejly<\/strong>. Ocelov\u011b \u010dern\u00e1 barva zna\u010d\u00ed eleganci, zat\u00edmco konstrukce z nerezov\u00e9 oceli zaji\u0161\u0165uje dlouhou \u017eivotnost a odolnost proti po\u0161kozen\u00ed.<\/p>\n<h2>Kl\u00ed\u010dov\u00e9 vlastnosti ru\u010dn\u00edho mix\u00e9ru<\/h2>\n<ul>\n<li>spolehliv\u00fd, vysoce v\u00fdkonn\u00fd <strong>1200W<\/strong> motor<\/li>\n<li><strong>titanem vyztu\u017een\u00fd \u010dty\u0159ramenn\u00fd zlat\u00fd n\u016f\u017e<\/strong><\/li>\n<li><strong>no\u017en\u00ed deska s nylonov\u00fdm krytem, kter\u00fd chr\u00e1n\u00ed m\u00edsu p\u0159ed po\u0161kr\u00e1b\u00e1n\u00edm<\/strong> a rozst\u0159ikov\u00e1n\u00edm potravin<\/li>\n<li>plynul\u00e1 regulace<strong>15<\/strong> rychlostn\u00edch stup\u0148\u016f<\/li>\n<li><strong>funkce TURBO<\/strong><\/li>\n<li><strong>tich\u00fd provoz<\/strong><\/li>\n<li><strong>snadn\u00e9<\/strong> \u010di\u0161t\u011bn\u00ed<\/li>\n<li><strong>ergonomicky tvarovan\u00e1<\/strong> rukoje\u0165 (perfektn\u011b padne do ruky)<\/li>\n<li>robustn\u00ed konstrukce<\/li>\n<li>z\u00e1ruka 24 m\u011bs\u00edc\u016f<\/li>\n<li>n\u00e1vod k pou\u017eit\u00ed v pol\u0161tin\u011b, angli\u010dtin\u011b a ukrajin\u0161tin\u011b<\/li>\n<\/ul>\n<h2>Zlat\u00e1 titanov\u00e1 \u010depel<\/h2>\n<p>N\u00e1\u0161<strong> 1200W ru\u010dn\u00ed mix\u00e9r<\/strong>, vybaven\u00fd <strong>\u010dty\u0159ramennou \u010depel\u00ed<\/strong> <strong>vyztu\u017eenou titanem<\/strong>, je p\u0159ipraven na v\u0161echny kulin\u00e1\u0159sk\u00e9 v\u00fdzvy. Tato <strong>\u010depel si porad\u00ed s drcen\u00edm ledu<\/strong> pro p\u0159\u00edpravu lahodn\u00fdch zimn\u00edch n\u00e1poj\u016f i s mixov\u00e1n\u00edm t\u011bch nejtvrd\u0161\u00edch surovin, jako jsou <strong>o\u0159echy<\/strong> nebo <strong>syrov\u00e1 zelenina.<\/strong> D\u00edky tomu m\u016f\u017eete b\u011bhem okam\u017eiku vytvo\u0159it<strong> dokonal\u00e9 smoothie<\/strong> ze zmra\u017een\u00e9ho ovoce nebo lahodn\u00fd ledov\u00fd sorbet. <strong>Funkce drcen\u00ed ledu<\/strong> poskytuje je\u0161t\u011b v\u011bt\u0161\u00ed v\u0161estrannost a mo\u017enost p\u0159\u00edpravy r\u016fzn\u00fdch pokrm\u016f a n\u00e1poj\u016f.<\/p>\n<h2>P\u0159esn\u00e1 regulace rychlosti<\/h2>\n<p><strong>patn\u00e1ctistup\u0148ov\u00e1 plynul\u00e1 regulace rychlosti<\/strong> umo\u017e\u0148uje p\u0159izp\u016fsobit v\u00fdkon mix\u00e9ru r\u016fzn\u00fdm surovin\u00e1m a pot\u0159eb\u00e1m. A\u0165 u\u017e chcete <strong>suroviny<\/strong> <strong>mixovat jemn\u011b<\/strong> nebo <strong>rychle rozm\u011blnit<\/strong>, n\u00e1\u0161 1200W ru\u010dn\u00ed mix\u00e9r snadno spln\u00ed va\u0161e o\u010dek\u00e1v\u00e1n\u00ed. <strong>Mechanick\u00e9<\/strong> ovl\u00e1d\u00e1n\u00ed <strong>rychlosti<\/strong> v\u00e1m poskytuje <strong>p\u0159esnou kontrolu nad<\/strong> procesem mixov\u00e1n\u00ed, co\u017e v\u00e1m umo\u017en\u00ed dos\u00e1hnout dokonal\u00fdch v\u00fdsledk\u016f p\u0159i p\u0159\u00edprav\u011b ka\u017ed\u00e9ho pokrmu.<\/p>\n<h2>Ticho, pros\u00edm!<\/h2>\n<p>D\u00edky <strong>sv\u00e9 pokro\u010dil\u00e9 konstrukci<\/strong> pracuje <strong>1200W ru\u010dn\u00ed mix\u00e9r<\/strong> nejen <strong>efektivn\u011b,<\/strong> ale tak\u00e9 <strong>ti\u0161e<\/strong>. <strong>Tich\u00fd provoz spot\u0159ebi\u010de<\/strong> v\u00e1m umo\u017en\u00ed soust\u0159edit se na po\u017eitek z va\u0159en\u00ed bez obt\u011b\u017euj\u00edc\u00edch zvuk\u016f, co\u017e z n\u011bj \u010din\u00ed dokonal\u00e9ho spole\u010dn\u00edka pro ka\u017ed\u00e9 kuchy\u0148sk\u00e9 dobrodru\u017estv\u00ed. Komfort pou\u017e\u00edv\u00e1n\u00ed d\u00e1le zvy\u0161uje <strong>nylonov\u00e1 noha<\/strong>, <strong>kter\u00e1 chr\u00e1n\u00ed n\u00e1dob\u00ed<\/strong> p\u0159ed <strong>po\u0161kr\u00e1b\u00e1n\u00edm<\/strong> a <strong>post\u0159\u00edk\u00e1n\u00edm potravinami<\/strong>.<\/p>\n<h2>Vlastnosti<\/h2>\n<p><strong>Siln\u00fd ru\u010dn\u00ed mix\u00e9r JK-1200W Titanium Black<\/strong> nen\u00ed jen n\u00e1strojem pro mixov\u00e1n\u00ed <strong>ovoce<\/strong> a <strong>zeleniny<\/strong>. D\u00edky jeho funkc\u00edm <strong>drcen\u00ed ledu<\/strong>, <strong>sek\u00e1n\u00ed<\/strong> a <strong>mixov\u00e1n\u00ed<\/strong> m\u016f\u017eete snadno p\u0159ipravit r\u016fzn\u00e9 pokrmy a n\u00e1poje, kter\u00fdmi pot\u011b\u0161\u00edte sv\u00e9 hosty. D\u00edky t\u011bmto funkc\u00edm jste omezeni pouze svou kulin\u00e1\u0159skou fantazi\u00ed.<\/p>\n<h2>N\u00e1vod k pou\u017eit\u00ed ve 3 jazyc\u00edch a 2let\u00e1 z\u00e1ruka<\/h2>\n<p><strong>N\u00e1vod k obsluze<\/strong> najdete v <strong>pol\u0161tin\u011b<\/strong>, <strong>angli\u010dtin\u011b<\/strong> a ukrajin\u0161tin\u011b, co\u017e usnad\u0148uje pou\u017e\u00edv\u00e1n\u00ed bez ohledu na va\u0161e jazykov\u00e9 preference. <strong>Podrobn\u00e9 vysv\u011btlen\u00ed krok za krokem<\/strong> zajist\u00ed, \u017ee i za\u010d\u00e1te\u010dn\u00edci budou <strong>schopni<\/strong> vyu\u017e\u00edvat v\u0161echny mo\u017enosti na\u0161eho <strong>1200W ru\u010dn\u00edho mix\u00e9ru<\/strong>. Nav\u00edc v\u00e1m poskytujeme klid na du\u0161i d\u00edky <strong>24m\u011bs\u00ed\u010dn\u00ed z\u00e1ruce<\/strong>.<\/p>\n","protected":false},"excerpt":{"rendered":"<p>Objevte s\u00edlu 1200W ru\u010dn\u00edho mix\u00e9ru s vysoce v\u00fdkonn\u00fdm motorem, kter\u00fd v\u00e1m umo\u017en\u00ed mixovat, m\u00edchat a sekat suroviny b\u011bhem okam\u017eiku. Spolehlivost ru\u010dn\u00edho mix\u00e9ru JK-1200W Titanium Black Strong zaru\u010duje, \u017ee bez n\u00e1mahy rozmixujete nawe<\/p>\n","protected":false},"featured_media":14650,"comment_status":"open","ping_status":"closed","template":"","meta":[],"product_brand":[],"product_cat":[841],"product_tag":[],"class_list":{"0":"post-18065","1":"product","2":"type-product","3":"status-publish","4":"has-post-thumbnail","6":"product_cat-blendery","8":"first","9":"instock","10":"taxable","11":"shipping-taxable","12":"purchasable","13":"product-type-simple"},"_links":{"self":[{"href":"https:\/\/gltestm.webology.pl\/cs\/wp-json\/wp\/v2\/product\/18065","targetHints":{"allow":["GET"]}}],"collection":[{"href":"https:\/\/gltestm.webology.pl\/cs\/wp-json\/wp\/v2\/product"}],"about":[{"href":"https:\/\/gltestm.webology.pl\/cs\/wp-json\/wp\/v2\/types\/product"}],"replies":[{"embeddable":true,"href":"https:\/\/gltestm.webology.pl\/cs\/wp-json\/wp\/v2\/comments?post=18065"}],"version-history":[{"count":0,"href":"https:\/\/gltestm.webology.pl\/cs\/wp-json\/wp\/v2\/product\/18065\/revisions"}],"wp:featuredmedia":[{"embeddable":true,"href":"https:\/\/gltestm.webology.pl\/cs\/wp-json\/wp\/v2\/media\/14650"}],"wp:attachment":[{"href":"https:\/\/gltestm.webology.pl\/cs\/wp-json\/wp\/v2\/media?parent=18065"}],"wp:term":[{"taxonomy":"product_brand","embeddable":true,"href":"https:\/\/gltestm.webology.pl\/cs\/wp-json\/wp\/v2\/product_brand?post=18065"},{"taxonomy":"product_cat","embeddable":true,"href":"https:\/\/gltestm.webology.pl\/cs\/wp-json\/wp\/v2\/product_cat?post=18065"},{"taxonomy":"product_tag","embeddable":true,"href":"https:\/\/gltestm.webology.pl\/cs\/wp-json\/wp\/v2\/product_tag?post=18065"}],"curies":[{"name":"wp","href":"https:\/\/api.w.org\/{rel}","templated":true}]}}