{"id":18061,"date":"2026-03-18T22:05:20","date_gmt":"2026-03-18T21:05:20","guid":{"rendered":"https:\/\/gltestm.webology.pl\/produkt\/rucni-mixer-jk-1200-titanove-stribrny-silny\/"},"modified":"2026-03-22T21:18:26","modified_gmt":"2026-03-22T20:18:26","slug":"rucni-mixer-jk-1200-titanove-stribrny-silny","status":"publish","type":"product","link":"https:\/\/gltestm.webology.pl\/cs\/produkt\/rucni-mixer-jk-1200-titanove-stribrny-silny\/","title":{"rendered":"RU\u010cN\u00cd MIX\u00c9R JK-1200 TITANOV\u011a ST\u0158\u00cdBRN\u00dd SILN\u00dd"},"content":{"rendered":"<p>Objevte s\u00edlu <strong>motoru o v\u00fdkonu 1200 W<\/strong> pro <strong>rychl\u00e9<\/strong> a <strong>efektivn\u00ed mixov\u00e1n\u00ed<\/strong>, <strong>m\u00edch\u00e1n\u00ed<\/strong> a <strong>sek\u00e1n\u00ed<\/strong> p\u0159\u00edsad. N\u00e1\u0161 mix\u00e9r <strong>JK-1200 Titanium Silver Strong<\/strong> v\u00e1m umo\u017en\u00ed bez n\u00e1mahy p\u0159ipravit kr\u00e9mov\u00e9 om\u00e1\u010dky, sametov\u00e9 pol\u00e9vky a hladk\u00e9 koktejly.<\/p>\n<p><strong>Ocelov\u011b st\u0159\u00edbrn\u00fd<\/strong> odst\u00edn a<strong>vysoce kvalitn\u00ed<\/strong> zpracov\u00e1n\u00ed z nerezov\u00e9 oceli zaji\u0161\u0165uj\u00ed nejen odolnost, ale tak\u00e9 elegantn\u00ed vzhled.<\/p>\n<h2>Kl\u00ed\u010dov\u00e9 vlastnosti ru\u010dn\u00edho mix\u00e9ru<\/h2>\n<ul>\n<li><strong>Spolehliv\u00fd,<\/strong> vysoce v\u00fdkonn\u00fd<strong> 1200W<\/strong> motor<\/li>\n<li><strong>Titanem vyztu\u017een\u00fd \u010dty\u0159ramenn\u00fd zlat\u00fd n\u016f\u017e<\/strong><\/li>\n<li>No\u017en\u00ed deska s ochrann\u00fdm krytem poh\u00e1rku, kter\u00fd <strong>zabra\u0148uje rozst\u0159ikov\u00e1n\u00ed potravin<\/strong><\/li>\n<li><strong>patn\u00e1ctistup\u0148ov\u00e1<\/strong> regulace rychlosti<\/li>\n<li>Funkce &#8222;<strong>TURBO<\/strong><\/li>\n<li>Tich\u00fd provoz<\/li>\n<li><strong>Snadn\u00e9 \u010di\u0161t\u011bn\u00ed<\/strong><\/li>\n<li><strong>Ergonomicky tvarovan\u00e1 rukoje\u0165<\/strong> (perfektn\u011b padne do ruky)<\/li>\n<li>Robustn\u00ed konstrukce<\/li>\n<li>Z\u00e1ruka 24 m\u011bs\u00edc\u016f<\/li>\n<li>N\u00e1vod k pou\u017eit\u00ed v pol\u0161tin\u011b, angli\u010dtin\u011b a ukrajin\u0161tin\u011b<\/li>\n<\/ul>\n<h2>\u010cepel p\u0159ipraven\u00e1 na v\u00fdzvu<\/h2>\n<p>N\u00e1\u0161 mix\u00e9r JK-1200 Titanium Silver Strong si d\u00edky <strong>titanem vyztu\u017een\u00e9mu \u010dty\u0159ramenn\u00e9mu no\u017ei<\/strong> porad\u00ed i s t\u011bmi <strong>nejtvrd\u0161\u00edmi surovinami,<\/strong> jako jsou <strong>o\u0159echy<\/strong> nebo <strong>syrov\u00e1 zelenina<\/strong>. <strong>Funkce drcen\u00ed ledu<\/strong> v\u00e1m umo\u017en\u00ed rychle p\u0159ipravit lahodn\u00e9 <strong>mra\u017een\u00e9 ovocn\u00e9<\/strong> n\u00e1poje nebo <strong>ledov\u00e9 sorbety<\/strong>.<\/p>\n<h2>V\u011bt\u0161\u00ed \u0161\u00e1lek &#8211; v\u00edce mo\u017enost\u00ed<\/h2>\n<p>D\u00edky <strong>v\u011bt\u0161\u00edmu objemu mixovac\u00ed<\/strong> n\u00e1doby m\u016f\u017eete rychle p\u0159ipravit <strong>v\u011bt\u0161\u00ed porce<\/strong> chutn\u00fdch koktejl\u016f nebo pol\u00e9vek pro celou rodinu najednou.<\/p>\n<p><strong>Speci\u00e1ln\u00ed tvar<\/strong> poh\u00e1ru nav\u00edc <strong>zabra\u0148uje vyst\u0159\u00edknut\u00ed<\/strong> obsahu b\u011bhem mixov\u00e1n\u00ed, d\u00edky \u010demu\u017e je pou\u017e\u00edv\u00e1n\u00ed mix\u00e9ru je\u0161t\u011b pohodln\u011bj\u0161\u00ed a <strong>kuchyn\u011b \u010dist\u0161\u00ed<\/strong>.<\/p>\n<h2>P\u0159esn\u00e9 ovl\u00e1d\u00e1n\u00ed rychlosti<\/h2>\n<p>M\u011bjte proces mixov\u00e1n\u00ed pod kontrolou d\u00edky na\u0161emu mix\u00e9ru JK-1200 Titanium Silver Strong, kter\u00fd <strong>nab\u00edz\u00ed plynulou regulaci rychlosti v 15 stupn\u00edch<\/strong>.<\/p>\n<p>Bez ohledu na typ ingredienc\u00ed nebo konzistenci pokrmu m\u016f\u017eete n\u00e1\u0161 mix\u00e9r p\u0159izp\u016fsobit sv\u00fdm pot\u0159eb\u00e1m a <strong>p\u0159esn\u011b ovl\u00e1dat<\/strong> ka\u017ed\u00fd stupe\u0148 mixov\u00e1n\u00ed.<\/p>\n<p><strong>Mechanick\u00e1 regulace rychlosti<\/strong> nejen\u017ee zaji\u0161\u0165uje dokonal\u00e9 v\u00fdsledky u ka\u017ed\u00e9ho pokrmu, ale tak\u00e9 \u010din\u00ed pou\u017e\u00edv\u00e1n\u00ed na\u0161eho mix\u00e9ru <strong>intuitivn\u00edm<\/strong> a uspokojiv\u00fdm.<\/p>\n<h2>Tich\u00fd, pohodln\u00fd, \u00fa\u010dinn\u00fd<\/h2>\n<p>D\u00edky <strong>vysp\u011bl\u00e9mu designu<\/strong> a <strong>ergonomick\u00e9mu tvaru<\/strong> perfektn\u011b padne do ruky a umo\u017e\u0148uje pohodln\u00e9 pou\u017e\u00edv\u00e1n\u00ed. Pracuje <strong>efektivn\u011b<\/strong> a <strong>ti\u0161e,<\/strong> tak\u017ee si p\u0159i va\u0159en\u00ed m\u016f\u017eete vychutnat klidnou atmosf\u00e9ru.<\/p>\n<p>Je to nepostradateln\u00fd pomocn\u00edk, kter\u00fd v\u00e1m umo\u017en\u00ed vytv\u00e1\u0159et lahodn\u00e9 pokrmy bez zbyte\u010dn\u00e9ho hluku a n\u00e1mahy.<\/p>\n<h2>Multifunk\u010dnost ve va\u0161ich rukou<\/h2>\n<p>N\u00e1\u0161 mix\u00e9r, kter\u00fd je nepostradateln\u00fdm pomocn\u00edkem ve va\u0161\u00ed kuchyni, v\u00e1m umo\u017en\u00ed nejen<strong> mixovat ovoce<\/strong> a <strong>zeleninu<\/strong>, ale tak\u00e9 <strong>drtit<\/strong> <strong>led<\/strong> a <strong>ml\u00edt<\/strong> r\u016fzn\u00e9 p\u0159\u00edsady.<\/p>\n<p>Snadno tak p\u0159iprav\u00edte chutn\u00e9 <strong>koktejly<\/strong> z obl\u00edben\u00e9ho ovoce,<strong> kr\u00e9mov\u00e9 zeleninov\u00e9 pol\u00e9vky<\/strong> nebo <strong>osv\u011b\u017euj\u00edc\u00ed ledov\u00e9 koktejly<\/strong>. D\u00edky funkci drcen\u00ed ledu m\u016f\u017eete tak\u00e9 rychle p\u0159ipravit <strong>studen\u00e9 n\u00e1poje,<\/strong> jako jsou mra\u017een\u00e9 margarity nebo ovocn\u00e1 zmrzlina.<\/p>\n<p>Va\u0161im kulin\u00e1\u0159sk\u00fdm mo\u017enostem se meze nekladou, proto\u017ee n\u00e1\u0161 ru\u010dn\u00ed mix\u00e9r <strong>JK-1200 Titanium Silver Strong<\/strong> je p\u0159ipraven splnit jakoukoli v\u00fdzvu, kterou p\u0159ed n\u011bj va\u0161e kulin\u00e1\u0159sk\u00e1 fantazie postav\u00ed.<\/p>\n<h2>N\u00e1vod k pou\u017eit\u00ed ve 3 jazyc\u00edch a 2let\u00e1 z\u00e1ruka<\/h2>\n<p>V balen\u00ed najdete <strong>n\u00e1vod k pou\u017eit\u00ed<\/strong> v <strong>pol\u0161tin\u011b<\/strong>, <strong>angli\u010dtin\u011b<\/strong> a <strong>ukrajin\u0161tin\u011b<\/strong>. Nab\u00edz\u00edme tak\u00e9 <strong>24m\u011bs\u00ed\u010dn\u00ed z\u00e1ruku<\/strong>, d\u00edky kter\u00e9 budete m\u00edt p\u0159i pou\u017e\u00edv\u00e1n\u00ed na\u0161eho mix\u00e9ru naprost\u00fd klid.<\/p>\n","protected":false},"excerpt":{"rendered":"<p>Ru\u010dn\u00ed kuchy\u0148sk\u00fd mix\u00e9r s v\u00fdkonem 1200 W. \u010dty\u0159ramenn\u00fd n\u016f\u017e vyztu\u017een\u00fd titanem. Drt\u00ed led. Funkce Turbo. patn\u00e1ctistup\u0148ov\u00e1 regulace rychlosti. Noha ve tvaru poh\u00e1rku zabra\u0148uj\u00edc\u00ed rozst\u0159ikov\u00e1n\u00ed potravin.<\/p>\n","protected":false},"featured_media":14223,"comment_status":"open","ping_status":"closed","template":"","meta":[],"product_brand":[],"product_cat":[841],"product_tag":[],"class_list":{"0":"post-18061","1":"product","2":"type-product","3":"status-publish","4":"has-post-thumbnail","6":"product_cat-blendery","8":"first","9":"instock","10":"taxable","11":"shipping-taxable","12":"purchasable","13":"product-type-simple"},"_links":{"self":[{"href":"https:\/\/gltestm.webology.pl\/cs\/wp-json\/wp\/v2\/product\/18061","targetHints":{"allow":["GET"]}}],"collection":[{"href":"https:\/\/gltestm.webology.pl\/cs\/wp-json\/wp\/v2\/product"}],"about":[{"href":"https:\/\/gltestm.webology.pl\/cs\/wp-json\/wp\/v2\/types\/product"}],"replies":[{"embeddable":true,"href":"https:\/\/gltestm.webology.pl\/cs\/wp-json\/wp\/v2\/comments?post=18061"}],"version-history":[{"count":0,"href":"https:\/\/gltestm.webology.pl\/cs\/wp-json\/wp\/v2\/product\/18061\/revisions"}],"wp:featuredmedia":[{"embeddable":true,"href":"https:\/\/gltestm.webology.pl\/cs\/wp-json\/wp\/v2\/media\/14223"}],"wp:attachment":[{"href":"https:\/\/gltestm.webology.pl\/cs\/wp-json\/wp\/v2\/media?parent=18061"}],"wp:term":[{"taxonomy":"product_brand","embeddable":true,"href":"https:\/\/gltestm.webology.pl\/cs\/wp-json\/wp\/v2\/product_brand?post=18061"},{"taxonomy":"product_cat","embeddable":true,"href":"https:\/\/gltestm.webology.pl\/cs\/wp-json\/wp\/v2\/product_cat?post=18061"},{"taxonomy":"product_tag","embeddable":true,"href":"https:\/\/gltestm.webology.pl\/cs\/wp-json\/wp\/v2\/product_tag?post=18061"}],"curies":[{"name":"wp","href":"https:\/\/api.w.org\/{rel}","templated":true}]}}