{"id":18057,"date":"2026-03-18T22:05:19","date_gmt":"2026-03-18T21:05:19","guid":{"rendered":"https:\/\/gltestm.webology.pl\/produkt\/rucni-mixer-jk-1500-titanove-cerny-extra-silny-deluxe-set\/"},"modified":"2026-03-22T21:18:22","modified_gmt":"2026-03-22T20:18:22","slug":"rucni-mixer-jk-1500-titanove-cerny-extra-silny-deluxe-set","status":"publish","type":"product","link":"https:\/\/gltestm.webology.pl\/cs\/produkt\/rucni-mixer-jk-1500-titanove-cerny-extra-silny-deluxe-set\/","title":{"rendered":"RU\u010cN\u00cd MIX\u00c9R JK-1500 TITANOV\u011a \u010cERN\u00dd EXTRA SILN\u00dd DELUXE SET"},"content":{"rendered":"<p>Vyzkou\u0161ejte potenci\u00e1l na\u0161eho <strong>ru\u010dn\u00edho mix\u00e9ru JK-1500 Titanium Black Extra Strong Deluxe Set<\/strong> s <strong>1500W motorem<\/strong>. Toto <strong>extra siln\u00e9<\/strong> za\u0159\u00edzen\u00ed v\u00e1m umo\u017en\u00ed nejen <strong>rychle<\/strong> a <strong>efektivn\u011b<\/strong> <strong>mixovat<\/strong>, <strong>m\u00edchat<\/strong> a <strong>sekat<\/strong> <strong>ingredience<\/strong>, ale tak\u00e9 zajist\u00ed <strong>spolehlivost<\/strong> a <strong>odolnost<\/strong>.<\/p>\n<p>Bez n\u00e1mahy rozmixuje i ty <strong>nejtvrd\u0161\u00ed p\u0159\u00edsady<\/strong> v\u010detn\u011b <strong>kostek ledu<\/strong>, co\u017e v\u00e1m umo\u017en\u00ed p\u0159ipravit \u0161irokou \u0161k\u00e1lu pokrm\u016f v\u010detn\u011b <strong>kr\u00e9mov\u00fdch om\u00e1\u010dek<\/strong>, <strong>sametov\u00fdch pol\u00e9vek<\/strong> nebo <strong>hladk\u00fdch koktejl\u016f<\/strong>.<\/p>\n<p>Ocelov\u011b \u010dern\u00e1 barva a zpracov\u00e1n\u00ed z <strong>nerezov\u00e9 oceli<\/strong> mu dod\u00e1vaj\u00ed<strong> elegantn\u00ed vzhled<\/strong>, kter\u00fd bez probl\u00e9m\u016f zapadne do ka\u017ed\u00e9 kuchyn\u011b. <strong>Dodate\u010dn\u00e9 p\u0159\u00edslu\u0161enstv\u00ed, kter\u00e9<\/strong> je sou\u010d\u00e1st\u00ed balen\u00ed, zvy\u0161uje jeho v\u0161estrannost a umo\u017e\u0148uje v\u00e1m b\u00fdt <strong>p\u0159i va\u0159en\u00ed<\/strong> je\u0161t\u011b <strong>kreativn\u011bj\u0161\u00ed<\/strong>. Ru\u010dn\u00ed mix\u00e9r <strong>JK-1500 Titanium Black Extra Strong Deluxe Set<\/strong> kombinuje <strong>efektivitu<\/strong> s <strong>modern\u00edm designem<\/strong>.<\/p>\n<h2>Kl\u00ed\u010dov\u00e9 vlastnosti na\u0161eho ru\u010dn\u00edho mix\u00e9ru se sadou p\u0159\u00edslu\u0161enstv\u00ed<\/h2>\n<ul>\n<li><strong>spolehliv\u00fd, vysoce v\u00fdkonn\u00fd 1500W motor<\/strong><\/li>\n<li><strong>titanem<\/strong> vyztu\u017een\u00fd <strong>\u010dty\u0159ramenn\u00fd zlat\u00fd n\u016f\u017e<\/strong><\/li>\n<li>sou\u010d\u00e1st\u00ed balen\u00ed je p\u0159\u00edslu\u0161enstv\u00ed: <strong>sek\u00e1\u010dek s 2-ramenn\u00fdm ocelov\u00fdm no\u017eem<\/strong> (600 ml), mixovac\u00ed <strong>n\u00e1doba<\/strong> (800 ml), <strong>\u0161lehac\u00ed n\u00e1stavec<\/strong><\/li>\n<li><strong>\u0161lehac\u00ed noha s nylonovou ochranou proti po\u0161kr\u00e1b\u00e1n\u00ed a rozst\u0159ikov\u00e1n\u00ed potravin<\/strong><\/li>\n<li>plynul\u00e1 regulace ot\u00e1\u010dek,<strong>15<\/strong> rychlost\u00ed<\/li>\n<li><strong>funkce TURBO<\/strong><\/li>\n<li><strong>tich\u00fd provoz<\/strong><\/li>\n<li><strong>snadn\u00e9<\/strong> \u010di\u0161t\u011bn\u00ed<\/li>\n<li><strong>ergonomicky tvarovan\u00e1<\/strong> rukoje\u0165 (perfektn\u011b padne do ruky)<\/li>\n<li>robustn\u00ed konstrukce<\/li>\n<li>z\u00e1ruka 24 m\u011bs\u00edc\u016f<\/li>\n<li>n\u00e1vod k pou\u017eit\u00ed v pol\u0161tin\u011b, angli\u010dtin\u011b a ukrajin\u0161tin\u011b<\/li>\n<\/ul>\n<h2>Zvy\u0161te sv\u016fj kulin\u00e1\u0159sk\u00fd potenci\u00e1l<\/h2>\n<p>Z\u00edsk\u00e1te nejen v\u00fdjime\u010dn\u00fd <strong>ru\u010dn\u00ed mix\u00e9r s vym\u011bniteln\u00fdmi n\u00e1stavci<\/strong>, ale tak\u00e9 <strong>dal\u0161\u00ed p\u0159\u00edslu\u0161enstv\u00ed,<\/strong> kter\u00e9 zvy\u0161uje jeho v\u0161estrannost a funk\u010dnost.<\/p>\n<p>Sek\u00e1\u010dek<strong>s dvouramenn\u00fdm ocelov\u00fdm no\u017eem<\/strong>: tento sek\u00e1\u010dek o <strong>objemu 600 ml<\/strong> je ide\u00e1ln\u00edm n\u00e1strojem pro <strong>sek\u00e1n\u00ed masa<\/strong>, <strong>o\u0159ech\u016f<\/strong> a pro p\u0159\u00edpravu <strong>pyr\u00e9<\/strong> a <strong>mixov\u00e1n\u00ed<\/strong> potravin. M\u016f\u017eete s n\u00edm <strong>snadno<\/strong> a <strong>rychle<\/strong> p\u0159ipravovat r\u016fzn\u00e9 pokrmy, jako jsou pasty, om\u00e1\u010dky nebo dipy. \u0160et\u0159ete \u010das a energii v kuchyni.<\/p>\n<p><strong>Mixovac\u00ed<\/strong> n\u00e1doba: n\u00e1doba o <strong>objemu 800 ml<\/strong> je vyrobena z <strong>vysoce kvalitn\u00edho plastu<\/strong> a je ide\u00e1ln\u00ed pro p\u0159\u00edpravu <strong>v\u011bt\u0161\u00edch porc\u00ed koktejl\u016f<\/strong>, <strong>smoothie<\/strong> nebo <strong>pol\u00e9vek<\/strong>. Umo\u017e\u0148uje rychlou p\u0159\u00edpravu obl\u00edben\u00fdch n\u00e1poj\u016f a pokrm\u016f pro celou rodinu bez pot\u0159eby dal\u0161\u00edho n\u00e1dob\u00ed, \u010d\u00edm\u017e \u0161et\u0159\u00ed m\u00edsto a usnad\u0148uje udr\u017eov\u00e1n\u00ed po\u0159\u00e1dku v kuchyni.<\/p>\n<p><strong>\u0160lehac\u00ed n\u00e1stavec<\/strong>: tento <strong>speci\u00e1ln\u00ed<\/strong> \u0161lehac\u00ed n\u00e1stavec je ide\u00e1ln\u00ed pro \u0161leh\u00e1n\u00ed <strong>smetany<\/strong>, <strong>b\u00edlk\u016f<\/strong> nebo jin\u00fdch ingredienc\u00ed, kter\u00e9 vy\u017eaduj\u00ed \u0161leh\u00e1n\u00ed. D\u00edky n\u011bmu m\u016f\u017eete <strong>rychle<\/strong> p\u0159ipravit <strong>kr\u00e9my<\/strong>, <strong>p\u011bny<\/strong> nebo <strong>pusinky<\/strong>, co\u017e v\u00e1m umo\u017en\u00ed b\u00fdt v kuchyni je\u0161t\u011b kreativn\u011bj\u0161\u00ed a uspokojit va\u0161e kulin\u00e1\u0159sk\u00e9 pot\u0159eby.<\/p>\n<h2>Titanem vyztu\u017een\u00e1 \u010depel<\/h2>\n<p>N\u00e1\u0161 ru\u010dn\u00ed mix\u00e9r <strong>JK-1500 Titanium Black Extra Strong Deluxe Set s<\/strong> vym\u011bniteln\u00fdmi n\u00e1stavci je vybaven <strong>robustn\u00ed \u010depel\u00ed tvo\u0159enou \u010dty\u0159mi rameny<\/strong>, kter\u00e1 byla <strong>vyztu\u017eena titanem<\/strong>. Tato \u010depel si porad\u00ed nejen s <strong>drcen\u00edm ledu<\/strong> a <strong>mixov\u00e1n\u00edm<\/strong> tvrd\u00fdch surovin, ale nab\u00edz\u00ed tak\u00e9 v\u0161estrannost p\u0159i p\u0159\u00edprav\u011b pokrm\u016f. Snadno tak p\u0159iprav\u00edte <strong>hladk\u00e9 koktejly<\/strong> ze zmra\u017een\u00e9ho ovoce, stejn\u011b jako kr\u00e9mov\u00e9 zeleninov\u00e9 pol\u00e9vky nebo lahodn\u00e9 om\u00e1\u010dky.<\/p>\n<p><strong>Zes\u00edlen\u00e1 \u010depel<\/strong> zaru\u010duje nejen <strong>vynikaj\u00edc\u00ed v\u00fdsledky mixov\u00e1n\u00ed<\/strong>, ale tak\u00e9 <strong>odolnost<\/strong> a <strong>v\u00fdkon<\/strong> mix\u00e9ru.<\/p>\n<h2>Funkce drcen\u00ed ledu<\/h2>\n<p>P\u0159\u00eddavn\u00e1 <strong>funkce<\/strong> drcen\u00ed ledu dod\u00e1v\u00e1 na\u0161emu mix\u00e9ru je\u0161t\u011b v\u011bt\u0161\u00ed v\u0161estrannost. Umo\u017e\u0148uje rychlou p\u0159\u00edpravu r\u016fzn\u00fdch pokrm\u016f a n\u00e1poj\u016f, nap\u0159\u00edklad <strong>osv\u011b\u017euj\u00edc\u00edch koktejl\u016f ze<\/strong> zmra\u017een\u00e9ho ovoce nebo <strong>lahodn\u00fdch ledov\u00fdch sorbet\u016f<\/strong>. To je ide\u00e1ln\u00ed pro hork\u00e9 letn\u00ed dny, kdy se chcete zchladit lahodn\u00fdmi vychlazen\u00fdmi n\u00e1poji.<\/p>\n<p><strong>Funkce drcen\u00ed ledu<\/strong> d\u011bl\u00e1 z na\u0161eho mix\u00e9ru <strong>nepostradateln\u00fd n\u00e1stroj v kuchyni<\/strong>, kter\u00fd v\u00e1m umo\u017en\u00ed p\u0159ipravit obl\u00edben\u00e9 sva\u010diny a n\u00e1poje b\u011bhem n\u011bkolika m\u00e1lo okam\u017eik\u016f.<\/p>\n<h2>Nylonov\u00fd kryt \u010depele chr\u00e1n\u00ed va\u0161e n\u00e1dob\u00ed<\/h2>\n<p>D\u00edky <strong>nylonov\u00e9mu krytu \u010depele<\/strong> <strong>chr\u00e1n\u00ed<\/strong> n\u00e1\u0161 ru\u010dn\u00ed mix\u00e9r se sadou p\u0159\u00edslu\u0161enstv\u00ed <strong>va\u0161e n\u00e1dob\u00ed p\u0159ed po\u0161kr\u00e1b\u00e1n\u00edm<\/strong> a \u00fa\u010dinn\u011b <strong>zabra\u0148uje rozst\u0159ikov\u00e1n\u00ed potravin<\/strong>. Tato funkce se nejen star\u00e1 o stav va\u0161eho n\u00e1dob\u00ed, ale tak\u00e9 <strong>udr\u017euje va\u0161i kuchyni \u010distou<\/strong>, proto\u017ee odpad\u00e1 nutnost dodate\u010dn\u00e9ho \u010di\u0161t\u011bn\u00ed po ka\u017ed\u00e9m pou\u017eit\u00ed mix\u00e9ru. Je to <strong>praktick\u00e9 \u0159e\u0161en\u00ed<\/strong> pro ty, kte\u0159\u00ed si v kuchyni cen\u00ed <strong>po\u0159\u00e1dku<\/strong> a <strong>estetiky<\/strong>.<\/p>\n<h2>P\u0159esn\u00e1 regulace rychlosti<\/h2>\n<p><strong>Plynul\u00e1 regulace rychlosti v 15 stupn\u00edch<\/strong> umo\u017e\u0148uje p\u0159izp\u016fsobit \u010dinnost mix\u00e9ru r\u016fzn\u00fdm surovin\u00e1m a pot\u0159eb\u00e1m. A\u0165 u\u017e chcete suroviny <strong>mixovat jemn\u011b<\/strong> nebo <strong>rychle<\/strong> <strong>rozm\u011blnit<\/strong>, n\u00e1\u0161 ru\u010dn\u00ed mix\u00e9r s mix\u00e9rem snadno spln\u00ed va\u0161e o\u010dek\u00e1v\u00e1n\u00ed. <strong>Mechanick\u00e1<\/strong> regulace <strong>rychlosti<\/strong> v\u00e1m poskytuje <strong>p\u0159esnou<\/strong> kontrolu nad procesem mixov\u00e1n\u00ed, co\u017e v\u00e1m umo\u017en\u00ed dos\u00e1hnout dokonal\u00fdch v\u00fdsledk\u016f p\u0159i p\u0159\u00edprav\u011b jak\u00e9hokoli pokrmu.<\/p>\n<h2>Funkce Turbo<\/h2>\n<p>Dal\u0161\u00ed funkc\u00ed na\u0161eho<strong> mix\u00e9ru JK-1500 Titanium Black Extra Strong Deluxe Set je funkce turbo,<\/strong> d\u00edky n\u00ed\u017e je je\u0161t\u011b v\u0161estrann\u011bj\u0161\u00ed a efektivn\u011bj\u0161\u00ed. D\u00edky t\u00e9to funkci m\u016f\u017eete p\u0159ipravovat sv\u00e9 obl\u00edben\u00e9 pokrmy a n\u00e1poje je\u0161t\u011b <strong>rychleji<\/strong> a <strong>efektivn\u011bji<\/strong>, \u010d\u00edm\u017e u\u0161et\u0159\u00edte <strong>drahocenn\u00fd \u010das<\/strong> a <strong>energii<\/strong>. Je ide\u00e1ln\u00ed pro ty, kte\u0159\u00ed p\u0159i p\u0159\u00edprav\u011b pokrm\u016f v kuchyni ocen\u00ed rychlost a efektivitu.<\/p>\n<h2>Ticho, pohodl\u00ed, efektivita<\/h2>\n<p><strong>Pokro\u010dil\u00fd design<\/strong> a <strong>ergonomick\u00fd<\/strong> tvar rukojeti zaji\u0161\u0165uj\u00ed <strong>tich\u00fd<\/strong> a <strong>pohodln\u00fd<\/strong> <strong>provoz<\/strong> na\u0161eho ru\u010dn\u00edho mix\u00e9ru s mix\u00e9rem. M\u016f\u017eete se tak soust\u0159edit na po\u017eitek z va\u0159en\u00ed bez zbyte\u010dn\u00e9ho hluku. Jedn\u00e1 se o nepostradateln\u00fd n\u00e1stroj pro ty, kte\u0159\u00ed si cen\u00ed <strong>pohodl\u00ed<\/strong> a <strong>efektivity<\/strong> p\u0159i kuchy\u0148sk\u00fdch p\u0159\u00edprav\u00e1ch.<\/p>\n<h2>Multifunk\u010dnost<\/h2>\n<p><strong>Ru\u010dn\u00ed mix\u00e9r s vym\u011bniteln\u00fdmi n\u00e1stavci<\/strong> je nejen n\u00e1strojem pro <strong>mixov\u00e1n\u00ed ovoce<\/strong> a <strong>zeleniny<\/strong>, ale tak\u00e9 pro <strong>drcen\u00ed ledu<\/strong> a <strong>sek\u00e1n\u00ed<\/strong> surovin. Nab\u00edz\u00ed tak \u0161irok\u00e9 mo\u017enosti kulin\u00e1\u0159sk\u00e9ho experimentov\u00e1n\u00ed a umo\u017e\u0148uje v\u00e1m<strong> p\u0159ipravovat nejr\u016fzn\u011bj\u0161\u00ed pokrmy<\/strong> a <strong>n\u00e1poje<\/strong>, kter\u00fdmi pot\u011b\u0161\u00edte sv\u00e9 hosty. Je nepostradateln\u00fdm n\u00e1strojem pro ty, kte\u0159\u00ed oce\u0148uj\u00ed v\u0161estrannost a kreativitu p\u0159i kuchy\u0148sk\u00fdch p\u0159\u00edprav\u00e1ch.<\/p>\n","protected":false},"excerpt":{"rendered":"<p>Vyzkou\u0161ejte potenci\u00e1l na\u0161eho ru\u010dn\u00edho mix\u00e9ru JK-1500 Titanium Black Extra Strong Deluxe Set, kter\u00fd je vybaven 1500W motorem. Toto extra siln\u00e9 za\u0159\u00edzen\u00ed v\u00e1m umo\u017en\u00ed nejen rychle a efektivn\u011b mixovat, m\u00edchat a sekat<\/p>\n","protected":false},"featured_media":13347,"comment_status":"open","ping_status":"closed","template":"","meta":[],"product_brand":[],"product_cat":[841],"product_tag":[],"class_list":{"0":"post-18057","1":"product","2":"type-product","3":"status-publish","4":"has-post-thumbnail","6":"product_cat-blendery","8":"first","9":"outofstock","10":"taxable","11":"shipping-taxable","12":"purchasable","13":"product-type-simple"},"_links":{"self":[{"href":"https:\/\/gltestm.webology.pl\/cs\/wp-json\/wp\/v2\/product\/18057","targetHints":{"allow":["GET"]}}],"collection":[{"href":"https:\/\/gltestm.webology.pl\/cs\/wp-json\/wp\/v2\/product"}],"about":[{"href":"https:\/\/gltestm.webology.pl\/cs\/wp-json\/wp\/v2\/types\/product"}],"replies":[{"embeddable":true,"href":"https:\/\/gltestm.webology.pl\/cs\/wp-json\/wp\/v2\/comments?post=18057"}],"version-history":[{"count":0,"href":"https:\/\/gltestm.webology.pl\/cs\/wp-json\/wp\/v2\/product\/18057\/revisions"}],"wp:featuredmedia":[{"embeddable":true,"href":"https:\/\/gltestm.webology.pl\/cs\/wp-json\/wp\/v2\/media\/13347"}],"wp:attachment":[{"href":"https:\/\/gltestm.webology.pl\/cs\/wp-json\/wp\/v2\/media?parent=18057"}],"wp:term":[{"taxonomy":"product_brand","embeddable":true,"href":"https:\/\/gltestm.webology.pl\/cs\/wp-json\/wp\/v2\/product_brand?post=18057"},{"taxonomy":"product_cat","embeddable":true,"href":"https:\/\/gltestm.webology.pl\/cs\/wp-json\/wp\/v2\/product_cat?post=18057"},{"taxonomy":"product_tag","embeddable":true,"href":"https:\/\/gltestm.webology.pl\/cs\/wp-json\/wp\/v2\/product_tag?post=18057"}],"curies":[{"name":"wp","href":"https:\/\/api.w.org\/{rel}","templated":true}]}}