{"id":18049,"date":"2026-03-18T22:05:19","date_gmt":"2026-03-18T21:05:19","guid":{"rendered":"https:\/\/gltestm.webology.pl\/produkt\/nuzky-na-vysivani-ve-tvaru-capa-95-cm\/"},"modified":"2026-03-22T21:18:20","modified_gmt":"2026-03-22T20:18:20","slug":"nuzky-na-vysivani-ve-tvaru-capa-95-cm","status":"publish","type":"product","link":"https:\/\/gltestm.webology.pl\/cs\/produkt\/nuzky-na-vysivani-ve-tvaru-capa-95-cm\/","title":{"rendered":"N\u016f\u017eky na vy\u0161\u00edv\u00e1n\u00ed ve tvaru \u010d\u00e1pa 9,5 cm"},"content":{"rendered":"<h2>\u00da\u010del n\u016f\u017eek<\/h2>\n<p>N\u016f\u017eky jsou ur\u010deny k p\u0159esn\u00e9mu st\u0159\u00edh\u00e1n\u00ed mal\u00fdch kousk\u016f r\u016fzn\u00fdch materi\u00e1l\u016f. Skv\u011ble se hod\u00ed na st\u0159\u00edh\u00e1n\u00ed pap\u00edru nebo l\u00e1tky, kde se klasick\u00e9 n\u016f\u017eky p\u0159\u00edli\u0161 osv\u011bd\u010d\u00ed. Jejich mal\u00e9 rozm\u011bry a hmotnost, stejn\u011b jako ostr\u00e9 hroty, je p\u0159edur\u010duj\u00ed k vy\u0161\u00edv\u00e1n\u00ed.<\/p>\n<h2>Dal\u0161\u00ed pou\u017eit\u00ed<\/h2>\n<p>M\u016f\u017eeme je tak\u00e9 pou\u017e\u00edt k vytv\u00e1\u0159en\u00ed nejr\u016fzn\u011bj\u0161\u00edch dekorac\u00ed nebo psac\u00edch pot\u0159eb. Jsou ide\u00e1ln\u00ed pro st\u0159\u00edh\u00e1n\u00ed konc\u016f stuh nebo prov\u00e1zk\u016f, stejn\u011b jako pro vyst\u0159ihov\u00e1n\u00ed r\u016fzn\u00fdch tvar\u016f z pap\u00edru.<\/p>\n","protected":false},"excerpt":{"rendered":"<p>N\u016f\u017eky pro p\u0159esn\u00e9 st\u0159\u00edh\u00e1n\u00ed.<\/p>\n","protected":false},"featured_media":14452,"comment_status":"open","ping_status":"closed","template":"","meta":[],"product_brand":[],"product_cat":[771],"product_tag":[],"class_list":{"0":"post-18049","1":"product","2":"type-product","3":"status-publish","4":"has-post-thumbnail","6":"product_cat-nozyce-i-obcinaczki","8":"first","9":"instock","10":"taxable","11":"shipping-taxable","12":"purchasable","13":"product-type-simple"},"_links":{"self":[{"href":"https:\/\/gltestm.webology.pl\/cs\/wp-json\/wp\/v2\/product\/18049","targetHints":{"allow":["GET"]}}],"collection":[{"href":"https:\/\/gltestm.webology.pl\/cs\/wp-json\/wp\/v2\/product"}],"about":[{"href":"https:\/\/gltestm.webology.pl\/cs\/wp-json\/wp\/v2\/types\/product"}],"replies":[{"embeddable":true,"href":"https:\/\/gltestm.webology.pl\/cs\/wp-json\/wp\/v2\/comments?post=18049"}],"version-history":[{"count":0,"href":"https:\/\/gltestm.webology.pl\/cs\/wp-json\/wp\/v2\/product\/18049\/revisions"}],"wp:featuredmedia":[{"embeddable":true,"href":"https:\/\/gltestm.webology.pl\/cs\/wp-json\/wp\/v2\/media\/14452"}],"wp:attachment":[{"href":"https:\/\/gltestm.webology.pl\/cs\/wp-json\/wp\/v2\/media?parent=18049"}],"wp:term":[{"taxonomy":"product_brand","embeddable":true,"href":"https:\/\/gltestm.webology.pl\/cs\/wp-json\/wp\/v2\/product_brand?post=18049"},{"taxonomy":"product_cat","embeddable":true,"href":"https:\/\/gltestm.webology.pl\/cs\/wp-json\/wp\/v2\/product_cat?post=18049"},{"taxonomy":"product_tag","embeddable":true,"href":"https:\/\/gltestm.webology.pl\/cs\/wp-json\/wp\/v2\/product_tag?post=18049"}],"curies":[{"name":"wp","href":"https:\/\/api.w.org\/{rel}","templated":true}]}}