{"id":18017,"date":"2026-03-18T22:05:16","date_gmt":"2026-03-18T21:05:16","guid":{"rendered":"https:\/\/gltestm.webology.pl\/produkt\/salkovy-mixer-lucznik-bl-566\/"},"modified":"2026-03-22T21:18:09","modified_gmt":"2026-03-22T20:18:09","slug":"salkovy-mixer-lucznik-bl-566","status":"publish","type":"product","link":"https:\/\/gltestm.webology.pl\/cs\/produkt\/salkovy-mixer-lucznik-bl-566\/","title":{"rendered":"\u0160\u00e1lkov\u00fd mix\u00e9r Lucznik BL-566"},"content":{"rendered":"<h2>\u0160\u00e1lkov\u00fd mix\u00e9r Lucznik BL-566<\/h2>\n<p>M\u00e1te r\u00e1di zeleninov\u00e9 a ovocn\u00e9 koktejly a tak\u00e9 pol\u00e9vky-kr\u00e9my? Pokud jste dosud nem\u011bli mo\u017enost si je sami p\u0159ipravit, nyn\u00ed m\u00e1te p\u0159\u00edle\u017eitost. <strong>\u0160\u00e1lkov\u00fd mix\u00e9r BL-566 <\/strong>v\u00e1m umo\u017en\u00ed p\u0159ipravovat lahodn\u00e9 koktejly, stejn\u011b jako pol\u00e9vky-kr\u00e9my. Jedin\u00fdm omezen\u00edm je va\u0161e fantazie. Sta\u010d\u00ed si vybrat zeleninu a ovoce, kter\u00e9 v\u00e1m vyhovuj\u00ed, a <strong>mix\u00e9r <\/strong>ud\u011bl\u00e1 lv\u00ed pod\u00edl pr\u00e1ce za v\u00e1s.<\/p>\n<h2>Nejd\u016fle\u017eit\u011bj\u0161\u00ed funkce mix\u00e9ru BL-566<\/h2>\n<ul>\n<li><strong>Provozn\u00ed re\u017eimy: <\/strong>norm\u00e1ln\u00ed, <strong>turbo<\/strong>, <strong>pulse<\/strong><\/li>\n<li><strong>Proveden\u00ed<\/strong>: plast, <strong>inox ocel<\/strong>, kov,<strong> tvrzen\u00e9 sklo<\/strong><\/li>\n<li><strong>Objem<\/strong><strong>mixovac\u00ed n\u00e1doby<\/strong>:  1<strong>,5 l<\/strong><\/li>\n<li><strong>Podsv\u00edcen\u00ed: <\/strong>ano, LED<\/li>\n<li><strong>Maxim\u00e1ln\u00ed p\u0159\u00edkon<\/strong>: 500 W<\/li>\n<li><strong>Barva: <\/strong>ocelov\u00e1 a \u010dern\u00e1<\/li>\n<li><strong>Hmotnost p\u0159\u00edstroje<\/strong>:<strong>  3000 g<\/strong><\/li>\n<li><strong>Nap\u00e1jen\u00ed: 3,5 litru: <\/strong>220-240 V ~50 HZ<\/li>\n<li><strong>Materi\u00e1l poh\u00e1ru: <\/strong>tvrzen\u00e9 sklo<\/li>\n<\/ul>\n<h2>Zdravotn\u00ed v\u00fdhody<\/h2>\n<p><strong>Mix\u00e9r<\/strong> je tak\u00e9 synonymem <strong>zdrav\u00e9 v\u00fd\u017eivy<\/strong>. D\u00edky n\u011bmu budete pe\u010dovat o sv\u00e9 <strong>zdrav\u00ed <\/strong>a <strong>kr\u00e1su<\/strong>. P\u0159\u00edprava chutn\u00e9ho a nav\u00edc velmi snadno straviteln\u00e9ho j\u00eddla, kter\u00e9 bude bohat\u00e9 na<strong> vitam\u00edny a miner\u00e1ly<\/strong>, v\u00e1m zabere jen p\u00e1r minut. To se prom\u00edtne do r\u016fzn\u00fdch <strong>zdravotn\u00edch benefit\u016f<\/strong>, jako je <strong>o\u010dista t\u011bla od<\/strong> toxin\u016f, <strong>sn\u00ed\u017een\u00ed hmotnosti<\/strong>, zv\u00fd\u0161en\u00ed energie. P\u0159\u00ednos\u016f m\u016f\u017ee b\u00fdt samoz\u0159ejm\u011b mnoho a podle toho, jakou <strong>zeleninu<\/strong> nebo <strong>ovoce <\/strong>si do sv\u00e9ho <strong>chutn\u00e9ho j\u00eddla<\/strong> vyberete, takov\u00e9 v\u00fdhody z\u00edsk\u00e1te.<\/p>\n<h2>T\u0159i re\u017eimy mixov\u00e1n\u00ed<\/h2>\n<p><strong>\u0160\u00e1lkov\u00fd mix\u00e9r<\/strong> m\u00e1 <strong>p\u0159\u00edkon 500 W<\/strong> a pracuje ve<strong> t\u0159ech re\u017eimech<\/strong>: standardn\u00edm, turbo a pulzn\u00edm. D\u00edky<strong> t\u0159em re\u017eim\u016fm<\/strong> je tento <strong>mix\u00e9r<\/strong> ide\u00e1ln\u00ed pro p\u0159\u00edpravu ovocn\u00fdch a ml\u00e9\u010dn\u00fdch koktejl\u016f, drcen\u00ed ledu nebo mixov\u00e1n\u00ed pol\u00e9vek-kr\u00e9m\u016f.<\/p>\n<h2>Odoln\u00fd a snadno se \u010dist\u00ed<\/h2>\n<p>T\u011blo <strong>mix\u00e9ru<\/strong> je vyrobeno z inoxov\u00e9 oceli, kter\u00e1 zaru\u010duje nejen <strong>odolnost a snadn\u00e9 \u010di\u0161t\u011bn\u00ed<\/strong>, ale tak\u00e9 p\u0159\u00edjemn\u00fd modern\u00ed vzhled. N\u00e1doba <strong>mix\u00e9ru <\/strong>o objemu 1,5 l je vyrobena ze siln\u00e9ho <strong>tvrzen\u00e9ho skla<\/strong>.<\/p>\n<h2>Intuitivn\u00ed ovl\u00e1d\u00e1n\u00ed a bezpe\u010dnost<\/h2>\n<p>Ovl\u00e1d\u00e1n\u00ed p\u0159\u00edstroje je jednoduch\u00e9, intuitivn\u00ed a prov\u00e1d\u00ed se pomoc\u00ed mechanick\u00e9ho voli\u010de s<strong> LED podsv\u00edcen\u00edm <\/strong>. P\u0159\u00edstroj m\u00e1 <strong>bezpe\u010dnostn\u00ed<\/strong> funkci, kter\u00e1 neumo\u017e\u0148uje zapnout no\u017ee bez p\u0159ipojen\u00ed \u0161\u00e1lku. D\u00edky tomu se nemus\u00edte ob\u00e1vat, \u017ee by jej omylem spustily d\u011bti.<\/p>\n<h2>z\u00e1ruka 24 m\u011bs\u00edc\u016f<\/h2>\n<p>Na<strong>\u0161\u00e1lkov\u00fd mix\u00e9r BL-566<\/strong> je <strong>poskytov\u00e1na 24m\u011bs\u00ed\u010dn\u00ed z\u00e1ruka<\/strong> a n\u00e1vod v pol\u0161tin\u011b, kter\u00fd byste si m\u011bli p\u0159e\u010d\u00edst p\u0159ed pou\u017eit\u00edm za\u0159\u00edzen\u00ed.<\/p>\n","protected":false},"excerpt":{"rendered":"<p>Kuchy\u0148sk\u00fd mix\u00e9r s objemem 1,5 l, t\u0159emi dostupn\u00fdmi re\u017eimy a osv\u011btlen\u00fdm ovl\u00e1d\u00e1n\u00edm. \u0160\u00e1lkov\u00fd mix\u00e9r v\u00e1m umo\u017en\u00ed p\u0159ipravovat lahodn\u00e9 koktejly i pol\u00e9vky-kr\u00e9my. Mix\u00e9r je tak\u00e9 synonymem zdrav\u00e9 v\u00fd\u017eivy.<\/p>\n","protected":false},"featured_media":14792,"comment_status":"open","ping_status":"closed","template":"","meta":[],"product_brand":[],"product_cat":[606],"product_tag":[],"class_list":{"0":"post-18017","1":"product","2":"type-product","3":"status-publish","4":"has-post-thumbnail","6":"product_cat-blendery","8":"first","9":"instock","10":"taxable","11":"shipping-taxable","12":"purchasable","13":"product-type-simple"},"_links":{"self":[{"href":"https:\/\/gltestm.webology.pl\/cs\/wp-json\/wp\/v2\/product\/18017","targetHints":{"allow":["GET"]}}],"collection":[{"href":"https:\/\/gltestm.webology.pl\/cs\/wp-json\/wp\/v2\/product"}],"about":[{"href":"https:\/\/gltestm.webology.pl\/cs\/wp-json\/wp\/v2\/types\/product"}],"replies":[{"embeddable":true,"href":"https:\/\/gltestm.webology.pl\/cs\/wp-json\/wp\/v2\/comments?post=18017"}],"version-history":[{"count":0,"href":"https:\/\/gltestm.webology.pl\/cs\/wp-json\/wp\/v2\/product\/18017\/revisions"}],"wp:featuredmedia":[{"embeddable":true,"href":"https:\/\/gltestm.webology.pl\/cs\/wp-json\/wp\/v2\/media\/14792"}],"wp:attachment":[{"href":"https:\/\/gltestm.webology.pl\/cs\/wp-json\/wp\/v2\/media?parent=18017"}],"wp:term":[{"taxonomy":"product_brand","embeddable":true,"href":"https:\/\/gltestm.webology.pl\/cs\/wp-json\/wp\/v2\/product_brand?post=18017"},{"taxonomy":"product_cat","embeddable":true,"href":"https:\/\/gltestm.webology.pl\/cs\/wp-json\/wp\/v2\/product_cat?post=18017"},{"taxonomy":"product_tag","embeddable":true,"href":"https:\/\/gltestm.webology.pl\/cs\/wp-json\/wp\/v2\/product_tag?post=18017"}],"curies":[{"name":"wp","href":"https:\/\/api.w.org\/{rel}","templated":true}]}}