{"id":17997,"date":"2026-03-18T22:05:15","date_gmt":"2026-03-18T21:05:15","guid":{"rendered":"https:\/\/gltestm.webology.pl\/produkt\/lucznik-beztukova-friteza-af-1500-s-funkci-vareni-v-pare\/"},"modified":"2026-03-22T21:18:02","modified_gmt":"2026-03-22T20:18:02","slug":"lucznik-beztukova-friteza-af-1500-s-funkci-vareni-v-pare","status":"publish","type":"product","link":"https:\/\/gltestm.webology.pl\/cs\/produkt\/lucznik-beztukova-friteza-af-1500-s-funkci-vareni-v-pare\/","title":{"rendered":"\u0141ucznik Beztukov\u00e1 Frit\u00e9za AF-1500 S Funkc\u00ed Va\u0159en\u00ed V P\u00e1\u0159e"},"content":{"rendered":"<h2><strong>\u0141ucznik AF-1500 Air Fryer Steam+: Va\u0161e kuchy\u0148sk\u00e1 revoluce za\u010d\u00edn\u00e1 zde!<\/strong><\/h2>\n<p>P\u0159em\u00fd\u0161l\u00edte, jak zkombinovat zdrav\u00e9 stravov\u00e1n\u00ed s v\u00fdjime\u010dnou chut\u00ed a z\u00e1rove\u0148 u\u0161et\u0159it \u010das a m\u00edsto v kuchyni? \u0141ucznik AF-1500 Air Fryer Steam+ je odpov\u011bd\u00ed na v\u00fdzvy ka\u017ed\u00e9ho dom\u00e1c\u00edho kucha\u0159e. D\u00edky inovativn\u00edm funkc\u00edm bude ka\u017edodenn\u00ed va\u0159en\u00ed jednodu\u0161\u0161\u00ed, rychlej\u0161\u00ed a p\u0159\u00edjemn\u011bj\u0161\u00ed ne\u017e kdy d\u0159\u00edve.<\/p>\n<h2><strong>Zdrav\u00e9 va\u0159en\u00ed? Je to snadn\u011bj\u0161\u00ed, ne\u017e si mysl\u00edte!<\/strong><\/h2>\n<p>M\u00e1te dost mastn\u00fdch j\u00eddel, ale ob\u00e1v\u00e1te se, \u017ee zdrav\u011bj\u0161\u00ed alternativy budou mdl\u00e9 a bez chuti? D\u00edky technologii Rapid Air, kter\u00e1 rovnom\u011brn\u011b distribuuje teplo, m\u016f\u017eete p\u0159ipravit k\u0159upav\u00e9 hranolky, \u0161\u0165avnat\u00e9 ku\u0159e nebo aromatickou zeleninu s minim\u00e1ln\u00edm mno\u017estv\u00edm tuku. Hled\u00e1te je\u0161t\u011b zdrav\u011bj\u0161\u00ed mo\u017enosti? Funkce va\u0159en\u00ed v p\u00e1\u0159e zachov\u00e1 ve va\u0161em j\u00eddle v\u0161echny vitam\u00edny, miner\u00e1ly a p\u0159irozenou chu\u0165 \u2013 ide\u00e1ln\u00ed \u0159e\u0161en\u00ed pro ty, kdo dbaj\u00ed na zdrav\u00ed a lehkou kuchyni.<\/p>\n<h2><strong>Hlavn\u00ed vlastnosti a funkce AF-1500 Air Fryer Steam+<\/strong><\/h2>\n<ul>\n<li>Sma\u017een\u00ed, grilov\u00e1n\u00ed, pe\u010den\u00ed, oh\u0159\u00edv\u00e1n\u00ed a va\u0159en\u00ed v p\u00e1\u0159e \u2013 v\u0161e v jednom za\u0159\u00edzen\u00ed<\/li>\n<li>Technologie Rapid Air<\/li>\n<li>V\u00fdkon: 1500 W<\/li>\n<li>Kapacita: 6,5 l<\/li>\n<li>Dotykov\u00fd LED panel s p\u0159ednastaven\u00fdmi programy a mo\u017enost\u00ed vlastn\u00edho nastaven\u00ed<\/li>\n<li>Funkce va\u0159en\u00ed v p\u00e1\u0159e \u2013 za\u0159\u00edzen\u00ed je vybaveno n\u00e1dr\u017ekou na vodu, kter\u00e1 umo\u017e\u0148uje p\u0159\u00edpravu pokrm\u016f v p\u00e1\u0159e<\/li>\n<li>Mo\u017enost nastaven\u00ed \u010dasu a teploty podle pot\u0159eby<\/li>\n<li>Ok\u00e9nko umo\u017e\u0148uj\u00edc\u00ed sledovat pr\u016fb\u011bh p\u0159\u00edpravy pokrmu bez otev\u00edr\u00e1n\u00ed za\u0159\u00edzen\u00ed<\/li>\n<li>Vestav\u011bn\u00e9 osv\u011btlen\u00ed, kter\u00e9 lze zapnout tla\u010d\u00edtkem<\/li>\n<li>Za\u0159\u00edzen\u00ed je vybaveno t\u00e1cem, kter\u00fd maximalizuje vyu\u017eit\u00ed kapacity frit\u00e9zy<\/li>\n<li>Rozsah teplot: 80\u2013200 \u00b0C<\/li>\n<li>\u010casova\u010d: 0\u201360 minut<\/li>\n<li>Topn\u00e9 t\u011bleso z nerezov\u00e9 oceli<\/li>\n<li>Nep\u0159eh\u0159\u00edvaj\u00edc\u00ed se rukoje\u0165 a ochrana proti p\u0159eh\u0159\u00e1t\u00ed za\u0159\u00edzen\u00ed<\/li>\n<li>Z\u00e1ruka 24 m\u011bs\u00edc\u016f<\/li>\n<li>N\u00e1vod v \u010de\u0161tin\u011b, pol\u0161tin\u011b, angli\u010dtin\u011b a ukrajin\u0161tin\u011b<\/li>\n<\/ul>\n<h2><strong>Jedno za\u0159\u00edzen\u00ed, tis\u00edc mo\u017enost\u00ed<\/strong><\/h2>\n<p>M\u00e1te p\u0159epln\u011bnou kuchy\u0148skou linku plnou spot\u0159ebi\u010d\u016f, kter\u00e9 t\u00e9m\u011b\u0159 nepou\u017e\u00edv\u00e1te? Frit\u00e9za \u0141ucznik AF-1500 Air Fryer Steam+ tento probl\u00e9m \u0159e\u0161\u00ed, proto\u017ee kombinuje funkce sma\u017een\u00ed, grilov\u00e1n\u00ed, pe\u010den\u00ed, oh\u0159\u00edv\u00e1n\u00ed a va\u0159en\u00ed v p\u00e1\u0159e. Od \u0161\u0165avnat\u00fdch steak\u016f p\u0159es nad\u00fdchan\u00e9 muffiny a\u017e po jemn\u00e9 ryby p\u0159ipravovan\u00e9 v p\u00e1\u0159e \u2013 toto za\u0159\u00edzen\u00ed zvl\u00e1dne jakoukoli kulin\u00e1\u0159skou v\u00fdzvu. D\u00edky v\u00fdkonu 1500 W a kapacit\u011b 6,5 litru m\u016f\u017eete p\u0159ipravit rychl\u00e9 ob\u010derstven\u00ed i j\u00eddla pro rodinn\u00e9 oslavy. Nav\u00edc funkce va\u0159en\u00ed v p\u00e1\u0159e m\u016f\u017ee spolupracovat s ostatn\u00edmi programy, co\u017e znamen\u00e1, \u017ee m\u016f\u017eete sou\u010dasn\u011b p\u00e9ct maso a p\u0159ipravovat zeleninu v p\u00e1\u0159e. Zdrav\u011b a efektivn\u011b!<\/p>\n<h2><strong>P\u0159ednastaven\u00e9 programy: Va\u0161e podpora v kuchyni<\/strong><\/h2>\n<p>Nev\u00edte, jak nastavit \u010das a teplotu pro sv\u00e9 obl\u00edben\u00e9 pokrmy? D\u00edky p\u0159ednastaven\u00fdm program\u016fm v \u0141ucznik AF-1500 Air Fryer Steam+ to za v\u00e1s za\u0159\u00edzen\u00ed ud\u011bl\u00e1! Sta\u010d\u00ed jedno stisknut\u00ed a p\u0159iprav\u00edte dokonal\u00e9 hranolky, \u0161\u0165avnat\u00e9 ku\u0159e nebo k\u0159upavou pizzu.<\/p>\n<ul>\n<li>Mra\u017een\u00e9 hranolky: 200 \u00b0C po dobu 23 minut \u2013 perfektn\u011b k\u0159upav\u00e9 po prom\u00edch\u00e1n\u00ed v polovin\u011b p\u0159\u00edpravy.<\/li>\n<li>Ryby: 200 \u00b0C po dobu 18 minut \u2013 jemn\u00e9 a \u0161\u0165avnat\u00e9.<\/li>\n<li>Pizza: 200 \u00b0C po dobu 20 minut \u2013 jako z pece, ale bez \u010dek\u00e1n\u00ed.<\/li>\n<li>Sladk\u00e9 brambory: 200 \u00b0C po dobu 30 minut \u2013 zdrav\u00e1 a chutn\u00e1 alternativa k b\u011b\u017en\u00fdm hranolk\u00e1m.<\/li>\n<\/ul>\n<h2><strong>\u010cas je v\u00e1\u0161 spojenec<\/strong><\/h2>\n<p>Ka\u017edodenn\u00ed va\u0159en\u00ed b\u00fdv\u00e1 \u010dasov\u011b n\u00e1ro\u010dn\u00e9 a ka\u017ed\u00e1 minuta se po\u010d\u00edt\u00e1. S \u0141ucznik AF-1500 Air Fryer Steam+ u\u0161et\u0159\u00edte drahocenn\u00fd \u010das \u2013 sta\u010d\u00ed n\u011bkolik kliknut\u00ed na intuitivn\u00edm dotykov\u00e9m LED panelu a m\u016f\u017eete si vybrat jeden z vestav\u011bn\u00fdch program\u016f nebo si nastavit vlastn\u00ed parametry. \u010casova\u010d a \u0161irok\u00fd rozsah teplot (od 80 do 200 \u00b0C) umo\u017e\u0148uj\u00ed p\u0159esnou p\u0159\u00edpravu ka\u017ed\u00e9ho pokrmu. Krom\u011b toho ok\u00e9nko a vestav\u011bn\u00e9 osv\u011btlen\u00ed umo\u017e\u0148uj\u00ed pr\u016fb\u011b\u017en\u011b sledovat proces va\u0159en\u00ed bez ztr\u00e1ty tepla a chuti.<\/p>\n<h2><strong>Snadn\u00e1 obsluha a bezpe\u010dnost: Va\u0159en\u00ed bez stresu<\/strong><\/h2>\n<p>Nejste si jisti, jak za\u0159\u00edzen\u00ed spr\u00e1vn\u011b nastavit? Dotykov\u00fd LED panel a intuitivn\u00ed programy v\u00e1m to usnadn\u00ed. Nastavte \u010das, teplotu nebo si vyberte p\u0159ipraven\u00fd program \u2013 v\u0161e b\u011bhem n\u011bkolika sekund. Nav\u00edc:<\/p>\n<ul>\n<li>Ok\u00e9nko a vestav\u011bn\u00e9 osv\u011btlen\u00ed v\u00e1m umo\u017en\u00ed sledovat proces va\u0159en\u00ed bez nutnosti otev\u00edr\u00e1n\u00ed za\u0159\u00edzen\u00ed.<\/li>\n<li>Nep\u0159eh\u0159\u00edvaj\u00edc\u00ed se rukoje\u0165 a ochrana proti p\u0159eh\u0159\u00e1t\u00ed zaji\u0161\u0165uj\u00ed va\u0161i bezpe\u010dnost.<br \/>\u010cistota po va\u0159en\u00ed? To tak\u00e9 nen\u00ed probl\u00e9m. Vyj\u00edmateln\u00e9 \u010d\u00e1sti lze snadno um\u00fdt a jsou b\u011bhem chv\u00edle p\u0159ipraveny k dal\u0161\u00edmu pou\u017eit\u00ed.<\/li>\n<\/ul>\n<h2><strong>Probl\u00e9my, kter\u00e9 se st\u00e1vaj\u00ed minulost\u00ed<\/strong><\/h2>\n<ul>\n<li>M\u00e1lo m\u00edsta v kuchyni? \u0141ucznik AF-1500 Air Fryer Steam+ nahrad\u00ed mnoho za\u0159\u00edzen\u00ed a u\u0161et\u0159\u00ed prostor na pracovn\u00ed plo\u0161e.<\/li>\n<li>Chcete omezit tuk? Rapid Air a va\u0159en\u00ed v p\u00e1\u0159e v\u00e1m pomohou p\u0159ipravit zdrav\u011bj\u0161\u00ed pokrmy bez kompromis\u016f v chuti.<\/li>\n<li>Nev\u00edte, jak u\u0161et\u0159it \u010das v kuchyni? D\u00edky intuitivn\u00edm program\u016fm bude va\u0159en\u00ed rychl\u00e9 a bezprobl\u00e9mov\u00e9.<\/li>\n<li>M\u00e1te velkou rodinu nebo \u010dasto host\u00edte? Kapacita 6,5 litru v\u00e1m umo\u017en\u00ed p\u0159ipravit j\u00eddla pro mnoho lid\u00ed najednou.<\/li>\n<\/ul>\n<h2><strong>Modern\u00ed design a spolehlivost<\/strong><\/h2>\n<p>Za\u0159\u00edzen\u00ed zaujme sv\u00fdm elegantn\u00edm a modern\u00edm vzhledem, kter\u00fd se dokonale hod\u00ed do ka\u017ed\u00e9 kuchyn\u011b. Vyrobeno z odoln\u00fdch materi\u00e1l\u016f s topn\u00fdmi t\u011blesy z nerezov\u00e9 oceli, \u0141ucznik AF-1500 Air Fryer Steam+ v\u00e1m bude slou\u017eit po mnoho let.<\/p>\n<h2><strong>Va\u0161e kulin\u00e1\u0159sk\u00e1 revoluce za\u010d\u00edn\u00e1 te\u010f!<\/strong><\/h2>\n<p>Hled\u00e1te za\u0159\u00edzen\u00ed, kter\u00e9 v\u00e1m umo\u017en\u00ed u\u017e\u00edt si chu\u0165 obl\u00edben\u00fdch j\u00eddel ve zdrav\u011bj\u0161\u00ed verzi a z\u00e1rove\u0148 u\u0161et\u0159it \u010das i m\u00edsto? \u0141ucznik AF-1500 Air Fryer Steam+ je ide\u00e1ln\u00ed volbou. P\u0159ineste modern\u00ed technologie do sv\u00e9 kuchyn\u011b a objevte, jak jednoduch\u00e9 a p\u0159\u00edjemn\u00e9 m\u016f\u017ee b\u00fdt va\u0159en\u00ed!<\/p>\n","protected":false},"excerpt":{"rendered":"<p>Beztukov\u00e1 frit\u00e9za AF-1500 Air Fryer Steam+. V\u00fdkon: 1500 W. Kapacita: 6,5 l. Technologie Rapid Air. Sma\u017een\u00ed, grilov\u00e1n\u00ed, pe\u010den\u00ed, oh\u0159\u00edv\u00e1n\u00ed a va\u0159en\u00ed v p\u00e1\u0159e. Dotykov\u00fd ovl\u00e1dac\u00ed panel. Nep\u0159eh\u0159\u00edvaj\u00edc\u00ed se rukoje\u0165. Kontroln\u00ed ok\u00e9nko.<\/p>\n","protected":false},"featured_media":13217,"comment_status":"open","ping_status":"closed","template":"","meta":[],"product_brand":[],"product_cat":[586],"product_tag":[],"class_list":{"0":"post-17997","1":"product","2":"type-product","3":"status-publish","4":"has-post-thumbnail","6":"product_cat-tostery-i-opiekacze","8":"first","9":"instock","10":"taxable","11":"shipping-taxable","12":"purchasable","13":"product-type-simple"},"_links":{"self":[{"href":"https:\/\/gltestm.webology.pl\/cs\/wp-json\/wp\/v2\/product\/17997","targetHints":{"allow":["GET"]}}],"collection":[{"href":"https:\/\/gltestm.webology.pl\/cs\/wp-json\/wp\/v2\/product"}],"about":[{"href":"https:\/\/gltestm.webology.pl\/cs\/wp-json\/wp\/v2\/types\/product"}],"replies":[{"embeddable":true,"href":"https:\/\/gltestm.webology.pl\/cs\/wp-json\/wp\/v2\/comments?post=17997"}],"version-history":[{"count":0,"href":"https:\/\/gltestm.webology.pl\/cs\/wp-json\/wp\/v2\/product\/17997\/revisions"}],"wp:featuredmedia":[{"embeddable":true,"href":"https:\/\/gltestm.webology.pl\/cs\/wp-json\/wp\/v2\/media\/13217"}],"wp:attachment":[{"href":"https:\/\/gltestm.webology.pl\/cs\/wp-json\/wp\/v2\/media?parent=17997"}],"wp:term":[{"taxonomy":"product_brand","embeddable":true,"href":"https:\/\/gltestm.webology.pl\/cs\/wp-json\/wp\/v2\/product_brand?post=17997"},{"taxonomy":"product_cat","embeddable":true,"href":"https:\/\/gltestm.webology.pl\/cs\/wp-json\/wp\/v2\/product_cat?post=17997"},{"taxonomy":"product_tag","embeddable":true,"href":"https:\/\/gltestm.webology.pl\/cs\/wp-json\/wp\/v2\/product_tag?post=17997"}],"curies":[{"name":"wp","href":"https:\/\/api.w.org\/{rel}","templated":true}]}}