{"id":17957,"date":"2026-03-18T22:05:11","date_gmt":"2026-03-18T21:05:11","guid":{"rendered":"https:\/\/gltestm.webology.pl\/produkt\/naparovaci-zehlicka-2200-w-lucznik-si-920\/"},"modified":"2026-03-22T21:17:36","modified_gmt":"2026-03-22T20:17:36","slug":"naparovaci-zehlicka-2200-w-lucznik-si-920","status":"publish","type":"product","link":"https:\/\/gltestm.webology.pl\/cs\/produkt\/naparovaci-zehlicka-2200-w-lucznik-si-920\/","title":{"rendered":"Napa\u0159ovac\u00ed \u017eehli\u010dka 2200 W Lucznik SI-920"},"content":{"rendered":"<p>Napa\u0159ovac\u00ed \u017eehli\u010dka Lucznik SI-920 je spolehliv\u00fdm spole\u010dn\u00edkem p\u0159i ka\u017edodenn\u00edm \u017eehlen\u00ed a kombinuje <strong>v\u00fdkon 2200 W<\/strong> s promy\u0161len\u00fdmi \u0159e\u0161en\u00edmi. S <strong>parn\u00edm r\u00e1zem 160 g\/min<\/strong> a <strong>konstantn\u00edm v\u00fddejem p\u00e1ry 35 g\/min<\/strong> si porad\u00ed s <strong>jak\u00fdmkoli nepoddajn\u00fdm typem tkaniny<\/strong>.<\/p>\n<p><strong>Nanokeramick\u00e1<\/strong> technologie <strong>v noze<\/strong> zaru\u010duje <strong>\u0161etrn\u00e9<\/strong> a <strong>\u00fa\u010dinn\u00e9 \u017eehlen\u00ed<\/strong>, zat\u00edmco syst\u00e9my <strong>Anti-Drip<\/strong> a <strong>Anti-Calc<\/strong> eliminuj\u00ed odkap\u00e1v\u00e1n\u00ed a usazov\u00e1n\u00ed vodn\u00edho kamene. Funkce, jako je vertik\u00e1ln\u00ed vyhazov\u00e1n\u00ed p\u00e1ry, automatick\u00e9 \u010di\u0161t\u011bn\u00ed a pra\u010dka, <strong>usnad\u0148uj\u00ed<\/strong> a <strong>zp\u0159\u00edjem\u0148uj\u00ed<\/strong> \u017eehlen\u00ed. \u017dehli\u010dka SI-920 nab\u00edz\u00ed nejen \u00fa\u010dinn\u00e9 \u017eehlen\u00ed, ale tak\u00e9 <strong>pohodl\u00ed<\/strong> a <strong>dlouhou \u017eivotnost<\/strong>.<\/p>\n<p><img fetchpriority=\"high\" decoding=\"async\" src=\"\/data\/include\/cms\/.product\/3\/2\/1823\/12.jpg\" alt=\"\u017celazko parowe SI-2021\" width=\"768\" height=\"480\" \/><\/p>\n<h2>Kl\u00ed\u010dov\u00e9 vlastnosti \u017eehli\u010dky SI-920<\/h2>\n<ul>\n<li>V\u00fdkon: <strong>1800-2200 W<\/strong><\/li>\n<li><strong>Siln\u00fd<\/strong> v\u00fdstup p\u00e1ry: <strong>160 g\/min<\/strong><\/li>\n<li><strong>St\u00e1l\u00fd<\/strong> <strong>v\u00fddej<\/strong> p\u00e1ry: <strong>35 g\/min<\/strong><\/li>\n<li><strong>Nanokeramick\u00e1 deska<\/strong> &#8211; zaji\u0161\u0165uje je\u0161t\u011b lep\u0161\u00ed klouz\u00e1n\u00ed \u017eehli\u010dky po tkanin\u011b.<\/li>\n<li><strong>Syst\u00e9m Anti-Drip<\/strong> &#8211; chr\u00e1n\u00ed tkaniny p\u0159ed zne\u010di\u0161t\u011bn\u00edm. Syst\u00e9m blokuje odkap\u00e1v\u00e1n\u00ed vody z parn\u00edch otvor\u016f.<\/li>\n<li><strong>Syst\u00e9m Anti-Calc<\/strong> &#8211; zapome\u0148te na usazov\u00e1n\u00ed vodn\u00edho kamene<\/li>\n<li>Funkce<strong>automatick\u00e9ho \u010di\u0161t\u011bn\u00ed<\/strong> (Self-Clean)<\/li>\n<li>kapacita n\u00e1dr\u017eky na vodu<strong>400 ml<\/strong> &#8211; \u017eehlete bez zbyte\u010dn\u00fdch p\u0159est\u00e1vek na dopln\u011bn\u00ed vody<\/li>\n<li>Pra\u010dka<\/li>\n<li>Odoln\u00fd <strong>2m<\/strong> nap\u00e1jec\u00ed kabel<\/li>\n<li>U\u017eivatelsky p\u0159\u00edv\u011btiv\u00fd <strong>n\u00e1vod k pou\u017eit\u00ed<\/strong> v <strong>polsk\u00e9m<\/strong> jazyce<\/li>\n<li>z\u00e1ruka 24 m\u011bs\u00edc\u016f<\/li>\n<\/ul>\n<h2> <img decoding=\"async\" src=\"\/data\/include\/cms\/.product\/3\/2\/1823\/4.jpg\" alt=\"\u017celazko parowe SI-2021\" width=\"768\" height=\"480\" \/><\/h2>\n<h2>Ide\u00e1ln\u00ed v\u00fdkon &#8211; 2200 W<\/h2>\n<p>Investujte do \u00fa\u010dinnosti! Napa\u0159ovac\u00ed \u017eehli\u010dka Lucznik SI-920 s <strong>p\u0159\u00edkonem 1800 a\u017e 2200 W<\/strong>poskytuje <strong>rychl\u00e9<\/strong> a <strong>\u00fa\u010dinn\u00e9 vyhlazen\u00ed<\/strong> i t\u011bch <strong>nejodoln\u011bj\u0161\u00edch<\/strong> z\u00e1hyb\u016f. \u017dehlen\u00ed se stane <strong>snadn\u011bj\u0161\u00edm<\/strong> a odoln\u00e9 <strong>z\u00e1hyby<\/strong> ustoup\u00ed bez n\u00e1mahy. D\u00edky s\u00edle p\u00e1ry a <strong>speci\u00e1ln\u00edmu povlaku<\/strong> tato \u017eehli\u010dka \u00fa\u010dinn\u011b a okam\u017eit\u011b vyhlad\u00ed jak\u00fdkoli od\u011bv a zajist\u00ed <strong>dokonal\u00e9 veden\u00ed<\/strong> p\u0159i \u017eehlen\u00ed.<\/p>\n<p><img decoding=\"async\" src=\"\/data\/include\/cms\/.product\/3\/2\/1823\/2.jpg\" alt=\"\u017celazko parowe SI-2021\" width=\"768\" height=\"480\" \/><\/p>\n<h2>Siln\u00fd dopad p\u00e1ry<\/h2>\n<p>Vyhla\u010fte sv\u00e9 od\u011bvy <strong>efektivn\u011b<\/strong> a <strong>rychle<\/strong> d\u00edky <strong>nep\u0159etr\u017eit\u00e9 produkci p\u00e1ry<\/strong> a\u017e <strong>35 g\/min.<\/strong> P\u00e1ra <strong>pronikaj\u00edc\u00ed do struktur tkaniny<\/strong> jemn\u011b <strong>uvol\u0148uje<\/strong> vl\u00e1kna, co\u017e usnad\u0148uje \u00fa\u010dinn\u00e9 odstran\u011bn\u00ed z\u00e1hyb\u016f.<\/p>\n<p>D\u00edky <strong>intenzivn\u00edmu<\/strong> <strong>parn\u00edmu r\u00e1zu<\/strong> <strong>160 g\/min<\/strong> je nav\u00edc \u017eehlen\u00ed i t\u011bch nejodoln\u011bj\u0161\u00edch z\u00e1hyb\u016f snadn\u00e9. Jedn\u00e1 se o \u0159e\u0161en\u00ed, kter\u00e9 v\u00e1m umo\u017en\u00ed dos\u00e1hnout <strong>efektivity<\/strong> p\u0159i \u017eehlen\u00ed a z\u00e1rove\u0148 zajist\u00ed <strong>\u0161etrn\u00e9 zach\u00e1zen\u00ed s tkaninami<\/strong>.<\/p>\n<p><img loading=\"lazy\" decoding=\"async\" src=\"\/data\/include\/cms\/.product\/3\/2\/1823\/11.jpg\" alt=\"\u017celazko parowe SI-2021\" width=\"768\" height=\"480\" \/><\/p>\n<h2>Nano-keramick\u00e1 \u017eehlic\u00ed plocha. Poc\u00edt\u00edte rozd\u00edl v manipulaci s \u017eehli\u010dkou<\/h2>\n<p>Nano-keramick\u00e1 pode\u0161ev, je kl\u00ed\u010dem k <strong>efektivn\u00edmu \u017eehlen\u00ed<\/strong>. Je pohodln\u011bj\u0161\u00ed na pou\u017e\u00edv\u00e1n\u00ed ne\u017e standardn\u00ed \u017eehli\u010dky a zaru\u010duje <strong>rovnom\u011brn\u00e9 rozlo\u017een\u00ed p\u00e1ry<\/strong> po cel\u00e9 plo\u0161e, \u010d\u00edm\u017e chr\u00e1n\u00ed tkaniny p\u0159ed sp\u00e1len\u00edm.<\/p>\n<p>D\u00edky 52 otvor\u016fm umo\u017e\u0148uje <strong>v\u00fdstup p\u00e1ry a\u017e 160 g\/min<\/strong> a <strong>\u0161t\u011brbina na tla\u010d\u00edtka<\/strong> usnad\u0148uje \u017eehlen\u00ed t\u011b\u017eko p\u0159\u00edstupn\u00fdch m\u00edst.<\/p>\n<p><img loading=\"lazy\" decoding=\"async\" src=\"\/data\/include\/cms\/.product\/3\/2\/1823\/6.jpg\" alt=\"\u017celazko parowe SI-2021\" width=\"768\" height=\"480\" \/><\/p>\n<h2>Syst\u00e9m Anti-Drip &#8211; chr\u00e1n\u00ed tkaniny p\u0159ed zne\u010di\u0161t\u011bn\u00edm<\/h2>\n<p>Zapome\u0148te na <strong>ne\u017e\u00e1douc\u00ed stopy po vod\u011b<\/strong> na oble\u010den\u00ed d\u00edky <strong>syst\u00e9mu blokov\u00e1n\u00ed odkap\u00e1v\u00e1n\u00ed &#8211; Anti-Drip<\/strong>. Syst\u00e9m zabra\u0148uje <strong>n\u00e1hodn\u00e9mu \u00faniku vody<\/strong> na oble\u010den\u00ed b\u011bhem \u017eehlen\u00ed. Blokuje <strong>odkap\u00e1v\u00e1n\u00ed vody z parn\u00edch otvor\u016f v<\/strong> noze \u017eehli\u010dky, \u010d\u00edm\u017e eliminuje riziko vzniku <strong>nevzhledn\u00fdch skvrn na va\u0161ich tkanin\u00e1ch<\/strong>.<\/p>\n<p><strong>Syst\u00e9m Anti-Drip<\/strong> funguje tak, \u017ee <strong>kontroluje<\/strong> a <strong>reguluje mno\u017estv\u00ed vody,<\/strong> kter\u00e9 se dost\u00e1v\u00e1 do parn\u00edho syst\u00e9mu. Kdy\u017e je \u017eehli\u010dka ve svisl\u00e9 poloze nebo stoj\u00ed, syst\u00e9m Anti-Drip zabra\u0148uje nekontrolovan\u00e9mu \u00faniku vody, co\u017e je d\u016fle\u017eit\u00e9 zejm\u00e9na p\u0159i <strong>\u017eehlen\u00ed jemn\u00fdch<\/strong> nebo <strong>tenk\u00fdch tkanin<\/strong>. D\u00edky tomu m\u016f\u017eete \u017eehlit <strong>bez obav,<\/strong> \u017ee na oble\u010den\u00ed <strong>z\u016fstanou<\/strong> <strong>stopy po<\/strong> vod\u011b.<\/p>\n<p><img loading=\"lazy\" decoding=\"async\" src=\"\/data\/include\/cms\/.product\/3\/2\/1823\/9.jpg\" alt=\"\u017celazko parowe SI-2021\" width=\"768\" height=\"480\" \/><\/p>\n<h2>Syst\u00e9m Anti-Calc<\/h2>\n<p>Syst\u00e9m Anti-Calc je navr\u017een tak, aby <strong>zabr\u00e1nil usazov\u00e1n\u00ed vodn\u00edho kamene uvnit\u0159 spot\u0159ebi\u010de<\/strong>. Vodn\u00ed k\u00e1men, kter\u00fd se uvnit\u0159 m\u016f\u017ee usazovat, poch\u00e1z\u00ed z <strong>tvrd\u00e9 vody<\/strong> a m\u016f\u017ee nep\u0159\u00edzniv\u011b ovlivnit <strong>v\u00fdkon<\/strong> <strong>\u017eehli\u010dky<\/strong> SI-920 a <strong>\u00fa\u010dinnost p\u00e1ry, kterou produkuje<\/strong>.<\/p>\n<p>Syst\u00e9m Anti-Calc odstra\u0148uje nutnost <strong>ru\u010dn\u00edho odstra\u0148ov\u00e1n\u00ed vodn\u00edho kamene z \u017eehli\u010dky<\/strong>, co\u017e je nejen nepohodln\u00e9, ale m\u016f\u017ee tak\u00e9 <strong>zkr\u00e1tit \u017eivotnost p\u0159\u00edstroje<\/strong>. Funguje pomoc\u00ed <strong>speci\u00e1ln\u00edho prysky\u0159i\u010dn\u00e9ho filtru<\/strong> um\u00edst\u011bn\u00e9ho <strong>uvnit\u0159 n\u00e1dr\u017eky na vodu<\/strong>. <strong>Ten ji zm\u011bk\u010duje<\/strong> a <strong>zabra\u0148uje tvorb\u011b<\/strong> usazenin vodn\u00edho kamene uvnit\u0159 \u017eehli\u010dky. Filtr je <strong>trvale<\/strong> nainstalov\u00e1n a <strong>nevy\u017eaduje pravidelnou v\u00fdm\u011bnu<\/strong>.<\/p>\n<p>D\u00edky tomuto \u0159e\u0161en\u00ed si va\u0161e \u017eehli\u010dka SI-920 udr\u017e\u00ed sv\u016fj v\u00fdkon po del\u0161\u00ed dobu a u\u017eivatel se nemus\u00ed ob\u00e1vat nutnosti pravideln\u00e9ho \u010di\u0161t\u011bn\u00ed p\u0159\u00edstroje od usazenin vodn\u00edho kamene. To je d\u016fle\u017eit\u00e9 zejm\u00e9na v oblastech s tvrdou vodou, kde je usazov\u00e1n\u00ed vodn\u00edho kamene b\u011b\u017en\u00fdm probl\u00e9mem.<\/p>\n<p><strong>Upozorn\u011bn\u00ed: V p\u0159\u00edpad\u011b, \u017ee se jedn\u00e1 o vodn\u00ed k\u00e1men, je t\u0159eba jej odstranit.<\/strong> P\u0159i \u017eehlen\u00ed se <strong>doporu\u010duje pou\u017e\u00edvat pouze vodu z vodovodu<\/strong>! Pou\u017eit\u00ed <strong>destilovan\u00e9<\/strong> nebo <strong>demineralizovan\u00e9<\/strong> vody m\u016f\u017ee ovlivnit jej\u00ed fyzik\u00e1ln\u00ed a chemick\u00e9 vlastnosti, co\u017e vede ke <strong>ztr\u00e1t\u011b \u00fa\u010dinnosti syst\u00e9mu Anti-Calc<\/strong>.<\/p>\n<p><img loading=\"lazy\" decoding=\"async\" src=\"\/data\/include\/cms\/.product\/3\/2\/1823\/5.jpg\" alt=\"\u017celazko parowe SI-2021\" width=\"768\" height=\"480\" \/><\/p>\n<h2>Funkce automatick\u00e9ho \u010di\u0161t\u011bn\u00ed (Self-Clean)<\/h2>\n<p>Udr\u017eujte napa\u0159ovac\u00ed \u017eehli\u010dku SI-920 ve <strong>v\u00fdborn\u00e9m stavu<\/strong> pomoc\u00ed funkce <strong>Self-Clean<\/strong>, kter\u00e1 <strong>odstra\u0148uje usazeniny<\/strong> z vnit\u0159ku p\u0159\u00edstroje. Proces \u010di\u0161t\u011bn\u00ed je <strong>rychl\u00fd<\/strong> a <strong>\u00fa\u010dinn\u00fd<\/strong>, <strong>nezabere mnoho \u010dasu<\/strong> a jeho p\u0159\u00ednos je zna\u010dn\u00fd. T\u00edmto zp\u016fsobem udr\u017e\u00edte v\u00fdkon p\u0159\u00edstroje na vysok\u00e9 \u00farovni po dlouhou dobu, ani\u017e byste se museli ob\u00e1vat <strong>p\u0159\u00edpadn\u00e9ho zne\u010di\u0161t\u011bn\u00ed od\u011bv\u016f<\/strong> b\u011bhem \u017eehlen\u00ed.<\/p>\n<p>Pou\u017eit\u00ed funkce samo\u010di\u0161t\u011bn\u00ed:<\/p>\n<ol>\n<li><strong>Odpojte nah\u0159\u00e1tou<\/strong> \u017eehli\u010dku od elektrick\u00e9 s\u00edt\u011b.<\/li>\n<li>Dr\u017ete ji nad umyvadlem ve <strong>vodorovn\u00e9 poloze<\/strong>.<\/li>\n<li>Posu\u0148te <strong>p\u0159ep\u00edna\u010d p\u00e1ry na maximum<\/strong>.<\/li>\n<li>Z <strong>otvor\u016f v noze \u017eehli\u010dky<\/strong> bude vyl\u00e9t\u00e1vat<strong>hork\u00e1 voda<\/strong> a <strong>p\u00e1ra<\/strong> spolu s p\u0159\u00edpadn\u00fdmi <strong>ne\u010distotami<\/strong> uvnit\u0159.<\/li>\n<li>Po vy\u010di\u0161t\u011bn\u00ed <strong>ot\u0159ete nohu \u017eehli\u010dky do sucha<\/strong>.<\/li>\n<\/ol>\n<p>Doporu\u010dujeme <strong>p\u0159\u00edstroj pravideln\u011b \u010distit<\/strong> (nejl\u00e9pe po ka\u017ed\u00e9m pou\u017eit\u00ed), abyste zachovali vynikaj\u00edc\u00ed v\u00fdsledky \u017eehlen\u00ed a mohli se t\u011b\u0161it z dlouhotrvaj\u00edc\u00edho v\u00fdkonu. <\/p>\n<h2>\u017dehlete bez zbyte\u010dn\u00fdch p\u0159est\u00e1vek<\/h2>\n<p>Zapome\u0148te na \u010dast\u00e9 dopl\u0148ov\u00e1n\u00ed n\u00e1pln\u011b! <strong>Z\u00e1sobn\u00edk \u017eehli\u010dky o objemu 400 ml<\/strong> znamen\u00e1, \u017ee si m\u016f\u017eete u\u017e\u00edvat del\u0161\u00ed dobu \u017eehlen\u00ed <strong>bez nutnosti \u010dast\u00e9ho dopl\u0148ov\u00e1n\u00ed<\/strong>. To je ide\u00e1ln\u00ed kapacita pro \u017eehlen\u00ed <strong>velk\u00fdch ploch<\/strong>, jako jsou <strong>l\u016f\u017ekoviny<\/strong> nebo <strong>z\u00e1clony<\/strong>.<\/p>\n<p><img loading=\"lazy\" decoding=\"async\" src=\"\/data\/include\/cms\/.product\/3\/2\/1823\/10.jpg\" alt=\"\u017celazko parowe SI-2021\" width=\"768\" height=\"480\" \/><\/p>\n<h2>Volnost pohybu d\u00edky 2metrov\u00e9mu nap\u00e1jec\u00edmu kabelu<\/h2>\n<p>A\u0165 je \u017eehlen\u00ed je\u0161t\u011b <strong>pohodln\u011bj\u0161\u00ed<\/strong>! <strong>Bez zbyte\u010dn\u00fdch omezen\u00ed v dosahu<\/strong> se m\u016f\u017eete soust\u0159edit na pr\u00e1ci a dos\u00e1hnout dokonal\u00fdch v\u00fdsledk\u016f \u017eehlen\u00ed bez p\u0159eru\u0161ov\u00e1n\u00ed procesu. Je to nejen pohodln\u00e9, ale tak\u00e9 <strong>\u00fa\u010dinn\u00e9 \u0159e\u0161en\u00ed,<\/strong> d\u00edky kter\u00e9mu je \u017eehlen\u00ed s napa\u0159ovac\u00ed \u017eehli\u010dkou SI-920 pohodln\u011bj\u0161\u00ed a efektivn\u011bj\u0161\u00ed.<\/p>\n<p><img loading=\"lazy\" decoding=\"async\" src=\"\/data\/include\/cms\/.product\/3\/2\/1823\/7.jpg\" alt=\"\u017celazko parowe SI-2021\" width=\"768\" height=\"480\" \/><\/p>\n","protected":false},"excerpt":{"rendered":"<p>Napa\u0159ovac\u00ed \u017eehli\u010dka s p\u0159\u00edkonem 2200 W je vybavena nanokeramickou \u017eehlic\u00ed plochou, syst\u00e9my Anti-Drip, Anti-Calc a Self-Clean. V\u00fdtrysk p\u00e1ry 160 g\/min a konstantn\u00ed emise p\u00e1ry 35 g\/min. objem n\u00e1dr\u017eky na vodu 400 ml. siln\u00fd nap\u00e1jec\u00ed kabel o d\u00e9lce 2 m.<\/p>\n","protected":false},"featured_media":14457,"comment_status":"open","ping_status":"closed","template":"","meta":[],"product_brand":[],"product_cat":[856],"product_tag":[],"class_list":{"0":"post-17957","1":"product","2":"type-product","3":"status-publish","4":"has-post-thumbnail","6":"product_cat-zelazka","8":"first","9":"instock","10":"taxable","11":"shipping-taxable","12":"purchasable","13":"product-type-simple"},"_links":{"self":[{"href":"https:\/\/gltestm.webology.pl\/cs\/wp-json\/wp\/v2\/product\/17957","targetHints":{"allow":["GET"]}}],"collection":[{"href":"https:\/\/gltestm.webology.pl\/cs\/wp-json\/wp\/v2\/product"}],"about":[{"href":"https:\/\/gltestm.webology.pl\/cs\/wp-json\/wp\/v2\/types\/product"}],"replies":[{"embeddable":true,"href":"https:\/\/gltestm.webology.pl\/cs\/wp-json\/wp\/v2\/comments?post=17957"}],"version-history":[{"count":0,"href":"https:\/\/gltestm.webology.pl\/cs\/wp-json\/wp\/v2\/product\/17957\/revisions"}],"wp:featuredmedia":[{"embeddable":true,"href":"https:\/\/gltestm.webology.pl\/cs\/wp-json\/wp\/v2\/media\/14457"}],"wp:attachment":[{"href":"https:\/\/gltestm.webology.pl\/cs\/wp-json\/wp\/v2\/media?parent=17957"}],"wp:term":[{"taxonomy":"product_brand","embeddable":true,"href":"https:\/\/gltestm.webology.pl\/cs\/wp-json\/wp\/v2\/product_brand?post=17957"},{"taxonomy":"product_cat","embeddable":true,"href":"https:\/\/gltestm.webology.pl\/cs\/wp-json\/wp\/v2\/product_cat?post=17957"},{"taxonomy":"product_tag","embeddable":true,"href":"https:\/\/gltestm.webology.pl\/cs\/wp-json\/wp\/v2\/product_tag?post=17957"}],"curies":[{"name":"wp","href":"https:\/\/api.w.org\/{rel}","templated":true}]}}